{"id":5658,"date":"2026-02-10T11:25:38","date_gmt":"2026-02-10T03:25:38","guid":{"rendered":"https:\/\/minghanggroup.com\/?post_type=product&#038;p=5658"},"modified":"2026-02-10T11:59:18","modified_gmt":"2026-02-10T03:59:18","slug":"750ml-frosted-empty-red-wine-bottles-wholesale","status":"publish","type":"product","link":"https:\/\/minghanggroup.com\/de\/produkt\/750ml-frosted-empty-red-wine-bottles-wholesale\/","title":{"rendered":"750ml mattierte leere Rotweinflaschen im Gro\u00dfhandel"},"content":{"rendered":"<p>Diese leeren 750-ml-Rotweinflaschen sind aus hochwertigem Glas gefertigt und haben die traditionelle Burgunderform, jedoch mit einer modernen, matten Oberfl\u00e4che. Sie sind in vier Farben erh\u00e4ltlich: Mattolivgr\u00fcn, Mattdunkelolivgr\u00fcn, Mattschwarz und Mattwei\u00df.<\/p>\n<h2>Produktmerkmale<\/h2>\n<ul>\n<li><strong>Verschiedene Farben und Materialien:<\/strong> Es gibt vier verschiedene, glasierte Oberfl\u00e4chen (olivgr\u00fcn, dunkelgr\u00fcn, schwarz und wei\u00df), mit denen Sie die Pers\u00f6nlichkeit Ihres Unternehmens zum Ausdruck bringen k\u00f6nnen.<\/li>\n<li><strong>Gefrostete Textur:<\/strong> Die Flasche hat einen mattierten Effekt, und diese Textur reduziert Fingerabdr\u00fccke effektiv, wodurch das Produkt eine bessere Haptik und ein ansprechenderes Aussehen erh\u00e4lt.<\/li>\n<li><strong>750 ml Fassungsverm\u00f6gen Standard:<\/strong> Ein Fassungsverm\u00f6gen von 750 ml ist ideal f\u00fcr den Einzelhandel, den Vertrieb und das Servieren von Wein in \u00fcblicher Weise.<\/li>\n<\/ul>\n<h2 style=\"text-align: left;\">Wichtigste Spezifikationen<\/h2>\n<table class=\"aligncenter\" style=\"border-collapse: collapse; width: 447.77pt;\" border=\"0\" width=\"597\" cellspacing=\"0\" cellpadding=\"0\">\n<tbody>\n<tr style=\"height: 13.50pt;\">\n<td style=\"height: 13.50pt; width: 115.50pt;\" width=\"154\" height=\"18\">Attribut<\/td>\n<td style=\"width: 332.25pt;\" width=\"443\">Details<\/td>\n<\/tr>\n<tr style=\"height: 13.50pt;\">\n<td style=\"height: 13.50pt;\" height=\"18\">Kapazit\u00e4t<\/td>\n<td>750 ml<\/td>\n<\/tr>\n<tr style=\"height: 13.50pt;\">\n<td style=\"height: 13.50pt;\" height=\"18\">Material<\/td>\n<td>Glas mit matter Oberfl\u00e4chenbehandlung<\/td>\n<\/tr>\n<tr style=\"height: 13.50pt;\">\n<td style=\"height: 13.50pt;\" height=\"18\">Flaschenform<\/td>\n<td>Klassischer Burgunder (breiter Korpus, schlanker Hals)<\/td>\n<\/tr>\n<tr style=\"height: 13.50pt;\">\n<td style=\"height: 13.50pt;\" height=\"18\">Anpassungsbereich<\/td>\n<td>Oberfl\u00e4chenfarbe, Pr\u00e4gung, Halsdesign<\/td>\n<\/tr>\n<tr style=\"height: 13.50pt;\">\n<td style=\"height: 13.50pt;\" height=\"18\">Handwerkskunst<\/td>\n<td>Gleichm\u00e4\u00dfige Wandst\u00e4rke, durchgehend matte Oberfl\u00e4che<\/td>\n<\/tr>\n<tr style=\"height: 13.50pt;\">\n<td style=\"height: 13.50pt;\" height=\"18\">Prim\u00e4re Verwendung<\/td>\n<td>Leere Rotweinflaschen, Wei\u00dfweine, Schaumweine<\/td>\n<\/tr>\n<tr style=\"height: 13.50pt;\">\n<td style=\"height: 13.50pt;\" height=\"18\">Zielbranchen<\/td>\n<td>Weing\u00fcter, Vertriebsh\u00e4ndler, Hersteller von Spezialgetr\u00e4nken<\/td>\n<\/tr>\n<\/tbody>\n<\/table>\n<h2>Erfolgsbeispiel: Markenrevitalisierung eines Weinguts im pazifischen Nordwesten<\/h2>\n<p>Unsere matte, olivgr\u00fcne 750-ml-Weinflasche wurde von einem Weingut im pazifischen Nordwesten ausgew\u00e4hlt. Die neue Flaschenform fand gro\u00dfen Anklang bei den Kunden und f\u00fchrte zu einem Umsatzwachstum von 30 Prozent. Die 750-ml-Gr\u00f6\u00dfe entsprach optimal den \u00fcblichen Produktanforderungen des Weinguts, und der Kunde war so beeindruckt, dass er im n\u00e4chsten Quartal weitere 300.000 Flaschen bestellte.<\/p>\n<h2>750-ml-Weinflaschen Gro\u00dfhandel \u2013 Individuelle Anpassung<\/h2>\n<ul>\n<li>Individuelle matte Farben: Profitieren Sie von markenexklusiven matten Farben, darunter ein sattes Burgunderrot, Dunkelblau oder Dunkelgrau.<\/li>\n<li>Halsdesign: Es ist m\u00f6glich, H\u00e4lse so zu gestalten, dass sie zu einer bestimmten Korkenl\u00e4nge oder einem bestimmten Schraubverschlusssystem passen und trotzdem eine matte Oberfl\u00e4che aufweisen.<\/li>\n<li>Verbesserte Griffigkeit: Die matte Oberfl\u00e4che ist mit leichten Strukturmustern versehen, um ein besseres Griffgef\u00fchl zu erzielen.<\/li>\n<\/ul>","protected":false},"excerpt":{"rendered":"<p>Hochwertige, leere Rotweinflaschen (750 ml), bereit zum Abf\u00fcllen. Verf\u00fcgbar in Olivgr\u00fcn, Schwarz, Wei\u00df und Mattglas. Kostenlose Muster.<\/p>","protected":false},"featured_media":5660,"template":"","meta":{"postBodyCss":"","postBodyMargin":[],"postBodyPadding":[],"postBodyBackground":{"backgroundType":"classic","gradient":""}},"product_brand":[],"product_cat":[15,16,84],"product_tag":[],"class_list":{"0":"post-5658","1":"product","2":"type-product","3":"status-publish","4":"has-post-thumbnail","6":"product_cat-glass-containers","7":"product_cat-glass-bottles","8":"product_cat-wine-bottles","10":"first","11":"instock","12":"shipping-taxable","13":"product-type-simple"},"jetpack_sharing_enabled":true,"_links":{"self":[{"href":"https:\/\/minghanggroup.com\/de\/wp-json\/wp\/v2\/product\/5658","targetHints":{"allow":["GET"]}}],"collection":[{"href":"https:\/\/minghanggroup.com\/de\/wp-json\/wp\/v2\/product"}],"about":[{"href":"https:\/\/minghanggroup.com\/de\/wp-json\/wp\/v2\/types\/product"}],"wp:featuredmedia":[{"embeddable":true,"href":"https:\/\/minghanggroup.com\/de\/wp-json\/wp\/v2\/media\/5660"}],"wp:attachment":[{"href":"https:\/\/minghanggroup.com\/de\/wp-json\/wp\/v2\/media?parent=5658"}],"wp:term":[{"taxonomy":"product_brand","embeddable":true,"href":"https:\/\/minghanggroup.com\/de\/wp-json\/wp\/v2\/product_brand?post=5658"},{"taxonomy":"product_cat","embeddable":true,"href":"https:\/\/minghanggroup.com\/de\/wp-json\/wp\/v2\/product_cat?post=5658"},{"taxonomy":"product_tag","embeddable":true,"href":"https:\/\/minghanggroup.com\/de\/wp-json\/wp\/v2\/product_tag?post=5658"}],"curies":[{"name":"wp","href":"https:\/\/api.w.org\/{rel}","templated":true}]}}