{"id":5649,"date":"2026-02-23T13:57:32","date_gmt":"2026-02-23T05:57:32","guid":{"rendered":"https:\/\/minghanggroup.com\/?post_type=product&#038;p=5649"},"modified":"2026-02-10T15:24:17","modified_gmt":"2026-02-10T07:24:17","slug":"good-standard-size-of-wine-bottles-bulk","status":"publish","type":"product","link":"https:\/\/minghanggroup.com\/de\/produkt\/good-standard-size-of-wine-bottles-bulk\/","title":{"rendered":"750 ml \u2013 Gute Standardgr\u00f6\u00dfe f\u00fcr Weinflaschen (Gro\u00dfpackung)"},"content":{"rendered":"<p>Sie brauchen eine Flasche, die Ihnen hilft \u2013 und nicht im Weg steht. Lernen Sie Ihre neue Lieblingsflasche kennen: die Standardgr\u00f6\u00dfe f\u00fcr Wein, entwickelt f\u00fcr die Anforderungen der Weinherstellung. Diese 750-ml-Weinflasche in Olivgr\u00fcn und Bordeaux-Optik sch\u00fctzt Ihre Rotweine, Claret- oder Burgunderweine vor Lichtsch\u00e4den und bewahrt gleichzeitig die Tradition. Es ist die gute Weinflasche, die Sie Jahr f\u00fcr Jahr wieder bestellen werden \u2013 zuverl\u00e4ssig f\u00fcr die Weinherstellung, elegant im Regal und von Marken weltweit gesch\u00e4tzt. Kombinieren Sie sie mit Naturkorken f\u00fcr den authentischen Kork-Charme oder mit Kunststoffkorken f\u00fcr eine reibungslose Produktion.<\/p>\n<h2>Produktmerkmale<\/h2>\n<ul>\n<li><strong>Helles, verriegelndes Olivgr\u00fcn:<\/strong> Ein tiefes Olivgr\u00fcn (eine edlere Variante des gr\u00fcnen Bordeaux) blockiert UV-Strahlen effektiver als Klarglas oder Flintglas. Ihr selbstgemachter Wein kann so problemlos reifen.<\/li>\n<li><strong>Universelle Standardgr\u00f6\u00dfe:<\/strong> Da es sich um die g\u00e4ngige Standardgr\u00f6\u00dfe einer Weinflasche (750 ml) handelt, passt sie perfekt in Abf\u00fcllanlagen, Verpackungen und Verkaufsdisplays. Die Logistik Ihrer hochwertigen Weinflaschen wird dadurch deutlich vereinfacht.<\/li>\n<li><strong>Stabile Punt-Basis:<\/strong> Eine verst\u00e4rkte Vertiefung am Flaschenboden garantiert Ihnen einen felsenfesten Stand, sei es beim Transport, bei der Lagerung oder auch wenn leere Weinflaschen zu Oliven\u00f6lspendern oder getrockneten Blumenvasen umfunktioniert werden.<\/li>\n<\/ul>\n<h2>Wichtigste Spezifikationen<\/h2>\n<table style=\"border-collapse: collapse; width: 80%; margin-left: auto; margin-right: auto;\" border=\"0\" width=\"144\" cellspacing=\"0\" cellpadding=\"0\">\n<tbody>\n<tr style=\"height: 13.50pt;\">\n<td style=\"height: 13.5pt; width: 54pt; text-align: center;\" width=\"72\" height=\"18\">Besonderheit<\/td>\n<td style=\"width: 54pt; text-align: center;\" width=\"72\">Detail<\/td>\n<\/tr>\n<tr style=\"height: 13.50pt;\">\n<td style=\"height: 13.5pt; text-align: center;\" height=\"18\">Kapazit\u00e4t<\/td>\n<td style=\"text-align: center;\">750 ml<\/td>\n<\/tr>\n<tr style=\"height: 13.50pt;\">\n<td style=\"height: 13.5pt; text-align: center;\" height=\"18\">Abmessungen<\/td>\n<td style=\"text-align: center;\">8,8 \u00d7 29,8 cm<\/td>\n<\/tr>\n<tr style=\"height: 13.50pt;\">\n<td style=\"height: 13.5pt; text-align: center;\" height=\"18\">Farbe<\/td>\n<td style=\"text-align: center;\">Olivgr\u00fcn<\/td>\n<\/tr>\n<tr style=\"height: 13.50pt;\">\n<td style=\"height: 13.5pt; text-align: center;\" height=\"18\">Nacken<\/td>\n<td style=\"text-align: center;\">1,8 cm flache Mund\u00f6ffnung<\/td>\n<\/tr>\n<tr style=\"height: 13.50pt;\">\n<td style=\"height: 13.5pt; text-align: center;\" height=\"18\">Schlie\u00dfung<\/td>\n<td style=\"text-align: center;\">Naturkorken, synthetischer Verschluss<\/td>\n<\/tr>\n<\/tbody>\n<\/table>\n<h2>Erfolgsbeispiel<\/h2>\n<p>Ein mittelgro\u00dfes Boutique-Weingut in Europa entschied sich langfristig f\u00fcr unsere Standard-Weinflasche aus dunklem Glas (750 ml) als Verpackungsl\u00f6sung f\u00fcr seinen neuen Jahrgangsrotwein. Entsprechend ihrer Markenpositionierung erhielt die Flasche einen dickeren Boden, um die Haptik und die hochwertige Optik zu verbessern. Auch die Flaschenfarbe wurde auf einen gleichm\u00e4\u00dfig tiefen Ton angepasst. Neben dem dezent gepr\u00e4gten Weingutlogo auf der Flaschenschulter wurden ein ma\u00dfgefertigter Naturkorken in der passenden L\u00e4nge und eine pr\u00e4zise Toleranzkontrolle des Flaschenhalses hinzugef\u00fcgt.<\/p>\n<p>Nach der Produkteinf\u00fchrung stieg der Gesamtumsatz im ersten Quartal um rund 32 %, wobei der Gastronomie- und Hotelsektor ma\u00dfgeblich dazu beitrug. Laut Kundenfeedback gab der Kunde innerhalb von sechs Monaten zwei Nachbestellungen auf und steigerte sein Bestellvolumen damit um fast das 1,8-Fache im Vergleich zur Erstbestellung. Seitdem bezeichnet er diese Flaschenart als langfristige Verpackungsl\u00f6sung f\u00fcr sein wichtigstes Rotweinprodukt.<\/p>\n<h2>Ihre Anpassungstipps<\/h2>\n<ol>\n<li><strong>Logopr\u00e4gung:<\/strong> Platzieren Sie Ihr Logo auf der Schulter \u2013 wenn Kunden leere Weinflaschen lagern, bleibt Ihre Geschichte sichtbar.<\/li>\n<li><strong>Verschlussflexibilit\u00e4t:<\/strong> Sind Naturkorken die richtige Wahl, wenn Sie es traditionell m\u00f6gen? Oder synthetische Korken f\u00fcr ein einheitliches Erscheinungsbild? Wir passen die Korken individuell an.<\/li>\n<li><strong>Farbstrategie:<\/strong> Gef\u00e4llt Ihnen dieses Olivgr\u00fcn? Champagnergr\u00fcn eignet sich f\u00fcr Geschenksets, klares Bordeauxrot f\u00fcr Wei\u00dfweine. Wir gestalten Flaschen f\u00fcr jede Geschichte.<\/li>\n<\/ol>","protected":false},"excerpt":{"rendered":"<p>Hochwertige Weinflasche in Standardgr\u00f6\u00dfe, aus robustem Glas und mit ausgewogenem Gewicht. Direkt vom Hersteller mit schneller Lieferung.<\/p>","protected":false},"featured_media":5657,"template":"","meta":{"postBodyCss":"","postBodyMargin":[],"postBodyPadding":[],"postBodyBackground":{"backgroundType":"classic","gradient":""}},"product_brand":[],"product_cat":[15,16,84],"product_tag":[],"class_list":{"0":"post-5649","1":"product","2":"type-product","3":"status-publish","4":"has-post-thumbnail","6":"product_cat-glass-containers","7":"product_cat-glass-bottles","8":"product_cat-wine-bottles","10":"first","11":"instock","12":"shipping-taxable","13":"product-type-simple"},"jetpack_sharing_enabled":true,"_links":{"self":[{"href":"https:\/\/minghanggroup.com\/de\/wp-json\/wp\/v2\/product\/5649","targetHints":{"allow":["GET"]}}],"collection":[{"href":"https:\/\/minghanggroup.com\/de\/wp-json\/wp\/v2\/product"}],"about":[{"href":"https:\/\/minghanggroup.com\/de\/wp-json\/wp\/v2\/types\/product"}],"wp:featuredmedia":[{"embeddable":true,"href":"https:\/\/minghanggroup.com\/de\/wp-json\/wp\/v2\/media\/5657"}],"wp:attachment":[{"href":"https:\/\/minghanggroup.com\/de\/wp-json\/wp\/v2\/media?parent=5649"}],"wp:term":[{"taxonomy":"product_brand","embeddable":true,"href":"https:\/\/minghanggroup.com\/de\/wp-json\/wp\/v2\/product_brand?post=5649"},{"taxonomy":"product_cat","embeddable":true,"href":"https:\/\/minghanggroup.com\/de\/wp-json\/wp\/v2\/product_cat?post=5649"},{"taxonomy":"product_tag","embeddable":true,"href":"https:\/\/minghanggroup.com\/de\/wp-json\/wp\/v2\/product_tag?post=5649"}],"curies":[{"name":"wp","href":"https:\/\/api.w.org\/{rel}","templated":true}]}}