{"id":5648,"date":"2026-02-24T13:19:45","date_gmt":"2026-02-24T05:19:45","guid":{"rendered":"https:\/\/minghanggroup.com\/?post_type=product&#038;p=5648"},"modified":"2026-02-09T14:04:03","modified_gmt":"2026-02-09T06:04:03","slug":"amber-unique-wine-bottles-with-grip-bulk","status":"publish","type":"product","link":"https:\/\/minghanggroup.com\/de\/produkt\/amber-unique-wine-bottles-with-grip-bulk\/","title":{"rendered":"750-ml-Bernsteinfarbene Weinflaschen mit Griff (Gro\u00dfpackung)"},"content":{"rendered":"<p>Diese einzigartigen Weinflaschen bestechen durch ihr exzellentes Design. Sie sind aus tief bernsteinfarbenem Glas gefertigt und verf\u00fcgen \u00fcber konkave, ergonomisch geformte Henkel, die perfekt in der Hand liegen. Ihre flie\u00dfenden, schlanken Linien vereinen Kunst und Funktionalit\u00e4t.<\/p>\n<h2>Produktmerkmale<\/h2>\n<ul>\n<li><strong>Tiefbernsteinfarbenes Glas:<\/strong> Das tief bernsteinfarbene Glas sch\u00fctzt den Wein vor der Zerst\u00f6rung durch die UV-Strahlung und verleiht ihm zudem ein antikes Aussehen.<\/li>\n<li><strong>Doppelte ergonomische Griffe:<\/strong> Zwei unterschiedlich geformte Oberfl\u00e4chen erm\u00f6glichen verschiedene Gie\u00dfstile und Handformen.<\/li>\n<li><strong>Auff\u00e4lliges Design:<\/strong> Die asymmetrische Form des Griffdesigns wirkt sofort ansprechender und st\u00e4rkt das Markenimage.<\/li>\n<\/ul>\n<h2 style=\"text-align: left;\">Wichtigste Spezifikationen<\/h2>\n<table class=\"aligncenter\" style=\"border-collapse: collapse; width: 345.77pt;\" border=\"0\" width=\"461\" cellspacing=\"0\" cellpadding=\"0\">\n<tbody>\n<tr style=\"height: 13.50pt;\">\n<td style=\"height: 13.50pt; width: 98.25pt;\" width=\"131\" height=\"18\">Specification<\/td>\n<td style=\"width: 247.50pt;\" width=\"330\">Details<\/td>\n<\/tr>\n<tr style=\"height: 13.50pt;\">\n<td style=\"height: 13.50pt;\" height=\"18\">Kapazit\u00e4t<\/td>\n<td>750 ml<\/td>\n<\/tr>\n<tr style=\"height: 13.50pt;\">\n<td style=\"height: 13.50pt;\" height=\"18\">Abmessungen<\/td>\n<td>80 \u00d7 304 mm<\/td>\n<\/tr>\n<tr style=\"height: 13.50pt;\">\n<td style=\"height: 13.50pt;\" height=\"18\">Material<\/td>\n<td>Tief bernsteinfarbenes Glas<\/td>\n<\/tr>\n<tr style=\"height: 13.50pt;\">\n<td style=\"height: 13.50pt;\" height=\"18\">Anpassungsumfang<\/td>\n<td>Farbe, Gr\u00f6\u00dfe, Deckel, Oberfl\u00e4che<\/td>\n<\/tr>\n<tr style=\"height: 13.50pt;\">\n<td style=\"height: 13.50pt;\" height=\"18\">Produktzweck<\/td>\n<td>Premium-Weinflaschen, luxuri\u00f6se Geschenkflaschen<\/td>\n<\/tr>\n<tr style=\"height: 13.50pt;\">\n<td style=\"height: 13.50pt;\" height=\"18\">Geeignete Branchen<\/td>\n<td>Weing\u00fcter, Weinberge, gehobene Restaurants<\/td>\n<\/tr>\n<\/tbody>\n<\/table>\n<h2>Erfolgsgeschichte: Eine exklusive Geschenkkollektion, franz\u00f6sisches Weingut<\/h2>\n<p>Ein franz\u00f6sisches Weingut entschied sich f\u00fcr unsere 750-ml-Weinflaschen, die ergonomisch gestaltet sind und \u00fcber eine mattierte Oberfl\u00e4che sowie ein im Siebdruckverfahren aufgebrachtes goldenes Logo verf\u00fcgen. Der markante Griff trug ma\u00dfgeblich zu einem Umsatzplus von 40 Prozent bei Geschenksets und 75 Prozent bei der Weiterempfehlung des neuen Designs in den sozialen Medien bei. Das Weingut war von den Verkaufszahlen so begeistert, dass es weitere 500.000 Flaschen bestellte, um den Bedarf an Geschenken f\u00fcr die kommenden drei Feiertage zu decken.<\/p>\n<h2>Die M\u00f6glichkeiten der individuellen Gestaltung einzigartiger Weinflaschen<\/h2>\n<ul>\n<li>Farbauswahl: Es handelt sich um hellbernsteinfarbenes, gr\u00fcnes oder Flintglas in verschiedenen Lichtundurchl\u00e4ssigkeitsstufen.<\/li>\n<li>Pr\u00e4gung: Pr\u00e4gen Sie ein beliebiges Logo, Sortenmuster oder eine beliebige Textur auf den Griffbereich.<\/li>\n<li>Individuelle Grifftextur: \u00c4ndern Sie das Mehrfachrillenmuster, um wellenf\u00f6rmige oder rautenf\u00f6rmige Muster oder andere individuelle Formen zu erzeugen.<\/li>\n<\/ul>","protected":false},"excerpt":{"rendered":"<p>Unsere 750-ml-Weinflaschen aus tief bernsteinfarbenem, lichtundurchl\u00e4ssigem Glas. Diese einzigartigen Weinflaschen bieten einen ergonomischen, vertieften Griff f\u00fcr sicheren Halt. Gratisproben.<\/p>","protected":false},"featured_media":5650,"template":"","meta":{"postBodyCss":"","postBodyMargin":[],"postBodyPadding":[],"postBodyBackground":{"backgroundType":"classic","gradient":""}},"product_brand":[],"product_cat":[15,16,84],"product_tag":[],"class_list":{"0":"post-5648","1":"product","2":"type-product","3":"status-publish","4":"has-post-thumbnail","6":"product_cat-glass-containers","7":"product_cat-glass-bottles","8":"product_cat-wine-bottles","10":"first","11":"instock","12":"shipping-taxable","13":"product-type-simple"},"jetpack_sharing_enabled":true,"_links":{"self":[{"href":"https:\/\/minghanggroup.com\/de\/wp-json\/wp\/v2\/product\/5648","targetHints":{"allow":["GET"]}}],"collection":[{"href":"https:\/\/minghanggroup.com\/de\/wp-json\/wp\/v2\/product"}],"about":[{"href":"https:\/\/minghanggroup.com\/de\/wp-json\/wp\/v2\/types\/product"}],"wp:featuredmedia":[{"embeddable":true,"href":"https:\/\/minghanggroup.com\/de\/wp-json\/wp\/v2\/media\/5650"}],"wp:attachment":[{"href":"https:\/\/minghanggroup.com\/de\/wp-json\/wp\/v2\/media?parent=5648"}],"wp:term":[{"taxonomy":"product_brand","embeddable":true,"href":"https:\/\/minghanggroup.com\/de\/wp-json\/wp\/v2\/product_brand?post=5648"},{"taxonomy":"product_cat","embeddable":true,"href":"https:\/\/minghanggroup.com\/de\/wp-json\/wp\/v2\/product_cat?post=5648"},{"taxonomy":"product_tag","embeddable":true,"href":"https:\/\/minghanggroup.com\/de\/wp-json\/wp\/v2\/product_tag?post=5648"}],"curies":[{"name":"wp","href":"https:\/\/api.w.org\/{rel}","templated":true}]}}