{"id":5641,"date":"2026-02-22T10:19:05","date_gmt":"2026-02-22T02:19:05","guid":{"rendered":"https:\/\/minghanggroup.com\/?post_type=product&#038;p=5641"},"modified":"2026-02-09T11:57:43","modified_gmt":"2026-02-09T03:57:43","slug":"clear-1-liter-wine-bottles-with-slim-neck-wholesale","status":"publish","type":"product","link":"https:\/\/minghanggroup.com\/de\/produkt\/clear-1-liter-wine-bottles-with-slim-neck-wholesale\/","title":{"rendered":"Klare 1-Liter-Weinflaschen mit schlankem Hals \u2013 Gro\u00dfhandel"},"content":{"rendered":"<p>Es handelt sich um eine 1-Liter-Weinflasche aus hochtransparentem, lebensmittelechtem Glas, die eine hohe Klarheit bietet und sich daher perfekt zum Abf\u00fcllen, Lagern und Pr\u00e4sentieren von Weinen eignet.<\/p>\n<h2>Produktmerkmale<\/h2>\n<ul>\n<li><strong>Transparente Flasche:<\/strong> Diese Flasche besteht aus hochreinem, transparentem Glas, das kristallklar ist, sodass Farbe und Textur des Weins gut erkennbar sind.<\/li>\n<li><strong>Standard-Flachhalsdesign:<\/strong> Das Flaschenhalsdesign ist die effizienteste Bauweise, die f\u00fcr die Verwendung mit Standardkorken konzipiert ist und sich daher am besten f\u00fcr die Verwendung in alten Weinen eignet.<\/li>\n<li><strong>Standardkapazit\u00e4t 1000 ml:<\/strong> Die Standardflasche mit einem Fassungsverm\u00f6gen von 1000 ml erf\u00fcllt die Anforderungen f\u00fcr den privaten Gebrauch, Bankette und die gewerbliche Abf\u00fcllung.<\/li>\n<\/ul>\n<h2 style=\"text-align: left;\">Wichtigste Spezifikationen<\/h2>\n<table class=\"aligncenter\" style=\"border-collapse: collapse; width: 325.52pt;\" border=\"0\" width=\"434\" cellspacing=\"0\" cellpadding=\"0\">\n<tbody>\n<tr style=\"height: 13.50pt;\">\n<td style=\"height: 13.50pt; width: 98.25pt;\" width=\"131\" height=\"18\">Specification<\/td>\n<td style=\"width: 227.25pt;\" width=\"303\">Details<\/td>\n<\/tr>\n<tr style=\"height: 13.50pt;\">\n<td style=\"height: 13.50pt;\" height=\"18\">Kapazit\u00e4t<\/td>\n<td>1000 ml (1 Liter)<\/td>\n<\/tr>\n<tr style=\"height: 13.50pt;\">\n<td style=\"height: 13.50pt;\" height=\"18\">Abmessungen<\/td>\n<td>85 \u00d7 325 mm<\/td>\n<\/tr>\n<tr style=\"height: 13.50pt;\">\n<td style=\"height: 13.50pt;\" height=\"18\">Material<\/td>\n<td>Klarglas<\/td>\n<\/tr>\n<tr style=\"height: 13.50pt;\">\n<td style=\"height: 13.50pt;\" height=\"18\">Flaschenform<\/td>\n<td>Zylinder mit geraden Seiten<\/td>\n<\/tr>\n<tr style=\"height: 13.50pt;\">\n<td style=\"height: 13.50pt;\" height=\"18\">Anpassungsumfang<\/td>\n<td>Farbe, Gr\u00f6\u00dfe, Form, Deckel<\/td>\n<\/tr>\n<tr style=\"height: 13.50pt;\">\n<td style=\"height: 13.50pt;\" height=\"18\">Produktzweck<\/td>\n<td>Klare Weinflasche, leere Weinflaschen<\/td>\n<\/tr>\n<tr style=\"height: 13.50pt;\">\n<td style=\"height: 13.50pt;\" height=\"18\">Geeignete Branchen<\/td>\n<td>Weing\u00fcter, Brauereien, Destillerien<\/td>\n<\/tr>\n<\/tbody>\n<\/table>\n<h2>Erfolgsgeschichte: Wei\u00dfwein-Erfolgsgeschichte eines Weinguts im pazifischen Nordwesten<\/h2>\n<p>Eines der Boutique-Weinguten im US-Bundesstaat Washington entschied sich f\u00fcr unsere 1-Liter-Weinflasche, die mit dem Namen der Rebsorte handgepr\u00e4gt war. Die Ergebnisse waren \u00fcberraschend: Die Transparenz der Flasche erwies sich als wichtiges Verkaufsargument, wie 60 Prozent der positiven Bewertungen best\u00e4tigten. Der Absatz von Wei\u00dfwein stieg um 15 Prozent, und die Verwirrung der Kunden \u00fcber die Weinfarbe ging um 20 Prozent zur\u00fcck. Aufgrund dieses Erfolgs bestellte das Weingut weitere 150.000 Flaschen.<\/p>\n<h2>Meinungen zur Herstellung von durchsichtigen Weinflaschen<\/h2>\n<ul>\n<li>Glasfarbe und -ton: Sie sind in klar oder ultraklar (eisenarm) erh\u00e4ltlich, oder in jeder gew\u00fcnschten Farbe wie Hellblau oder Gr\u00fcn.<\/li>\n<li>Mattiertes oder mattes Finish: Je nachdem, ob man einen sanften und modernen Eindruck machen m\u00f6chte, kann man sich f\u00fcr ein komplett mattiertes oder mattes Finish entscheiden.<\/li>\n<li>Kapazit\u00e4tsunterschied: Standardkapazit\u00e4t bis zu 750 ml, gro\u00dfe Kapazit\u00e4t bis zu 150 ml.<\/li>\n<\/ul>","protected":false},"excerpt":{"rendered":"<p>Direkt vom Hersteller: 1-Liter-Weinflasche aus hochwertigem Klarglas. Diese transparente Weinflasche eignet sich f\u00fcr Wei\u00dfwein, Sake, trinkfertige Cocktails und eine moderne, ansprechende Pr\u00e4sentation im Regal.<\/p>","protected":false},"featured_media":5644,"template":"","meta":{"postBodyCss":"","postBodyMargin":[],"postBodyPadding":[],"postBodyBackground":{"backgroundType":"classic","gradient":""}},"product_brand":[],"product_cat":[15,16,84],"product_tag":[],"class_list":{"0":"post-5641","1":"product","2":"type-product","3":"status-publish","4":"has-post-thumbnail","6":"product_cat-glass-containers","7":"product_cat-glass-bottles","8":"product_cat-wine-bottles","10":"first","11":"instock","12":"shipping-taxable","13":"product-type-simple"},"jetpack_sharing_enabled":true,"_links":{"self":[{"href":"https:\/\/minghanggroup.com\/de\/wp-json\/wp\/v2\/product\/5641","targetHints":{"allow":["GET"]}}],"collection":[{"href":"https:\/\/minghanggroup.com\/de\/wp-json\/wp\/v2\/product"}],"about":[{"href":"https:\/\/minghanggroup.com\/de\/wp-json\/wp\/v2\/types\/product"}],"wp:featuredmedia":[{"embeddable":true,"href":"https:\/\/minghanggroup.com\/de\/wp-json\/wp\/v2\/media\/5644"}],"wp:attachment":[{"href":"https:\/\/minghanggroup.com\/de\/wp-json\/wp\/v2\/media?parent=5641"}],"wp:term":[{"taxonomy":"product_brand","embeddable":true,"href":"https:\/\/minghanggroup.com\/de\/wp-json\/wp\/v2\/product_brand?post=5641"},{"taxonomy":"product_cat","embeddable":true,"href":"https:\/\/minghanggroup.com\/de\/wp-json\/wp\/v2\/product_cat?post=5641"},{"taxonomy":"product_tag","embeddable":true,"href":"https:\/\/minghanggroup.com\/de\/wp-json\/wp\/v2\/product_tag?post=5641"}],"curies":[{"name":"wp","href":"https:\/\/api.w.org\/{rel}","templated":true}]}}