{"id":5636,"date":"2026-02-09T08:53:27","date_gmt":"2026-02-09T00:53:27","guid":{"rendered":"https:\/\/minghanggroup.com\/?post_type=product&#038;p=5636"},"modified":"2026-02-09T10:52:39","modified_gmt":"2026-02-09T02:52:39","slug":"1-5-liter-amber-large-wine-bottles-wholesale","status":"publish","type":"product","link":"https:\/\/minghanggroup.com\/de\/produkt\/1-5-liter-amber-large-wine-bottles-wholesale\/","title":{"rendered":"Gro\u00dfhandel f\u00fcr gro\u00dfe, bernsteinfarbene Weinflaschen (1,5 Liter)"},"content":{"rendered":"<p>Diese gro\u00dfe Weinflasche mit einem Fassungsverm\u00f6gen von eineinhalb Litern ist sowohl praktisch als auch stilvoll. Sie ist aus tief bernsteinfarbenem Glas gefertigt und besticht durch ihren vollen, runden Korpus und den schlanken, eleganten Hals, der den altmodischen Charme hochwertiger Weinverpackungen widerspiegelt.<\/p>\n<h2>Produktmerkmale<\/h2>\n<ul>\n<li><strong>Tiefbernsteinfarbenes Glas:<\/strong> Das hochwertige Glas bietet einen hohen UV-Schutz und ist hitzebest\u00e4ndig.<\/li>\n<li><strong>Robuste W\u00e4nde:<\/strong> Die Flasche besteht aus dickwandigem Glas, wodurch eine robuste und widerstandsf\u00e4hige Konstruktion entsteht, die sich gut zum Aufbewahren und Mitnehmen eignet.<\/li>\n<li><strong>Enormes Fassungsverm\u00f6gen von 1500 ml:<\/strong> Das gro\u00dfvolumige Format mit 1500 ml Fassungsverm\u00f6gen ist ein exklusives Getr\u00e4nk, das sich f\u00fcr die Weinlagerung zu Hause, f\u00fcr gro\u00dfe Weing\u00fcter und f\u00fcr den Bankettservice eignet.<\/li>\n<\/ul>\n<h2 style=\"text-align: left;\">Wichtigste Spezifikationen<\/h2>\n<table class=\"aligncenter\" style=\"border-collapse: collapse; width: 381.02pt;\" border=\"0\" width=\"508\" cellspacing=\"0\" cellpadding=\"0\">\n<tbody>\n<tr style=\"height: 13.50pt;\">\n<td style=\"height: 13.50pt; width: 118.50pt;\" width=\"158\" height=\"18\">Attribut<\/td>\n<td style=\"width: 262.50pt;\" width=\"350\">Details<\/td>\n<\/tr>\n<tr style=\"height: 13.50pt;\">\n<td style=\"height: 13.50pt;\" height=\"18\">Kapazit\u00e4t<\/td>\n<td>1500 ml (1,5 Liter)<\/td>\n<\/tr>\n<tr style=\"height: 13.50pt;\">\n<td style=\"height: 13.50pt;\" height=\"18\">Material<\/td>\n<td>Tief bernsteinfarbenes Glas<\/td>\n<\/tr>\n<tr style=\"height: 13.50pt;\">\n<td style=\"height: 13.50pt;\" height=\"18\">Flaschenform<\/td>\n<td>Klassischer breiter Korpus, hoher, gerader Hals<\/td>\n<\/tr>\n<tr style=\"height: 13.50pt;\">\n<td style=\"height: 13.50pt;\" height=\"18\">Anpassungsbereich<\/td>\n<td>Gr\u00f6\u00dfe, Farbe, Farbauswahl, Ausf\u00fchrung, Halsdesign<\/td>\n<\/tr>\n<tr style=\"height: 13.50pt;\">\n<td style=\"height: 13.50pt;\" height=\"18\">Handwerkskunst<\/td>\n<td>Dicke W\u00e4nde, glatte Oberfl\u00e4che, verst\u00e4rkter Boden<\/td>\n<\/tr>\n<tr style=\"height: 13.50pt;\">\n<td style=\"height: 13.50pt;\" height=\"18\">Prim\u00e4re Verwendung<\/td>\n<td>Gro\u00dfe Weinflaschen, Rotweinflaschen<\/td>\n<\/tr>\n<tr style=\"height: 13.50pt;\">\n<td style=\"height: 13.50pt;\" height=\"18\">Zielbranchen<\/td>\n<td>Weing\u00fcter, Gastgewerbe, Sammler<\/td>\n<\/tr>\n<\/tbody>\n<\/table>\n<h2>Erfolgsgeschichte: Jubil\u00e4umsausgabe eines Weinguts im Napa Valley<\/h2>\n<p>Ein Weingut im Napa Valley w\u00e4hlte unsere 1,5-Liter-Weinflasche mit gro\u00dfem Fassungsverm\u00f6gen und versah sie mit einem tiefen Logo und einem Siebdruck-Etikett in Goldfolie. Dieser Wein mit hohem Fassungsverm\u00f6gen avancierte nach seiner Markteinf\u00fchrung sofort zum Sammlerst\u00fcck und war innerhalb von nur 48 Stunden ausverkauft. Die bernsteinfarbene Glasflasche reduziert die Oxidation um 25 %. Die Weinbranche war von der Flasche begeistert und bestellte daraufhin f\u00fcr die folgenden f\u00fcnf Jahrg\u00e4nge 250.000 weitere Flaschen ihrer Reserveweine in Gro\u00dfpackungen.<\/p>\n<h2>Anpassungsoptionen<\/h2>\n<ul>\n<li>Farbauswahl: Es gibt Modelle in dunklerem Bernstein oder Gr\u00fcn, die einen besseren Lichtschutz bieten.<\/li>\n<li>Halsdesign: Anpassbar an bestimmte Korkenl\u00e4ngen oder spezielle Verschlusssysteme.<\/li>\n<li>Pr\u00e4gung: Pr\u00e4gen Sie Ihr Logo, den Namen der Herkunftsbezeichnung oder einige Details auf die Schulter oder den Boden der Flasche.<\/li>\n<\/ul>","protected":false},"excerpt":{"rendered":"<p>Gro\u00dfe, bernsteinfarbene Weinflasche (1,5 Liter). Dickes, lebensmittelechtes Glas, glatter Korkverschluss. Ideal f\u00fcr Wein, Fruchtwein und Sekt. Direkt vom Hersteller.<\/p>","protected":false},"featured_media":5640,"template":"","meta":{"postBodyCss":"","postBodyMargin":[],"postBodyPadding":[],"postBodyBackground":{"backgroundType":"classic","gradient":""}},"product_brand":[],"product_cat":[15,16,84],"product_tag":[],"class_list":{"0":"post-5636","1":"product","2":"type-product","3":"status-publish","4":"has-post-thumbnail","6":"product_cat-glass-containers","7":"product_cat-glass-bottles","8":"product_cat-wine-bottles","10":"first","11":"instock","12":"shipping-taxable","13":"product-type-simple"},"jetpack_sharing_enabled":true,"_links":{"self":[{"href":"https:\/\/minghanggroup.com\/de\/wp-json\/wp\/v2\/product\/5636","targetHints":{"allow":["GET"]}}],"collection":[{"href":"https:\/\/minghanggroup.com\/de\/wp-json\/wp\/v2\/product"}],"about":[{"href":"https:\/\/minghanggroup.com\/de\/wp-json\/wp\/v2\/types\/product"}],"wp:featuredmedia":[{"embeddable":true,"href":"https:\/\/minghanggroup.com\/de\/wp-json\/wp\/v2\/media\/5640"}],"wp:attachment":[{"href":"https:\/\/minghanggroup.com\/de\/wp-json\/wp\/v2\/media?parent=5636"}],"wp:term":[{"taxonomy":"product_brand","embeddable":true,"href":"https:\/\/minghanggroup.com\/de\/wp-json\/wp\/v2\/product_brand?post=5636"},{"taxonomy":"product_cat","embeddable":true,"href":"https:\/\/minghanggroup.com\/de\/wp-json\/wp\/v2\/product_cat?post=5636"},{"taxonomy":"product_tag","embeddable":true,"href":"https:\/\/minghanggroup.com\/de\/wp-json\/wp\/v2\/product_tag?post=5636"}],"curies":[{"name":"wp","href":"https:\/\/api.w.org\/{rel}","templated":true}]}}