{"id":5630,"date":"2026-02-06T16:17:18","date_gmt":"2026-02-06T08:17:18","guid":{"rendered":"https:\/\/minghanggroup.com\/?post_type=product&#038;p=5630"},"modified":"2026-04-14T09:29:24","modified_gmt":"2026-04-14T01:29:24","slug":"frosted-750ml-volume-wine-bottle-for-packaging-bulk","status":"publish","type":"product","link":"https:\/\/minghanggroup.com\/de\/produkt\/frosted-750ml-volume-wine-bottle-for-packaging-bulk\/","title":{"rendered":"Mattierte 750-ml-Weinflasche f\u00fcr die Verpackung von Gro\u00dfpackungen"},"content":{"rendered":"<p>Sie m\u00f6chten, dass sich Ihre Marke f\u00fchlbar anf\u00fchlt. Unsere Weinflaschen in Gro\u00dfpackungen bieten genau das \u2013 eine sanfte, matte Oberfl\u00e4che, keine Spiegelungen, keine Fingerabdr\u00fccke. Jede 750-ml-Flasche ist in der zeitlosen Silhouette einer Bordeaux-Weinflasche gefertigt und in mattiertem Klarglas oder Olivgr\u00fcn erh\u00e4ltlich. Kombinieren Sie sie mit Naturkorken f\u00fcr den klassischen Charme eines Korkens oder mit Kunststoffkorken f\u00fcr eine reibungslose Weinherstellung. Als Ihr zuverl\u00e4ssiger Partner f\u00fcr Gro\u00dfbestellungen von Weinflaschen machen wir die Skalierung m\u00fchelos \u2013 egal ob Sie Rotweine, Bordeaux, Burgunder oder Schaumweine abf\u00fcllen m\u00f6chten. Das ist mehr als nur Verpackung. Das ist sinnliches Storytelling.<\/p>\n<h2>Produktmerkmale<\/h2>\n<ul>\n<li><strong>Matte Luxus-Haptik:<\/strong> Die weiche, mattierte Oberfl\u00e4che sorgt nicht nur f\u00fcr ein luxuri\u00f6ses Gef\u00fchl in der Hand, sondern verhindert auch das Verschmieren und ist somit ideal f\u00fcr Verkaufsregale oder Geschenksets, in denen leere Weinflaschen zu wertvollen Erinnerungsst\u00fccken werden.<\/li>\n<li><strong>Zweifarbige Geschichte:<\/strong> Mattierte, transparente Flaschen lassen die Farbe Ihres Weins optimal zur Geltung kommen; Olivgr\u00fcn bietet einen leichten UV-Schutz. Bevorzugen Sie Champagnergr\u00fcn? Auch das k\u00f6nnen wir f\u00fcr Sie herstellen.<\/li>\n<li><strong>Stabile Punt-Basis:<\/strong> Der verst\u00e4rkte, gew\u00f6lbte Boden sorgt f\u00fcr einen sehr stabilen Stand sowohl beim Transport und der Pr\u00e4sentation als auch wenn leere Weinflaschen zu \u00d6lspendern oder Blumenvasen umfunktioniert werden.<\/li>\n<\/ul>\n<h2>Wichtigste Spezifikationen<\/h2>\n<table style=\"border-collapse: collapse; width: 80%; margin-left: auto; margin-right: auto;\" border=\"0\" width=\"144\" cellspacing=\"0\" cellpadding=\"0\">\n<tbody>\n<tr style=\"height: 13.50pt;\">\n<td style=\"height: 13.5pt; width: 54pt; text-align: center;\" width=\"72\" height=\"18\">Besonderheit<\/td>\n<td style=\"width: 54pt; text-align: center;\" width=\"72\">Detail<\/td>\n<\/tr>\n<tr style=\"height: 13.50pt;\">\n<td style=\"height: 13.5pt; text-align: center;\" height=\"18\">Kapazit\u00e4t<\/td>\n<td style=\"text-align: center;\">750 ml<\/td>\n<\/tr>\n<tr style=\"height: 13.50pt;\">\n<td style=\"height: 13.5pt; text-align: center;\" height=\"18\">Abmessungen<\/td>\n<td style=\"text-align: center;\">8,4 \u00d7 29,2 cm<\/td>\n<\/tr>\n<tr style=\"height: 13.50pt;\">\n<td style=\"height: 13.5pt; text-align: center;\" height=\"18\">Beenden<\/td>\n<td style=\"text-align: center;\">Mattiert<\/td>\n<\/tr>\n<tr style=\"height: 13.50pt;\">\n<td style=\"height: 13.5pt; text-align: center;\" height=\"18\">Farben<\/td>\n<td style=\"text-align: center;\">Mattiertes, klares Feuerstein, mattiertes Olivgr\u00fcn<\/td>\n<\/tr>\n<tr style=\"height: 13.50pt;\">\n<td style=\"height: 13.5pt; text-align: center;\" height=\"18\">Nacken<\/td>\n<td style=\"text-align: center;\">1,8 cm<\/td>\n<\/tr>\n<tr style=\"height: 13.50pt;\">\n<td style=\"height: 13.5pt; text-align: center;\" height=\"18\">Schlie\u00dfung<\/td>\n<td style=\"text-align: center;\">Naturkorken, synthetischer Verschluss<\/td>\n<\/tr>\n<tr style=\"height: 13.50pt;\">\n<td style=\"height: 13.5pt; text-align: center;\" height=\"18\">Ideal f\u00fcr<\/td>\n<td style=\"text-align: center;\">Rotweine, Bordeaux, Burgunder, Hausgemachter Wein, Schaumwein*, Spirituosenflaschen<\/td>\n<\/tr>\n<\/tbody>\n<\/table>\n<h2>Erfolgsbeispiel<\/h2>\n<p>Ein europ\u00e4isches Luxusweingut entschied sich f\u00fcr unsere 750-ml-Weinflasche mit Mattierung als Hauptverpackung f\u00fcr seine limitierte Sonderedition. Wir verliehen der Flasche eine sanfte, mattierte Oberfl\u00e4che und passten ihre Abmessungen leicht an den Stil des Weins an, wodurch sie ein besonders edles und raffiniertes Erscheinungsbild erh\u00e4lt. Dar\u00fcber hinaus haben wir die Vorderseite der Flasche mit einer verst\u00e4rkten Unterseite versehen, um einen besseren Halt und mehr Sicherheit beim Tragen zu gew\u00e4hrleisten. Die Flasche verf\u00fcgt \u00fcber einen Standardverschluss und ist somit vollst\u00e4ndig mit der bestehenden Abf\u00fcllanlage kompatibel; die Anpassungskosten sind minimal.<\/p>\n<p>Im ersten Quartal nach Einf\u00fchrung der neuen Verpackung stieg der Absatz der Produktreihe in den Vertriebsstellen im Vergleich zum Vorjahr um rund 32 %. Die Kundenbefragung ergab eine deutlich verbesserte Sichtbarkeit im Regal und eine gesteigerte Markenbekanntheit. Bereits nach drei Monaten bestellte der Kunde erneut, wodurch eine langfristige und stabile Partnerschaft entstand.<\/p>\n<h2>Ihre Anpassungsoptionen<\/h2>\n<ol>\n<li><strong>Benutzerdefinierte Glasfarbe:<\/strong> Neben den Standardfarben Klargr\u00fcn und Dunkelgr\u00fcn bieten wir auch farblich dezente T\u00f6ne wie Hellrauchgrau und Champagnergrau an, die besser zu hochwertigen, edlen oder naturnahen Weinen passen.<\/li>\n<li><strong>Gepr\u00e4gte oder vertiefte Markenlogos:<\/strong> Ein verstecktes, gepr\u00e4gtes Logo oder Datum kann auf der Schulter oder in der Mitte der Flasche angebracht werden und erz\u00e4hlt so die Markengeschichte, ohne dass zus\u00e4tzliche Etiketten ben\u00f6tigt werden.<\/li>\n<li><strong>Spezielle Oberfl\u00e4chenstrukturbehandlungen:<\/strong> Neben der standardm\u00e4\u00dfigen mattierten Oberfl\u00e4che k\u00f6nnen wir auch feine Sand-, Seiden-, Glanz- oder Mikropartikeltexturen anbieten, die das haptische Erlebnis des Kunden beim Halten der Flasche deutlich verbessern k\u00f6nnen.<\/li>\n<\/ol>","protected":false},"excerpt":{"rendered":"<p>750-ml-Weinflasche mit elegantem, mattiertem Finish. Direkt vom Hersteller, schneller Versand f\u00fcr Weinmarken. Gratisproben.<\/p>","protected":false},"featured_media":5634,"template":"","meta":{"postBodyCss":"","postBodyMargin":[],"postBodyPadding":[],"postBodyBackground":{"backgroundType":"classic","gradient":""}},"product_brand":[],"product_cat":[15,16,84],"product_tag":[109],"class_list":{"0":"post-5630","1":"product","2":"type-product","3":"status-publish","4":"has-post-thumbnail","6":"product_cat-glass-containers","7":"product_cat-glass-bottles","8":"product_cat-wine-bottles","9":"product_tag-glass-champagne-bottles","11":"first","12":"instock","13":"shipping-taxable","14":"product-type-simple"},"jetpack_sharing_enabled":true,"_links":{"self":[{"href":"https:\/\/minghanggroup.com\/de\/wp-json\/wp\/v2\/product\/5630","targetHints":{"allow":["GET"]}}],"collection":[{"href":"https:\/\/minghanggroup.com\/de\/wp-json\/wp\/v2\/product"}],"about":[{"href":"https:\/\/minghanggroup.com\/de\/wp-json\/wp\/v2\/types\/product"}],"wp:featuredmedia":[{"embeddable":true,"href":"https:\/\/minghanggroup.com\/de\/wp-json\/wp\/v2\/media\/5634"}],"wp:attachment":[{"href":"https:\/\/minghanggroup.com\/de\/wp-json\/wp\/v2\/media?parent=5630"}],"wp:term":[{"taxonomy":"product_brand","embeddable":true,"href":"https:\/\/minghanggroup.com\/de\/wp-json\/wp\/v2\/product_brand?post=5630"},{"taxonomy":"product_cat","embeddable":true,"href":"https:\/\/minghanggroup.com\/de\/wp-json\/wp\/v2\/product_cat?post=5630"},{"taxonomy":"product_tag","embeddable":true,"href":"https:\/\/minghanggroup.com\/de\/wp-json\/wp\/v2\/product_tag?post=5630"}],"curies":[{"name":"wp","href":"https:\/\/api.w.org\/{rel}","templated":true}]}}