{"id":5625,"date":"2026-02-06T15:09:31","date_gmt":"2026-02-06T07:09:31","guid":{"rendered":"https:\/\/minghanggroup.com\/?post_type=product&#038;p=5625"},"modified":"2026-04-14T09:29:41","modified_gmt":"2026-04-14T01:29:41","slug":"bordeaux-shape-wine-bottle-750-ml-for-bulk","status":"publish","type":"product","link":"https:\/\/minghanggroup.com\/de\/produkt\/bordeaux-shape-wine-bottle-750-ml-for-bulk\/","title":{"rendered":"Bordeaux-f\u00f6rmige Weinflasche 750 ml f\u00fcr Gro\u00dfpackungen"},"content":{"rendered":"<p>Sie stecken Ihre Leidenschaft in jede Charge \u2013 geben Sie ihr nun ein Zuhause, das sie perfekt in Szene setzt. Unsere 750-ml-Weinflasche aus kristallklarem Flintglas unterstreicht das rubinrote Leuchten Ihres Bordeaux oder das sch\u00fctzende Olivgr\u00fcn (eine elegante Variante des gr\u00fcnen Bordeaux) f\u00fcr reifenden Burgunder. Die zeitlose Bordeaux-Form passt ideal in Weinregale, l\u00e4sst sich sicher mit Weinkorken oder Kunststoffstopfen verschlie\u00dfen und macht aus leeren Flaschen wertvolle Erinnerungsst\u00fccke. Als Ihr zuverl\u00e4ssiger Partner f\u00fcr Weinflaschen fertigen wir Glasflaschen, die genauso viel leisten wie Sie \u2013 egal ob Sie Rotwein, selbstgemachten Wein oder Schaumweine abf\u00fcllen.<\/p>\n<h2>Produktmerkmale<\/h2>\n<ul>\n<li><strong>Authentische Bordeaux-Silhouette:<\/strong> Sanft geschwungene Schultern und ein schlanker Hals verleihen der Weinflasche ihre klassische Form, die Kunden sofort wiedererkennen werden \u2013 sie sieht in den Supermarktregalen gut aus und liegt angenehm in der Hand.<\/li>\n<li><strong>Klarheit oder Schutz:<\/strong> Entscheiden Sie sich f\u00fcr Klarglas, wenn Sie die intensive Farbe zur Geltung bringen m\u00f6chten, oder w\u00e4hlen Sie Olivgr\u00fcn (perfekt f\u00fcr gr\u00fcne Weinflaschen) zum Schutz vor UV-Strahlung. Sind Sie ein Fan von Champagnergr\u00fcn? Auch diese Farbe haben wir im Sortiment.<\/li>\n<li><strong>Stabile Punt-Basiskonstruktion:<\/strong> Der verst\u00e4rkte tiefe Boden garantiert einen felsenfesten Stand, nicht nur beim Transport und bei der Pr\u00e4sentation, sondern auch, wenn Sie die leeren Weinflaschen als Oliven\u00f6lspender wiederverwenden m\u00f6chten.<\/li>\n<\/ul>\n<h2>Wichtigste Spezifikationen<\/h2>\n<table style=\"border-collapse: collapse; width: 80%; margin-left: auto; margin-right: auto;\" border=\"0\" width=\"144\" cellspacing=\"0\" cellpadding=\"0\">\n<tbody>\n<tr style=\"height: 13.50pt;\">\n<td style=\"height: 13.5pt; width: 54pt; text-align: center;\" width=\"72\" height=\"18\">Besonderheit<\/td>\n<td style=\"width: 54pt; text-align: center;\" width=\"72\">Detail<\/td>\n<\/tr>\n<tr style=\"height: 13.50pt;\">\n<td style=\"height: 13.5pt; text-align: center;\" height=\"18\">Kapazit\u00e4t<\/td>\n<td style=\"text-align: center;\">750 ml<\/td>\n<\/tr>\n<tr style=\"height: 13.50pt;\">\n<td style=\"height: 13.5pt; text-align: center;\" height=\"18\">Abmessungen<\/td>\n<td style=\"text-align: center;\">8,4 \u00d7 29,2 cm<\/td>\n<\/tr>\n<tr style=\"height: 13.50pt;\">\n<td style=\"height: 13.5pt; text-align: center;\" height=\"18\">Halslackierung<\/td>\n<td style=\"text-align: center;\">1,8 cm<\/td>\n<\/tr>\n<tr style=\"height: 13.50pt;\">\n<td style=\"height: 13.5pt; text-align: center;\" height=\"18\">Farben<\/td>\n<td style=\"text-align: center;\">Klares Flintglas, Olivgr\u00fcn oder individuell<\/td>\n<\/tr>\n<tr style=\"height: 13.50pt;\">\n<td style=\"height: 13.5pt; text-align: center;\" height=\"18\">Schlie\u00dfungsoptionen<\/td>\n<td style=\"text-align: center;\">Naturkorken, synthetischer Verschluss<\/td>\n<\/tr>\n<\/tbody>\n<\/table>\n<h2>Erfolgsbeispiel<\/h2>\n<p>Ein europ\u00e4isches Boutique-Weingut w\u00e4hlte unsere 750-ml-Weinflasche im Bordeaux-Stil f\u00fcr die Markteinf\u00fchrung seiner Rotwein-Kernserie. Um dem luxuri\u00f6sen Image gerecht zu werden, boten wir dem Kunden umfassende Individualisierungsm\u00f6glichkeiten: Die Flasche erhielt eine spezielle, tief olivgr\u00fcne Farbe f\u00fcr optimalen Lichtschutz, ein gepr\u00e4gtes Weingut-Emblem ziert die Flaschenschulter, und der Flaschenboden wurde vertieft, um die Haptik und Stabilit\u00e4t zu verbessern. Zudem fertigten wir einen ma\u00dfgeschneiderten Flaschenverschluss an, der farblich perfekt zum Weinetikett passte.<\/p>\n<p>Nach der Markteinf\u00fchrung f\u00fchrte die neue Verpackung zu einer deutlichen Steigerung der Regalpr\u00e4senz im Einzelhandel, und der Absatz der Serie wuchs im ersten Quartal um rund 38 %. Aufgrund der positiven Resonanz bestellte das Weingut innerhalb von sechs Monaten eine zweite Gro\u00dfmenge und f\u00fchrte diese Flaschenart als Standardverpackung f\u00fcr den langfristigen Einsatz ein. Dadurch festigte es sein Markenimage und steigerte den Absatz \u00fcber seine Vertriebskan\u00e4le weiter.<\/p>\n<h2>Ihre Anpassungsoptionen<\/h2>\n<ol>\n<li><strong>Optionen f\u00fcr die Oberfl\u00e4chenveredelung der Flasche:<\/strong> W\u00e4hlen Sie aus verschiedenen Glasurarten, einer feinen Sandstrahlung oder einer seidenmatten Oberfl\u00e4che f\u00fcr die Flasche, um sie beim Halten und Pr\u00e4sentieren luxuri\u00f6ser wirken zu lassen.<\/li>\n<li><strong>Detaildesign mit gepr\u00e4gten und vertieften Elementen:<\/strong>Um die Markenbekanntheit zu steigern, kann das Logo des Weinguts, Angaben zu den Weinjahrg\u00e4ngen oder exklusive Symbole auf der Flaschenschulter oder dem Flaschenboden verwendet werden.<\/li>\n<li><strong>Anpassbare Flaschenhals- und Verschlusskompatibilit\u00e4t:<\/strong> \u00c4ndern Sie den Halsdurchmesser f\u00fcr Naturkorken, synthetische Verschl\u00fcsse oder Schraubverschl\u00fcsse, um den Vorschriften und Verbraucherpr\u00e4ferenzen in den von Ihnen anvisierten Marktgebieten gerecht zu werden.<\/li>\n<\/ol>","protected":false},"excerpt":{"rendered":"<p>Hochwertige 750-ml-Weinflasche f\u00fcr Weing\u00fcter und Marken. Direkt vom Hersteller, individuelle Gro\u00dfbestellungen und schnelle Lieferung m\u00f6glich.<\/p>","protected":false},"featured_media":5629,"template":"","meta":{"postBodyCss":"","postBodyMargin":[],"postBodyPadding":[],"postBodyBackground":{"backgroundType":"classic","gradient":""}},"product_brand":[],"product_cat":[15,16,84],"product_tag":[109],"class_list":{"0":"post-5625","1":"product","2":"type-product","3":"status-publish","4":"has-post-thumbnail","6":"product_cat-glass-containers","7":"product_cat-glass-bottles","8":"product_cat-wine-bottles","9":"product_tag-glass-champagne-bottles","11":"first","12":"instock","13":"shipping-taxable","14":"product-type-simple"},"jetpack_sharing_enabled":true,"_links":{"self":[{"href":"https:\/\/minghanggroup.com\/de\/wp-json\/wp\/v2\/product\/5625","targetHints":{"allow":["GET"]}}],"collection":[{"href":"https:\/\/minghanggroup.com\/de\/wp-json\/wp\/v2\/product"}],"about":[{"href":"https:\/\/minghanggroup.com\/de\/wp-json\/wp\/v2\/types\/product"}],"wp:featuredmedia":[{"embeddable":true,"href":"https:\/\/minghanggroup.com\/de\/wp-json\/wp\/v2\/media\/5629"}],"wp:attachment":[{"href":"https:\/\/minghanggroup.com\/de\/wp-json\/wp\/v2\/media?parent=5625"}],"wp:term":[{"taxonomy":"product_brand","embeddable":true,"href":"https:\/\/minghanggroup.com\/de\/wp-json\/wp\/v2\/product_brand?post=5625"},{"taxonomy":"product_cat","embeddable":true,"href":"https:\/\/minghanggroup.com\/de\/wp-json\/wp\/v2\/product_cat?post=5625"},{"taxonomy":"product_tag","embeddable":true,"href":"https:\/\/minghanggroup.com\/de\/wp-json\/wp\/v2\/product_tag?post=5625"}],"curies":[{"name":"wp","href":"https:\/\/api.w.org\/{rel}","templated":true}]}}