{"id":5620,"date":"2026-02-19T13:43:05","date_gmt":"2026-02-19T05:43:05","guid":{"rendered":"https:\/\/minghanggroup.com\/?post_type=product&#038;p=5620"},"modified":"2026-02-06T16:36:27","modified_gmt":"2026-02-06T08:36:27","slug":"olive-green-miniature-wine-bottles-wholesale","status":"publish","type":"product","link":"https:\/\/minghanggroup.com\/de\/produkt\/olive-green-miniature-wine-bottles-wholesale\/","title":{"rendered":"Gro\u00dfhandel mit olivgr\u00fcnen Miniatur-Weinflaschen (180 ml)"},"content":{"rendered":"<p>Diese Mini-Weinflaschen sind aus hochwertigem, olivgr\u00fcnem und UV-best\u00e4ndigem Glas gefertigt. Ihr gerader, gro\u00dfer Korpus verj\u00fcngt sich zu einem Gewindehals hin. Sie eignen sich auch hervorragend f\u00fcr Weinproben, als Gastgeschenke bei Hochzeiten oder f\u00fcr Einzelportionen.<\/p>\n<h2>Produktmerkmale<\/h2>\n<ul>\n<li><strong>UV-Schutz:<\/strong> Olivgr\u00fcnes Glas sch\u00fctzt vor sch\u00e4dlichem Licht, sodass Ihr Wein stets von hoher Qualit\u00e4t bleibt und lange haltbar ist.<\/li>\n<li><strong>Zylindergeradlinige, bauchige Bauweise:<\/strong> Diese gerade, bauchige Mini-Weinflasche eignet sich gut zur Aufbewahrung und macht sich auch gut auf Verkostungssets und Geschenkverpackungen.<\/li>\n<li><strong>Mehrzweck:<\/strong> Es ist klein genug, um bei Weinproben, als Werbegeschenk und als Nachf\u00fcllpackung verwendet zu werden.<\/li>\n<\/ul>\n<h2 style=\"text-align: left;\">Wichtigste Spezifikationen<\/h2>\n<table class=\"aligncenter\" style=\"border-collapse: collapse; width: 345.77pt;\" border=\"0\" width=\"461\" cellspacing=\"0\" cellpadding=\"0\">\n<tbody>\n<tr style=\"height: 13.50pt;\">\n<td style=\"height: 13.50pt; width: 115.50pt;\" width=\"154\" height=\"18\">Specification<\/td>\n<td style=\"width: 230.25pt;\" width=\"307\">Details<\/td>\n<\/tr>\n<tr style=\"height: 13.50pt;\">\n<td style=\"height: 13.50pt;\" height=\"18\">Kapazit\u00e4t<\/td>\n<td>180 ml<\/td>\n<\/tr>\n<tr style=\"height: 13.50pt;\">\n<td style=\"height: 13.50pt;\" height=\"18\">Abmessungen<\/td>\n<td>52 \u00d7 168 mm<\/td>\n<\/tr>\n<tr style=\"height: 13.50pt;\">\n<td style=\"height: 13.50pt;\" height=\"18\">Material<\/td>\n<td>Hochwertiges olivgr\u00fcnes Glas<\/td>\n<\/tr>\n<tr style=\"height: 13.50pt;\">\n<td style=\"height: 13.50pt;\" height=\"18\">Anpassungsumfang<\/td>\n<td>Gr\u00f6\u00dfe, Farbe, Form, Deckel<\/td>\n<\/tr>\n<tr style=\"height: 13.50pt;\">\n<td style=\"height: 13.50pt;\" height=\"18\">Produktzweck<\/td>\n<td>Miniatur-Weinflaschen, Probierflaschen<\/td>\n<\/tr>\n<tr style=\"height: 13.50pt;\">\n<td style=\"height: 13.50pt;\" height=\"18\">Geeignete Branchen<\/td>\n<td>Weing\u00fcter, Weinberge, Hotels<\/td>\n<\/tr>\n<\/tbody>\n<\/table>\n<h2>Erfolgsgeschichte: Partnerschaftsprojekt zwischen Fluggesellschaft und Hotel eines italienischen Weinguts<\/h2>\n<p>Ein italienisches Weingut interessierte sich f\u00fcr den Vertrieb seiner Qualit\u00e4tsweine an Fluggesellschaften und Hotels. Man entschied sich f\u00fcr 180-ml-Mini-Weinflaschen mit personalisiertem goldenen Schraubverschluss. Das olivgr\u00fcne, UV-best\u00e4ndige Glas sorgt daf\u00fcr, dass der Wein bis zu 24 Monate frisch bleibt. Die 180-ml-Flasche eignet sich ideal f\u00fcr Hotels und f\u00fchrte zu einem Umsatzwachstum von 60 Prozent \u00fcber diese Vertriebskan\u00e4le. Das Weingut war mit dieser umfassenden Partnerschaft sehr zufrieden und bestellte daher weitere 3 Millionen Flaschen f\u00fcr seine internationalen Partner im Rahmen eines Dreijahresvertrags.<\/p>\n<h2>Personalisierung von Miniatur-Weinflaschen<\/h2>\n<ul>\n<li>Gemischte Gr\u00fcnt\u00f6ne: Olivgr\u00fcn kann entweder in einem helleren Farbton, der eher einem Salbeigr\u00fcn \u00e4hnelt, oder in einem dunkleren Farbton, der an Schwarzwaldgr\u00fcn grenzt, hergestellt werden.<\/li>\n<li>Gepr\u00e4gte Volumenangabe: St\u00e4rke \u2013 eine kleine, erhabene 180-ml-Markierung auf der Schulter der Flasche.<\/li>\n<li>Lasergravur: \u00c4tzen Sie einen kleinen Chargencode, ein Markenlogo oder ein kleines Muster auf den Flaschenboden.<\/li>\n<\/ul>","protected":false},"excerpt":{"rendered":"<p>Gestalten Sie Ihre Mini-Weinflasche individuell mit Ihrem Logo oder Ihrer Wunschfarbe \u2013 ideal f\u00fcr Probierpakete oder als Geschenk. Professionelle OEM-Services f\u00fcr Miniatur-Weinflaschen. Kostenloses Muster.<\/p>","protected":false},"featured_media":5621,"template":"","meta":{"postBodyCss":"","postBodyMargin":[],"postBodyPadding":[],"postBodyBackground":{"backgroundType":"classic","gradient":""}},"product_brand":[],"product_cat":[15,16,84],"product_tag":[],"class_list":{"0":"post-5620","1":"product","2":"type-product","3":"status-publish","4":"has-post-thumbnail","6":"product_cat-glass-containers","7":"product_cat-glass-bottles","8":"product_cat-wine-bottles","10":"first","11":"instock","12":"shipping-taxable","13":"product-type-simple"},"jetpack_sharing_enabled":true,"_links":{"self":[{"href":"https:\/\/minghanggroup.com\/de\/wp-json\/wp\/v2\/product\/5620","targetHints":{"allow":["GET"]}}],"collection":[{"href":"https:\/\/minghanggroup.com\/de\/wp-json\/wp\/v2\/product"}],"about":[{"href":"https:\/\/minghanggroup.com\/de\/wp-json\/wp\/v2\/types\/product"}],"wp:featuredmedia":[{"embeddable":true,"href":"https:\/\/minghanggroup.com\/de\/wp-json\/wp\/v2\/media\/5621"}],"wp:attachment":[{"href":"https:\/\/minghanggroup.com\/de\/wp-json\/wp\/v2\/media?parent=5620"}],"wp:term":[{"taxonomy":"product_brand","embeddable":true,"href":"https:\/\/minghanggroup.com\/de\/wp-json\/wp\/v2\/product_brand?post=5620"},{"taxonomy":"product_cat","embeddable":true,"href":"https:\/\/minghanggroup.com\/de\/wp-json\/wp\/v2\/product_cat?post=5620"},{"taxonomy":"product_tag","embeddable":true,"href":"https:\/\/minghanggroup.com\/de\/wp-json\/wp\/v2\/product_tag?post=5620"}],"curies":[{"name":"wp","href":"https:\/\/api.w.org\/{rel}","templated":true}]}}