{"id":5615,"date":"2026-02-06T10:42:20","date_gmt":"2026-02-06T02:42:20","guid":{"rendered":"https:\/\/minghanggroup.com\/?post_type=product&#038;p=5615"},"modified":"2026-02-06T16:32:24","modified_gmt":"2026-02-06T08:32:24","slug":"small-red-wine-bottles-for-favors-wholesale","status":"publish","type":"product","link":"https:\/\/minghanggroup.com\/de\/produkt\/small-red-wine-bottles-for-favors-wholesale\/","title":{"rendered":"190-ml-Flaschen Rotwein als Gastgeschenke (Gro\u00dfhandel)"},"content":{"rendered":"<p>Es handelt sich um eine Rotweinflasche mit sehr weichen, eleganten Linien, die sich zu einem Schraubverschluss verj\u00fcngen. Ihre dunkle, satte Bernsteinfarbe ist eine gesch\u00e4tzte St\u00e4rke, da sie hervorragenden UV-Schutz bietet und so den Wein im Inneren wirksam konserviert.<\/p>\n<h2>Produktmerkmale<\/h2>\n<ul>\n<li><strong>Dunkelbernsteinfarbenes Lichtabschirmungsmaterial:<\/strong> Das tief bernsteinfarbene Glas blockiert UV-Strahlen sehr effektiv und sorgt so daf\u00fcr, dass der Wein nicht oxidiert und somit seinen Geschmack nicht verliert.<\/li>\n<li><strong>Gebogenes Flaschendesign:<\/strong> Die Flasche hat eine konkave Oberfl\u00e4che, die ein Zeichen von Raffinesse und Eleganz ist und h\u00f6chste Qualit\u00e4t demonstriert.<\/li>\n<li><strong>Threading:<\/strong> Der Gewindehals passt sich dicht um den metallenen Verschlussdeckel an, der eine auslaufsichere Abdichtung gew\u00e4hrleistet. Durch das Gewinde am Hals wird sichergestellt, dass der Wein luftdicht verschlossen ist und im Regal lange haltbar ist.<\/li>\n<\/ul>\n<h2 style=\"text-align: left;\">Wichtigste Spezifikationen<\/h2>\n<table class=\"aligncenter\" style=\"border-collapse: collapse; width: 494.27pt;\" border=\"0\" width=\"659\" cellspacing=\"0\" cellpadding=\"0\">\n<tbody>\n<tr style=\"height: 13.50pt;\">\n<td style=\"height: 13.50pt; width: 115.50pt;\" width=\"154\" height=\"18\">Specification<\/td>\n<td style=\"width: 378.75pt;\" width=\"505\">Details<\/td>\n<\/tr>\n<tr style=\"height: 13.50pt;\">\n<td style=\"height: 13.50pt;\" height=\"18\">Kapazit\u00e4t<\/td>\n<td>190 ml<\/td>\n<\/tr>\n<tr style=\"height: 13.50pt;\">\n<td style=\"height: 13.50pt;\" height=\"18\">Abmessungen<\/td>\n<td>55 \u00d7 172 mm<\/td>\n<\/tr>\n<tr style=\"height: 13.50pt;\">\n<td style=\"height: 13.50pt;\" height=\"18\">Material<\/td>\n<td>Hochwertiges, tief bernsteinfarbenes Glas<\/td>\n<\/tr>\n<tr style=\"height: 13.50pt;\">\n<td style=\"height: 13.50pt;\" height=\"18\">Flaschenform<\/td>\n<td>Geschwungene Taille mit abgerundetem Ansatz, schlanker Hals und Gewinde\u00f6ffnung<\/td>\n<\/tr>\n<tr style=\"height: 13.50pt;\">\n<td style=\"height: 13.50pt;\" height=\"18\">Anpassungsumfang<\/td>\n<td>Farbe, Gr\u00f6\u00dfe, Deckel, Oberfl\u00e4che<\/td>\n<\/tr>\n<tr style=\"height: 13.50pt;\">\n<td style=\"height: 13.50pt;\" height=\"18\">Produktzweck<\/td>\n<td>Hochwertige Weinflaschen als Gastgeschenke, kleine Weinflaschen als Gastgeschenke<\/td>\n<\/tr>\n<tr style=\"height: 13.50pt;\">\n<td style=\"height: 13.50pt;\" height=\"18\">Geeignete Branchen<\/td>\n<td>Weing\u00fcter, Eventplaner, Hochzeitsausstatter<\/td>\n<\/tr>\n<\/tbody>\n<\/table>\n<h2>Erfolgsgeschichte: Ein Paket mit Hochzeitsgeschenken in einem Weingut an den H\u00e4ngen von Texas<\/h2>\n<p>Ein Weingut in Texas entwickelte ein exklusives Paket f\u00fcr Hochzeitsgeschenke. Sie w\u00e4hlten unsere kleinen Rotweinflaschen und lie\u00dfen diese mit den Initialen des Paares bedrucken. Diese UV-best\u00e4ndigen Glasflaschen halten den Wein bis zu 18 Monate haltbar. Die elegante 190-ml-Flasche kam gut an, und 90 Prozent der Paare entschieden sich daf\u00fcr anstelle der \u00fcblichen Mini-Flasche. Das Projekt war ein voller Erfolg, und so bestellte das Weingut innerhalb von zwei Jahren weitere 750.000 Flaschen f\u00fcr Hochzeiten und Firmenveranstaltungen.<\/p>\n<h2>Personalisierung von Rotweinflaschen<\/h2>\n<ul>\n<li>Benutzerdefinierter Bernsteinton: Um den hellbraunen, honigfarbenen Bernsteinton in ein dunkles und nahezu undurchsichtiges Braun zu \u00e4ndern.<\/li>\n<li>Mattierte Oberfl\u00e4che: Eine mattierte Oberfl\u00e4che wirkt glatt und luxuri\u00f6s und ist der ideale Lichtstreuer.<\/li>\n<li>Individuelles Flaschenbodendesign: Lassen Sie den Flaschenboden mit einem speziellen Pr\u00e4gedesign oder einer Signatur versehen.<\/li>\n<\/ul>","protected":false},"excerpt":{"rendered":"<p>Hochwertige 190-ml-Rotweinflasche aus dunklem Bernsteinglas f\u00fcr UV-Schutz und ein edles Aussehen. Ideal als kleines Gastgeschenk. Kostenlose Muster auf Anfrage.<\/p>","protected":false},"featured_media":5618,"template":"","meta":{"postBodyCss":"","postBodyMargin":[],"postBodyPadding":[],"postBodyBackground":{"backgroundType":"classic","gradient":""}},"product_brand":[],"product_cat":[15,16,84],"product_tag":[],"class_list":{"0":"post-5615","1":"product","2":"type-product","3":"status-publish","4":"has-post-thumbnail","6":"product_cat-glass-containers","7":"product_cat-glass-bottles","8":"product_cat-wine-bottles","10":"first","11":"instock","12":"shipping-taxable","13":"product-type-simple"},"jetpack_sharing_enabled":true,"_links":{"self":[{"href":"https:\/\/minghanggroup.com\/de\/wp-json\/wp\/v2\/product\/5615","targetHints":{"allow":["GET"]}}],"collection":[{"href":"https:\/\/minghanggroup.com\/de\/wp-json\/wp\/v2\/product"}],"about":[{"href":"https:\/\/minghanggroup.com\/de\/wp-json\/wp\/v2\/types\/product"}],"wp:featuredmedia":[{"embeddable":true,"href":"https:\/\/minghanggroup.com\/de\/wp-json\/wp\/v2\/media\/5618"}],"wp:attachment":[{"href":"https:\/\/minghanggroup.com\/de\/wp-json\/wp\/v2\/media?parent=5615"}],"wp:term":[{"taxonomy":"product_brand","embeddable":true,"href":"https:\/\/minghanggroup.com\/de\/wp-json\/wp\/v2\/product_brand?post=5615"},{"taxonomy":"product_cat","embeddable":true,"href":"https:\/\/minghanggroup.com\/de\/wp-json\/wp\/v2\/product_cat?post=5615"},{"taxonomy":"product_tag","embeddable":true,"href":"https:\/\/minghanggroup.com\/de\/wp-json\/wp\/v2\/product_tag?post=5615"}],"curies":[{"name":"wp","href":"https:\/\/api.w.org\/{rel}","templated":true}]}}