{"id":5609,"date":"2026-02-06T08:54:57","date_gmt":"2026-02-06T00:54:57","guid":{"rendered":"https:\/\/minghanggroup.com\/?post_type=product&#038;p=5609"},"modified":"2026-02-06T16:35:48","modified_gmt":"2026-02-06T08:35:48","slug":"small-olive-green-wine-bottles-wholesale","status":"publish","type":"product","link":"https:\/\/minghanggroup.com\/de\/produkt\/small-olive-green-wine-bottles-wholesale\/","title":{"rendered":"Gro\u00dfhandel mit kleinen olivgr\u00fcnen Weinflaschen (250 ml)"},"content":{"rendered":"<p>Es handelt sich um eine kompakte 210-ml-Weinflasche aus hochwertigem, UV-best\u00e4ndigem, tief bernsteinfarbenem Glas. Ihre glatten, geraden Kanten und der tiefe Bernsteinton bieten einen hervorragenden Lichtschutz und bewahren so die empfindlichen Aromen und Geschmacksnuancen des Weins.<\/p>\n<h2>Produktmerkmale<\/h2>\n<ul>\n<li><strong>UV-Schutz:<\/strong> UV-Schutz f\u00fcr Trauben: Sch\u00fctzt Trauben vor sch\u00e4dlichem UV-Licht, erh\u00e4lt die Qualit\u00e4t des Weins und verl\u00e4ngert seine Haltbarkeit.<\/li>\n<li><strong>Gewindekomfort:<\/strong>Die Flaschen sind so konzipiert, dass sie sich leicht bef\u00fcllen lassen und auf alle g\u00e4ngigen Verschl\u00fcsse oder Korken passen, um eine sehr dichte Abdichtung zu gew\u00e4hrleisten.<\/li>\n<li><strong>Portion pro Glas:<\/strong> 250 ml Fassungsverm\u00f6gen, ideal zum Probieren, Servieren in Sets oder einfach zum Genie\u00dfen f\u00fcr sich selbst.<\/li>\n<\/ul>\n<h2 style=\"text-align: left;\">Wichtigste Spezifikationen<\/h2>\n<table class=\"aligncenter\" style=\"border-collapse: collapse; width: 409.52pt;\" border=\"0\" width=\"546\" cellspacing=\"0\" cellpadding=\"0\">\n<tbody>\n<tr style=\"height: 13.50pt;\">\n<td style=\"height: 13.50pt; width: 115.50pt;\" width=\"154\" height=\"18\">Attribut<\/td>\n<td style=\"width: 294.00pt;\" width=\"392\">Details<\/td>\n<\/tr>\n<tr style=\"height: 13.50pt;\">\n<td style=\"height: 13.50pt;\" height=\"18\">Kapazit\u00e4t<\/td>\n<td>250 ml<\/td>\n<\/tr>\n<tr style=\"height: 13.50pt;\">\n<td style=\"height: 13.50pt;\" height=\"18\">Material<\/td>\n<td>Olivgr\u00fcnes Glas<\/td>\n<\/tr>\n<tr style=\"height: 13.50pt;\">\n<td style=\"height: 13.50pt;\" height=\"18\">Anpassungsbereich<\/td>\n<td>Gr\u00f6\u00dfe, Farbe, Deckel, Form<\/td>\n<\/tr>\n<tr style=\"height: 13.50pt;\">\n<td style=\"height: 13.50pt;\" height=\"18\">Prim\u00e4re Verwendung<\/td>\n<td>Kleine Rotweinflaschen, Weinproben<\/td>\n<\/tr>\n<tr style=\"height: 13.50pt;\">\n<td style=\"height: 13.50pt;\" height=\"18\">Zielbranchen<\/td>\n<td>Weing\u00fcter, Gastgewerbe (Hotels\/Restaurants)<\/td>\n<\/tr>\n<\/tbody>\n<\/table>\n<h2>Erfolgsgeschichte: Fallstudie zu Geschenksets italienischer Weing\u00fcter<\/h2>\n<p>Unsere gr\u00fcnen Weinflaschen wurden von einem Familienweingut in der Toskana ausgew\u00e4hlt, das sein Logo im Siebdruckverfahren auf die Flaschen aufbrachte. Die Ergebnisse waren beeindruckend: Die traditionelle Flasche erfreute sich gro\u00dfer Beliebtheit bei den Kunden, der Absatz kleinerer Flaschen stieg um die H\u00e4lfte; das gr\u00fcne Glas trug dazu bei, die Lichtsch\u00e4digung um 22 Prozent zu reduzieren; 250 ml erwiesen sich als ideale Gr\u00f6\u00dfe f\u00fcr eine einzelne Verkostung. Aufgrund dieser Erfolge bestellte das Weingut eine weitere Charge von 180.000 Flaschen.<\/p>\n<h2>Vorschl\u00e4ge zur Personalisierung kleiner Rotweinflaschen<\/h2>\n<ul>\n<li>Individueller Gr\u00fcnton: Entpersonalisieren Sie das Olivgr\u00fcn und w\u00e4hlen Sie einen helleren Salbeigr\u00fcnton oder einen dunkleren, fast schwarzen Waldgr\u00fcnton.<\/li>\n<li>Pr\u00e4gung: Lassen Sie Ihr Logo, den Namen Ihrer Herkunftsbezeichnung oder Jahrgangsangaben auf der Schulter oder dem Boden der Flasche pr\u00e4gen.<\/li>\n<li>Formanpassung: Gestaltung einer deutlicheren Schulterpartie f\u00fcr bestimmte Weinsorten.<\/li>\n<\/ul>","protected":false},"excerpt":{"rendered":"<p>250-ml-Weinflaschen in Olivgr\u00fcn mit abgerundeter Schulter und Schraubverschluss. Ideal f\u00fcr kleine Rotweinflaschen, Fruchtweine und Weinproben. Gratisproben.<\/p>","protected":false},"featured_media":5614,"template":"","meta":{"postBodyCss":"","postBodyMargin":[],"postBodyPadding":[],"postBodyBackground":{"backgroundType":"classic","gradient":""}},"product_brand":[],"product_cat":[15,16,84],"product_tag":[],"class_list":{"0":"post-5609","1":"product","2":"type-product","3":"status-publish","4":"has-post-thumbnail","6":"product_cat-glass-containers","7":"product_cat-glass-bottles","8":"product_cat-wine-bottles","10":"first","11":"instock","12":"shipping-taxable","13":"product-type-simple"},"jetpack_sharing_enabled":true,"_links":{"self":[{"href":"https:\/\/minghanggroup.com\/de\/wp-json\/wp\/v2\/product\/5609","targetHints":{"allow":["GET"]}}],"collection":[{"href":"https:\/\/minghanggroup.com\/de\/wp-json\/wp\/v2\/product"}],"about":[{"href":"https:\/\/minghanggroup.com\/de\/wp-json\/wp\/v2\/types\/product"}],"wp:featuredmedia":[{"embeddable":true,"href":"https:\/\/minghanggroup.com\/de\/wp-json\/wp\/v2\/media\/5614"}],"wp:attachment":[{"href":"https:\/\/minghanggroup.com\/de\/wp-json\/wp\/v2\/media?parent=5609"}],"wp:term":[{"taxonomy":"product_brand","embeddable":true,"href":"https:\/\/minghanggroup.com\/de\/wp-json\/wp\/v2\/product_brand?post=5609"},{"taxonomy":"product_cat","embeddable":true,"href":"https:\/\/minghanggroup.com\/de\/wp-json\/wp\/v2\/product_cat?post=5609"},{"taxonomy":"product_tag","embeddable":true,"href":"https:\/\/minghanggroup.com\/de\/wp-json\/wp\/v2\/product_tag?post=5609"}],"curies":[{"name":"wp","href":"https:\/\/api.w.org\/{rel}","templated":true}]}}