{"id":5598,"date":"2026-02-16T16:20:54","date_gmt":"2026-02-16T08:20:54","guid":{"rendered":"https:\/\/minghanggroup.com\/?post_type=product&#038;p=5598"},"modified":"2026-02-06T16:39:19","modified_gmt":"2026-02-06T08:39:19","slug":"amber-glass-mini-wine-bottles-with-screw-neck-bulk","status":"publish","type":"product","link":"https:\/\/minghanggroup.com\/de\/produkt\/amber-glass-mini-wine-bottles-with-screw-neck-bulk\/","title":{"rendered":"100 ml Mini-Weinflaschen aus bernsteinfarbenem Glas mit Schraubverschluss (Gro\u00dfpackung)"},"content":{"rendered":"<p>Diese Mini-Weinflaschen werden aus hochwertigem, UV-best\u00e4ndigem, tiefbraunem Glas gefertigt, das UV-Strahlen wirksam abh\u00e4lt. Die Flasche ist kurz und zylindrisch geformt und verf\u00fcgt \u00fcber ein Gewinde am Flaschenhals, das einen perfekten Verschluss mit herk\u00f6mmlichen Metallverschl\u00fcssen gew\u00e4hrleistet.<\/p>\n<h2>Produktmerkmale<\/h2>\n<ul>\n<li><strong>Tief bernsteinfarbenes Glas mit UV-Schutz:<\/strong> Der satte Bernsteinton bietet einen besseren Schutz vor Licht, was f\u00fcr den Erhalt der Qualit\u00e4t von Weinen aus Kleinserien unerl\u00e4sslich ist.<\/li>\n<li><strong>Gewindehals:<\/strong> Dieser Hals ist mit einer Gewindeverschlusskappe ausgestattet, die einen festen Sitz der Verschlusskappe im Hals erm\u00f6glicht und somit das Tragen und Aufbewahren des Halses erleichtert.<\/li>\n<li><strong>Mini-Zylinderbauweise:<\/strong> Das Mini-Zylinder-Design ist ideal f\u00fcr 100-ml-Gr\u00f6\u00dfen und eignet sich f\u00fcr Verkostungen, Geschenke oder Einzelportionen.<\/li>\n<\/ul>\n<h2 style=\"text-align: left;\">Wichtigste Spezifikationen<\/h2>\n<table class=\"aligncenter\" style=\"border-collapse: collapse; width: 372.02pt;\" border=\"0\" width=\"496\" cellspacing=\"0\" cellpadding=\"0\">\n<tbody>\n<tr style=\"height: 13.50pt;\">\n<td style=\"height: 13.50pt; width: 115.50pt;\" width=\"154\" height=\"18\">Attribut<\/td>\n<td style=\"width: 256.50pt;\" width=\"342\">Details<\/td>\n<\/tr>\n<tr style=\"height: 13.50pt;\">\n<td style=\"height: 13.50pt;\" height=\"18\">Kapazit\u00e4t<\/td>\n<td>100 ml<\/td>\n<\/tr>\n<tr style=\"height: 13.50pt;\">\n<td style=\"height: 13.50pt;\" height=\"18\">Material<\/td>\n<td>Tief bernsteinfarbenes Glas<\/td>\n<\/tr>\n<tr style=\"height: 13.50pt;\">\n<td style=\"height: 13.50pt;\" height=\"18\">Flaschenform<\/td>\n<td>Kompakter Zylinder mit geradwandigem K\u00f6rper<\/td>\n<\/tr>\n<tr style=\"height: 13.50pt;\">\n<td style=\"height: 13.50pt;\" height=\"18\">Anpassungsbereich<\/td>\n<td>Gr\u00f6\u00dfe, Farbe, Logo, Form<\/td>\n<\/tr>\n<tr style=\"height: 13.50pt;\">\n<td style=\"height: 13.50pt;\" height=\"18\">Prim\u00e4re Verwendung<\/td>\n<td>Gro\u00dfpackungen mit Mini-Weinflaschen, Weinproben<\/td>\n<\/tr>\n<tr style=\"height: 13.50pt;\">\n<td style=\"height: 13.50pt;\" height=\"18\">Zielbranchen<\/td>\n<td>Weing\u00fcter, Weinvertriebe<\/td>\n<\/tr>\n<\/tbody>\n<\/table>\n<h2>Erfolgsgeschichte<\/h2>\n<p>Ein Weingut in Sonoma wollte das Besuchererlebnis in seinem Verkostungsraum verbessern und Weinproben zum Mitnehmen anbieten. Die Wahl fiel auf unsere Mini-Weinflaschen (100 ml), die individuell mit dem Logo des Weinguts bedruckt und mit einem goldenen Schraubverschluss versehen wurden. Die 100-ml-Gr\u00f6\u00dfe ist ideal, da sie eine Verkostung von ca. 60 ml erm\u00f6glicht und letztendlich zu einem Anstieg der Probenverk\u00e4ufe um 78 Prozent f\u00fchrte. Die ansprechende kleine Verpackung trug au\u00dferdem dazu bei, dass die Beitr\u00e4ge in den sozialen Medien um 55 Prozent geteilt wurden. Diese L\u00f6sung war ein voller Erfolg, und das Weingut bestellte sp\u00e4ter weitere 2 Millionen Flaschen, um die Nachfrage in den Verkostungsr\u00e4umen und bei Veranstaltungen in den n\u00e4chsten zwei Jahren zu decken.<\/p>\n<h2>L\u00f6sungen f\u00fcr die individuelle Anpassung von Mini-Weinflaschen in gro\u00dfen Mengen<\/h2>\n<ul>\n<li>Farben: Je nach Bedarf an Lichtabschirmung kann hellbernsteinfarbenes oder gr\u00fcnes Glas verwendet werden.<\/li>\n<li>Volumenangabe: Seitliche Etiketten an der Flasche mit der Aufschrift \u201e100ml\u201c oder 3,4oz.<\/li>\n<li>Siebdruck: Markenlogos, Vintage- und schlichte Designs k\u00f6nnen direkt in hoher Qualit\u00e4t gedruckt werden.<\/li>\n<li>Halsdesign: Es k\u00f6nnen individuelle Gewinde entworfen werden, die zu jeder Art von Verschlusskappe, Schraubverschluss oder individuellem Korken passen.<\/li>\n<\/ul>","protected":false},"excerpt":{"rendered":"<p>Mini-Weinflaschen aus tief bernsteinfarbenem Glas mit kurzem, geradem Korpus und Schraubverschluss. Ideal f\u00fcr Verkostungen und Probierpackungen. Mini-Weinflaschen in gro\u00dfen Mengen direkt vom Hersteller.<\/p>","protected":false},"featured_media":5602,"template":"","meta":{"postBodyCss":"","postBodyMargin":[],"postBodyPadding":[],"postBodyBackground":{"backgroundType":"classic","gradient":""}},"product_brand":[],"product_cat":[15,16,84],"product_tag":[],"class_list":{"0":"post-5598","1":"product","2":"type-product","3":"status-publish","4":"has-post-thumbnail","6":"product_cat-glass-containers","7":"product_cat-glass-bottles","8":"product_cat-wine-bottles","10":"first","11":"instock","12":"shipping-taxable","13":"product-type-simple"},"jetpack_sharing_enabled":true,"_links":{"self":[{"href":"https:\/\/minghanggroup.com\/de\/wp-json\/wp\/v2\/product\/5598","targetHints":{"allow":["GET"]}}],"collection":[{"href":"https:\/\/minghanggroup.com\/de\/wp-json\/wp\/v2\/product"}],"about":[{"href":"https:\/\/minghanggroup.com\/de\/wp-json\/wp\/v2\/types\/product"}],"wp:featuredmedia":[{"embeddable":true,"href":"https:\/\/minghanggroup.com\/de\/wp-json\/wp\/v2\/media\/5602"}],"wp:attachment":[{"href":"https:\/\/minghanggroup.com\/de\/wp-json\/wp\/v2\/media?parent=5598"}],"wp:term":[{"taxonomy":"product_brand","embeddable":true,"href":"https:\/\/minghanggroup.com\/de\/wp-json\/wp\/v2\/product_brand?post=5598"},{"taxonomy":"product_cat","embeddable":true,"href":"https:\/\/minghanggroup.com\/de\/wp-json\/wp\/v2\/product_cat?post=5598"},{"taxonomy":"product_tag","embeddable":true,"href":"https:\/\/minghanggroup.com\/de\/wp-json\/wp\/v2\/product_tag?post=5598"}],"curies":[{"name":"wp","href":"https:\/\/api.w.org\/{rel}","templated":true}]}}