{"id":5588,"date":"2026-02-05T15:08:23","date_gmt":"2026-02-05T07:08:23","guid":{"rendered":"https:\/\/minghanggroup.com\/?post_type=product&#038;p=5588"},"modified":"2026-02-06T16:40:19","modified_gmt":"2026-02-06T08:40:19","slug":"amber-small-wine-bottles-wholesale","status":"publish","type":"product","link":"https:\/\/minghanggroup.com\/de\/produkt\/amber-small-wine-bottles-wholesale\/","title":{"rendered":"Gro\u00dfhandel f\u00fcr kleine 210-ml-Bernsteinweinflaschen"},"content":{"rendered":"<p>Es handelt sich um eine kompakte 210-ml-Weinflasche aus hochwertigem, UV-best\u00e4ndigem, tief bernsteinfarbenem Glas. Ihre glatten, geraden Kanten und der tiefe Bernsteinton bieten einen hervorragenden Lichtschutz und bewahren so die empfindlichen Aromen und Geschmacksnuancen des Weins.<\/p>\n<h2>Produktmerkmale<\/h2>\n<ul>\n<li><strong>Besserer Lichtschutz:<\/strong> Der tiefe Bernsteinton bietet einen besseren Lichtschutz, was f\u00fcr die Konservierung von s\u00fc\u00dfen und delikaten Weinen unerl\u00e4sslich ist.<\/li>\n<li><strong>Klassisches, schlankes Profil:<\/strong> Das schlanke, flaschenf\u00f6rmige Profil wirkt leicht, raffiniert und elegant und passt daher am besten zu hochwertigen Weinen aus kleinen Produktionsmengen.<\/li>\n<li><strong>Fassungsverm\u00f6gen von 210 ml:<\/strong> Dies ist die ideale Gr\u00f6\u00dfe f\u00fcr gro\u00dfz\u00fcgige Verkostungsflaschen, Dessertweine oder eine hochwertige Geschenkprobe.<\/li>\n<\/ul>\n<h2 style=\"text-align: left;\">Wichtigste Spezifikationen<\/h2>\n<table class=\"aligncenter\" style=\"border-collapse: collapse; width: 398.27pt;\" border=\"0\" width=\"531\" cellspacing=\"0\" cellpadding=\"0\">\n<tbody>\n<tr style=\"height: 13.50pt;\">\n<td style=\"height: 13.50pt; width: 115.50pt;\" width=\"154\" height=\"18\">Attribut<\/td>\n<td style=\"width: 282.75pt;\" width=\"377\">Details<\/td>\n<\/tr>\n<tr style=\"height: 13.50pt;\">\n<td style=\"height: 13.50pt;\" height=\"18\">Kapazit\u00e4t<\/td>\n<td>210 ml<\/td>\n<\/tr>\n<tr style=\"height: 13.50pt;\">\n<td style=\"height: 13.50pt;\" height=\"18\">Material<\/td>\n<td>Tief bernsteinfarbenes Glas<\/td>\n<\/tr>\n<tr style=\"height: 13.50pt;\">\n<td style=\"height: 13.50pt;\" height=\"18\">Flaschenform<\/td>\n<td>Zylinderf\u00f6rmiger Korpus mit leicht konischem Hals<\/td>\n<\/tr>\n<tr style=\"height: 13.50pt;\">\n<td style=\"height: 13.50pt;\" height=\"18\">Anpassungsbereich<\/td>\n<td>Gr\u00f6\u00dfe, Farbe, Ausf\u00fchrung, Logo<\/td>\n<\/tr>\n<tr style=\"height: 13.50pt;\">\n<td style=\"height: 13.50pt;\" height=\"18\">Prim\u00e4re Verwendung<\/td>\n<td>Eisweinflaschen, kleine Weinflaschen<\/td>\n<\/tr>\n<tr style=\"height: 13.50pt;\">\n<td style=\"height: 13.50pt;\" height=\"18\">Zielbranchen<\/td>\n<td>Weing\u00fcter, Hersteller von Spezialit\u00e4tengetr\u00e4nken<\/td>\n<\/tr>\n<\/tbody>\n<\/table>\n<h2>Erfolgsgeschichte<\/h2>\n<p>Unsere hohe, bernsteinfarbene Weinflasche wurde von einem renommierten Weingut in Kanada ausgew\u00e4hlt. Dieses versah die Flasche mit einem mattierten Finish und einem goldfolienbedruckten Logo am Boden. Das Ergebnis war beeindruckend: Dank des Fassungsverm\u00f6gens von 210 ml avancierte die Flasche zum Starprodukt in den Weihnachtsgeschenkk\u00f6rben, und der Umsatz stieg um 60 %. Das Glas mit UV-Schutz bewahrt die empfindlichen Aromen des Weins bis zu 24 Monate lang. Das Weingut war von der Flasche begeistert und bestellte gleich weitere 150.000 Flaschen.<\/p>\n<h2>Empfehlungen zur individuellen Gestaltung von Weinflaschen im Gro\u00dfhandel<\/h2>\n<ul>\n<li>Farbauswahl: Es stehen verschiedene Bernsteint\u00f6ne zur Auswahl, um den jeweiligen Anforderungen an die Lichtabschirmung gerecht zu werden.<\/li>\n<li>Formanpassung: Die Flasche soll eine st\u00e4rkere konische Form aufweisen, um ein unverwechselbares Aussehen zu erzielen.<\/li>\n<li>Bodengestaltung: Um die Stabilit\u00e4t zu erh\u00f6hen, sollte der Boden leicht eingekerbt sein, um den Eindruck hoher Produktqualit\u00e4t zu vermitteln.<\/li>\n<\/ul>","protected":false},"excerpt":{"rendered":"<p>Weinflaschen im Gro\u00dfhandel, hergestellt als kleine, tiefbernsteinfarbene Weinflaschen mit UV-Schutz. OEM-Unterst\u00fctzung f\u00fcr individuelle Logos, Oberfl\u00e4chenbehandlungen, Flaschengewichte und Kartonverpackungen.<\/p>","protected":false},"featured_media":5595,"template":"","meta":{"postBodyCss":"","postBodyMargin":[],"postBodyPadding":[],"postBodyBackground":{"backgroundType":"classic","gradient":""}},"product_brand":[],"product_cat":[15,16,84],"product_tag":[],"class_list":{"0":"post-5588","1":"product","2":"type-product","3":"status-publish","4":"has-post-thumbnail","6":"product_cat-glass-containers","7":"product_cat-glass-bottles","8":"product_cat-wine-bottles","10":"first","11":"instock","12":"shipping-taxable","13":"product-type-simple"},"jetpack_sharing_enabled":true,"_links":{"self":[{"href":"https:\/\/minghanggroup.com\/de\/wp-json\/wp\/v2\/product\/5588","targetHints":{"allow":["GET"]}}],"collection":[{"href":"https:\/\/minghanggroup.com\/de\/wp-json\/wp\/v2\/product"}],"about":[{"href":"https:\/\/minghanggroup.com\/de\/wp-json\/wp\/v2\/types\/product"}],"wp:featuredmedia":[{"embeddable":true,"href":"https:\/\/minghanggroup.com\/de\/wp-json\/wp\/v2\/media\/5595"}],"wp:attachment":[{"href":"https:\/\/minghanggroup.com\/de\/wp-json\/wp\/v2\/media?parent=5588"}],"wp:term":[{"taxonomy":"product_brand","embeddable":true,"href":"https:\/\/minghanggroup.com\/de\/wp-json\/wp\/v2\/product_brand?post=5588"},{"taxonomy":"product_cat","embeddable":true,"href":"https:\/\/minghanggroup.com\/de\/wp-json\/wp\/v2\/product_cat?post=5588"},{"taxonomy":"product_tag","embeddable":true,"href":"https:\/\/minghanggroup.com\/de\/wp-json\/wp\/v2\/product_tag?post=5588"}],"curies":[{"name":"wp","href":"https:\/\/api.w.org\/{rel}","templated":true}]}}