{"id":5583,"date":"2026-02-05T15:09:41","date_gmt":"2026-02-05T07:09:41","guid":{"rendered":"https:\/\/minghanggroup.com\/?post_type=product&#038;p=5583"},"modified":"2026-02-05T16:59:18","modified_gmt":"2026-02-05T08:59:18","slug":"clear-glass-bottles-for-wine-wine-bottle-suppliers","status":"publish","type":"product","link":"https:\/\/minghanggroup.com\/de\/produkt\/clear-glass-bottles-for-wine-wine-bottle-suppliers\/","title":{"rendered":"750-ml-Klarglasflaschen f\u00fcr Wein | Weinflaschenlieferanten"},"content":{"rendered":"<p>Sie m\u00f6chten, dass die Seele Ihres Weins erstrahlt \u2013 und unsere kristallklaren Weinflaschen machen es m\u00f6glich. Erleben Sie das rubinrote Leuchten Ihres Bordeaux, das tiefe Bernstein Ihres Burgunders und sogar das goldene Schimmern Ihres selbstgemachten Weins. Als Ihr zuverl\u00e4ssiger Lieferant f\u00fcr Weinflaschen fertigen wir vielseitige Glasflaschen, die Tradition und Arbeitsabl\u00e4ufe perfekt vereinen. Ob Rotwein, Sekt oder handwerklich hergestellte Lik\u00f6re \u2013 unsere Flaschen bieten Ihnen die ideale Grundlage.<\/p>\n<h2>Produktmerkmale<\/h2>\n<ul>\n<li><strong>True Color Showcase:<\/strong> Durch die Verwendung von reinem Klarglas kann der Kunde jede Farbe durchsehen und sich so von dem \u00fcberzeugen, was er sieht, noch bevor er den ersten Schluck nimmt.<\/li>\n<li><strong>Klassische Bordeaux-Silhouette:<\/strong> Verleiht einer Weinflasche zeitlose Eleganz mit sanft geschwungenen Schultern und schlankem Hals. Passt problemlos in g\u00e4ngige Weinregale. Liegt luxuri\u00f6s in der Hand.<\/li>\n<li><strong>Abschlussfreiheit, nach Ihren Vorstellungen:<\/strong> Entscheiden Sie sich f\u00fcr Naturkorken, wenn Sie das traditionelle Ploppger\u00e4usch lieben, f\u00fcr Korken mit Drehverschluss aus Aluminium und Silikondichtung f\u00fcr eine luftdichte und auslaufsichere Flasche, f\u00fcr synthetische Verschl\u00fcsse oder f\u00fcr elegante lange Kappen.<\/li>\n<\/ul>\n<h2>Wichtigste Spezifikationen<\/h2>\n<table style=\"border-collapse: collapse; width: 80%; margin-left: auto; margin-right: auto;\" border=\"0\" width=\"144\" cellspacing=\"0\" cellpadding=\"0\">\n<tbody>\n<tr style=\"height: 13.50pt;\">\n<td style=\"height: 13.5pt; width: 54pt; text-align: center;\" width=\"72\" height=\"18\">Besonderheit<\/td>\n<td style=\"width: 54pt; text-align: center;\" width=\"72\">Detail<\/td>\n<\/tr>\n<tr style=\"height: 13.50pt;\">\n<td style=\"height: 13.5pt; text-align: center;\" height=\"18\">Kapazit\u00e4t<\/td>\n<td style=\"text-align: center;\">750 ml<\/td>\n<\/tr>\n<tr style=\"height: 13.50pt;\">\n<td style=\"height: 13.5pt; text-align: center;\" height=\"18\">Abmessungen (cm)<\/td>\n<td style=\"text-align: center;\">8,0 \u00d7 29,6<\/td>\n<\/tr>\n<tr style=\"height: 13.50pt;\">\n<td style=\"height: 13.5pt; text-align: center;\" height=\"18\">Halsabschluss (cm)<\/td>\n<td style=\"text-align: center;\" align=\"right\">1.8<\/td>\n<\/tr>\n<tr style=\"height: 13.50pt;\">\n<td style=\"height: 13.5pt; text-align: center;\" height=\"18\">Farbe<\/td>\n<td style=\"text-align: center;\">Klares Flintglas<\/td>\n<\/tr>\n<tr style=\"height: 13.50pt;\">\n<td style=\"height: 13.5pt; text-align: center;\" height=\"18\">Schlie\u00dfungsoptionen<\/td>\n<td style=\"text-align: center;\">Naturkorken, synthetischer Verschluss, handgedrehter Aluminium-Silikon-Dichtungsring, langer Verschluss<\/td>\n<\/tr>\n<\/tbody>\n<\/table>\n<h2>Erfolgsbeispiel<\/h2>\n<p>Ein europ\u00e4isches Boutique-Weingut w\u00e4hlte unsere 750-ml-Rotweinflasche als Hauptverpackung f\u00fcr seine Sonderedition eines trockenen Rotweins. Die Flasche zeichnet sich durch zahlreiche Merkmale aus: Das hochtransparente Wei\u00dfglas betont die Farbe des Weins, der tiefe, gew\u00f6lbte Boden sorgt f\u00fcr bessere Handhabung und mehr Stabilit\u00e4t beim Pr\u00e4sentieren, und die speziell geformte Schulter verleiht der Flasche eine besonders elegante Silhouette. F\u00fcr die Oberfl\u00e4chenveredelung entschied sich der Kunde f\u00fcr eine Kombination aus partiellem Sandstrahlen und Siebdruck mit den aufgedruckten Weingut-Emblemen sowie einer individuell gestalteten Versiegelung in den Farben des Hauptetiketts.<\/p>\n<p>Im ersten Quartal nach Markteinf\u00fchrung stieg der Absatz dieser Rotweinserie in den wichtigsten Vertriebskan\u00e4len im Vergleich zum Vorjahr um rund 38 %. Aufgrund des positiven Marktfeedbacks und der zuverl\u00e4ssigen Lieferleistung des Kunden erfolgten im selben Jahr zwei Nachbestellungen, wodurch die Gesamtnachbestellmenge um etwa 60 % \u00fcber der urspr\u00fcnglichen Bestellung lag.<\/p>\n<h2>Ihre Anpassungspfade<\/h2>\n<ol>\n<li><strong>Anti-Rutsch-Muster:<\/strong> Um einen besseren Halt zu gew\u00e4hrleisten und ein Abrutschen der Flasche zu verhindern, k\u00f6nnen die Teile des Flaschenk\u00f6rpers mit feinen Texturen oder Mikropr\u00e4gungen versehen werden. Diese Eigenschaft eignet sich besonders f\u00fcr Situationen, in denen Speisen und Verkostungen serviert werden.<\/li>\n<li><strong>Personalisierte Flasche, Bodencodierung:<\/strong> Es erm\u00f6glicht das Anbringen von Formnummern, Chargennummern oder internen R\u00fcckverfolgbarkeitscodes auf den Flaschenb\u00f6den, was den Weing\u00fctern bei der Lieferkette und dem Qualit\u00e4tsmanagement hilft.<\/li>\n<li><strong>Verbesserte Oberfl\u00e4chenveredelung:<\/strong> Markenlogos oder Serienbezeichnungen k\u00f6nnen durch individuell anpassbare Optionen wie Siebdruck, Aufkleberapplikation, Mattierung, Spr\u00fchlackierung oder selektive Glanzveredelung hervorgehoben werden.<\/li>\n<\/ol>","protected":false},"excerpt":{"rendered":"<p>Hochwertige Glasflaschen f\u00fcr Wein von vertrauensw\u00fcrdigen Weinflaschenherstellern. Direkt vom Hersteller \u2013 wir garantieren schnelle Lieferung und eignen sich ideal f\u00fcr Weing\u00fcter und Marken.<\/p>","protected":false},"featured_media":5592,"template":"","meta":{"postBodyCss":"","postBodyMargin":[],"postBodyPadding":[],"postBodyBackground":{"backgroundType":"classic","gradient":""}},"product_brand":[],"product_cat":[15,16,84],"product_tag":[],"class_list":{"0":"post-5583","1":"product","2":"type-product","3":"status-publish","4":"has-post-thumbnail","6":"product_cat-glass-containers","7":"product_cat-glass-bottles","8":"product_cat-wine-bottles","10":"first","11":"instock","12":"shipping-taxable","13":"product-type-simple"},"jetpack_sharing_enabled":true,"_links":{"self":[{"href":"https:\/\/minghanggroup.com\/de\/wp-json\/wp\/v2\/product\/5583","targetHints":{"allow":["GET"]}}],"collection":[{"href":"https:\/\/minghanggroup.com\/de\/wp-json\/wp\/v2\/product"}],"about":[{"href":"https:\/\/minghanggroup.com\/de\/wp-json\/wp\/v2\/types\/product"}],"wp:featuredmedia":[{"embeddable":true,"href":"https:\/\/minghanggroup.com\/de\/wp-json\/wp\/v2\/media\/5592"}],"wp:attachment":[{"href":"https:\/\/minghanggroup.com\/de\/wp-json\/wp\/v2\/media?parent=5583"}],"wp:term":[{"taxonomy":"product_brand","embeddable":true,"href":"https:\/\/minghanggroup.com\/de\/wp-json\/wp\/v2\/product_brand?post=5583"},{"taxonomy":"product_cat","embeddable":true,"href":"https:\/\/minghanggroup.com\/de\/wp-json\/wp\/v2\/product_cat?post=5583"},{"taxonomy":"product_tag","embeddable":true,"href":"https:\/\/minghanggroup.com\/de\/wp-json\/wp\/v2\/product_tag?post=5583"}],"curies":[{"name":"wp","href":"https:\/\/api.w.org\/{rel}","templated":true}]}}