{"id":5582,"date":"2026-02-20T14:10:54","date_gmt":"2026-02-20T06:10:54","guid":{"rendered":"https:\/\/minghanggroup.com\/?post_type=product&#038;p=5582"},"modified":"2026-02-05T15:24:31","modified_gmt":"2026-02-05T07:24:31","slug":"500ml-wine-bottles-in-olive-green-bulk","status":"publish","type":"product","link":"https:\/\/minghanggroup.com\/de\/produkt\/500ml-wine-bottles-in-olive-green-bulk\/","title":{"rendered":"500-ml-Weinflaschen in Olivgr\u00fcn (lose)"},"content":{"rendered":"<p>Unsere 500-ml-Weinflaschen werden aus hochwertigem, UV-best\u00e4ndigem, olivgr\u00fcnem Glas gefertigt. Der gro\u00dfe Korpus verj\u00fcngt sich sanft zum schmalen Gewindehals, und die tiefgr\u00fcne Farbe sch\u00fctzt die feinen Aromen des Weins optimal.<\/p>\n<h2>Produktmerkmale<\/h2>\n<ul>\n<li><strong>Lichtschutz:<\/strong> Das olivgr\u00fcne Glas sch\u00fctzt hervorragend vor den sch\u00e4dlichen UV-Strahlen, und Ihr Wein reift makellos.<\/li>\n<li><strong>Gewindedesign:<\/strong> Der Gewindehals ist f\u00fcr alle Arten von Verschl\u00fcssen geeignet, von Korken bis hin zu Schraubverschl\u00fcssen.<\/li>\n<li><strong>Klassische, breite Karosserie:<\/strong> Es handelt sich um einen runden und breiten Korpus, der mit dem optischen Erscheinungsbild klassischer Weinflaschen harmoniert und ein gro\u00dfes Volumen erm\u00f6glicht sowie eine einfache Sedimentation gew\u00e4hrleistet.<\/li>\n<\/ul>\n<h2 style=\"text-align: left;\">Wichtigste Spezifikationen<\/h2>\n<table class=\"aligncenter\" style=\"border-collapse: collapse; width: 387.02pt;\" border=\"0\" width=\"516\" cellspacing=\"0\" cellpadding=\"0\">\n<tbody>\n<tr style=\"height: 13.50pt;\">\n<td style=\"height: 13.50pt; width: 115.50pt;\" width=\"154\" height=\"18\">Specification<\/td>\n<td style=\"width: 271.50pt;\" width=\"362\">Details<\/td>\n<\/tr>\n<tr style=\"height: 13.50pt;\">\n<td style=\"height: 13.50pt;\" height=\"18\">Kapazit\u00e4t<\/td>\n<td>500 ml<\/td>\n<\/tr>\n<tr style=\"height: 13.50pt;\">\n<td style=\"height: 13.50pt;\" height=\"18\">Abmessungen<\/td>\n<td>72 \u00d7 228 mm<\/td>\n<\/tr>\n<tr style=\"height: 13.50pt;\">\n<td style=\"height: 13.50pt;\" height=\"18\">Material<\/td>\n<td>Hochwertiges olivgr\u00fcnes Glas<\/td>\n<\/tr>\n<tr style=\"height: 13.50pt;\">\n<td style=\"height: 13.50pt;\" height=\"18\">Anpassungsumfang<\/td>\n<td>Farbe, Gr\u00f6\u00dfe, Ausf\u00fchrung, Form<\/td>\n<\/tr>\n<tr style=\"height: 13.50pt;\">\n<td style=\"height: 13.50pt;\" height=\"18\">Merkmale der Handwerkskunst<\/td>\n<td>Pr\u00e4zisionsglasformung<\/td>\n<\/tr>\n<tr style=\"height: 13.50pt;\">\n<td style=\"height: 13.50pt;\" height=\"18\">Produktzweck<\/td>\n<td>Weinflaschen in gro\u00dfen Mengen, Spezialweinflaschen<\/td>\n<\/tr>\n<tr style=\"height: 13.50pt;\">\n<td style=\"height: 13.50pt;\" height=\"18\">Geeignete Branchen<\/td>\n<td>Weing\u00fcter, Weinberge, Spezialit\u00e4tenproduzenten<\/td>\n<\/tr>\n<\/tbody>\n<\/table>\n<h2>Erfolgsgeschichte: Der Erfolg eines Weinguts im pazifischen Nordwesten<\/h2>\n<p>Unsere 500-ml-Weinflaschen wurden von einem kleinen Weingut im pazifischen Nordwesten ausgew\u00e4hlt, das die Flaschenschultern individuell pr\u00e4gte. Die Ergebnisse waren beeindruckend: Das UV-best\u00e4ndige Glas erwies sich als unverzichtbar, da es die feinen Aromen des Weins bis zu 18 Monate lang bewahrte, und die Kundenzufriedenheit stieg um 30 Prozent. Aufgrund dieses Erfolgs bestellte das Weingut eine weitere Million Flaschen.<\/p>\n<h2>Anpassungsm\u00f6glichkeiten f\u00fcr Weinflaschen in gro\u00dfen Mengen<\/h2>\n<ul>\n<li>Farbe: F\u00fcr zus\u00e4tzlichen Lichtschutz wird dunkelgr\u00fcnes oder bernsteinfarbenes Glas angeboten.<\/li>\n<li>Gestaltung des Flaschenhalses: Es kann ein ma\u00dfgeschneidertes Gewinde angefertigt werden, das einen Korken oder einen Schraubverschluss aufnimmt.<\/li>\n<li>Gepr\u00e4gtes Weinbergmuster: Ein erhabenes Design mit Weinreben, Bl\u00e4ttern oder Wappen ist auf der Schulter der Flasche gepr\u00e4gt.<\/li>\n<\/ul>","protected":false},"excerpt":{"rendered":"<p>Weinflaschen in Gro\u00dfpackungen werden in 500-ml-Flaschen in Dunkelolivgr\u00fcn zum Schutz vor UV-Strahlung geliefert. OEM-Anpassungen f\u00fcr Flaschenoberfl\u00e4che, Logo und Verpackung sind m\u00f6glich.<\/p>","protected":false},"featured_media":5585,"template":"","meta":{"postBodyCss":"","postBodyMargin":[],"postBodyPadding":[],"postBodyBackground":{"backgroundType":"classic","gradient":""}},"product_brand":[],"product_cat":[15,16,84],"product_tag":[],"class_list":{"0":"post-5582","1":"product","2":"type-product","3":"status-publish","4":"has-post-thumbnail","6":"product_cat-glass-containers","7":"product_cat-glass-bottles","8":"product_cat-wine-bottles","10":"first","11":"instock","12":"shipping-taxable","13":"product-type-simple"},"jetpack_sharing_enabled":true,"_links":{"self":[{"href":"https:\/\/minghanggroup.com\/de\/wp-json\/wp\/v2\/product\/5582","targetHints":{"allow":["GET"]}}],"collection":[{"href":"https:\/\/minghanggroup.com\/de\/wp-json\/wp\/v2\/product"}],"about":[{"href":"https:\/\/minghanggroup.com\/de\/wp-json\/wp\/v2\/types\/product"}],"wp:featuredmedia":[{"embeddable":true,"href":"https:\/\/minghanggroup.com\/de\/wp-json\/wp\/v2\/media\/5585"}],"wp:attachment":[{"href":"https:\/\/minghanggroup.com\/de\/wp-json\/wp\/v2\/media?parent=5582"}],"wp:term":[{"taxonomy":"product_brand","embeddable":true,"href":"https:\/\/minghanggroup.com\/de\/wp-json\/wp\/v2\/product_brand?post=5582"},{"taxonomy":"product_cat","embeddable":true,"href":"https:\/\/minghanggroup.com\/de\/wp-json\/wp\/v2\/product_cat?post=5582"},{"taxonomy":"product_tag","embeddable":true,"href":"https:\/\/minghanggroup.com\/de\/wp-json\/wp\/v2\/product_tag?post=5582"}],"curies":[{"name":"wp","href":"https:\/\/api.w.org\/{rel}","templated":true}]}}