{"id":5577,"date":"2026-02-05T13:53:42","date_gmt":"2026-02-05T05:53:42","guid":{"rendered":"https:\/\/minghanggroup.com\/?post_type=product&#038;p=5577"},"modified":"2026-04-14T09:30:40","modified_gmt":"2026-04-14T01:30:40","slug":"clear-glass-customize-wine-bottles-bulk","status":"publish","type":"product","link":"https:\/\/minghanggroup.com\/de\/produkt\/clear-glass-customize-wine-bottles-bulk\/","title":{"rendered":"750 ml Klarglas-Weinflaschen, individuell gestaltbar, Gro\u00dfpackung"},"content":{"rendered":"<p>Unsere 750-ml-Klarglasflasche bringt die wahre Seele Ihres Weins perfekt zur Geltung \u2013 pure visuelle Erz\u00e4hlkunst. Als Ihr direkter Partner f\u00fcr Glasflaschen machen wir die Bestellung von Weinflaschen in gro\u00dfen Mengen kinderleicht und passen die Flaschendetails individuell an die Essenz Ihrer Marke an. Das ist mehr als nur Verpackung. Es ist Ihr fl\u00fcssiges Kunstwerk, perfekt in Szene gesetzt.<\/p>\n<h2>Produktmerkmale<\/h2>\n<ul>\n<li><strong>Kristallklare Anzeige:<\/strong> Mit Wasser und klarem Glas kommt jede Farbe perfekt zur Geltung. Kunden k\u00f6nnen sich daher leicht auf die optischen Qualit\u00e4ten Ihrer abgef\u00fcllten Rotweine oder Schaumweine verlassen.<\/li>\n<li><strong>Pr\u00e4zisionsdichtung mit Gewinde:<\/strong> Der 18-mm-Gewindehals mit Originalit\u00e4tsverschluss und die gut sichtbaren Kappen gew\u00e4hrleisten die Frische des Produkts. Es handelt sich um eine ideale L\u00f6sung f\u00fcr vollautomatisierte Produktionslinien oder die Herstellung kleiner Weinmengen.<\/li>\n<li><strong>Verst\u00e4rkter Punt, Boden:<\/strong> Der leicht konkave Boden der Flasche sorgt f\u00fcr einen sicheren Stand, selbst im Regal, im Weinkarton oder wenn sie einfach als leere Weinvase wiederverwendet wird. Eine Verbindung von Tradition und Glauben.<\/li>\n<\/ul>\n<h2>Wichtigste Spezifikationen<\/h2>\n<table style=\"border-collapse: collapse; width: 80%; margin-left: auto; margin-right: auto;\" border=\"0\" width=\"144\" cellspacing=\"0\" cellpadding=\"0\">\n<tbody>\n<tr style=\"height: 13.50pt;\">\n<td style=\"height: 13.5pt; width: 54pt; text-align: center;\" width=\"72\" height=\"18\">Besonderheit<\/td>\n<td style=\"width: 54pt; text-align: center;\" width=\"72\">Detail<\/td>\n<\/tr>\n<tr style=\"height: 13.50pt;\">\n<td style=\"height: 13.5pt; text-align: center;\" height=\"18\">Kapazit\u00e4t<\/td>\n<td style=\"text-align: center;\">750 ml<\/td>\n<\/tr>\n<tr style=\"height: 13.50pt;\">\n<td style=\"height: 13.5pt; text-align: center;\" height=\"18\">Abmessungen (cm)<\/td>\n<td style=\"text-align: center;\">8,1 \u00d7 29,5<\/td>\n<\/tr>\n<tr style=\"height: 13.50pt;\">\n<td style=\"height: 13.5pt; text-align: center;\" height=\"18\">Halsabschluss (cm)<\/td>\n<td style=\"text-align: center;\" align=\"right\">1.8<\/td>\n<\/tr>\n<tr style=\"height: 13.50pt;\">\n<td style=\"height: 13.5pt; text-align: center;\" height=\"18\">Farbe<\/td>\n<td style=\"text-align: center;\">Klares Flintglas<\/td>\n<\/tr>\n<tr style=\"height: 13.50pt;\">\n<td style=\"height: 13.5pt; text-align: center;\" height=\"18\">Schlie\u00dfung<\/td>\n<td style=\"text-align: center;\">Aluminium-Schraubverschluss (auch in Korkausf\u00fchrung erh\u00e4ltlich)<\/td>\n<\/tr>\n<\/tbody>\n<\/table>\n<h2>Erfolgsbeispiel<\/h2>\n<p>Ein europ\u00e4isches Boutique-Weingut w\u00e4hlte unsere Rotweinflasche als zentrale Verpackungsl\u00f6sung. Sie entschieden sich f\u00fcr eine umfassende Individualisierung: Der Flaschenk\u00f6rper besteht aus hochtransparentem Wei\u00dfglas, um die Farbe des Weins optimal zur Geltung zu bringen. Der Boden ist mit einer tieferen, gew\u00f6lbten Vertiefung versehen, die f\u00fcr besseren Halt und Stabilit\u00e4t sorgt. Die Flaschenschulter wurde in einem bestimmten Verh\u00e4ltnis gestaltet, um der Flasche eine schlankere Form zu verleihen. Bei der Oberfl\u00e4chenbehandlung w\u00e4hlte der Kunde eine partielle Sandstrahlung in Kombination mit dem Siebdruck des Weingut-Emblems. Die Versiegelung wurde farblich auf das Weinetikett abgestimmt.<\/p>\n<p>Der Absatz dieser Rotweinserie stieg im ersten Quartal nach der Produkteinf\u00fchrung in den wichtigsten Vertriebskan\u00e4len im Vergleich zum Vorjahr um rund 38 %. Aufgrund der positiven Marktresonanz und der guten Lieferleistung t\u00e4tigte der Kunde im selben Jahr zwei weitere K\u00e4ufe.<\/p>\n<h2>Ihre Anpassungsoptionen<\/h2>\n<ol>\n<li><strong>Verbesserungen der Oberfl\u00e4chenveredelung:<\/strong> Unsere Oberfl\u00e4chenveredelungs-Upgrades k\u00f6nnen mit Sandstrahlen, Siebdruck, Hei\u00dfpr\u00e4gen oder Pr\u00e4geetikettiertechniken kombiniert werden, um den Namen des Weinguts und die Jahrgangsinformationen direkt auf die Flasche zu bringen.<\/li>\n<li><strong>Anpassbare Flaschenbodenstruktur:<\/strong> Das vertiefte bzw. verbreiterte konkave Sockeldesign verbessert nicht nur die luxuri\u00f6se Haptik und die Stabilit\u00e4t des Displays, sondern erleichtert auch das Halten.<\/li>\n<li><strong>Passendes Verschlusssystem:<\/strong> Die Spezifikationen f\u00fcr Schraubverschl\u00fcsse oder Korken sind individuell an die Marktpositionierung anpassbar und k\u00f6nnen mit exklusiven Farben oder individuell gestalteten Verschl\u00fcssen kombiniert werden.<\/li>\n<\/ol>","protected":false},"excerpt":{"rendered":"<p>Hochwertige, individuell gestaltete Weinflaschen f\u00fcr Marken und Weing\u00fcter. Gro\u00dfe Mengen Weinflaschen direkt ab Werk \u2013 ideal f\u00fcr Abf\u00fcllprojekte.<\/p>","protected":false},"featured_media":5581,"template":"","meta":{"postBodyCss":"","postBodyMargin":[],"postBodyPadding":[],"postBodyBackground":{"backgroundType":"classic","gradient":""}},"product_brand":[],"product_cat":[15,16,84],"product_tag":[109],"class_list":{"0":"post-5577","1":"product","2":"type-product","3":"status-publish","4":"has-post-thumbnail","6":"product_cat-glass-containers","7":"product_cat-glass-bottles","8":"product_cat-wine-bottles","9":"product_tag-glass-champagne-bottles","11":"first","12":"instock","13":"shipping-taxable","14":"product-type-simple"},"jetpack_sharing_enabled":true,"_links":{"self":[{"href":"https:\/\/minghanggroup.com\/de\/wp-json\/wp\/v2\/product\/5577","targetHints":{"allow":["GET"]}}],"collection":[{"href":"https:\/\/minghanggroup.com\/de\/wp-json\/wp\/v2\/product"}],"about":[{"href":"https:\/\/minghanggroup.com\/de\/wp-json\/wp\/v2\/types\/product"}],"wp:featuredmedia":[{"embeddable":true,"href":"https:\/\/minghanggroup.com\/de\/wp-json\/wp\/v2\/media\/5581"}],"wp:attachment":[{"href":"https:\/\/minghanggroup.com\/de\/wp-json\/wp\/v2\/media?parent=5577"}],"wp:term":[{"taxonomy":"product_brand","embeddable":true,"href":"https:\/\/minghanggroup.com\/de\/wp-json\/wp\/v2\/product_brand?post=5577"},{"taxonomy":"product_cat","embeddable":true,"href":"https:\/\/minghanggroup.com\/de\/wp-json\/wp\/v2\/product_cat?post=5577"},{"taxonomy":"product_tag","embeddable":true,"href":"https:\/\/minghanggroup.com\/de\/wp-json\/wp\/v2\/product_tag?post=5577"}],"curies":[{"name":"wp","href":"https:\/\/api.w.org\/{rel}","templated":true}]}}