{"id":5553,"date":"2026-02-13T15:34:38","date_gmt":"2026-02-13T07:34:38","guid":{"rendered":"https:\/\/minghanggroup.com\/?post_type=product&#038;p=5553"},"modified":"2026-02-04T15:35:12","modified_gmt":"2026-02-04T07:35:12","slug":"custom-small-wine-bottles-bulk","status":"publish","type":"product","link":"https:\/\/minghanggroup.com\/de\/produkt\/custom-small-wine-bottles-bulk\/","title":{"rendered":"375 ml kleine Weinflaschen nach Kundenwunsch (Gro\u00dfpackung)"},"content":{"rendered":"<p>Sie ben\u00f6tigen flexible Beh\u00e4lter f\u00fcr Weinproben, kleine Geschenke oder Probiersets? Unsere 375-ml-Weinflaschen sind daf\u00fcr ideal. Hergestellt aus tief bernsteinfarbenem Glas und in der klassischen Bordeaux-Form, sch\u00fctzen diese kleinen Weinflaschen Ihren Rotwein nicht nur optimal, sondern sind auch optisch ansprechend. Wir von Glass Bottles Partner sind Ihr zuverl\u00e4ssiger Partner f\u00fcr Glasflaschen. Wir vereinfachen die Bestellung kleiner Weinflaschen in gro\u00dfen Mengen, machen sie nachhaltig und perfekt auf Ihre Marke abgestimmt. Ob Sie einen Bordeaux, Burgunder oder Ihren eigenen Wein abf\u00fcllen m\u00f6chten \u2013 hier vereinen sich Funktionalit\u00e4t und Stil.<\/p>\n<h2>Produktmerkmale<\/h2>\n<ul>\n<li><strong>Kompaktes und tragbares Design:<\/strong> Das kleine Flaschendesign mit geringem Fassungsverm\u00f6gen ist sehr praktisch f\u00fcr die Verwendung als Einzelportion, auf Reisen oder zur Verteilung bei Veranstaltungen; es ist ein guter Kompromiss zwischen Funktionalit\u00e4t und Attraktivit\u00e4t.<\/li>\n<li><strong>Vielseitige Anwendung:<\/strong> Das Produkt eignet sich zum Verpacken von Wein, Lik\u00f6ren, Eiswein, Weinproben und Geschenkweinen und erf\u00fcllt damit die Bed\u00fcrfnisse des Einzelhandels, der Werbeartikelbranche und des Bereichs personalisierter Geschenke.<\/li>\n<li><strong>Erm\u00f6glicht verschiedene Dekorationstechniken:<\/strong> Die Flasche kann mit einer Vielzahl von Techniken verziert werden, wie z. B. Siebdruck, Hei\u00dfpr\u00e4gung, Spr\u00fchen, Etikettierung und Pr\u00e4gung, was ein hervorragendes Mittel zur differenzierten Markenpr\u00e4sentation darstellt.<\/li>\n<\/ul>\n<h2>Wichtigste Spezifikationen<\/h2>\n<table style=\"border-collapse: collapse; width: 80%; margin-left: auto; margin-right: auto;\" border=\"0\" width=\"144\" cellspacing=\"0\" cellpadding=\"0\">\n<tbody>\n<tr style=\"height: 13.50pt;\">\n<td style=\"height: 13.5pt; width: 54pt; text-align: center;\" width=\"72\" height=\"18\">Besonderheit<\/td>\n<td style=\"width: 54pt; text-align: center;\" width=\"72\">Detail<\/td>\n<\/tr>\n<tr style=\"height: 13.50pt;\">\n<td style=\"height: 13.5pt; text-align: center;\" height=\"18\">Kapazit\u00e4t<\/td>\n<td style=\"text-align: center;\">375 ml<\/td>\n<\/tr>\n<tr style=\"height: 13.50pt;\">\n<td style=\"height: 13.5pt; text-align: center;\" height=\"18\">Abmessungen (cm)<\/td>\n<td style=\"text-align: center;\">7,3 \u00d7 24,5<\/td>\n<\/tr>\n<tr style=\"height: 13.50pt;\">\n<td style=\"height: 13.5pt; text-align: center;\" height=\"18\">Halsabschluss (cm)<\/td>\n<td style=\"text-align: center;\" align=\"right\">1.8<\/td>\n<\/tr>\n<tr style=\"height: 13.50pt;\">\n<td style=\"height: 13.5pt; text-align: center;\" height=\"18\">Farbe<\/td>\n<td style=\"text-align: center;\">Tiefbernstein<\/td>\n<\/tr>\n<tr style=\"height: 13.50pt;\">\n<td style=\"height: 13.5pt; text-align: center;\" height=\"18\">Schlie\u00dfungsoptionen<\/td>\n<td style=\"text-align: center;\">Naturkorken, synthetischer Verschluss, handgedrehter Aluminium-Silikon-Dichtungsring, langer Verschluss<\/td>\n<\/tr>\n<tr style=\"height: 13.50pt;\">\n<td style=\"height: 13.5pt; text-align: center;\" height=\"18\">Am besten geeignet f\u00fcr<\/td>\n<td style=\"text-align: center;\">Rotweine, Bordeaux, Burgunder, Hausgemachter Wein, Spirituosenflaschen, Verkostungssets<\/td>\n<\/tr>\n<\/tbody>\n<\/table>\n<h2>Erfolgsbeispiel<\/h2>\n<p>Ein kleines, spezialisiertes Weingut in der Toskana, Italien, das uns wegen der Beschaffung von 375-ml-Weinflaschen kontaktierte, hat sich f\u00fcr eine Zusammenarbeit mit uns entschieden. Entsprechend ihrer Markenidentit\u00e4t versah der Kunde die Flaschen mit einem gepr\u00e4gten Weingutslogo und integrierte laserge\u00e4tzte Codes auf dem Flaschenboden zur Chargenr\u00fcckverfolgbarkeit.<\/p>\n<p>Dar\u00fcber hinaus statteten wir die Flaschen mit passenden Aluminium-Schraubverschl\u00fcssen mit Kerbe aus, die den Kundenspezifikationen entsprachen. Dem Kunden wurden au\u00dferdem verschiedene Oberfl\u00e4chenbehandlungen zur Auswahl gestellt. Letztendlich wurde eine matte Oberfl\u00e4che mit teilweise sichtbarem Fenster gew\u00e4hlt, um dem Produkt eine bessere Pr\u00e4senz im Regal zu verleihen.<\/p>\n<p>Nach der Produkteinf\u00fchrung verzeichnete die Produktlinie des Kunden mit geringer Kapazit\u00e4t im ersten Quartal einen Umsatzanstieg von 42 % im Vergleich zum Vorjahr. Aufgrund der positiven Marktresonanz erteilte der Kunde weniger als sechs Monate nach der Erstbestellung eine Folgebestellung und erh\u00f6hte damit die Gesamtbestellmenge um 65 %.<\/p>\n<h2>Ihre Anpassungspfade<\/h2>\n<ol>\n<li><strong>Flaschendesign mit Pr\u00e4gung\/Vertiefung:<\/strong> Die Flasche kann mit dem Logo des Weinguts, dem Jahrgang oder exklusiven Mustern gepr\u00e4gt oder vertieft werden, um die Markenbekanntheit zu steigern und ihr ein luxuri\u00f6ses Aussehen zu verleihen. Ein solches Produkt eignet sich perfekt f\u00fcr Geschenksets oder limitierte Editionen.<\/li>\n<li><strong>Verschiedene Flaschenhals- und Verschlussoptionen:<\/strong> Die Flasche kann je nach Produktpositionierung entweder mit einem Korken oder einem Schraubverschluss verschlossen werden. Zu den weiteren individualisierbaren Merkmalen geh\u00f6ren die Farbe des Aluminiumverschlusses, die Hei\u00dfluft-Beschichtung, gepr\u00e4gte Logos und Ma\u00dfnahmen gegen Produktf\u00e4lschungen.<\/li>\n<li><strong>Individuelle Etiketten und Siebdruck:<\/strong> Das Produkt kann mit alkoholbest\u00e4ndigen, wasserfesten Etiketten, Hei\u00dfpr\u00e4geetiketten oder direkt im Siebdruckverfahren bedruckt werden. Dank der M\u00f6glichkeiten mehrschichtiger Druckeffekte k\u00f6nnen Marken nicht nur ihr Image verbessern, sondern auch zuk\u00fcnftige Etikettierungskosten sparen.<\/li>\n<\/ol>","protected":false},"excerpt":{"rendered":"<p>Weinflaschen in kleinen Mengen direkt vom Hersteller. Wir bieten 375-ml-Weinflaschen in gro\u00dfen Mengen, individuelle Anpassungsm\u00f6glichkeiten, schnellen Versand und kostenlose Muster f\u00fcr K\u00e4ufer an.<\/p>","protected":false},"featured_media":5557,"template":"","meta":{"postBodyCss":"","postBodyMargin":[],"postBodyPadding":[],"postBodyBackground":{"backgroundType":"classic","gradient":""}},"product_brand":[],"product_cat":[15,16,84],"product_tag":[],"class_list":{"0":"post-5553","1":"product","2":"type-product","3":"status-publish","4":"has-post-thumbnail","6":"product_cat-glass-containers","7":"product_cat-glass-bottles","8":"product_cat-wine-bottles","10":"first","11":"instock","12":"shipping-taxable","13":"product-type-simple"},"jetpack_sharing_enabled":true,"_links":{"self":[{"href":"https:\/\/minghanggroup.com\/de\/wp-json\/wp\/v2\/product\/5553","targetHints":{"allow":["GET"]}}],"collection":[{"href":"https:\/\/minghanggroup.com\/de\/wp-json\/wp\/v2\/product"}],"about":[{"href":"https:\/\/minghanggroup.com\/de\/wp-json\/wp\/v2\/types\/product"}],"wp:featuredmedia":[{"embeddable":true,"href":"https:\/\/minghanggroup.com\/de\/wp-json\/wp\/v2\/media\/5557"}],"wp:attachment":[{"href":"https:\/\/minghanggroup.com\/de\/wp-json\/wp\/v2\/media?parent=5553"}],"wp:term":[{"taxonomy":"product_brand","embeddable":true,"href":"https:\/\/minghanggroup.com\/de\/wp-json\/wp\/v2\/product_brand?post=5553"},{"taxonomy":"product_cat","embeddable":true,"href":"https:\/\/minghanggroup.com\/de\/wp-json\/wp\/v2\/product_cat?post=5553"},{"taxonomy":"product_tag","embeddable":true,"href":"https:\/\/minghanggroup.com\/de\/wp-json\/wp\/v2\/product_tag?post=5553"}],"curies":[{"name":"wp","href":"https:\/\/api.w.org\/{rel}","templated":true}]}}