{"id":5542,"date":"2026-02-18T11:50:31","date_gmt":"2026-02-18T03:50:31","guid":{"rendered":"https:\/\/minghanggroup.com\/?post_type=product&#038;p=5542"},"modified":"2026-02-04T14:33:26","modified_gmt":"2026-02-04T06:33:26","slug":"16-oz-clear-glass-bottles-for-juices-with-lids-bulk","status":"publish","type":"product","link":"https:\/\/minghanggroup.com\/de\/produkt\/16-oz-clear-glass-bottles-for-juices-with-lids-bulk\/","title":{"rendered":"16-Unzen-Klarglasflaschen f\u00fcr S\u00e4fte mit Deckel (Gro\u00dfpackung)"},"content":{"rendered":"<p>Diese mit Saft gef\u00fcllten Glasflaschen haben eine schlanke, gerade, zylindrische Form und sind daher leicht zu halten und zu lagern. Die Schraubverschl\u00fcsse sorgen f\u00fcr einen dichten Verschluss.<\/p>\n<h2>Produktmerkmale<\/h2>\n<ul>\n<li><strong>Schlankes, geradliniges, zylindrisches Design:<\/strong> Das zylindrische Design ist vertikal schlank und sorgt f\u00fcr maximale Platzausnutzung. Der Zylinder ist stapelbar und passt in die meisten Getr\u00e4nkehalter und Tragetaschen.<\/li>\n<li><strong>Transparentes, glattes Material:<\/strong> Das Glasmaterial ist perfekt und klar, sodass man das Getr\u00e4nk im Inneren sehen kann.<\/li>\n<li><strong>Sichere Schraubkappe:<\/strong> Der mitgelieferte Schraubverschluss sorgt f\u00fcr einen festen Sitz und verleiht dem Produkt eine edle Optik.<\/li>\n<\/ul>\n<h2 style=\"text-align: left;\">Wichtigste Spezifikationen<\/h2>\n<table class=\"aligncenter\" style=\"border-collapse: collapse; width: 408.77pt;\" border=\"0\" width=\"545\" cellspacing=\"0\" cellpadding=\"0\">\n<tbody>\n<tr style=\"height: 13.50pt;\">\n<td style=\"height: 13.50pt; width: 115.50pt;\" width=\"154\" height=\"18\">Attribut<\/td>\n<td style=\"width: 293.25pt;\" width=\"391\">Details<\/td>\n<\/tr>\n<tr style=\"height: 13.50pt;\">\n<td style=\"height: 13.50pt;\" height=\"18\">Kapazit\u00e4t<\/td>\n<td>500 ml (16 oz)<\/td>\n<\/tr>\n<tr style=\"height: 13.50pt;\">\n<td style=\"height: 13.50pt;\" height=\"18\">Abmessungen<\/td>\n<td>65 mm Durchmesser \u00d7 150 mm H\u00f6he<\/td>\n<\/tr>\n<tr style=\"height: 13.50pt;\">\n<td style=\"height: 13.50pt;\" height=\"18\">Material<\/td>\n<td>Hochborosilikatglas<\/td>\n<\/tr>\n<tr style=\"height: 13.50pt;\">\n<td style=\"height: 13.50pt;\" height=\"18\">Flaschenform<\/td>\n<td>Geradwandig, Dosenform<\/td>\n<\/tr>\n<tr style=\"height: 13.50pt;\">\n<td style=\"height: 13.50pt;\" height=\"18\">Anpassungsbereich<\/td>\n<td>Form, Gr\u00f6\u00dfe, Farbe, Oberfl\u00e4che, Deckeltyp, Zubeh\u00f6r<\/td>\n<\/tr>\n<tr style=\"height: 13.50pt;\">\n<td style=\"height: 13.50pt;\" height=\"18\">Handwerkskunst<\/td>\n<td>Glattes, nahtloses Glas mit verst\u00e4rktem Boden<\/td>\n<\/tr>\n<tr style=\"height: 13.50pt;\">\n<td style=\"height: 13.50pt;\" height=\"18\">Prim\u00e4re Verwendung<\/td>\n<td>Saftflaschen aus Glas, Flaschen f\u00fcr gek\u00fchlte Getr\u00e4nke<\/td>\n<\/tr>\n<tr style=\"height: 13.50pt;\">\n<td style=\"height: 13.50pt;\" height=\"18\">Zielbranchen<\/td>\n<td>Getr\u00e4nkegro\u00dfhandel, Spezialgetr\u00e4nke<\/td>\n<\/tr>\n<\/tbody>\n<\/table>\n<h2>Erfolgsgeschichte: Eine Smoothie-Kette aus Florida<\/h2>\n<p>Die 16-Unzen-Glasflaschen f\u00fcr Getr\u00e4nke wurden von einer gro\u00dfen nationalen Reformhauskette ausgew\u00e4hlt und mit einer mattierten Oberfl\u00e4che sowie aufgedruckten N\u00e4hrwertangaben versehen. Ihr einheitliches, sauberes Erscheinungsbild sorgte f\u00fcr eine hohe Sichtbarkeit im Regal und f\u00fchrte zu einem erstaunlichen Umsatzanstieg von 57 Prozent. Die 500-ml-Gr\u00f6\u00dfe war bei den Kunden besonders beliebt, und die Kundenzufriedenheit stieg um 25 Prozent. Der Erfolg war so gro\u00df, dass eine weitere Lieferung von 3 Millionen Flaschen bestellt wurde, um die Versorgung der Filialen in den n\u00e4chsten zwei Jahren sicherzustellen. Individuell gestaltete Glasflaschen f\u00fcr S\u00e4fte.<\/p>\n<h2>Glasflaschen f\u00fcr S\u00e4fte \u2013 Personalisierung<\/h2>\n<ul>\n<li>Farbabstimmung: Lichtempfindliche Getr\u00e4nke sollten in hellen, bernsteinfarbenen oder gr\u00fcnen Gl\u00e4sern aufbewahrt werden.<\/li>\n<li>Individuelle Kappen-Designs: Erh\u00e4ltlich in verschiedenen Farben (schwarz, gr\u00fcn, transparent) oder mit dem Aufdruck Ihrer Marke.<\/li>\n<li>Siebdruck: Direkter Druck von hochwertigen Grafiken, N\u00e4hrwertangaben oder vollfl\u00e4chigen Grafiken.<\/li>\n<\/ul>","protected":false},"excerpt":{"rendered":"<p>Saftflaschen aus transparentem Glas (473 ml) mit luftdichtem Deckel. Diese Flaschen zeichnen sich durch ein schlankes, vertikales Profil aus. Gratisproben.<\/p>","protected":false},"featured_media":5552,"template":"","meta":{"postBodyCss":"","postBodyMargin":[],"postBodyPadding":[],"postBodyBackground":{"backgroundType":"classic","gradient":""}},"product_brand":[],"product_cat":[15,16,83],"product_tag":[],"class_list":{"0":"post-5542","1":"product","2":"type-product","3":"status-publish","4":"has-post-thumbnail","6":"product_cat-glass-containers","7":"product_cat-glass-bottles","8":"product_cat-glass-beverage-bottles","10":"first","11":"instock","12":"shipping-taxable","13":"product-type-simple"},"jetpack_sharing_enabled":true,"_links":{"self":[{"href":"https:\/\/minghanggroup.com\/de\/wp-json\/wp\/v2\/product\/5542","targetHints":{"allow":["GET"]}}],"collection":[{"href":"https:\/\/minghanggroup.com\/de\/wp-json\/wp\/v2\/product"}],"about":[{"href":"https:\/\/minghanggroup.com\/de\/wp-json\/wp\/v2\/types\/product"}],"wp:featuredmedia":[{"embeddable":true,"href":"https:\/\/minghanggroup.com\/de\/wp-json\/wp\/v2\/media\/5552"}],"wp:attachment":[{"href":"https:\/\/minghanggroup.com\/de\/wp-json\/wp\/v2\/media?parent=5542"}],"wp:term":[{"taxonomy":"product_brand","embeddable":true,"href":"https:\/\/minghanggroup.com\/de\/wp-json\/wp\/v2\/product_brand?post=5542"},{"taxonomy":"product_cat","embeddable":true,"href":"https:\/\/minghanggroup.com\/de\/wp-json\/wp\/v2\/product_cat?post=5542"},{"taxonomy":"product_tag","embeddable":true,"href":"https:\/\/minghanggroup.com\/de\/wp-json\/wp\/v2\/product_tag?post=5542"}],"curies":[{"name":"wp","href":"https:\/\/api.w.org\/{rel}","templated":true}]}}