{"id":5518,"date":"2026-02-04T10:38:17","date_gmt":"2026-02-04T02:38:17","guid":{"rendered":"https:\/\/minghanggroup.com\/?post_type=product&#038;p=5518"},"modified":"2026-02-04T10:38:19","modified_gmt":"2026-02-04T02:38:19","slug":"amber-custom-wine-bottles-for-brand-bulk","status":"publish","type":"product","link":"https:\/\/minghanggroup.com\/de\/produkt\/amber-custom-wine-bottles-for-brand-bulk\/","title":{"rendered":"750-ml-Weinflaschen in verschiedenen Farben und mit individuellem Design f\u00fcr Marken in gro\u00dfen Mengen"},"content":{"rendered":"<p>Sie keltern Wein mit Herzblut \u2013 geben Sie ihm nun ein Gef\u00e4\u00df, das jedem Tropfen gerecht wird. Unsere exklusive Weinflasche vereint zeitlose Eleganz im Bordeaux-Stil mit dem bew\u00e4hrten 750-ml-Format. Tief bernsteinfarbenes Glas sch\u00fctzt Ihre Rotweine, w\u00e4hrend die klassische Flaschenform jedem Regal einen Hauch von Tradition verleiht. Als Ihr Partner f\u00fcr Glasflaschen machen wir gro\u00dfe Weinflaschen zu einem Symbol f\u00fcr Markengeschichte \u2013 perfekt f\u00fcr Bordeaux, Burgunder, selbstgemachten Wein oder Ihr n\u00e4chstes Weinprojekt.<\/p>\n<h2>Produktmerkmale<\/h2>\n<ul>\n<li><strong>Dunkle, farbige Flasche:<\/strong> Es besteht aus dunklem Glas, was einen hohen Lichtschutz gew\u00e4hrleistet und somit die Oxidation des Weins verlangsamt und die Lagerstabilit\u00e4t des Weins verbessert.<\/li>\n<li><strong>Flaschendesign:<\/strong> Sie kam aus der Form als klassische Flasche, schlank mit einer nat\u00fcrlichen Rundung der Schultern, die dem g\u00e4ngigen Verpackungsdesign von Rotwein entspricht und als Grundlage f\u00fcr verschiedene Arten der Markenpositionierung dienen kann.<\/li>\n<li><strong>Flaches, hochwertiges Design:<\/strong> Die Flasche hat einen Standardhals, wodurch sie sich gut f\u00fcr Naturkorken, Kunststoffverschl\u00fcsse und Schraubverschl\u00fcsse eignet, sodass die Wahl der Bef\u00fcllung und Versiegelung v\u00f6llig offen ist.<\/li>\n<\/ul>\n<h2>Wichtigste Spezifikationen<\/h2>\n<table style=\"border-collapse: collapse; width: 80%; margin-left: auto; margin-right: auto;\" border=\"0\" width=\"144\" cellspacing=\"0\" cellpadding=\"0\">\n<tbody>\n<tr style=\"height: 13.50pt;\">\n<td style=\"height: 13.5pt; width: 54pt; text-align: center;\" width=\"72\" height=\"18\">Besonderheit<\/td>\n<td style=\"width: 54pt; text-align: center;\" width=\"72\">Detail<\/td>\n<\/tr>\n<tr style=\"height: 13.50pt;\">\n<td style=\"height: 13.5pt; text-align: center;\" height=\"18\">Fassungsverm\u00f6gen (ml)<\/td>\n<td style=\"text-align: center;\" align=\"right\">750<\/td>\n<\/tr>\n<tr style=\"height: 13.50pt;\">\n<td style=\"height: 13.5pt; text-align: center;\" height=\"18\">Abmessungen (cm)<\/td>\n<td style=\"text-align: center;\">7,7 \u00d7 33<\/td>\n<\/tr>\n<tr style=\"height: 13.50pt;\">\n<td style=\"height: 13.5pt; text-align: center;\" height=\"18\">Halsabschluss (cm)<\/td>\n<td style=\"text-align: center;\" align=\"right\">1.8<\/td>\n<\/tr>\n<tr style=\"height: 13.50pt;\">\n<td style=\"height: 13.5pt; text-align: center;\" height=\"18\">Farbe<\/td>\n<td style=\"text-align: center;\">Tiefbernstein, Gr\u00fcn, Klar<\/td>\n<\/tr>\n<tr style=\"height: 13.50pt;\">\n<td style=\"height: 13.5pt; text-align: center;\" height=\"18\">Schlie\u00dfungsoptionen<\/td>\n<td style=\"text-align: center;\">Naturkorken, handgedrehtes Aluminium, Holzdeckel, langer Verschluss<\/td>\n<\/tr>\n<tr style=\"height: 13.50pt;\">\n<td style=\"height: 13.5pt; text-align: center;\" height=\"18\">Am besten geeignet f\u00fcr<\/td>\n<td style=\"text-align: center;\">Rotweine, Bordeaux, Burgunder, Hausgemachter Wein, Spirituosenflaschen<\/td>\n<\/tr>\n<\/tbody>\n<\/table>\n<h2>Erfolgsbeispiel<\/h2>\n<p>Eine europ\u00e4ische Boutique-Weinmarke hat unsere 750-ml-Weinflasche in Dunkelbraun als langfristige Verpackung f\u00fcr ihre neue Rotweinserie ausgew\u00e4hlt. Um die Markenpositionierung widerzuspiegeln, wurden einige Anpassungen am Standardflaschendesign vorgenommen: Der Flaschenboden wurde verst\u00e4rkt und mit dem Jahrgang der Marke graviert; auf der Flaschenschulter wurde eine Fl\u00e4che f\u00fcr den dezenten Siebdruck des Weingutlogos freigelassen; und die Flasche wurde f\u00fcr einen Naturkorken angepasst.<\/p>\n<p>In den ersten drei Monaten nach Einf\u00fchrung der neuen Verpackung stieg der Absatz dieser Produktserie im lokalen gehobenen Einzelhandel im Vergleich zum Vorjahr um rund 32 %. Da der Kunde positives Feedback vom Markt erhalten hat, wurden innerhalb von sechs Monaten zwei Nachbestellungen aufgegeben.<\/p>\n<h2>Ihre Anpassungspfade<\/h2>\n<ol>\n<li><strong>Anpassung der Oberfl\u00e4chenveredelung:<\/strong> Die Oberfl\u00e4chenveredelung ist individuell anpassbar durch Siebdruck, Hei\u00dfpr\u00e4gung, Mattierung sowie durch lokal gepr\u00e4gte oder vertiefte Logos, um die Markenbekanntheit und die haptische Attraktivit\u00e4t des Produkts zu steigern.<\/li>\n<li><strong>Flaschenhals- und Verschlussoptionen:<\/strong> Die Flasche kann mit Korken, entweder aus Natur- oder Kunstkorn, oder mit einem Schraubverschluss versehen werden, und die Abmessungen des Flaschenhalses k\u00f6nnen an die Anforderungen des Exportmarktes angepasst werden.<\/li>\n<li><strong>Funktionale und detaillierte Erweiterungen:<\/strong> Man kann die Jahreszahlen oder F\u00e4lschungsschutzmarkierungen auf dem Flaschenboden anbringen lassen, oder es kann ein Bereich f\u00fcr die Etikettenposition gelassen werden, um die Chargenkennzeichnung und R\u00fcckverfolgbarkeit zu vereinfachen.<\/li>\n<\/ol>","protected":false},"excerpt":{"rendered":"<p>Individuell gestaltete Weinflaschen aus tief bernsteinfarbenem Glas. Gro\u00dfe 750-ml-Flaschen f\u00fcr Rotweine. Bordeaux-Form mit Weinkorken. Individuelle Gestaltung in gro\u00dfen Mengen und kostenlose Muster.<\/p>","protected":false},"featured_media":5528,"template":"","meta":{"postBodyCss":"","postBodyMargin":[],"postBodyPadding":[],"postBodyBackground":{"backgroundType":"classic","gradient":""}},"product_brand":[],"product_cat":[15,16,84],"product_tag":[],"class_list":{"0":"post-5518","1":"product","2":"type-product","3":"status-publish","4":"has-post-thumbnail","6":"product_cat-glass-containers","7":"product_cat-glass-bottles","8":"product_cat-wine-bottles","10":"first","11":"instock","12":"shipping-taxable","13":"product-type-simple"},"jetpack_sharing_enabled":true,"_links":{"self":[{"href":"https:\/\/minghanggroup.com\/de\/wp-json\/wp\/v2\/product\/5518","targetHints":{"allow":["GET"]}}],"collection":[{"href":"https:\/\/minghanggroup.com\/de\/wp-json\/wp\/v2\/product"}],"about":[{"href":"https:\/\/minghanggroup.com\/de\/wp-json\/wp\/v2\/types\/product"}],"wp:featuredmedia":[{"embeddable":true,"href":"https:\/\/minghanggroup.com\/de\/wp-json\/wp\/v2\/media\/5528"}],"wp:attachment":[{"href":"https:\/\/minghanggroup.com\/de\/wp-json\/wp\/v2\/media?parent=5518"}],"wp:term":[{"taxonomy":"product_brand","embeddable":true,"href":"https:\/\/minghanggroup.com\/de\/wp-json\/wp\/v2\/product_brand?post=5518"},{"taxonomy":"product_cat","embeddable":true,"href":"https:\/\/minghanggroup.com\/de\/wp-json\/wp\/v2\/product_cat?post=5518"},{"taxonomy":"product_tag","embeddable":true,"href":"https:\/\/minghanggroup.com\/de\/wp-json\/wp\/v2\/product_tag?post=5518"}],"curies":[{"name":"wp","href":"https:\/\/api.w.org\/{rel}","templated":true}]}}