{"id":5516,"date":"2026-02-03T16:18:25","date_gmt":"2026-02-03T08:18:25","guid":{"rendered":"https:\/\/minghanggroup.com\/?post_type=product&#038;p=5516"},"modified":"2026-04-14T09:42:22","modified_gmt":"2026-04-14T01:42:22","slug":"16-oz-juice-glass-bottles-with-wooden-lids-bulk","status":"publish","type":"product","link":"https:\/\/minghanggroup.com\/de\/produkt\/16-oz-juice-glass-bottles-with-wooden-lids-bulk\/","title":{"rendered":"16-Unzen-Saftglasflaschen mit Holzdeckeln (Gro\u00dfpackung)"},"content":{"rendered":"<p>Unsere 16-Unzen-Saftglasflaschen, die wie Aluminiumdosen aussehen, bestehen aus kristallklarem, lebensmittelechtem Glas und verf\u00fcgen \u00fcber einen Verschluss aus nat\u00fcrlichem Bambus sowie einen Edelstahl-Strohhalmhalter, der sich leicht anbringen l\u00e4sst, um die Frische zu bewahren und die Flasche auslaufsicher zu verschlie\u00dfen.<\/p>\n<h2>Produktmerkmale<\/h2>\n<ul>\n<li><strong>Geradzylinder-Design in Dosenform:<\/strong> Das Design der aufrecht stehenden Dose ist einzigartig und praktisch, da sie gut in verschiedene Getr\u00e4nkehalter passt und sich leicht stapeln l\u00e4sst.<\/li>\n<li><strong>Transparentes Glas:<\/strong> Durch das transparente Glas k\u00f6nnen Sie genau sehen, was Sie trinken, und dessen Frische und Attraktivit\u00e4t optimal zur Geltung bringen.<\/li>\n<li><strong>Holzverschlusskappe + Metallstrohhalm:<\/strong> Es handelt sich um einen Holzdeckel mit eingebautem Trinkloch und einem integrierten flexiblen Metallstrohhalm, der es erm\u00f6glicht, Getr\u00e4nke bequem \u00fcberallhin mitzunehmen und dabei ein Versch\u00fctten zu vermeiden.<\/li>\n<\/ul>\n<h2 style=\"text-align: left;\">Wichtigste Spezifikationen<\/h2>\n<table class=\"aligncenter\" style=\"border-collapse: collapse; width: 408.77pt;\" border=\"0\" width=\"545\" cellspacing=\"0\" cellpadding=\"0\">\n<tbody>\n<tr style=\"height: 13.50pt;\">\n<td style=\"height: 13.50pt; width: 115.50pt;\" width=\"154\" height=\"18\">Attribut<\/td>\n<td style=\"width: 293.25pt;\" width=\"391\">Details<\/td>\n<\/tr>\n<tr style=\"height: 13.50pt;\">\n<td style=\"height: 13.50pt;\" height=\"18\">Kapazit\u00e4t<\/td>\n<td>500 ml (16 oz)<\/td>\n<\/tr>\n<tr style=\"height: 13.50pt;\">\n<td style=\"height: 13.50pt;\" height=\"18\">Abmessungen<\/td>\n<td>65 mm Durchmesser \u00d7 150 mm H\u00f6he<\/td>\n<\/tr>\n<tr style=\"height: 13.50pt;\">\n<td style=\"height: 13.50pt;\" height=\"18\">Material<\/td>\n<td>Hochborosilikatglas<\/td>\n<\/tr>\n<tr style=\"height: 13.50pt;\">\n<td style=\"height: 13.50pt;\" height=\"18\">Flaschenform<\/td>\n<td>Geradwandig, Dosenform<\/td>\n<\/tr>\n<tr style=\"height: 13.50pt;\">\n<td style=\"height: 13.50pt;\" height=\"18\">Anpassungsbereich<\/td>\n<td>Form, Gr\u00f6\u00dfe, Farbe, Oberfl\u00e4che, Deckeltyp, Zubeh\u00f6r<\/td>\n<\/tr>\n<tr style=\"height: 13.50pt;\">\n<td style=\"height: 13.50pt;\" height=\"18\">Handwerkskunst<\/td>\n<td>Glattes, nahtloses Glas mit verst\u00e4rktem Boden<\/td>\n<\/tr>\n<tr style=\"height: 13.50pt;\">\n<td style=\"height: 13.50pt;\" height=\"18\">Prim\u00e4re Verwendung<\/td>\n<td>Saftflaschen aus Glas, Flaschen f\u00fcr gek\u00fchlte Getr\u00e4nke<\/td>\n<\/tr>\n<tr style=\"height: 13.50pt;\">\n<td style=\"height: 13.50pt;\" height=\"18\">Zielbranchen<\/td>\n<td>Getr\u00e4nkegro\u00dfhandel, Spezialgetr\u00e4nke<\/td>\n<\/tr>\n<\/tbody>\n<\/table>\n<h2>Erfolgsgeschichte: Eine Smoothie-Kette aus Florida<\/h2>\n<p>Eine der Saft- und Smoothie-Ketten in Florida entschied sich f\u00fcr unsere 473-ml-Glasflaschen und differenzierte die Farbe des Holzverschlusses. Das gesamte Produktsortiment (Flasche, Verschluss, Strohhalm) wurde ein voller Erfolg, und 80 Prozent der Kunden bevorzugten es gegen\u00fcber Einwegbechern. Das Fassungsverm\u00f6gen von 500 ml entspricht genau ihrem \u00fcblichen Trinkvolumen. Das Glas ist sehr robust und erm\u00f6glicht eine Wiederbef\u00fcllungsrate von 95 Prozent. Das Projekt erwies sich als \u00e4u\u00dferst erfolgreich, und die Kette bestellte sp\u00e4ter weitere 500.000 Flaschen, um den Bedarf ihrer 25 Filialen das ganze Jahr \u00fcber zu decken.<\/p>\n<h2>Personalisierung von Saftglasflaschen<\/h2>\n<ul>\n<li>Glasfarbe: Erh\u00e4ltlich in klar, get\u00f6nt, bernsteinfarben oder in Sonderfarben wie z. B. hellgr\u00fcn oder blau.<\/li>\n<li>Lasergravur: Ein Laser kann verwendet werden, um einen Code, ein Logo oder ein Ziermuster auf die Oberfl\u00e4che des Glases zu gravieren.<\/li>\n<li>Individuelle Deckel- und Strohhalmdesigns: Deckel und Strohhalme k\u00f6nnen in verschiedenen Ausf\u00fchrungen (Bambus, Walnuss) gefertigt werden, und auch die Farben der Strohhalme k\u00f6nnen unterschiedlich sein (Gold, Schwarz).<\/li>\n<\/ul>","protected":false},"excerpt":{"rendered":"<p>Diese 473-ml-Saftflaschen aus Glas haben ein klares, einmachglasartiges Design mit Holzdeckel und Strohhalm. Geeignet f\u00fcr S\u00e4fte, Kaffee und Kaltgetr\u00e4nke. Direkt vom Hersteller.<\/p>","protected":false},"featured_media":5521,"template":"","meta":{"postBodyCss":"","postBodyMargin":[],"postBodyPadding":[],"postBodyBackground":{"backgroundType":"classic","gradient":""}},"product_brand":[],"product_cat":[15,83,16],"product_tag":[95,91],"class_list":{"0":"post-5516","1":"product","2":"type-product","3":"status-publish","4":"has-post-thumbnail","6":"product_cat-glass-containers","7":"product_cat-glass-beverage-bottles","8":"product_cat-glass-bottles","9":"product_tag-coffee-tumblers","10":"product_tag-glass-soda-bottles","12":"first","13":"instock","14":"shipping-taxable","15":"product-type-simple"},"jetpack_sharing_enabled":true,"_links":{"self":[{"href":"https:\/\/minghanggroup.com\/de\/wp-json\/wp\/v2\/product\/5516","targetHints":{"allow":["GET"]}}],"collection":[{"href":"https:\/\/minghanggroup.com\/de\/wp-json\/wp\/v2\/product"}],"about":[{"href":"https:\/\/minghanggroup.com\/de\/wp-json\/wp\/v2\/types\/product"}],"wp:featuredmedia":[{"embeddable":true,"href":"https:\/\/minghanggroup.com\/de\/wp-json\/wp\/v2\/media\/5521"}],"wp:attachment":[{"href":"https:\/\/minghanggroup.com\/de\/wp-json\/wp\/v2\/media?parent=5516"}],"wp:term":[{"taxonomy":"product_brand","embeddable":true,"href":"https:\/\/minghanggroup.com\/de\/wp-json\/wp\/v2\/product_brand?post=5516"},{"taxonomy":"product_cat","embeddable":true,"href":"https:\/\/minghanggroup.com\/de\/wp-json\/wp\/v2\/product_cat?post=5516"},{"taxonomy":"product_tag","embeddable":true,"href":"https:\/\/minghanggroup.com\/de\/wp-json\/wp\/v2\/product_tag?post=5516"}],"curies":[{"name":"wp","href":"https:\/\/api.w.org\/{rel}","templated":true}]}}