{"id":5502,"date":"2026-02-03T13:51:21","date_gmt":"2026-02-03T05:51:21","guid":{"rendered":"https:\/\/minghanggroup.com\/?post_type=product&#038;p=5502"},"modified":"2026-04-22T15:49:14","modified_gmt":"2026-04-22T07:49:14","slug":"empty-flat-glass-soda-bottles-with-lids-bulk","status":"publish","type":"product","link":"https:\/\/minghanggroup.com\/de\/produkt\/empty-flat-glass-soda-bottles-with-lids-bulk\/","title":{"rendered":"Leere, flache 250-ml-Glasflaschen mit Deckel (Gro\u00dfpackung)"},"content":{"rendered":"<p>Es handelt sich um eine rechteckige Glas-Soda-Stream-Flasche mit gebogener Form und einem Metallgewindeverschluss, der eine ausgezeichnete Abdichtung gew\u00e4hrleistet und die Kohlens\u00e4ure im Inneren h\u00e4lt.<\/p>\n<h2>Produktmerkmale<\/h2>\n<ul>\n<li><strong>Retro-Flache, abgerundete Flaschenform:<\/strong> Die Flasche hat einen flachen, abgerundeten Deckel, was das Tragen und Aufbewahren erleichtert und alle ihre Retro-Designelemente zur Geltung bringt.<\/li>\n<li><strong>Hochtransparentes, lebensmittelechtes Glas:<\/strong> Das Produkt wird aus bleifreiem, lebensmittelechtem Glas hergestellt, das eine hohe Transparenz und sichere Handhabung gew\u00e4hrleistet, da es leicht gereinigt werden kann, ohne R\u00fcckst\u00e4nde zu hinterlassen.<\/li>\n<li><strong>Metallschraubverschluss-Abdichtung:<\/strong> Das Produkt verf\u00fcgt \u00fcber einen Metallschraubverschluss, der eine starke Abdichtung gew\u00e4hrleistet und so jegliches Auslaufen und Versch\u00fctten verhindert.<\/li>\n<\/ul>\n<h2 style=\"text-align: left;\">Wichtigste Spezifikationen<\/h2>\n<table class=\"aligncenter\" style=\"border-collapse: collapse; width: 491.27pt;\" border=\"0\" width=\"655\" cellspacing=\"0\" cellpadding=\"0\">\n<tbody>\n<tr style=\"height: 13.50pt;\">\n<td style=\"height: 13.50pt; width: 122.25pt;\" width=\"163\" height=\"18\">Specification<\/td>\n<td style=\"width: 369.00pt;\" width=\"492\">Details<\/td>\n<\/tr>\n<tr style=\"height: 13.50pt;\">\n<td style=\"height: 13.50pt;\" height=\"18\">Kapazit\u00e4t<\/td>\n<td>250 ml<\/td>\n<\/tr>\n<tr style=\"height: 13.50pt;\">\n<td style=\"height: 13.50pt;\" height=\"18\">Abmessungen<\/td>\n<td>83 \u00d7 145 mm<\/td>\n<\/tr>\n<tr style=\"height: 13.50pt;\">\n<td style=\"height: 13.50pt;\" height=\"18\">Material<\/td>\n<td>Klarglas, Metallkappe<\/td>\n<\/tr>\n<tr style=\"height: 13.50pt;\">\n<td style=\"height: 13.50pt;\" height=\"18\">Flaschenform<\/td>\n<td>Flaches, gebogenes Rechteckprofil<\/td>\n<\/tr>\n<tr style=\"height: 13.50pt;\">\n<td style=\"height: 13.50pt;\" height=\"18\">Anpassungsumfang<\/td>\n<td>Farbe, Gr\u00f6\u00dfe, Deckel, Form<\/td>\n<\/tr>\n<tr style=\"height: 13.50pt;\">\n<td style=\"height: 13.50pt;\" height=\"18\">Handwerkskunst<\/td>\n<td>Pr\u00e4zisionsglasumformung f\u00fcr gebogene, flache Formen, Gewindeschneiden<\/td>\n<\/tr>\n<tr style=\"height: 13.50pt;\">\n<td style=\"height: 13.50pt;\" height=\"18\">Produktzweck<\/td>\n<td>Glasflaschen f\u00fcr Limonade, Flaschen f\u00fcr Sprudelwasser<\/td>\n<\/tr>\n<tr style=\"height: 13.50pt;\">\n<td style=\"height: 13.50pt;\" height=\"18\">Geeignete Branchen<\/td>\n<td>Getr\u00e4nkemarken, Reformhaus-Einzelh\u00e4ndler<\/td>\n<\/tr>\n<\/tbody>\n<\/table>\n<h2>Erfolgsgeschichte: Eine Sonderanfertigung von einer Cold-Brew-Kaffeefirma aus Brooklyn<\/h2>\n<p>Ein Cold-Brew-Kaffeeunternehmen in Brooklyn, New York, entschied sich f\u00fcr unsere 355-ml-Glasflasche f\u00fcr SodaStream und gestaltete sie mit einem mattschwarzen Verschluss und einem Siebdruckdesign. Das individualisierte Produkt erzielte herausragende Ergebnisse: Durch das schlanke, flache Flaschendesign konnte die K\u00fchlschrankfl\u00e4che um 40 % erweitert werden, das geringe Gewicht reduzierte die Versandkosten pro Flasche um 15 % und das einzigartige Design steigerte die Erw\u00e4hnungen in den sozialen Medien um 250 %. Nach dem Erfolg der ersten Bestellung orderte das Unternehmen weitere 520.000 Flaschen, um die bevorstehende Markteinf\u00fchrung von mit Stickstoff angereichertem Cold Brew in Dosen zu unterst\u00fctzen.<\/p>\n<h2>Individualisierung von SodaStream-Glasflaschen<\/h2>\n<ul>\n<li>Anpassung der Flaschenform: Ver\u00e4ndern Sie die Form der Flasche, egal ob gebogen oder rechteckig, oder modifizieren Sie sie, um sie an bestimmte Verpackungsaufgaben anzupassen.<\/li>\n<li>Siebdruck: Hochwertige Grafiken, Logos oder vollfl\u00e4chige Designs werden indirekt auf ein Sieb aufgebracht.<\/li>\n<li>Individuelle Kappen-Designs: Erh\u00e4ltlich in verschiedenen Farben (Schwarz, Gold, Silber) oder mit Markenaufdruck.<\/li>\n<\/ul>","protected":false},"excerpt":{"rendered":"<p>Robuste Glasflasche f\u00fcr Getr\u00e4nke, transparent, mit Metalldeckel und dichtem Verschluss. Ideal f\u00fcr die Vorratshaltung. Weltweiter Versand m\u00f6glich.<\/p>","protected":false},"featured_media":5510,"template":"","meta":{"postBodyCss":"","postBodyMargin":[],"postBodyPadding":[],"postBodyBackground":{"backgroundType":"classic","gradient":""}},"product_brand":[],"product_cat":[83,16,15],"product_tag":[92],"class_list":{"0":"post-5502","1":"product","2":"type-product","3":"status-publish","4":"has-post-thumbnail","6":"product_cat-glass-beverage-bottles","7":"product_cat-glass-bottles","8":"product_cat-glass-containers","9":"product_tag-glass-liquor-bottles","11":"first","12":"instock","13":"shipping-taxable","14":"product-type-simple"},"jetpack_sharing_enabled":true,"_links":{"self":[{"href":"https:\/\/minghanggroup.com\/de\/wp-json\/wp\/v2\/product\/5502","targetHints":{"allow":["GET"]}}],"collection":[{"href":"https:\/\/minghanggroup.com\/de\/wp-json\/wp\/v2\/product"}],"about":[{"href":"https:\/\/minghanggroup.com\/de\/wp-json\/wp\/v2\/types\/product"}],"wp:featuredmedia":[{"embeddable":true,"href":"https:\/\/minghanggroup.com\/de\/wp-json\/wp\/v2\/media\/5510"}],"wp:attachment":[{"href":"https:\/\/minghanggroup.com\/de\/wp-json\/wp\/v2\/media?parent=5502"}],"wp:term":[{"taxonomy":"product_brand","embeddable":true,"href":"https:\/\/minghanggroup.com\/de\/wp-json\/wp\/v2\/product_brand?post=5502"},{"taxonomy":"product_cat","embeddable":true,"href":"https:\/\/minghanggroup.com\/de\/wp-json\/wp\/v2\/product_cat?post=5502"},{"taxonomy":"product_tag","embeddable":true,"href":"https:\/\/minghanggroup.com\/de\/wp-json\/wp\/v2\/product_tag?post=5502"}],"curies":[{"name":"wp","href":"https:\/\/api.w.org\/{rel}","templated":true}]}}