{"id":5495,"date":"2026-02-03T11:56:50","date_gmt":"2026-02-03T03:56:50","guid":{"rendered":"https:\/\/minghanggroup.com\/?post_type=product&#038;p=5495"},"modified":"2026-03-02T13:34:21","modified_gmt":"2026-03-02T05:34:21","slug":"flat-square-juice-glass-bottles-for-juicing-bulk","status":"publish","type":"product","link":"https:\/\/minghanggroup.com\/de\/produkt\/flat-square-juice-glass-bottles-for-juicing-bulk\/","title":{"rendered":"200 ml und 280 ml flache, quadratische Saftglasflaschen f\u00fcr die Massenentsaftung"},"content":{"rendered":"<p>Diese flachen, rechteckigen\u00a0<span class=\"text-[#00CEC8]\">Quader,<\/span> geformte Glasflaschen zum Entsaften sind\u00a0<span class=\"text-[#00CEC8]\">angeboten<\/span>\u00a0in zwei Gr\u00f6\u00dfen erh\u00e4ltlich und kann sein\u00a0<span class=\"text-[#00CEC8]\">ausgestattet<\/span>\u00a0mit Metallschraubverschl\u00fcssen oder Korken,\u00a0<span class=\"text-[#00CEC8]\">dadurch Funktionalit\u00e4t miteinander verbinden<\/span>\u00a0Und\u00a0<span class=\"text-[#00CEC8]\">Mode.<\/span><\/p>\n<h2>Produktmerkmale<\/h2>\n<ul>\n<li><strong>Flaches Rechteck:<\/strong> Sie sind flach und rechteckig und nehmen bei der Lagerung nicht viel Platz ein, daher k\u00f6nnen sie in Einkaufstaschen transportiert oder in Regalen ausgestellt werden.<\/li>\n<li><strong>Klares und glattes Material:<\/strong> Durch das transparente Glas lassen sich Farbe und Konsistenz der Fl\u00fcssigkeit im Inneren gut erkennen, und es ist auch einfach, Etiketten anzubringen oder Markenlogos aufzudrucken.<\/li>\n<li><strong>Zwei praktische Gr\u00f6\u00dfen:<\/strong> Es wird mit 200-ml- und 280-ml-Verschl\u00fcssen geliefert, die sich gut zur Aufbewahrung von S\u00e4ften oder anderen Getr\u00e4nken eignen.<\/li>\n<\/ul>\n<h2 style=\"text-align: left;\">Wichtigste Spezifikationen<\/h2>\n<table class=\"aligncenter\" style=\"border-collapse: collapse; width: 458.27pt;\" border=\"0\" width=\"611\" cellspacing=\"0\" cellpadding=\"0\">\n<tbody>\n<tr style=\"height: 13.50pt;\">\n<td style=\"height: 13.50pt; width: 122.25pt;\" width=\"163\" height=\"18\">Specification<\/td>\n<td style=\"width: 336.00pt;\" width=\"448\">Details<\/td>\n<\/tr>\n<tr style=\"height: 13.50pt;\">\n<td style=\"height: 13.50pt;\" height=\"18\">Kapazit\u00e4t<\/td>\n<td>200 ml \/ 280 ml<\/td>\n<\/tr>\n<tr style=\"height: 13.50pt;\">\n<td style=\"height: 13.50pt;\" height=\"18\">Abmessungen<\/td>\n<td>72 \u00d7 50 \u00d7 116 mm \/ 80 \u00d7 50 \u00d7 145 mm<\/td>\n<\/tr>\n<tr style=\"height: 13.50pt;\">\n<td style=\"height: 13.50pt;\" height=\"18\">Material<\/td>\n<td>Klarglas-, Metall- oder Holzdeckel<\/td>\n<\/tr>\n<tr style=\"height: 13.50pt;\">\n<td style=\"height: 13.50pt;\" height=\"18\">Flaschenform<\/td>\n<td>Quadratisches, leicht abgeflachtes Profil<\/td>\n<\/tr>\n<tr style=\"height: 13.50pt;\">\n<td style=\"height: 13.50pt;\" height=\"18\">Anpassungsumfang<\/td>\n<td>Farbe, Form, Gr\u00f6\u00dfe, Deckel<\/td>\n<\/tr>\n<tr style=\"height: 13.50pt;\">\n<td style=\"height: 13.50pt;\" height=\"18\">Handwerkskunst<\/td>\n<td>Pr\u00e4zisionsglasformung f\u00fcr quadratische Formen, Gewindeschneiden<\/td>\n<\/tr>\n<tr style=\"height: 13.50pt;\">\n<td style=\"height: 13.50pt;\" height=\"18\">Produktzweck<\/td>\n<td>Glasflaschen f\u00fcr S\u00e4fte, Flaschen f\u00fcr aromatisiertes Wasser<\/td>\n<\/tr>\n<tr style=\"height: 13.50pt;\">\n<td style=\"height: 13.50pt;\" height=\"18\">Geeignete Branchen<\/td>\n<td>Saftmarken, Feinkostlieferanten<\/td>\n<\/tr>\n<\/tbody>\n<\/table>\n<h2>Erfolgsgeschichte<\/h2>\n<p>Unsere flachen, rechteckigen 280-ml-Glasflaschen mit Metallschraubverschluss wurden f\u00fcr eine Saftbar in London ausgew\u00e4hlt. Dank der flachen Form lie\u00df sich die Etikettierung schnell und einfach anbringen und war in allen F\u00e4llen erfolgreich. Das wiederverwendbare und moderne Design kam bei den Kunden sehr gut an: 60 Prozent kauften das Produkt aufgrund des ansprechenden Erscheinungsbilds erneut. Die Saftbar erwies sich als gro\u00dfer Erfolg und bestellte sp\u00e4ter weitere 250.000 Flaschen. Zudem wurde das Projekt auf drei neue Filialen ausgeweitet.<\/p>\n<h2>Saftglasflaschen zur individuellen Gestaltung<\/h2>\n<ul>\n<li>Aufgedrucktes Logo\/Fassungsverm\u00f6gen: Bringen Sie eine kleine, erhabene Angabe des Fassungsverm\u00f6gens oder ein Logo auf der flachen Seite der Flasche an.<\/li>\n<li>Individuelle Korkdesigns: Sie k\u00f6nnen aus anderen Materialien (Bambus, Eiche) bestehen oder mit einem Branding versehen sein.<\/li>\n<li>Strukturierter Griff: Die d\u00fcnnere Seite der Flasche weist eine leicht erhabene Struktur auf, die das Halten erleichtert.<\/li>\n<\/ul>","protected":false},"excerpt":{"rendered":"<p>Quadratische Saftglasflasche mit flachem Profil, wahlweise mit Metall- oder Holzdeckel. Kostenlose Muster von Glasflaschen f\u00fcr die Saftherstellung sind zur Unterst\u00fctzung von Produkttests erh\u00e4ltlich.<\/p>","protected":false},"featured_media":5498,"template":"","meta":{"postBodyCss":"","postBodyMargin":[],"postBodyPadding":[],"postBodyBackground":{"backgroundType":"classic","gradient":""}},"product_brand":[],"product_cat":[15,83,16],"product_tag":[92],"class_list":{"0":"post-5495","1":"product","2":"type-product","3":"status-publish","4":"has-post-thumbnail","6":"product_cat-glass-containers","7":"product_cat-glass-beverage-bottles","8":"product_cat-glass-bottles","9":"product_tag-glass-liquor-bottles","11":"first","12":"instock","13":"shipping-taxable","14":"product-type-simple"},"jetpack_sharing_enabled":true,"_links":{"self":[{"href":"https:\/\/minghanggroup.com\/de\/wp-json\/wp\/v2\/product\/5495","targetHints":{"allow":["GET"]}}],"collection":[{"href":"https:\/\/minghanggroup.com\/de\/wp-json\/wp\/v2\/product"}],"about":[{"href":"https:\/\/minghanggroup.com\/de\/wp-json\/wp\/v2\/types\/product"}],"wp:featuredmedia":[{"embeddable":true,"href":"https:\/\/minghanggroup.com\/de\/wp-json\/wp\/v2\/media\/5498"}],"wp:attachment":[{"href":"https:\/\/minghanggroup.com\/de\/wp-json\/wp\/v2\/media?parent=5495"}],"wp:term":[{"taxonomy":"product_brand","embeddable":true,"href":"https:\/\/minghanggroup.com\/de\/wp-json\/wp\/v2\/product_brand?post=5495"},{"taxonomy":"product_cat","embeddable":true,"href":"https:\/\/minghanggroup.com\/de\/wp-json\/wp\/v2\/product_cat?post=5495"},{"taxonomy":"product_tag","embeddable":true,"href":"https:\/\/minghanggroup.com\/de\/wp-json\/wp\/v2\/product_tag?post=5495"}],"curies":[{"name":"wp","href":"https:\/\/api.w.org\/{rel}","templated":true}]}}