{"id":5490,"date":"2026-02-03T11:47:26","date_gmt":"2026-02-03T03:47:26","guid":{"rendered":"https:\/\/minghanggroup.com\/?post_type=product&#038;p=5490"},"modified":"2026-02-03T11:47:30","modified_gmt":"2026-02-03T03:47:30","slug":"empty-red-wine-bottles-for-sale-wholesale","status":"publish","type":"product","link":"https:\/\/minghanggroup.com\/de\/produkt\/empty-red-wine-bottles-for-sale-wholesale\/","title":{"rendered":"500ml leere Rotweinflaschen im Gro\u00dfhandel zu verkaufen"},"content":{"rendered":"<p>Sie stecken Ihre Leidenschaft in jeden Jahrgang \u2013 geben Sie ihm nun ein Gef\u00e4\u00df, das Ihr Handwerk w\u00fcrdigt und Ihre Kunden begeistert. Unsere olivgr\u00fcnen 500-ml-Rotweinflaschen vereinen zeitlose Eleganz im Bordeaux-Stil mit intelligentem UV-Schutz. Sanfte Schultern, schlanker Hals und die charakteristische Form? Ein echter Blickfang im Regal. Als Ihr Partner f\u00fcr Glasflaschen sorgen wir daf\u00fcr, dass leere Weinflaschen zum Verkauf bewusst eingesetzt werden \u2013 nicht als blo\u00dfe Lagerware. Ob Sie Bordeaux, Burgunder oder selbstgemachten Wein abf\u00fcllen, hier trifft Tradition auf Ihre Geschichte.<\/p>\n<h2>Produktmerkmale<\/h2>\n<ul>\n<li><strong>Flaschendesign:<\/strong> Das schlanke und l\u00e4ngliche Flaschendesign verbessert die Pr\u00e4sentation im Regal und unterstreicht das hochwertige und klare Design des Weins.<\/li>\n<li><strong>Flaschenoberfl\u00e4che:<\/strong> Es handelt sich um eine schlichte Flasche ohne Verzierungen, wodurch sie sich leicht etikettieren, bedrucken oder auf andere Weise individuell gestalten l\u00e4sst.<\/li>\n<li><strong>Schraubverschluss:<\/strong> Der regul\u00e4re Flaschenhals und der Schraubverschluss sind mit Standardkorken oder Schraubverschl\u00fcssen kompatibel, die eine hervorragende Abdichtung gew\u00e4hrleisten.<\/li>\n<\/ul>\n<h2>Wichtigste Spezifikationen<\/h2>\n<table style=\"border-collapse: collapse; width: 80%; margin-left: auto; margin-right: auto;\" border=\"0\" width=\"144\" cellspacing=\"0\" cellpadding=\"0\">\n<tbody>\n<tr style=\"height: 13.50pt;\">\n<td style=\"height: 13.5pt; width: 54pt; text-align: center;\" width=\"72\" height=\"18\">Besonderheit<\/td>\n<td style=\"width: 54pt; text-align: center;\" width=\"72\">Detail<\/td>\n<\/tr>\n<tr style=\"height: 13.50pt;\">\n<td style=\"height: 13.5pt; text-align: center;\" height=\"18\">Fassungsverm\u00f6gen (ml)<\/td>\n<td style=\"text-align: center;\" align=\"right\">500<\/td>\n<\/tr>\n<tr style=\"height: 13.50pt;\">\n<td style=\"height: 13.5pt; text-align: center;\" height=\"18\">Abmessungen (cm)<\/td>\n<td style=\"text-align: center;\">6,7 \u00d7 30<\/td>\n<\/tr>\n<tr style=\"height: 13.50pt;\">\n<td style=\"height: 13.5pt; text-align: center;\" height=\"18\">Halsabschluss (cm)<\/td>\n<td style=\"text-align: center;\" align=\"right\">1.8<\/td>\n<\/tr>\n<tr style=\"height: 13.50pt;\">\n<td style=\"height: 13.5pt; text-align: center;\" height=\"18\">Farbe<\/td>\n<td style=\"text-align: center;\">Olivgr\u00fcn (auch: Green Bordeaux, Flint Clear, Champagne Green)<\/td>\n<\/tr>\n<tr style=\"height: 13.50pt;\">\n<td style=\"height: 13.5pt; text-align: center;\" height=\"18\">Schlie\u00dfungsoptionen<\/td>\n<td style=\"text-align: center;\">Schraubverschluss<\/td>\n<\/tr>\n<\/tbody>\n<\/table>\n<h2>Erfolgsbeispiel<\/h2>\n<p>Ein kleines Boutique-Weingut, das sich auf Rotweine in kleinen Chargen spezialisiert hat, w\u00e4hlte unsere 500-ml-Weinflaschen (Ovidian) aus olivgr\u00fcnem Glas f\u00fcr die Markteinf\u00fchrung seines neuen Jahrgangs. Die Flaschen wurden individueller gestaltet, beispielsweise durch eine st\u00e4rkere Hervorhebung des Bodens, einen etwas l\u00e4ngeren Flaschenhals und ein eingepr\u00e4gtes Markenlogo auf der Schulter. Die Glasfarbe wurde aufgehellt, um den Lichtschutz zu optimieren, und anstelle herk\u00f6mmlicher Papieretiketten wurde ein minimalistisches, im Siebdruckverfahren hergestelltes Design verwendet, was f\u00fcr ein hochwertiges und klares Erscheinungsbild sorgt.<\/p>\n<p>Das Weingut steigerte seinen Absatz im Einzelhandel nach der Produkteinf\u00fchrung um 35 Prozent und erhielt positive Resonanz beim Vertrieb des Produkts, was es dazu veranlasste, die individuell gestaltete Flasche zu seiner Hauptproduktlinie zu machen und regelm\u00e4\u00dfig Nachbestellungen der nachfolgenden Produktionsklassen aufzugeben.<\/p>\n<h2>Intelligente Anpassungspfade<\/h2>\n<ol>\n<li><strong>Individuelle Glasfarben:<\/strong> W\u00e4hlen Sie die Farbe der Gl\u00e4ser so, dass sie sowohl den Lichtschutz verbessert als auch zum Stil und zur Marke des Weins passt, z. B. kann die Farbe der Gl\u00e4ser olivgr\u00fcn, antikgr\u00fcn, bernsteinfarben oder dunkelgrau sein.<\/li>\n<li><strong>Siebdruck:<\/strong> Um jegliche Etiketten zu vermeiden, sollten Sie auf Text, Weinbergsschilder oder Chargendetails direkt auf dem Glas verzichten.<\/li>\n<li><strong>Oberfl\u00e4chenausf\u00fchrungen:<\/strong> W\u00e4hlen Sie zwischen glatten, matten oder satinierten Oberfl\u00e4chen, um limitierte Editionen oder Reservekollektionen zu unterscheiden.<\/li>\n<\/ol>","protected":false},"excerpt":{"rendered":"<p>Hochwertige Rotweinflaschen in klassischer Form und aus dickwandigem Glas. Direkt vom Hersteller, kostenlose Muster, leere Weinflaschen f\u00fcr internationale Marken erh\u00e4ltlich.<\/p>","protected":false},"featured_media":5494,"template":"","meta":{"postBodyCss":"","postBodyMargin":[],"postBodyPadding":[],"postBodyBackground":{"backgroundType":"classic","gradient":""}},"product_brand":[],"product_cat":[15,16,84],"product_tag":[],"class_list":{"0":"post-5490","1":"product","2":"type-product","3":"status-publish","4":"has-post-thumbnail","6":"product_cat-glass-containers","7":"product_cat-glass-bottles","8":"product_cat-wine-bottles","10":"first","11":"instock","12":"shipping-taxable","13":"product-type-simple"},"jetpack_sharing_enabled":true,"_links":{"self":[{"href":"https:\/\/minghanggroup.com\/de\/wp-json\/wp\/v2\/product\/5490","targetHints":{"allow":["GET"]}}],"collection":[{"href":"https:\/\/minghanggroup.com\/de\/wp-json\/wp\/v2\/product"}],"about":[{"href":"https:\/\/minghanggroup.com\/de\/wp-json\/wp\/v2\/types\/product"}],"wp:featuredmedia":[{"embeddable":true,"href":"https:\/\/minghanggroup.com\/de\/wp-json\/wp\/v2\/media\/5494"}],"wp:attachment":[{"href":"https:\/\/minghanggroup.com\/de\/wp-json\/wp\/v2\/media?parent=5490"}],"wp:term":[{"taxonomy":"product_brand","embeddable":true,"href":"https:\/\/minghanggroup.com\/de\/wp-json\/wp\/v2\/product_brand?post=5490"},{"taxonomy":"product_cat","embeddable":true,"href":"https:\/\/minghanggroup.com\/de\/wp-json\/wp\/v2\/product_cat?post=5490"},{"taxonomy":"product_tag","embeddable":true,"href":"https:\/\/minghanggroup.com\/de\/wp-json\/wp\/v2\/product_tag?post=5490"}],"curies":[{"name":"wp","href":"https:\/\/api.w.org\/{rel}","templated":true}]}}