{"id":5481,"date":"2026-02-12T10:09:29","date_gmt":"2026-02-12T02:09:29","guid":{"rendered":"https:\/\/minghanggroup.com\/?post_type=product&#038;p=5481"},"modified":"2026-02-03T16:41:40","modified_gmt":"2026-02-03T08:41:40","slug":"dark-glass-customized-wine-bottles-for-sale-bulk","status":"publish","type":"product","link":"https:\/\/minghanggroup.com\/de\/produkt\/dark-glass-customized-wine-bottles-for-sale-bulk\/","title":{"rendered":"500-ml-Weinflaschen aus dunklem Glas, individuell gestaltet, zum Verkauf in gro\u00dfen Mengen"},"content":{"rendered":"<p>Sie keltern Wein mit Herz \u2013 geben Sie ihm nun ein Gef\u00e4\u00df, das schon vor dem ersten Einschenken spricht. Unsere olivgr\u00fcnen 500-ml-Weinflaschen vereinen die klassische Eleganz bordeauxfarbener Flaschen mit modernem Lifestyle. Ob Sie Claret, Burgunder oder selbstgemachten Wein abf\u00fcllen \u2013 diese Glasflaschen sch\u00fctzen das Aroma und unterstreichen Ihre Geschichte. Als Ihr direkter Partner f\u00fcr Glasflaschen sorgen wir daf\u00fcr, dass sich Ihre Weinflaschen pers\u00f6nlich, bedeutungsvoll und bereit f\u00fcr Ihr Etikett anf\u00fchlen.<\/p>\n<h2>Produktmerkmale<\/h2>\n<ul>\n<li><strong>Echte Bordeaux-Silhouette:<\/strong> Eine Flasche mit sanft abfallenden Schultern und schlankem Hals besitzt jene klassische Form einer Weinflasche, die Kunden stets mit Vertrauen verbinden.<\/li>\n<li><strong>Olive Green Guardian:<\/strong> Es ist bekannt, dass eine tief olivgr\u00fcne, farbige Glasflasche UV-Strahlen besser abschirmen kann als eine durchsichtige Flasche und tr\u00e4gt daher dazu bei, die feinen Aromen eines Rotweins vom Zeitpunkt der Lagerung im Weinkeller bis zum Verkauf im Regal gut zu erhalten.<\/li>\n<li><strong>Stabile Punt-Basis:<\/strong> Der Boden der Weinflasche ist leicht eingedr\u00fcckt, sodass sie auch in einer Holzkiste, einer Geschenkbox oder auf einem Esstisch sicher stehen kann, ohne dass man Angst haben muss, dass sie umf\u00e4llt.<\/li>\n<\/ul>\n<h2>Wichtigste Spezifikationen<\/h2>\n<table style=\"border-collapse: collapse; width: 80%; margin-left: auto; margin-right: auto;\" border=\"0\" width=\"144\" cellspacing=\"0\" cellpadding=\"0\">\n<tbody>\n<tr style=\"height: 13.50pt;\">\n<td style=\"height: 13.5pt; width: 54pt; text-align: center;\" width=\"72\" height=\"18\">Besonderheit<\/td>\n<td style=\"width: 54pt; text-align: center;\" width=\"72\">Detail<\/td>\n<\/tr>\n<tr style=\"height: 13.50pt;\">\n<td style=\"height: 13.5pt; text-align: center;\" height=\"18\">Fassungsverm\u00f6gen (ml)<\/td>\n<td style=\"text-align: center;\" align=\"right\">500<\/td>\n<\/tr>\n<tr style=\"height: 13.50pt;\">\n<td style=\"height: 13.5pt; text-align: center;\" height=\"18\">Abmessungen (cm)<\/td>\n<td style=\"text-align: center;\">7,1 \u00d7 26,7<\/td>\n<\/tr>\n<tr style=\"height: 13.50pt;\">\n<td style=\"height: 13.5pt; text-align: center;\" height=\"18\">Halsabschluss (cm)<\/td>\n<td style=\"text-align: center;\" align=\"right\">1.8<\/td>\n<\/tr>\n<tr style=\"height: 13.50pt;\">\n<td style=\"height: 13.5pt; text-align: center;\" height=\"18\">Farbe<\/td>\n<td style=\"text-align: center;\">Olivgr\u00fcn<\/td>\n<\/tr>\n<tr style=\"height: 13.50pt;\">\n<td style=\"height: 13.5pt; text-align: center;\" height=\"18\">Schlie\u00dfung<\/td>\n<td style=\"text-align: center;\">Schraubverschluss (Naturkorken auf Anfrage)<\/td>\n<\/tr>\n<tr style=\"height: 13.50pt;\">\n<td style=\"height: 13.5pt; text-align: center;\" height=\"18\">Am besten geeignet f\u00fcr<\/td>\n<td style=\"text-align: center;\">Rotweine, Bordeaux, Hausgemachter Wein, Spirituosenflaschen<\/td>\n<\/tr>\n<\/tbody>\n<\/table>\n<h2>Erfolgsbeispiel<\/h2>\n<p>Ein kleines Weingut, das haupts\u00e4chlich handwerklich hergestellte Rotweine in kleinen Chargen produzierte, ben\u00f6tigte eine Flasche, die die Kunstfertigkeit und Premiumpositionierung des Produkts im Regal sofort vermittelt. F\u00fcr ihren neuen Jahrgang w\u00e4hlten sie unsere 500-ml-Weinflaschen aus dunklem Glas und gestalteten sie in einem tiefen Olivgr\u00fcn f\u00fcr besseren UV-Schutz. Sie erhielten ein gepr\u00e4gtes Logo auf der Schulter und sehr leichte, seidenmatte Grafiken anstelle traditioneller Papieretiketten. Der schwerere Boden und der elegantere Flaschenhals machen das Einschenken angenehmer und unterstreichen gleichzeitig das Qualit\u00e4tsimage der Marke.<\/p>\n<p>Das Feedback der Kunden nach der Markteinf\u00fchrung des Produkts hob hervor, dass die Attraktivit\u00e4t im Regal und der wahrgenommene Wert deutlich gesteigert wurden, was zu einem Anstieg der Folgebestellungen um 35 % f\u00fchrte.<\/p>\n<h2>Ihre Anpassungsoptionen<\/h2>\n<ol>\n<li><strong>Gepr\u00e4gte oder vertiefte Kennzeichnung:<\/strong> Erw\u00e4gen Sie ein erhabenes oder vertieftes Logo auf der Flaschenschulter oder im unteren Bereich, um eine dauerhafte, etikettenfreie Markenpr\u00e4senz zu schaffen.<\/li>\n<li><strong>Details zum Siebdruck:<\/strong> Platzieren Sie ein paar W\u00f6rter, Piktogramme oder geometrische Muster direkt auf der Flaschenoberfl\u00e4che \u2013 eine elegante und trendige Alternative zu Papieretiketten.<\/li>\n<li><strong>Hals- und Lackvarianten:<\/strong> Passen Sie den Flaschenhals f\u00fcr Schraubverschl\u00fcsse oder Kunststoffverschl\u00fcsse an, um ihn an verschiedene Weinstile und M\u00e4rkte anzupassen.<\/li>\n<\/ol>","protected":false},"excerpt":{"rendered":"<p>Hochwertige, dunkelglasfarbene Weinflaschen mit elegantem Design und stabilem Boden zu verkaufen. Individuell gestaltete Weinflaschen direkt vom Hersteller, kostenlose Muster erh\u00e4ltlich.<\/p>","protected":false},"featured_media":5485,"template":"","meta":{"postBodyCss":"","postBodyMargin":[],"postBodyPadding":[],"postBodyBackground":{"backgroundType":"classic","gradient":""}},"product_brand":[],"product_cat":[15,16,84],"product_tag":[],"class_list":{"0":"post-5481","1":"product","2":"type-product","3":"status-publish","4":"has-post-thumbnail","6":"product_cat-glass-containers","7":"product_cat-glass-bottles","8":"product_cat-wine-bottles","10":"first","11":"instock","12":"shipping-taxable","13":"product-type-simple"},"jetpack_sharing_enabled":true,"_links":{"self":[{"href":"https:\/\/minghanggroup.com\/de\/wp-json\/wp\/v2\/product\/5481","targetHints":{"allow":["GET"]}}],"collection":[{"href":"https:\/\/minghanggroup.com\/de\/wp-json\/wp\/v2\/product"}],"about":[{"href":"https:\/\/minghanggroup.com\/de\/wp-json\/wp\/v2\/types\/product"}],"wp:featuredmedia":[{"embeddable":true,"href":"https:\/\/minghanggroup.com\/de\/wp-json\/wp\/v2\/media\/5485"}],"wp:attachment":[{"href":"https:\/\/minghanggroup.com\/de\/wp-json\/wp\/v2\/media?parent=5481"}],"wp:term":[{"taxonomy":"product_brand","embeddable":true,"href":"https:\/\/minghanggroup.com\/de\/wp-json\/wp\/v2\/product_brand?post=5481"},{"taxonomy":"product_cat","embeddable":true,"href":"https:\/\/minghanggroup.com\/de\/wp-json\/wp\/v2\/product_cat?post=5481"},{"taxonomy":"product_tag","embeddable":true,"href":"https:\/\/minghanggroup.com\/de\/wp-json\/wp\/v2\/product_tag?post=5481"}],"curies":[{"name":"wp","href":"https:\/\/api.w.org\/{rel}","templated":true}]}}