{"id":5468,"date":"2026-02-02T16:26:31","date_gmt":"2026-02-02T08:26:31","guid":{"rendered":"https:\/\/minghanggroup.com\/?post_type=product&#038;p=5468"},"modified":"2026-03-02T13:33:16","modified_gmt":"2026-03-02T05:33:16","slug":"glass-juice-bottles-with-slim-neck-design-wholesale","status":"publish","type":"product","link":"https:\/\/minghanggroup.com\/de\/produkt\/glass-juice-bottles-with-slim-neck-design-wholesale\/","title":{"rendered":"Gro\u00dfhandel f\u00fcr Saftflaschen aus Glas mit schlankem Hals (125 ml \u2013 1000 ml)"},"content":{"rendered":"<p>Die Saftflasche besteht aus transparentem Glas und hat einen breiten, runden Korpus sowie einen schmalen, flie\u00dfenden Hals. Sie ist in verschiedenen Gr\u00f6\u00dfen erh\u00e4ltlich, von 125-ml-Probierflaschen bis hin zu riesigen 700-ml-Flaschen.<\/p>\n<h2>Produktmerkmale<\/h2>\n<ul>\n<li><strong>Breiter Korpus, schlanker Hals:<\/strong> Der volumin\u00f6se Korpus mit seinen abgerundeten Konturen bietet ausreichend Fassungsverm\u00f6gen, w\u00e4hrend der d\u00fcnne Hals das Halten und Ausgie\u00dfen erleichtert und dem Gef\u00e4\u00df ein praktisches und \u00e4sthetisches Aussehen verleiht.<\/li>\n<li><strong>Verschiedene Gr\u00f6\u00dfen:<\/strong> Es ist in 10 Gr\u00f6\u00dfen erh\u00e4ltlich, von Probiergr\u00f6\u00dfen f\u00fcr Einzelportionen bis hin zu Familienpackungen.<\/li>\n<li><strong>Sicherheitsverschraubte Metallkappe:<\/strong> Der mitgelieferte Metallverschluss sorgt f\u00fcr einen sicheren Verschluss und ist daf\u00fcr bekannt, Geschmack und Frische Ihres Getr\u00e4nks zu bewahren.<\/li>\n<\/ul>\n<h2 style=\"text-align: left;\">Wichtigste Spezifikationen<\/h2>\n<table class=\"aligncenter\" style=\"border-collapse: collapse; width: 492.02pt;\" border=\"0\" width=\"656\" cellspacing=\"0\" cellpadding=\"0\">\n<tbody>\n<tr style=\"height: 13.50pt;\">\n<td style=\"height: 13.50pt; width: 121.50pt;\" width=\"162\" height=\"18\">Specification<\/td>\n<td style=\"width: 370.50pt;\" width=\"494\">Details<\/td>\n<\/tr>\n<tr style=\"height: 13.50pt;\">\n<td style=\"height: 13.50pt;\" height=\"18\">Kapazit\u00e4t<\/td>\n<td>125 ml, 200 ml, 250 ml, 300 ml, 330 ml, 350 ml, 380 ml, 500 ml, 700 ml, 1000 ml<\/td>\n<\/tr>\n<tr style=\"height: 13.50pt;\">\n<td style=\"height: 13.50pt;\" height=\"18\">Abmessungen<\/td>\n<td>56\u00d7135 mm bis 94\u00d7300 mm<\/td>\n<\/tr>\n<tr style=\"height: 13.50pt;\">\n<td style=\"height: 13.50pt;\" height=\"18\">Material<\/td>\n<td>Klarglas, Metalldeckel<\/td>\n<\/tr>\n<tr style=\"height: 13.50pt;\">\n<td style=\"height: 13.50pt;\" height=\"18\">Flaschenform<\/td>\n<td>Breiter, runder Bauch, der sich zu einem schlanken Hals verj\u00fcngt<\/td>\n<\/tr>\n<tr style=\"height: 13.50pt;\">\n<td style=\"height: 13.50pt;\" height=\"18\">Anpassungsumfang<\/td>\n<td>Farbe, Deckel, Gr\u00f6\u00dfe, Form<\/td>\n<\/tr>\n<tr style=\"height: 13.50pt;\">\n<td style=\"height: 13.50pt;\" height=\"18\">Handwerkskunst<\/td>\n<td>Pr\u00e4zisionsglasumformung f\u00fcr gleichm\u00e4\u00dfige Kurven, Gewindeschneiden<\/td>\n<\/tr>\n<tr style=\"height: 13.50pt;\">\n<td style=\"height: 13.50pt;\" height=\"18\">Produktzweck<\/td>\n<td>Premium-Saftflaschen, Gro\u00dfhandel f\u00fcr Glassaftflaschen<\/td>\n<\/tr>\n<tr style=\"height: 13.50pt;\">\n<td style=\"height: 13.50pt;\" height=\"18\">Geeignete Branchen<\/td>\n<td>Saftmarken, Feinkostlieferanten, Caf\u00e9s<\/td>\n<\/tr>\n<\/tbody>\n<\/table>\n<h2>Erfolgsgeschichte<\/h2>\n<p>Unsere Glassaftflasche wurde von einer Saftkette in Nordeuropa ausgew\u00e4hlt, die eine mattierte Variante individuell gestalten lie\u00df. Das hochwertige Flaschendesign hebt sie von den Supermarktregalen ab, was zu einer gesteigerten Produktwahrnehmung und einem um 22 % h\u00f6heren Verkaufspreis f\u00fchrt. Der luftdichte Verschluss reduziert den Abfall in der Regel um 20 %. Um die wachsende Nachfrage des Vertriebskanals zu decken, bestellte die Kette im zweiten Quartal weitere 1,2 Millionen Flaschen.<\/p>\n<h2>Gro\u00dfhandel mit kundenspezifischen Glassaftflaschen<\/h2>\n<ul>\n<li>Anpassung der Flaschenform: Hinzuf\u00fcgen oder Entfernen von Rundungen am Flaschenk\u00f6rper, Verl\u00e4ngern des Flaschenhalses oder Anpassen an eine bestimmte Getr\u00e4nkeart.<\/li>\n<li>Dickenanpassung: Die Dicke des Glases kann angepasst werden, um eine bessere Haltbarkeit bei Anwendungen mit hohem Volumen zu erreichen oder das Gewicht zu reduzieren.<\/li>\n<li>Individuelle Kappen-Designs: Sie werden in verschiedenen Farben (Schwarz, Gold, Silber) oder mit Markenlogos angeboten.<\/li>\n<\/ul>","protected":false},"excerpt":{"rendered":"<p>Saftflasche aus Glas mit abgerundetem Korpus und schmalem Hals. Wir bieten Gro\u00dfhandel f\u00fcr Saftflaschen aus Glas an und unterst\u00fctzen die individuelle Anpassung an Gr\u00f6\u00dfe, Logo und Verschluss durch OEM-Hersteller.<\/p>","protected":false},"featured_media":5469,"template":"","meta":{"postBodyCss":"","postBodyMargin":[],"postBodyPadding":[],"postBodyBackground":{"backgroundType":"classic","gradient":""}},"product_brand":[],"product_cat":[15,83,16],"product_tag":[92,91],"class_list":{"0":"post-5468","1":"product","2":"type-product","3":"status-publish","4":"has-post-thumbnail","6":"product_cat-glass-containers","7":"product_cat-glass-beverage-bottles","8":"product_cat-glass-bottles","9":"product_tag-glass-liquor-bottles","10":"product_tag-glass-soda-bottles","12":"first","13":"instock","14":"shipping-taxable","15":"product-type-simple"},"jetpack_sharing_enabled":true,"_links":{"self":[{"href":"https:\/\/minghanggroup.com\/de\/wp-json\/wp\/v2\/product\/5468","targetHints":{"allow":["GET"]}}],"collection":[{"href":"https:\/\/minghanggroup.com\/de\/wp-json\/wp\/v2\/product"}],"about":[{"href":"https:\/\/minghanggroup.com\/de\/wp-json\/wp\/v2\/types\/product"}],"wp:featuredmedia":[{"embeddable":true,"href":"https:\/\/minghanggroup.com\/de\/wp-json\/wp\/v2\/media\/5469"}],"wp:attachment":[{"href":"https:\/\/minghanggroup.com\/de\/wp-json\/wp\/v2\/media?parent=5468"}],"wp:term":[{"taxonomy":"product_brand","embeddable":true,"href":"https:\/\/minghanggroup.com\/de\/wp-json\/wp\/v2\/product_brand?post=5468"},{"taxonomy":"product_cat","embeddable":true,"href":"https:\/\/minghanggroup.com\/de\/wp-json\/wp\/v2\/product_cat?post=5468"},{"taxonomy":"product_tag","embeddable":true,"href":"https:\/\/minghanggroup.com\/de\/wp-json\/wp\/v2\/product_tag?post=5468"}],"curies":[{"name":"wp","href":"https:\/\/api.w.org\/{rel}","templated":true}]}}