{"id":5463,"date":"2026-02-02T15:32:04","date_gmt":"2026-02-02T07:32:04","guid":{"rendered":"https:\/\/minghanggroup.com\/?post_type=product&#038;p=5463"},"modified":"2026-04-14T09:42:46","modified_gmt":"2026-04-14T01:42:46","slug":"conical-clear-glass-soda-bottles-wholesale","status":"publish","type":"product","link":"https:\/\/minghanggroup.com\/de\/produkt\/conical-clear-glass-soda-bottles-wholesale\/","title":{"rendered":"250 ml und 330 ml konische Klarglas-Sodaflaschen im Gro\u00dfhandel"},"content":{"rendered":"<p>Diese kegelf\u00f6rmigen Limonadenflaschen aus glattem Glas bestechen durch ihre markante, konische Form. Sie sind massiv und am Boden breit, verj\u00fcngen sich zu einem schmalen Hals und sind mit einem stabilen, verschraubten Metallverschluss ausgestattet, der die Kohlens\u00e4ure im Inneren h\u00e4lt und das Getr\u00e4nk frisch h\u00e4lt.<\/p>\n<h2>Produktmerkmale<\/h2>\n<ul>\n<li><strong>Konischer K\u00f6rper:<\/strong> Das konische Design ist \u00e4sthetisch und funktional zugleich: Durch den breiten Boden und den schmalen Hals bietet die Flasche Stabilit\u00e4t und l\u00e4sst sich leicht greifen und ausgie\u00dfen.<\/li>\n<li><strong>Versiegelter Schraubverschluss:<\/strong> Der Metallverschluss mit Gewinde sorgt f\u00fcr eine zuverl\u00e4ssige Abdichtung des Produkts, wodurch ein Auslaufen vermieden und die Haltbarkeit des Getr\u00e4nks verl\u00e4ngert wird.<\/li>\n<li><strong>Zwei praktische Gr\u00f6\u00dfen:<\/strong> Das Produkt ist in zwei praktischen Gr\u00f6\u00dfen erh\u00e4ltlich: 250 ml und 330 ml, die sich gut f\u00fcr den pers\u00f6nlichen Gebrauch und die Portionierung eignen.<\/li>\n<\/ul>\n<h2 style=\"text-align: left;\">Wichtigste Spezifikationen<\/h2>\n<table class=\"aligncenter\" style=\"border-collapse: collapse; width: 464.27pt;\" border=\"0\" width=\"619\" cellspacing=\"0\" cellpadding=\"0\">\n<tbody>\n<tr style=\"height: 13.50pt;\">\n<td style=\"height: 13.50pt; width: 121.50pt;\" width=\"162\" height=\"18\">Specification<\/td>\n<td style=\"width: 342.75pt;\" width=\"457\">Details<\/td>\n<\/tr>\n<tr style=\"height: 13.50pt;\">\n<td style=\"height: 13.50pt;\" height=\"18\">Kapazit\u00e4t<\/td>\n<td>250 ml \/ 330 ml<\/td>\n<\/tr>\n<tr style=\"height: 13.50pt;\">\n<td style=\"height: 13.50pt;\" height=\"18\">Abmessungen<\/td>\n<td>62 \u00d7 220 \u00d7 28 mm \/ 70 \u00d7 240 \u00d7 28 mm<\/td>\n<\/tr>\n<tr style=\"height: 13.50pt;\">\n<td style=\"height: 13.50pt;\" height=\"18\">Material<\/td>\n<td>Klarglas, Metallkappe<\/td>\n<\/tr>\n<tr style=\"height: 13.50pt;\">\n<td style=\"height: 13.50pt;\" height=\"18\">Flaschenform<\/td>\n<td>Konischer Zylinder<\/td>\n<\/tr>\n<tr style=\"height: 13.50pt;\">\n<td style=\"height: 13.50pt;\" height=\"18\">Anpassungsumfang<\/td>\n<td>Farbe, Gr\u00f6\u00dfe, Deckel, Oberfl\u00e4che<\/td>\n<\/tr>\n<tr style=\"height: 13.50pt;\">\n<td style=\"height: 13.50pt;\" height=\"18\">Handwerkskunst<\/td>\n<td>Pr\u00e4zisionsglasumformung f\u00fcr konische Formen, Gewindeschneiden<\/td>\n<\/tr>\n<tr style=\"height: 13.50pt;\">\n<td style=\"height: 13.50pt;\" height=\"18\">Produktzweck<\/td>\n<td>SodaStream-Glasflaschen, Sprudelwasserflaschen<\/td>\n<\/tr>\n<tr style=\"height: 13.50pt;\">\n<td style=\"height: 13.50pt;\" height=\"18\">Geeignete Branchen<\/td>\n<td>Getr\u00e4nkemarken, Caf\u00e9s<\/td>\n<\/tr>\n<\/tbody>\n<\/table>\n<h2>Erfolgsgeschichte: Die Signature-Serie eines New England Craft Soda-Unternehmens<\/h2>\n<p>Unsere 330-ml-Konusglasflasche wurde von einem Getr\u00e4nkehersteller aus Neuengland ausgew\u00e4hlt und individuell gestaltet: Der Flaschenk\u00f6rper ist mattiert, und ein Etikett im Vintage-Look wurde im Siebdruckverfahren aufgebracht. Die elegante Flaschenform hat sich zu einem Klassiker entwickelt und f\u00fchrte zu einem Absatzplus von 60 Prozent im Vergleich zur alten Flaschenform. Die Wiederverwendbarkeit der Flaschen ist ein wichtiges Verkaufsargument: 70 Prozent der Kunden nutzen sie mehrmals. Das Unternehmen freute sich sehr dar\u00fcber und bestellte daher weitere 400.000 Flaschen, um das wachsende Vertriebsnetz optimal zu beliefern.<\/p>\n<h2>SodaStream-Flaschen aus Glas \u2013 Individuelle Gestaltung<\/h2>\n<ul>\n<li>Glasfarben und -t\u00f6ne: Es gibt klares Glas oder rauchgraues, bernsteinfarbenes Glas oder auch Sonderfarben wie Hellblau oder Gr\u00fcn.<\/li>\n<li>Mattierte oder matte Oberfl\u00e4che: Es ist mit einer vollst\u00e4ndig mattierten oder matten Oberfl\u00e4che erh\u00e4ltlich, die sich weich und hochwertig anf\u00fchlt.<\/li>\n<li>Gepr\u00e4gte Volumenangabe: Am Flaschenboden befinden sich kleine, erhabene Markierungen mit der Angabe 250 ml oder 330 ml Volumen.<\/li>\n<li>Individuelles Kappen-Design: Sie k\u00f6nnen Kappen in verschiedenen Farben (schwarz, gold, silber) oder mit Ihrem Firmenlogo erhalten.<\/li>\n<\/ul>","protected":false},"excerpt":{"rendered":"<p>Robuste Glasflaschen f\u00fcr Sodawasser in eleganter, konischer Form mit sicherem Verschluss. Schnelle Lieferung auch bei gr\u00f6\u00dferen Bestellmengen.<\/p>","protected":false},"featured_media":5467,"template":"","meta":{"postBodyCss":"","postBodyMargin":[],"postBodyPadding":[],"postBodyBackground":{"backgroundType":"classic","gradient":""}},"product_brand":[],"product_cat":[15,83,16],"product_tag":[93,91],"class_list":{"0":"post-5463","1":"product","2":"type-product","3":"status-publish","4":"has-post-thumbnail","6":"product_cat-glass-containers","7":"product_cat-glass-beverage-bottles","8":"product_cat-glass-bottles","9":"product_tag-glass-gatorade-bottles","10":"product_tag-glass-soda-bottles","12":"first","13":"instock","14":"shipping-taxable","15":"product-type-simple"},"jetpack_sharing_enabled":true,"_links":{"self":[{"href":"https:\/\/minghanggroup.com\/de\/wp-json\/wp\/v2\/product\/5463","targetHints":{"allow":["GET"]}}],"collection":[{"href":"https:\/\/minghanggroup.com\/de\/wp-json\/wp\/v2\/product"}],"about":[{"href":"https:\/\/minghanggroup.com\/de\/wp-json\/wp\/v2\/types\/product"}],"wp:featuredmedia":[{"embeddable":true,"href":"https:\/\/minghanggroup.com\/de\/wp-json\/wp\/v2\/media\/5467"}],"wp:attachment":[{"href":"https:\/\/minghanggroup.com\/de\/wp-json\/wp\/v2\/media?parent=5463"}],"wp:term":[{"taxonomy":"product_brand","embeddable":true,"href":"https:\/\/minghanggroup.com\/de\/wp-json\/wp\/v2\/product_brand?post=5463"},{"taxonomy":"product_cat","embeddable":true,"href":"https:\/\/minghanggroup.com\/de\/wp-json\/wp\/v2\/product_cat?post=5463"},{"taxonomy":"product_tag","embeddable":true,"href":"https:\/\/minghanggroup.com\/de\/wp-json\/wp\/v2\/product_tag?post=5463"}],"curies":[{"name":"wp","href":"https:\/\/api.w.org\/{rel}","templated":true}]}}