{"id":5453,"date":"2026-02-02T15:30:16","date_gmt":"2026-02-02T07:30:16","guid":{"rendered":"https:\/\/minghanggroup.com\/?post_type=product&#038;p=5453"},"modified":"2026-02-02T15:30:18","modified_gmt":"2026-02-02T07:30:18","slug":"personalized-wine-bottles-for-packaging-bulk","status":"publish","type":"product","link":"https:\/\/minghanggroup.com\/de\/produkt\/personalized-wine-bottles-for-packaging-bulk\/","title":{"rendered":"Personalisierte 750-ml-Weinflaschen f\u00fcr die Verpackung in gro\u00dfen Mengen"},"content":{"rendered":"<p>Sie keltern Wein mit Herzblut \u2013 geben Sie ihm nun ein Gef\u00e4\u00df, das jedem Tropfen gerecht wird. Unsere 750-ml-Weinflasche vereint die klassische Eleganz einer Bordeaux-Weinflasche mit dem Schutz von tiefolivgr\u00fcnem Glas. Zusammen mit hochwertigen Weinflaschen und Korken ist sie der perfekte Begleiter f\u00fcr Ihre Rotweine, Bordeauxweine oder selbstgemachten Weine. Kein R\u00e4tselraten. Nur Sicherheit vom Keller bis ins Regal.<\/p>\n<h2>Produktmerkmale<\/h2>\n<ul>\n<li><strong>Original Bordeaux-Bestand:<\/strong> Diese leichte Schulterneigung? Ein echter Klassiker. Bietet Platz f\u00fcr eine typische Weinkorkenabdruckmarke und verr\u00e4t schon vor dem ersten Einschenken leise: \u201eMit Liebe gemacht.\u201c<\/li>\n<li><strong>Stabiler Standfu\u00df, kein Wackeln:<\/strong> Der schwere Boden sorgt f\u00fcr einen sicheren Stand der Flasche, egal ob im Regal, in Kisten oder in Geschenkboxen.<\/li>\n<li><strong>Abschlussfreiheit, nach Ihren Vorstellungen:<\/strong> Eine Korkh\u00fclle f\u00fcr Eleganz oder eine Aluminiumkappe f\u00fcr einen modernen Touch.<\/li>\n<\/ul>\n<h2>Wichtigste Spezifikationen<\/h2>\n<table style=\"border-collapse: collapse; width: 80%; margin-left: auto; margin-right: auto;\" border=\"0\" width=\"144\" cellspacing=\"0\" cellpadding=\"0\">\n<tbody>\n<tr style=\"height: 13.50pt;\">\n<td style=\"height: 13.5pt; width: 54pt; text-align: center;\" width=\"72\" height=\"18\">Besonderheit<\/td>\n<td style=\"width: 54pt; text-align: center;\" width=\"72\">Detail<\/td>\n<\/tr>\n<tr style=\"height: 13.50pt;\">\n<td style=\"height: 13.5pt; text-align: center;\" height=\"18\">Fassungsverm\u00f6gen (ml)<\/td>\n<td style=\"text-align: center;\" align=\"right\">750<\/td>\n<\/tr>\n<tr style=\"height: 13.50pt;\">\n<td style=\"height: 13.5pt; text-align: center;\" height=\"18\">Abmessungen (ml)<\/td>\n<td style=\"text-align: center;\">8,5 \u00d7 31,0<\/td>\n<\/tr>\n<tr style=\"height: 13.50pt;\">\n<td style=\"height: 13.5pt; text-align: center;\" height=\"18\">Hals\u00f6ffnung (cm)<\/td>\n<td style=\"text-align: center;\" align=\"right\">1.8<\/td>\n<\/tr>\n<tr style=\"height: 13.50pt;\">\n<td style=\"height: 13.5pt; text-align: center;\" height=\"18\">Farbe<\/td>\n<td style=\"text-align: center;\">Tiefbernstein<\/td>\n<\/tr>\n<tr style=\"height: 13.50pt;\">\n<td style=\"height: 13.5pt; text-align: center;\" height=\"18\">Am besten geeignet f\u00fcr<\/td>\n<td style=\"text-align: center;\">Rotweine, Bordeaux, Hausgemachte Chargen, Spirituosenflaschen<\/td>\n<\/tr>\n<\/tbody>\n<\/table>\n<h2>Erfolgsbeispiel<\/h2>\n<p>Ein europ\u00e4isches Boutique-Weingut entschied sich f\u00fcr unsere personalisierten 750-ml-Weinflaschen als Hauptverpackungsl\u00f6sung f\u00fcr seine neue Produktlinie. Da es vor allem um die Markenpositionierung ging, gestalteten wir gemeinsam mit dem Kunden dunkle, UV-best\u00e4ndige Glasflaschen, auf deren Boden das exklusive Logo des Weinguts und der Jahrgangscode eingepr\u00e4gt wurden. Erg\u00e4nzt wurden die Flaschen durch ma\u00dfgefertigte Naturkorken und mattsilberne Kronkorken, wodurch ein einheitliches und sammelw\u00fcrdiges Erscheinungsbild entstand.<\/p>\n<p>Innerhalb von nur drei Monaten nach Markteinf\u00fchrung des neuen Produkts stieg der Absatz der Serie in den bestehenden Vertriebskan\u00e4len um rund 32 %. Aufgrund der deutlich besseren Marktresonanz als erwartet erteilte der Kunde innerhalb von vier Monaten nach der Erstlieferung eine zweite Bestellung, deren Menge 45 % h\u00f6her war als die der ersten Bestellung.<\/p>\n<h2>Ihre Anpassungstipps<\/h2>\n<ol>\n<li><strong>Details zum Flaschendesign:<\/strong> Dadurch k\u00f6nnen Weingutlogos, Jahrgangsangaben oder regionale Merkmale buchst\u00e4blich aus Glas bestehen, indem der Flaschenk\u00f6rper durch Pr\u00e4gung, Tiefpr\u00e4gung oder Mattierung verziert wird.<\/li>\n<li><strong>Optionen f\u00fcr das Verschlusssystem:<\/strong> Es bietet die M\u00f6glichkeit, je nach Marktpositionierung Naturkorken, synthetische Verschl\u00fcsse oder Schraubverschl\u00fcsse zu ersetzen, sowie die individuelle Gestaltung von Verschlussfarben, Materialien und Oberfl\u00e4chenstrukturen.<\/li>\n<li><strong>Vollst\u00e4ndige Verpackungsanpassung:<\/strong> Es schl\u00e4gt Etikettengr\u00f6\u00dfen vor und bietet L\u00f6sungen f\u00fcr die \u00e4u\u00dfere Verpackung, die mit dem Flaschenstil harmonieren und so eine visuelle Koh\u00e4renz von der Flasche bis zur Geschenkverpackung gew\u00e4hrleisten.<\/li>\n<\/ol>","protected":false},"excerpt":{"rendered":"<p>Diese personalisierten Weinflaschen eignen sich ideal f\u00fcr Gro\u00dfbestellungen von Weing\u00fctern. Die 750-ml-Weinflaschen werden direkt ab Werk geliefert und erm\u00f6glichen so die individuelle Gestaltung gro\u00dfer Mengen.<\/p>","protected":false},"featured_media":5461,"template":"","meta":{"postBodyCss":"","postBodyMargin":[],"postBodyPadding":[],"postBodyBackground":{"backgroundType":"classic","gradient":""}},"product_brand":[],"product_cat":[15,16,84],"product_tag":[],"class_list":{"0":"post-5453","1":"product","2":"type-product","3":"status-publish","4":"has-post-thumbnail","6":"product_cat-glass-containers","7":"product_cat-glass-bottles","8":"product_cat-wine-bottles","10":"first","11":"instock","12":"shipping-taxable","13":"product-type-simple"},"jetpack_sharing_enabled":true,"_links":{"self":[{"href":"https:\/\/minghanggroup.com\/de\/wp-json\/wp\/v2\/product\/5453","targetHints":{"allow":["GET"]}}],"collection":[{"href":"https:\/\/minghanggroup.com\/de\/wp-json\/wp\/v2\/product"}],"about":[{"href":"https:\/\/minghanggroup.com\/de\/wp-json\/wp\/v2\/types\/product"}],"wp:featuredmedia":[{"embeddable":true,"href":"https:\/\/minghanggroup.com\/de\/wp-json\/wp\/v2\/media\/5461"}],"wp:attachment":[{"href":"https:\/\/minghanggroup.com\/de\/wp-json\/wp\/v2\/media?parent=5453"}],"wp:term":[{"taxonomy":"product_brand","embeddable":true,"href":"https:\/\/minghanggroup.com\/de\/wp-json\/wp\/v2\/product_brand?post=5453"},{"taxonomy":"product_cat","embeddable":true,"href":"https:\/\/minghanggroup.com\/de\/wp-json\/wp\/v2\/product_cat?post=5453"},{"taxonomy":"product_tag","embeddable":true,"href":"https:\/\/minghanggroup.com\/de\/wp-json\/wp\/v2\/product_tag?post=5453"}],"curies":[{"name":"wp","href":"https:\/\/api.w.org\/{rel}","templated":true}]}}