{"id":5447,"date":"2026-02-02T16:48:08","date_gmt":"2026-02-02T08:48:08","guid":{"rendered":"https:\/\/minghanggroup.com\/?post_type=product&#038;p=5447"},"modified":"2026-02-02T17:00:51","modified_gmt":"2026-02-02T09:00:51","slug":"dark-glass-wine-bottles-and-corks-wholesale","status":"publish","type":"product","link":"https:\/\/minghanggroup.com\/de\/produkt\/dark-glass-wine-bottles-and-corks-wholesale\/","title":{"rendered":"Gro\u00dfhandel f\u00fcr 750-ml-Weinflaschen aus dunklem Glas und Korken"},"content":{"rendered":"<p>Sie keltern Wein mit Herzblut \u2013 geben Sie ihm nun ein Gef\u00e4\u00df, das jedem Tropfen gerecht wird. Unsere 750-ml-Weinflasche vereint die klassische Eleganz einer Bordeaux-Weinflasche mit dem Schutz von tiefolivgr\u00fcnem Glas. Zusammen mit hochwertigen Weinflaschen und Korken ist sie der perfekte Begleiter f\u00fcr Ihre Rotweine, Bordeauxweine oder selbstgemachten Weine. Kein R\u00e4tselraten. Nur Sicherheit vom Keller bis ins Regal.<\/p>\n<h2>Produktmerkmale<\/h2>\n<ul>\n<li><strong>Authentisches Bordeaux-Erbe:<\/strong> Diese sanft geschwungenen Flaschenschultern? Sie sind ein Kennzeichen traditioneller Handwerkskunst. Die Flasche ist perfekt auf typische Weinkorken abgestimmt und vermittelt so schon vor dem ersten Schluck einen Hauch von \u201esorgf\u00e4ltig hergestelltem Wein\u201c.<\/li>\n<li><strong>Dunkelbraune Glasflasche:<\/strong> Neben der Tatsache, dass das dunkelbraune Glas die UV-Strahlen effektiv abblockt, ist es bei Burgunder- oder gehaltvollen Bordeaux-Weinen viel besser geeignet als Klarglas, da die Tannine w\u00e4hrend der Reifung oder des Transports leicht dem Sauerstoff ausgesetzt sind und daher einen besseren Schutz ben\u00f6tigen.<\/li>\n<li><strong>Stabiler Standfu\u00df, kein Wackeln:<\/strong> Der verst\u00e4rkte Boden sorgt daf\u00fcr, dass die Flasche problemlos auf verschiedenen Oberfl\u00e4chen wie Regalen, Weinkisten oder Geschenkboxen steht. Die Stabilit\u00e4t Ihrer 750-ml-Weinflasche ist somit gew\u00e4hrleistet, und sie bleibt dort aufrecht stehen, wo sie gebraucht wird.<\/li>\n<\/ul>\n<h2>Wichtigste Spezifikationen<\/h2>\n<table style=\"border-collapse: collapse; width: 80%; margin-left: auto; margin-right: auto;\" border=\"0\" width=\"144\" cellspacing=\"0\" cellpadding=\"0\">\n<tbody>\n<tr style=\"height: 13.50pt;\">\n<td style=\"height: 13.5pt; width: 54pt; text-align: center;\" width=\"72\" height=\"18\">Besonderheit<\/td>\n<td style=\"width: 54pt; text-align: center;\" width=\"72\">Detail<\/td>\n<\/tr>\n<tr style=\"height: 13.50pt;\">\n<td style=\"height: 13.5pt; text-align: center;\" height=\"18\">Fassungsverm\u00f6gen (ml)<\/td>\n<td style=\"text-align: center;\" align=\"right\">750<\/td>\n<\/tr>\n<tr style=\"height: 13.50pt;\">\n<td style=\"height: 13.5pt; text-align: center;\" height=\"18\">Abmessungen (cm)<\/td>\n<td style=\"text-align: center;\">8,5 \u00d7 31<\/td>\n<\/tr>\n<tr style=\"height: 13.50pt;\">\n<td style=\"height: 13.5pt; text-align: center;\" height=\"18\">Hals\u00f6ffnung (cm)<\/td>\n<td style=\"text-align: center;\" align=\"right\">1.8<\/td>\n<\/tr>\n<tr style=\"height: 13.50pt;\">\n<td style=\"height: 13.5pt; text-align: center;\" height=\"18\">Farbe<\/td>\n<td style=\"text-align: center;\">Deep B<span class=\"HwtZe\" lang=\"en\"><span class=\"jCAhz ChMk0b\"><span class=\"ryNqvb\">wir kommen<\/span><\/span><\/span><\/td>\n<\/tr>\n<tr style=\"height: 13.50pt;\">\n<td style=\"height: 13.5pt; text-align: center;\" height=\"18\">Schlie\u00dfungsoptionen<\/td>\n<td style=\"text-align: center;\">Naturkorken, Aluminium-Schraubverschluss, Holzdeckel<\/td>\n<\/tr>\n<tr style=\"height: 13.50pt;\">\n<td style=\"height: 13.5pt; text-align: center;\" height=\"18\">Am besten geeignet f\u00fcr<\/td>\n<td style=\"text-align: center;\">Rotweine, Bordeaux, Hausgemachte Chargen, Spirituosenflaschen<\/td>\n<\/tr>\n<\/tbody>\n<\/table>\n<h2>Erfolgsbeispiel<\/h2>\n<p>Ein kleines Weingut in S\u00fcdeuropa w\u00e4hlte unsere 750-ml-Weinflaschen aus dunklem Glas als Hauptverpackung f\u00fcr seine neue Rotweinlinie im mittleren Preissegment. Um die hohe Qualit\u00e4t des Produkts hervorzuheben, entschied man sich f\u00fcr eine einzigartige Produktdifferenzierung mit gepr\u00e4gtem Design und goldenen Akzenten. Der Flaschenhals ist perfekt auf den Naturkorken abgestimmt und gew\u00e4hrleistet so einen dichten Verschluss und eine sichere Langzeitlagerung.<\/p>\n<p>Bereits drei Monate nach der Markteinf\u00fchrung stieg der Absatz dieses Weins \u00fcber lokale Einzelh\u00e4ndler im Vergleich zum Vorjahr um rund 32 Prozent, und es gelang den Kunden sogar, innerhalb von sechs Monaten nach ihrem ersten Kauf zwei Nachk\u00e4ufe zu t\u00e4tigen.<\/p>\n<h2>Ihre Anpassungstipps<\/h2>\n<ol>\n<li><strong>Optionen f\u00fcr Flaschenverschl\u00fcsse:<\/strong> Die Flaschen\u00f6ffnung und der Korken k\u00f6nnen so gefertigt werden, dass sie zusammenpassen und somit mit Naturkorken oder Verbundkorken dicht verschlossen werden k\u00f6nnen, um ein Auslaufen zu minimieren und eine bessere Langzeitstabilit\u00e4t bei der Lagerung zu gew\u00e4hrleisten.<\/li>\n<li><strong>Gepr\u00e4gte Verzierung:<\/strong> Es erm\u00f6glicht individuelle Pr\u00e4gungen oder Tiefpr\u00e4gungen an bestimmten Stellen des Flaschenk\u00f6rpers, beispielsweise mit dem Logo des Weinguts, Symbolen des Jahrgangs oder dekorativen Linien. Dieser Markenaufdruck ist so markant, dass kein zus\u00e4tzliches Etikett ben\u00f6tigt wird \u2013 ideal f\u00fcr hochwertige, exklusive oder limitierte Editionen.<\/li>\n<li><strong>Oberfl\u00e4chenbehandlung:<\/strong> Es gibt eine Auswahl an hochgl\u00e4nzenden, matten oder leicht mattierten Oberfl\u00e4chen, die dem Benutzer stilistische Variationen bieten, ohne die Flaschenform zu ver\u00e4ndern, sodass die Kunden die verschiedenen Produktlinien leicht erkennen k\u00f6nnen.<\/li>\n<\/ol>","protected":false},"excerpt":{"rendered":"<p>Hochwertige Weinflaschen und Korken, inklusive der klassischen 750-ml-Weinflasche. Direkt vom Hersteller, gleichbleibende Qualit\u00e4t, individuelle Gro\u00dfbestellungen m\u00f6glich und schnelle Lieferung.<\/p>","protected":false},"featured_media":5451,"template":"","meta":{"postBodyCss":"","postBodyMargin":[],"postBodyPadding":[],"postBodyBackground":{"backgroundType":"classic","gradient":""}},"product_brand":[],"product_cat":[15,16,84],"product_tag":[],"class_list":{"0":"post-5447","1":"product","2":"type-product","3":"status-publish","4":"has-post-thumbnail","6":"product_cat-glass-containers","7":"product_cat-glass-bottles","8":"product_cat-wine-bottles","10":"first","11":"instock","12":"shipping-taxable","13":"product-type-simple"},"jetpack_sharing_enabled":true,"_links":{"self":[{"href":"https:\/\/minghanggroup.com\/de\/wp-json\/wp\/v2\/product\/5447","targetHints":{"allow":["GET"]}}],"collection":[{"href":"https:\/\/minghanggroup.com\/de\/wp-json\/wp\/v2\/product"}],"about":[{"href":"https:\/\/minghanggroup.com\/de\/wp-json\/wp\/v2\/types\/product"}],"wp:featuredmedia":[{"embeddable":true,"href":"https:\/\/minghanggroup.com\/de\/wp-json\/wp\/v2\/media\/5451"}],"wp:attachment":[{"href":"https:\/\/minghanggroup.com\/de\/wp-json\/wp\/v2\/media?parent=5447"}],"wp:term":[{"taxonomy":"product_brand","embeddable":true,"href":"https:\/\/minghanggroup.com\/de\/wp-json\/wp\/v2\/product_brand?post=5447"},{"taxonomy":"product_cat","embeddable":true,"href":"https:\/\/minghanggroup.com\/de\/wp-json\/wp\/v2\/product_cat?post=5447"},{"taxonomy":"product_tag","embeddable":true,"href":"https:\/\/minghanggroup.com\/de\/wp-json\/wp\/v2\/product_tag?post=5447"}],"curies":[{"name":"wp","href":"https:\/\/api.w.org\/{rel}","templated":true}]}}