{"id":5437,"date":"2026-02-02T11:03:54","date_gmt":"2026-02-02T03:03:54","guid":{"rendered":"https:\/\/minghanggroup.com\/?post_type=product&#038;p=5437"},"modified":"2026-04-27T14:51:36","modified_gmt":"2026-04-27T06:51:36","slug":"amber-glass-empty-wine-bottles-for-packaging-bulk","status":"publish","type":"product","link":"https:\/\/minghanggroup.com\/de\/produkt\/amber-glass-empty-wine-bottles-for-packaging-bulk\/","title":{"rendered":"750-ml-Leerflaschen aus Braunglas f\u00fcr Weinverpackungen in gro\u00dfen Mengen"},"content":{"rendered":"<p>Die leeren Weinflaschen pr\u00e4sentieren sich im traditionellen Bordeaux-Design aus dunkelolivgr\u00fcnem Glas, das den Wein vor UV-Strahlung sch\u00fctzt. Das Weinlagersystem arbeitet dank seiner Konstruktion, die einen schlanken, geraden Korpus mit einem schmalen Hals und einem tiefen, konkaven Boden kombiniert, \u00e4u\u00dferst effektiv.<\/p>\n<h2>Produktmerkmale<\/h2>\n<ul>\n<li><strong>Traditionelles Bordeaux-Design:<\/strong> Die unverwechselbare, hochschultrige Form der Bordeaux-Flasche ist sofort erkennbar und steht f\u00fcr Qualit\u00e4t und Tradition.<\/li>\n<li><strong>Nat\u00fcrlicher UV-Schutz:<\/strong> Das dunkelgr\u00fcne Glas sch\u00fctzt den Wein vor \u201eLichtsch\u00e4den\u201c und bewahrt seine feinen Aromen.<\/li>\n<li><strong>Strukturelle Festigkeit:<\/strong> Die dicken W\u00e4nde, die hohen Schultern und der tiefe konkave Boden erh\u00f6hen die Stabilit\u00e4t erheblich und bieten so einen wirksamen Schutz f\u00fcr den Transport und die Lagerung des Weins im Keller.<\/li>\n<\/ul>\n<h2>Wichtigste Spezifikationen<\/h2>\n<table style=\"border-collapse: collapse; width: 80%; margin-left: auto; margin-right: auto;\" border=\"0\" width=\"144\" cellspacing=\"0\" cellpadding=\"0\">\n<tbody>\n<tr style=\"height: 13.50pt;\">\n<td style=\"height: 13.5pt; width: 54pt; text-align: center;\" width=\"72\" height=\"18\">Besonderheit<\/td>\n<td style=\"width: 54pt; text-align: center;\" width=\"72\">Detail<\/td>\n<\/tr>\n<tr style=\"height: 13.50pt;\">\n<td style=\"height: 13.5pt; text-align: center;\" height=\"18\">Fassungsverm\u00f6gen (ml)<\/td>\n<td style=\"text-align: center;\" align=\"right\">750<\/td>\n<\/tr>\n<tr style=\"height: 13.50pt;\">\n<td style=\"height: 13.5pt; text-align: center;\" height=\"18\">Abmessungen (cm)<\/td>\n<td style=\"text-align: center;\">7,9 \u00d7 29,8<\/td>\n<\/tr>\n<tr style=\"height: 13.50pt;\">\n<td style=\"height: 13.5pt; text-align: center;\" height=\"18\">Hals\u00f6ffnung (cm)<\/td>\n<td style=\"text-align: center;\">1.8<\/td>\n<\/tr>\n<tr style=\"height: 13.50pt;\">\n<td style=\"height: 13.5pt; text-align: center;\" height=\"18\">Farben<\/td>\n<td style=\"text-align: center;\">Bernstein, Bordeauxgr\u00fcn, Klar, Champagnergr\u00fcn<\/td>\n<\/tr>\n<tr style=\"height: 13.50pt;\">\n<td style=\"height: 13.5pt; text-align: center;\" height=\"18\">Schlie\u00dfungen<\/td>\n<td style=\"text-align: center;\">Naturkork, Aluminium-Schraubverschluss<\/td>\n<\/tr>\n<tr style=\"height: 13.50pt;\">\n<td style=\"height: 13.5pt; text-align: center;\" height=\"18\">Am besten geeignet f\u00fcr<\/td>\n<td style=\"text-align: center;\">Rotweine, Bordeaux, Hausgemachte Weine, Geschenksets<\/td>\n<\/tr>\n<\/tbody>\n<\/table>\n<h2>Erfolgsgeschichte: Ma\u00dfanfertigungen von einem kalifornischen Boutique-Weingut<\/h2>\n<p>Ein junger kalifornischer Pinot-Noir-Produzent w\u00e4hlte Bottle for Wine aus, um Flaschen mit tieferem Boden und bedruckter Schulter herzustellen. Die individuell gestalteten Leerflaschen wurden Teil seiner Markenidentit\u00e4t: Das dunklere Glas reduzierte Lichtsch\u00e4den um 15 %, und die traditionelle Flaschenform lie\u00df seinen Wein wertvoller erscheinen, wodurch sich der Durchschnittspreis um 20 % erh\u00f6hte. Nach dem gro\u00dfen Erfolg mit dem Pinot Noir bestellte er weitere 300.000 Flaschen f\u00fcr seine neuen Jahrg\u00e4nge.<\/p>\n<h2>Vorschl\u00e4ge f\u00fcr individuell gestaltete leere Weinflaschen<\/h2>\n<ul>\n<li>Individuelle Pr\u00e4gung: Bieten Sie eine Pr\u00e4gung auf der Schulter oder dem Boden des Glases mit einem Logo, einem Vintage- oder einem dekorativen Design an, um eine haptisch hochwertige Marke zu schaffen.<\/li>\n<li>Bodentiefe und -gestaltung: Bieten Sie verschiedene Bodengr\u00f6\u00dfen (Standard, vertieft) oder andere Bodenformen (Stern, heraldisch) als Markenmerkmal an.<\/li>\n<li>Individuelle Halsbearbeitung: Bieten Sie neben den Standard-Halsbearbeitungen f\u00fcr Korken auch andere Halsbearbeitungen an, wie z. B. Gewinde f\u00fcr Schraubverschl\u00fcsse oder spezielle Gr\u00f6\u00dfen f\u00fcr T-Korken.<\/li>\n<\/ul>","protected":false},"excerpt":{"rendered":"<p>Hochwertige, leere Weinflaschen mit klassischer Form und dickem Boden. Direkt vom Hersteller, kostenlose Muster, zuverl\u00e4ssige Flaschen f\u00fcr Weinmarken.<\/p>","protected":false},"featured_media":5441,"template":"","meta":{"postBodyCss":"","postBodyMargin":[],"postBodyPadding":[],"postBodyBackground":{"backgroundType":"classic","gradient":""}},"product_brand":[],"product_cat":[15,16,84],"product_tag":[],"class_list":{"0":"post-5437","1":"product","2":"type-product","3":"status-publish","4":"has-post-thumbnail","6":"product_cat-glass-containers","7":"product_cat-glass-bottles","8":"product_cat-wine-bottles","10":"first","11":"instock","12":"shipping-taxable","13":"product-type-simple"},"jetpack_sharing_enabled":true,"_links":{"self":[{"href":"https:\/\/minghanggroup.com\/de\/wp-json\/wp\/v2\/product\/5437","targetHints":{"allow":["GET"]}}],"collection":[{"href":"https:\/\/minghanggroup.com\/de\/wp-json\/wp\/v2\/product"}],"about":[{"href":"https:\/\/minghanggroup.com\/de\/wp-json\/wp\/v2\/types\/product"}],"wp:featuredmedia":[{"embeddable":true,"href":"https:\/\/minghanggroup.com\/de\/wp-json\/wp\/v2\/media\/5441"}],"wp:attachment":[{"href":"https:\/\/minghanggroup.com\/de\/wp-json\/wp\/v2\/media?parent=5437"}],"wp:term":[{"taxonomy":"product_brand","embeddable":true,"href":"https:\/\/minghanggroup.com\/de\/wp-json\/wp\/v2\/product_brand?post=5437"},{"taxonomy":"product_cat","embeddable":true,"href":"https:\/\/minghanggroup.com\/de\/wp-json\/wp\/v2\/product_cat?post=5437"},{"taxonomy":"product_tag","embeddable":true,"href":"https:\/\/minghanggroup.com\/de\/wp-json\/wp\/v2\/product_tag?post=5437"}],"curies":[{"name":"wp","href":"https:\/\/api.w.org\/{rel}","templated":true}]}}