{"id":5422,"date":"2026-01-29T14:56:19","date_gmt":"2026-01-29T06:56:19","guid":{"rendered":"https:\/\/minghanggroup.com\/?post_type=product&#038;p=5422"},"modified":"2026-01-29T15:13:08","modified_gmt":"2026-01-29T07:13:08","slug":"small-star-shaped-luxury-candle-vessels-wholesale","status":"publish","type":"product","link":"https:\/\/minghanggroup.com\/de\/produkt\/small-star-shaped-luxury-candle-vessels-wholesale\/","title":{"rendered":"Gro\u00dfhandel f\u00fcr kleine, sternf\u00f6rmige Luxus-Kerzengef\u00e4\u00dfe (80 ml)"},"content":{"rendered":"<p>Diese luxuri\u00f6sen Kerzengef\u00e4\u00dfe haben die Form eines f\u00fcnfzackigen Sterns in dreidimensionaler Gestalt mit kantigen Ecken und einer au\u00dfergew\u00f6hnlich klaren Form. Die gesamte Oberfl\u00e4che ist mit einer feinen, vertikalen Textur versehen, die im Licht glitzert.<\/p>\n<h2>Produktmerkmale<\/h2>\n<ul>\n<li><strong>Dreidimensionales f\u00fcnfzackiges Sterndesign:<\/strong> Die scharf umrissene Sternform ist sehr einpr\u00e4gsam und wird als dekoratives Element bei festlichen Anl\u00e4ssen oder Themenveranstaltungen eingesetzt.<\/li>\n<li><strong>Feine vertikale Textur:<\/strong> Die wundersch\u00f6ne Oberfl\u00e4chenstruktur bringt die herrlichen Licht- und Schatteneffekte und den gl\u00e4nzenden Schimmer der Oberfl\u00e4che optimal zur Geltung und verleiht ihr ein luxuri\u00f6ses Aussehen.<\/li>\n<li><strong>Multifunktionale dekorative Wirkung:<\/strong> Die besondere Sternform kann f\u00fcr jede Art von Dekoration verwendet werden: festlich, heiter und dezent luxuri\u00f6s.<\/li>\n<\/ul>\n<h2 style=\"text-align: left;\">Wichtigste Spezifikationen<\/h2>\n<table class=\"aligncenter\" style=\"border-collapse: collapse; width: 432.77pt;\" border=\"0\" width=\"577\" cellspacing=\"0\" cellpadding=\"0\">\n<tbody>\n<tr style=\"height: 13.50pt;\">\n<td style=\"height: 13.50pt; width: 120.75pt;\" width=\"161\" height=\"18\">Specification<\/td>\n<td style=\"width: 312.00pt;\" width=\"416\">Details<\/td>\n<\/tr>\n<tr style=\"height: 13.50pt;\">\n<td style=\"height: 13.50pt;\" height=\"18\">Kapazit\u00e4t<\/td>\n<td>80 ml<\/td>\n<\/tr>\n<tr style=\"height: 13.50pt;\">\n<td style=\"height: 13.50pt;\" height=\"18\">Abmessungen<\/td>\n<td>85\u00d780\u00d740mm<\/td>\n<\/tr>\n<tr style=\"height: 13.50pt;\">\n<td style=\"height: 13.50pt;\" height=\"18\">Material<\/td>\n<td>Klarglas<\/td>\n<\/tr>\n<tr style=\"height: 13.50pt;\">\n<td style=\"height: 13.50pt;\" height=\"18\">Glasform<\/td>\n<td>3D F\u00fcnfzackiger Stern<\/td>\n<\/tr>\n<tr style=\"height: 13.50pt;\">\n<td style=\"height: 13.50pt;\" height=\"18\">Anpassungsumfang<\/td>\n<td>Farbe, Form, Gr\u00f6\u00dfe, Oberfl\u00e4che<\/td>\n<\/tr>\n<tr style=\"height: 13.50pt;\">\n<td style=\"height: 13.50pt;\" height=\"18\">Handwerkskunst<\/td>\n<td>Pr\u00e4zisions-Pressglasformung f\u00fcr komplexe 3D-Formen<\/td>\n<\/tr>\n<tr style=\"height: 13.50pt;\">\n<td style=\"height: 13.50pt;\" height=\"18\">Produktzweck<\/td>\n<td>Gro\u00dfpackungen f\u00fcr Kerzengl\u00e4ser, hochwertige Wohnaccessoires<\/td>\n<\/tr>\n<tr style=\"height: 13.50pt;\">\n<td style=\"height: 13.50pt;\" height=\"18\">Geeignete Branchen<\/td>\n<td>Luxuskerzenmarken, hochwertige Dekoration<\/td>\n<\/tr>\n<\/tbody>\n<\/table>\n<h2>Erfolgsgeschichte: Holiday Collection in einer Luxushotelgruppe<\/h2>\n<p>Eine der f\u00fchrenden europ\u00e4ischen Hotelketten beauftragte uns mit der Anfertigung unserer sternf\u00f6rmigen Luxus-Kerzengef\u00e4\u00dfe f\u00fcr die G\u00e4stezimmer und die Lobby. Zun\u00e4chst wurden 25.000 St\u00fcck bestellt, die Ecken der Kerzenst\u00e4nder wurden mit 24-kar\u00e4tigem Gold veredelt. Ihre Einzigartigkeit pr\u00e4gte das Hoteldesign und ist in \u00fcber 15.000 Social-Media-Posts der G\u00e4ste zu sehen. Dank dieser formsch\u00f6nen Gef\u00e4\u00dfe verdoppelte sich der Absatz der Spa-Geschenksets des Hotels. Die Hotelkette war sehr zufrieden und bestellte sp\u00e4ter weitere 500.000 Kerzengef\u00e4\u00dfe f\u00fcr f\u00fcnf Jahre. Geplant war au\u00dferdem die Einf\u00fchrung einer Einzelhandelsserie.<\/p>\n<h2>Gro\u00dfpackungen Gl\u00e4ser f\u00fcr Kerzen nach Ma\u00df<\/h2>\n<ul>\n<li>Regenbogen- oder Aurora-Beschichtung: Die Beschichtung besteht aus einem auf das Glas aufgetragenen Film, der seine Farbe \u00e4ndert und so den magischen Regenbogeneffekt erzeugt.<\/li>\n<li>Gepunktete Goldplattierung \/ Mattierung: Nur die Spitzen des Sterns sind mit Gold oder Mattierung \u00fcberzogen, um den Effekt von Sternenlicht zu erzielen.<\/li>\n<li>Gepr\u00e4gtes Sternbildmuster: Auf einer Seite des Sterns sind winzige, erhabene Sternbildmuster eingepr\u00e4gt.<\/li>\n<\/ul>","protected":false},"excerpt":{"rendered":"<p>Sternf\u00f6rmige Gro\u00dfbeh\u00e4lter f\u00fcr Kerzen mit edler, vertikaler Rippenstruktur. Die luxuri\u00f6sen Kerzengef\u00e4\u00dfe erm\u00f6glichen die individuelle Anpassung an OEM-Anforderungen hinsichtlich Gr\u00f6\u00dfe, Verpackung und Eigenmarken.<\/p>","protected":false},"featured_media":5423,"template":"","meta":{"postBodyCss":"","postBodyMargin":[],"postBodyPadding":[],"postBodyBackground":{"backgroundType":"classic","gradient":""}},"product_brand":[],"product_cat":[15,82,17],"product_tag":[],"class_list":{"0":"post-5422","1":"product","2":"type-product","3":"status-publish","4":"has-post-thumbnail","6":"product_cat-glass-containers","7":"product_cat-candle-jars","8":"product_cat-glass-jars","10":"first","11":"instock","12":"shipping-taxable","13":"product-type-simple"},"jetpack_sharing_enabled":true,"_links":{"self":[{"href":"https:\/\/minghanggroup.com\/de\/wp-json\/wp\/v2\/product\/5422","targetHints":{"allow":["GET"]}}],"collection":[{"href":"https:\/\/minghanggroup.com\/de\/wp-json\/wp\/v2\/product"}],"about":[{"href":"https:\/\/minghanggroup.com\/de\/wp-json\/wp\/v2\/types\/product"}],"wp:featuredmedia":[{"embeddable":true,"href":"https:\/\/minghanggroup.com\/de\/wp-json\/wp\/v2\/media\/5423"}],"wp:attachment":[{"href":"https:\/\/minghanggroup.com\/de\/wp-json\/wp\/v2\/media?parent=5422"}],"wp:term":[{"taxonomy":"product_brand","embeddable":true,"href":"https:\/\/minghanggroup.com\/de\/wp-json\/wp\/v2\/product_brand?post=5422"},{"taxonomy":"product_cat","embeddable":true,"href":"https:\/\/minghanggroup.com\/de\/wp-json\/wp\/v2\/product_cat?post=5422"},{"taxonomy":"product_tag","embeddable":true,"href":"https:\/\/minghanggroup.com\/de\/wp-json\/wp\/v2\/product_tag?post=5422"}],"curies":[{"name":"wp","href":"https:\/\/api.w.org\/{rel}","templated":true}]}}