{"id":5412,"date":"2026-01-29T16:25:26","date_gmt":"2026-01-29T08:25:26","guid":{"rendered":"https:\/\/minghanggroup.com\/?post_type=product&#038;p=5412"},"modified":"2026-01-29T16:32:28","modified_gmt":"2026-01-29T08:32:28","slug":"clear-glass-candle-holders-for-decorate-bulk","status":"publish","type":"product","link":"https:\/\/minghanggroup.com\/de\/produkt\/clear-glass-candle-holders-for-decorate-bulk\/","title":{"rendered":"Kerzenhalter aus Klarglas zur Dekoration (Gro\u00dfpackung)"},"content":{"rendered":"<p>Sie brauchen Kerzenhalter aus Klarglas, die bewusst gestaltet sind \u2013 nicht wie ein nachtr\u00e4glicher Einfall. Deshalb haben wir diese elegante, f\u00fcr Spitzkerzen geeignete Form entworfen: breiter Fu\u00df, sanft zulaufende Taille und kristallklare Optik, die das Kerzenlicht in sanft tanzende Schatten verwandelt. Als Ihr direkter Hersteller von Glasverpackungen machen wir die Bestellung von Glaskerzenhaltern in gro\u00dfen Mengen f\u00fcr Hochzeiten, Einzelhandelsgesch\u00e4fte oder Gro\u00dfhandels-Kerzenlinien, die Wert auf Eleganz und Charakter legen, kinderleicht.<\/p>\n<h2>Produktmerkmale<\/h2>\n<ul>\n<li><strong>Stabile, symmetrische Silhouette:<\/strong> Durch die Verbreiterung des Fu\u00dfes und die Verj\u00fcngung der Taille entsteht eine Kerze, die nicht umkippt. Ihre Spitzkerze steht immer mittig und sicher auf jeder Oberfl\u00e4che.<\/li>\n<li><strong>Licht, durch Klarheit:<\/strong> Hochwertiges, klares Glas bricht das Flammenlicht zu einem warmen Schein. Es entsteht keine Verzerrung \u2013 nur reines, stimmungsvolles Licht f\u00fcr Esstische oder Altardekorationen.<\/li>\n<li><strong>Pr\u00e4zisions-Kegelpassung:<\/strong> Ein mittig platziertes Kerzenloch h\u00e4lt handels\u00fcbliche Spitzkerzen sicher. Kein Wackeln. Keine Verschmutzung. Nur sauberes und sicheres Abbrennen.<\/li>\n<\/ul>\n<h2>Wichtigste Spezifikationen<\/h2>\n<table style=\"border-collapse: collapse; width: 80%; margin-left: auto; margin-right: auto;\" border=\"0\" width=\"144\" cellspacing=\"0\" cellpadding=\"0\">\n<tbody>\n<tr style=\"height: 13.50pt;\">\n<td style=\"height: 13.5pt; width: 54pt; text-align: center;\" width=\"72\" height=\"18\">Besonderheit<\/td>\n<td style=\"width: 54pt; text-align: center;\" width=\"72\">Specification<\/td>\n<\/tr>\n<tr style=\"height: 13.50pt;\">\n<td style=\"height: 13.5pt; text-align: center;\" height=\"18\">Abmessungen<\/td>\n<td style=\"text-align: center;\">42 \u00d7 53 \u00d7 56 mm<\/td>\n<\/tr>\n<tr style=\"height: 13.50pt;\">\n<td style=\"height: 13.5pt; text-align: center;\" height=\"18\">Farbe<\/td>\n<td style=\"text-align: center;\">Klar oder benutzerdefiniert<\/td>\n<\/tr>\n<tr style=\"height: 13.50pt;\">\n<td style=\"height: 13.5pt; text-align: center;\" height=\"18\">Kerzenart<\/td>\n<td style=\"text-align: center;\">Standard-Spitzkerzen<\/td>\n<\/tr>\n<tr style=\"height: 13.50pt;\">\n<td style=\"height: 13.5pt; text-align: center;\" height=\"18\">Material<\/td>\n<td style=\"text-align: center;\">Kristallglas<\/td>\n<\/tr>\n<\/tbody>\n<\/table>\n<h2>Erfolgsbeispiel<\/h2>\n<p>Eine europ\u00e4ische Marke f\u00fcr Wohnaccessoires suchte nach passenden Kerzenhaltern f\u00fcr ihre exklusiven Kollektionen f\u00fcr Esstische und Hochzeitsdekorationen und entschied sich, diesen Kerzenhalter aus Klarglas als Ausgangspunkt f\u00fcr ein individuelles Design zu verwenden. Der Kunde, dessen Markenpositionierung dem \u201eminimalistischen Luxus\u201c entspricht, w\u00e4hlte eine Oberfl\u00e4chenbehandlung mit teilmattem Sandstrahlen und hochgl\u00e4nzendem Polierfinish. Dadurch bleibt der kristallklare Effekt erhalten, w\u00e4hrend gleichzeitig die Griffigkeit verbessert und ein Verrutschen verhindert wird.<\/p>\n<p>F\u00fcr die Verpackung fertigte das Werk sto\u00dffeste Einzeleins\u00e4tze und einen markeneigenen, goldfarbenen Umkarton nach Kundenspezifikation an. Nach der Markteinf\u00fchrung fand der individuell gestaltete Kerzenhalter gro\u00dfen Anklang in Restaurants, Hochzeitslocations und Schaufensterdekorationen zur Weihnachtszeit, was zu einem Nutzungsanstieg von 57 % f\u00fchrte. Der Kunde bestellte innerhalb von drei Quartalen zwei weitere Male.<\/p>\n<h2>Ihre Anpassungstipps<\/h2>\n<ol>\n<li><strong>Oberfl\u00e4chenkombinationen:<\/strong> Es ist m\u00f6glich, eine glatte, hochgl\u00e4nzende Politur, eine vollst\u00e4ndig matte Sandstrahlung oder eine Mischung aus beidem zu erzielen, wobei einige Bereiche mattiert und andere facettiert strukturiert sind. Dies verleiht dem Produkt ein dreidimensionaleres und besonderes Aussehen.<\/li>\n<li><strong>Farb- und Nachbearbeitungsoptionen:<\/strong> Neben der klaren Variante sind auch rauchgraues, bernsteinfarbenes oder farbverlaufendes Glas erh\u00e4ltlich. Zus\u00e4tzlich besteht die M\u00f6glichkeit, die Kanten galvanisch zu veredeln oder goldene Akzente hinzuzuf\u00fcgen, um das Schmuckst\u00fcck noch weiter zu versch\u00f6nern.<\/li>\n<li><strong>Branding-Details:<\/strong> Sie k\u00f6nnen ein Logo, eine Skalenmarkierung oder eine Seriennummer auf die Unterseite des Produkts einpr\u00e4gen lassen oder dies mit einer individuell gestalteten Geschenkbox und einem sto\u00dffesten Einsatz kombinieren, um die Exklusivit\u00e4t der Marke und die Pr\u00e4sentation im Einzelhandel zu verbessern.<\/li>\n<\/ol>","protected":false},"excerpt":{"rendered":"<p>Klarglas-Kerzenhalter direkt vom Hersteller f\u00fcr Marken und Gro\u00dfh\u00e4ndler. Kerzenhalter aus Glas in gro\u00dfen Mengen mit individueller Chargenanpassung, zuverl\u00e4ssiger Versorgung und schneller Lieferung.<\/p>","protected":false},"featured_media":5421,"template":"","meta":{"postBodyCss":"","postBodyMargin":[],"postBodyPadding":[],"postBodyBackground":{"backgroundType":"classic","gradient":""}},"product_brand":[],"product_cat":[15,82,17],"product_tag":[],"class_list":{"0":"post-5412","1":"product","2":"type-product","3":"status-publish","4":"has-post-thumbnail","6":"product_cat-glass-containers","7":"product_cat-candle-jars","8":"product_cat-glass-jars","10":"first","11":"instock","12":"shipping-taxable","13":"product-type-simple"},"jetpack_sharing_enabled":true,"_links":{"self":[{"href":"https:\/\/minghanggroup.com\/de\/wp-json\/wp\/v2\/product\/5412","targetHints":{"allow":["GET"]}}],"collection":[{"href":"https:\/\/minghanggroup.com\/de\/wp-json\/wp\/v2\/product"}],"about":[{"href":"https:\/\/minghanggroup.com\/de\/wp-json\/wp\/v2\/types\/product"}],"wp:featuredmedia":[{"embeddable":true,"href":"https:\/\/minghanggroup.com\/de\/wp-json\/wp\/v2\/media\/5421"}],"wp:attachment":[{"href":"https:\/\/minghanggroup.com\/de\/wp-json\/wp\/v2\/media?parent=5412"}],"wp:term":[{"taxonomy":"product_brand","embeddable":true,"href":"https:\/\/minghanggroup.com\/de\/wp-json\/wp\/v2\/product_brand?post=5412"},{"taxonomy":"product_cat","embeddable":true,"href":"https:\/\/minghanggroup.com\/de\/wp-json\/wp\/v2\/product_cat?post=5412"},{"taxonomy":"product_tag","embeddable":true,"href":"https:\/\/minghanggroup.com\/de\/wp-json\/wp\/v2\/product_tag?post=5412"}],"curies":[{"name":"wp","href":"https:\/\/api.w.org\/{rel}","templated":true}]}}