{"id":5411,"date":"2026-01-29T13:10:17","date_gmt":"2026-01-29T05:10:17","guid":{"rendered":"https:\/\/minghanggroup.com\/?post_type=product&#038;p=5411"},"modified":"2026-03-02T13:57:46","modified_gmt":"2026-03-02T05:57:46","slug":"glass-candle-vessels-for-tealights-wholesale","status":"publish","type":"product","link":"https:\/\/minghanggroup.com\/de\/produkt\/glass-candle-vessels-for-tealights-wholesale\/","title":{"rendered":"50 ml, 210 ml, 220 ml Glasgef\u00e4\u00dfe f\u00fcr Teelichter (Gro\u00dfhandel)"},"content":{"rendered":"<p>Ein glattes, niedriges und breites Kerzengef\u00e4\u00df aus Glas mit zylindrischer Form, abgerundeten Kanten und einem stabilen Boden bietet einen ger\u00e4umigen und geeigneten Platz f\u00fcr kleine Kerzen oder Teelichter.<\/p>\n<h2>Produktmerkmale<\/h2>\n<ul>\n<li><strong>Base:<\/strong> Der Sockel ist einzigartig und verst\u00e4rkt, um hervorragende Stabilit\u00e4t sowie ein hochwertiges und erstklassiges Gef\u00fchl zu bieten.<\/li>\n<li><strong>Niedrige und breite zylindrische Form:<\/strong> Die niedrige und breite zylindrische Form bietet nicht nur ein hohes Ma\u00df an Stabilit\u00e4t, sondern spart auch Platz und hat ein gro\u00dfes Fassungsverm\u00f6gen f\u00fcr viel Wachs.<\/li>\n<li><strong>Drei praktische Gr\u00f6\u00dfen:<\/strong> Gr\u00f6\u00dfen f\u00fcr viele verschiedene Bed\u00fcrfnisse, von kleinen Teelichtern\/Geschenken bis hin zu gro\u00dfen Wohnzimmerkerzen.<\/li>\n<\/ul>\n<h2 style=\"text-align: left;\">Wichtigste Spezifikationen<\/h2>\n<table class=\"aligncenter\" style=\"border-collapse: collapse; width: 419.27pt;\" border=\"0\" width=\"559\" cellspacing=\"0\" cellpadding=\"0\">\n<tbody>\n<tr style=\"height: 13.50pt;\">\n<td style=\"height: 13.50pt; width: 120.75pt;\" width=\"161\" height=\"18\">Specification<\/td>\n<td style=\"width: 298.50pt;\" width=\"398\">Details<\/td>\n<\/tr>\n<tr style=\"height: 13.50pt;\">\n<td style=\"height: 13.50pt;\" height=\"18\">Kapazit\u00e4t<\/td>\n<td>50 ml \/ 210 ml \/ 220 ml<\/td>\n<\/tr>\n<tr style=\"height: 13.50pt;\">\n<td style=\"height: 13.50pt;\" height=\"18\">Abmessungen<\/td>\n<td>54\u00d750\u00d752 mm \/ 73\u00d767\u00d780 mm \/ 70\u00d765\u00d780 mm<\/td>\n<\/tr>\n<tr style=\"height: 13.50pt;\">\n<td style=\"height: 13.50pt;\" height=\"18\">Material<\/td>\n<td>Klarglas<\/td>\n<\/tr>\n<tr style=\"height: 13.50pt;\">\n<td style=\"height: 13.50pt;\" height=\"18\">Glasform<\/td>\n<td>Kurzer, breiter Zylinder<\/td>\n<\/tr>\n<tr style=\"height: 13.50pt;\">\n<td style=\"height: 13.50pt;\" height=\"18\">Anpassungsumfang<\/td>\n<td>Farbe, Gr\u00f6\u00dfe, Deckel, H\u00f6he<\/td>\n<\/tr>\n<tr style=\"height: 13.50pt;\">\n<td style=\"height: 13.50pt;\" height=\"18\">Handwerkskunst<\/td>\n<td>Pr\u00e4zisionsglasformung<\/td>\n<\/tr>\n<tr style=\"height: 13.50pt;\">\n<td style=\"height: 13.50pt;\" height=\"18\">Produktzweck<\/td>\n<td>Langlebige Kerzenbeh\u00e4lter, Kerzengef\u00e4\u00dfe im Gro\u00dfhandel<\/td>\n<\/tr>\n<tr style=\"height: 13.50pt;\">\n<td style=\"height: 13.50pt;\" height=\"18\">Geeignete Branchen<\/td>\n<td>Kerzenhersteller, Masseneinzelh\u00e4ndler<\/td>\n<\/tr>\n<\/tbody>\n<\/table>\n<h2>Erfolgsgeschichte<\/h2>\n<p>Ein russisches Haushaltswarengesch\u00e4ft bestellte unseren 220-ml-Kerzenbeh\u00e4lter mit dickwandigem Boden, der mit einer rauchgrauen Beschichtung und einem individuell gestalteten Etikett im Retro-Stil versehen wurde. Dies lag vor allem an der hervorragenden Stabilit\u00e4t des Beh\u00e4lters, die in 40 % der positiven Bewertungen als gr\u00f6\u00dftes Verkaufsargument genannt wurde. Das Fassungsverm\u00f6gen von 220 ml erm\u00f6glicht eine Brenndauer von bis zu 80 Stunden, was zu einer hohen Wiederkaufsrate beitr\u00e4gt. Das Gesch\u00e4ft war \u00e4u\u00dferst zufrieden und bestellte weitere 800.000 St\u00fcck f\u00fcr seine landesweite Werbekampagne.<\/p>\n<h2>Anpassung der Kerzengef\u00e4\u00dfe im Gro\u00dfhandel<\/h2>\n<ul>\n<li>Opakes oder farbiges Glas: Es kann in reinwei\u00dfem\/schwarzem opakem Glas oder in transparenten Farben, z. B. Bernstein und Rauchgrau, hergestellt werden.<\/li>\n<li>Vollfl\u00e4chiger Siebdruck: Rundumdruck von Mustern oder Designs mit geraden Kanten (360 Grad).<\/li>\n<li>Rutschfeste Ringe: Um eine optimale Rutschfestigkeit zu gew\u00e4hrleisten, werden Ringe aus geschmolzenem Silikon oder Gummi in die Unterseite integriert.<\/li>\n<\/ul>","protected":false},"excerpt":{"rendered":"<p>Kurze, transparente Kerzengef\u00e4\u00dfe aus glattem Glas mit dickem Boden. Direkt vom Hersteller: Kerzengef\u00e4\u00dfe f\u00fcr Aromatherapie und Tischdekoration im Gro\u00dfhandel. Schneller Versand.<\/p>","protected":false},"featured_media":5416,"template":"","meta":{"postBodyCss":"","postBodyMargin":[],"postBodyPadding":[],"postBodyBackground":{"backgroundType":"classic","gradient":""}},"product_brand":[],"product_cat":[15,82,17],"product_tag":[97,96],"class_list":{"0":"post-5411","1":"product","2":"type-product","3":"status-publish","4":"has-post-thumbnail","6":"product_cat-glass-containers","7":"product_cat-candle-jars","8":"product_cat-glass-jars","9":"product_tag-rocks-glass","10":"product_tag-whiskey-tumblers","12":"first","13":"instock","14":"shipping-taxable","15":"product-type-simple"},"jetpack_sharing_enabled":true,"_links":{"self":[{"href":"https:\/\/minghanggroup.com\/de\/wp-json\/wp\/v2\/product\/5411","targetHints":{"allow":["GET"]}}],"collection":[{"href":"https:\/\/minghanggroup.com\/de\/wp-json\/wp\/v2\/product"}],"about":[{"href":"https:\/\/minghanggroup.com\/de\/wp-json\/wp\/v2\/types\/product"}],"wp:featuredmedia":[{"embeddable":true,"href":"https:\/\/minghanggroup.com\/de\/wp-json\/wp\/v2\/media\/5416"}],"wp:attachment":[{"href":"https:\/\/minghanggroup.com\/de\/wp-json\/wp\/v2\/media?parent=5411"}],"wp:term":[{"taxonomy":"product_brand","embeddable":true,"href":"https:\/\/minghanggroup.com\/de\/wp-json\/wp\/v2\/product_brand?post=5411"},{"taxonomy":"product_cat","embeddable":true,"href":"https:\/\/minghanggroup.com\/de\/wp-json\/wp\/v2\/product_cat?post=5411"},{"taxonomy":"product_tag","embeddable":true,"href":"https:\/\/minghanggroup.com\/de\/wp-json\/wp\/v2\/product_tag?post=5411"}],"curies":[{"name":"wp","href":"https:\/\/api.w.org\/{rel}","templated":true}]}}