{"id":5401,"date":"2026-01-29T11:02:19","date_gmt":"2026-01-29T03:02:19","guid":{"rendered":"https:\/\/minghanggroup.com\/?post_type=product&#038;p=5401"},"modified":"2026-03-02T13:55:41","modified_gmt":"2026-03-02T05:55:41","slug":"glass-large-candle-vessels-with-thick-base-wholesale","status":"publish","type":"product","link":"https:\/\/minghanggroup.com\/de\/produkt\/glass-large-candle-vessels-with-thick-base-wholesale\/","title":{"rendered":"Gro\u00dfe Glas-Kerzengef\u00e4\u00dfe mit dickem Boden (200 ml \u2013 620 ml) \u2013 Gro\u00dfhandel"},"content":{"rendered":"<p>Diese gro\u00dfen Kerzengef\u00e4\u00dfe haben einen zylindrischen Korpus mit abgerundetem Design und einen dicken Boden, der f\u00fcr Stabilit\u00e4t und Langlebigkeit sorgt. Sie sind in sechs Gr\u00f6\u00dfen erh\u00e4ltlich.<\/p>\n<h2>Produktmerkmale<\/h2>\n<ul>\n<li><strong>Raffiniertes und weiches zylindrisches Design:<\/strong> Die innere Kurve ist weich und sanft und verleiht der traditionellen Zylinderform ein gewisses Ma\u00df an Eleganz und Raffinesse.<\/li>\n<li><strong>6 Gr\u00f6\u00dfen zur Auswahl:<\/strong> Dank der Vielfalt an Gr\u00f6\u00dfen findet man sowohl die perfekte Kerze \u2013 klein und elegant als auch ein echter Hingucker.<\/li>\n<li><strong>Robuster und stabiler runder Sockel:<\/strong> Der Sockel ist rund und dickwandig gestaltet, um allen Kerzen jeder Gr\u00f6\u00dfe einen sicheren Stand zu gew\u00e4hrleisten und ein Umkippen zu verhindern.<\/li>\n<\/ul>\n<h2 style=\"text-align: left;\">Wichtigste Spezifikationen<\/h2>\n<table class=\"aligncenter\" style=\"border-collapse: collapse; width: 659.27pt;\" border=\"0\" width=\"879\" cellspacing=\"0\" cellpadding=\"0\">\n<tbody>\n<tr style=\"height: 13.50pt;\">\n<td style=\"height: 13.50pt; width: 120.75pt;\" width=\"161\" height=\"18\">Specification<\/td>\n<td style=\"width: 538.50pt;\" width=\"718\">Details<\/td>\n<\/tr>\n<tr style=\"height: 13.50pt;\">\n<td style=\"height: 13.50pt;\" height=\"18\">Kapazit\u00e4t<\/td>\n<td>200 ml \/ 245 ml \/ 295 ml \/ 390 ml \/ 500 ml \/ 620 ml<\/td>\n<\/tr>\n<tr style=\"height: 13.50pt;\">\n<td style=\"height: 13.50pt;\" height=\"18\">Abmessungen<\/td>\n<td>71\u00d747\u00d782 mm \/ 75\u00d775\u00d785 mm \/ 80\u00d775\u00d790 mm \/ 88\u00d783\u00d7100 mm \/ 100\u00d795\u00d7100 mm \/ 100\u00d792\u00d7125 mm<\/td>\n<\/tr>\n<tr style=\"height: 13.50pt;\">\n<td style=\"height: 13.50pt;\" height=\"18\">Material<\/td>\n<td>Klarglas<\/td>\n<\/tr>\n<tr style=\"height: 13.50pt;\">\n<td style=\"height: 13.50pt;\" height=\"18\">Glasform<\/td>\n<td>Gerader Zylinder<\/td>\n<\/tr>\n<tr style=\"height: 13.50pt;\">\n<td style=\"height: 13.50pt;\" height=\"18\">Anpassungsumfang<\/td>\n<td>Farbe, Ausf\u00fchrung, Gr\u00f6\u00dfe, Form<\/td>\n<\/tr>\n<tr style=\"height: 13.50pt;\">\n<td style=\"height: 13.50pt;\" height=\"18\">Handwerkskunst<\/td>\n<td>Pr\u00e4zisionsglasformung<\/td>\n<\/tr>\n<tr style=\"height: 13.50pt;\">\n<td style=\"height: 13.50pt;\" height=\"18\">Produktzweck<\/td>\n<td>Gro\u00dfhandel mit Glasgef\u00e4\u00dfen f\u00fcr Kerzen, Duftkerzengl\u00e4sern<\/td>\n<\/tr>\n<tr style=\"height: 13.50pt;\">\n<td style=\"height: 13.50pt;\" height=\"18\">Geeignete Branchen<\/td>\n<td>Kerzenhersteller, Lieferanten von Wohnaccessoires<\/td>\n<\/tr>\n<\/tbody>\n<\/table>\n<h2>Erfolgsgeschichte<\/h2>\n<p>Ein bedeutender Kerzenhersteller im Mittleren Westen bestellte unsere gro\u00dfformatigen Kerzengl\u00e4ser mit einer speziellen, leicht mattierten Oberfl\u00e4che. Das einheitliche Erscheinungsbild sorgte f\u00fcr ein ansprechendes und harmonisches Erscheinungsbild im Regal, was im ersten Quartal zu einem Umsatzwachstum von 35 Prozent f\u00fchrte. Dank des verdickten Bodens der Gl\u00e4ser konnten die Transportverluste um 60 Prozent reduziert werden. Der Hersteller war sehr zufrieden und bestellte weitere 1,2 Millionen Gl\u00e4ser. Der Liefervertrag mit einem gro\u00dfen Einzelh\u00e4ndler auf dem Land lief \u00fcber zwei Jahre.<\/p>\n<h2>Gro\u00dfhandel mit individuell gestaltbaren Glasgef\u00e4\u00dfen f\u00fcr Kerzen<\/h2>\n<ul>\n<li>Farbverlauf: Die kleinsten Gl\u00e4ser haben eine helle Farbe, je gr\u00f6\u00dfer das Glas ist, desto dunkler ist die verwendete Farbe.<\/li>\n<li>Kapazit\u00e4tsangaben im Siebdruckverfahren: Die Kapazit\u00e4t wird in einer ansprechenden Schriftart auf die Etiketten der einzelnen Gl\u00e4ser gedruckt, damit die Kunden sie leicht lesen und die Kapazit\u00e4t problemlos erkennen k\u00f6nnen.<\/li>\n<li>Matt und gl\u00e4nzend: Gl\u00e4ser k\u00f6nnen au\u00dfen matt und innen gl\u00e4nzend oder innen gl\u00e4nzend sein.<\/li>\n<li>Metallischer Bodenring: Hierbei handelt es sich lediglich um eine Verzierung, die durch Anbringen eines metallischen Bodenrings am Glas entsteht.<\/li>\n<\/ul>","protected":false},"excerpt":{"rendered":"<p>Robuste, gerade Glasgef\u00e4\u00dfe mit dickem Boden f\u00fcr die Kerzenherstellung. OEM-Service f\u00fcr gro\u00dfe Kerzengef\u00e4\u00dfe und Glasgef\u00e4\u00dfe f\u00fcr Kerzen im Gro\u00dfhandel verf\u00fcgbar.<\/p>","protected":false},"featured_media":5408,"template":"","meta":{"postBodyCss":"","postBodyMargin":[],"postBodyPadding":[],"postBodyBackground":{"backgroundType":"classic","gradient":""}},"product_brand":[],"product_cat":[15,82,17],"product_tag":[96],"class_list":{"0":"post-5401","1":"product","2":"type-product","3":"status-publish","4":"has-post-thumbnail","6":"product_cat-glass-containers","7":"product_cat-candle-jars","8":"product_cat-glass-jars","9":"product_tag-whiskey-tumblers","11":"first","12":"instock","13":"shipping-taxable","14":"product-type-simple"},"jetpack_sharing_enabled":true,"_links":{"self":[{"href":"https:\/\/minghanggroup.com\/de\/wp-json\/wp\/v2\/product\/5401","targetHints":{"allow":["GET"]}}],"collection":[{"href":"https:\/\/minghanggroup.com\/de\/wp-json\/wp\/v2\/product"}],"about":[{"href":"https:\/\/minghanggroup.com\/de\/wp-json\/wp\/v2\/types\/product"}],"wp:featuredmedia":[{"embeddable":true,"href":"https:\/\/minghanggroup.com\/de\/wp-json\/wp\/v2\/media\/5408"}],"wp:attachment":[{"href":"https:\/\/minghanggroup.com\/de\/wp-json\/wp\/v2\/media?parent=5401"}],"wp:term":[{"taxonomy":"product_brand","embeddable":true,"href":"https:\/\/minghanggroup.com\/de\/wp-json\/wp\/v2\/product_brand?post=5401"},{"taxonomy":"product_cat","embeddable":true,"href":"https:\/\/minghanggroup.com\/de\/wp-json\/wp\/v2\/product_cat?post=5401"},{"taxonomy":"product_tag","embeddable":true,"href":"https:\/\/minghanggroup.com\/de\/wp-json\/wp\/v2\/product_tag?post=5401"}],"curies":[{"name":"wp","href":"https:\/\/api.w.org\/{rel}","templated":true}]}}