{"id":5392,"date":"2026-01-29T16:14:27","date_gmt":"2026-01-29T08:14:27","guid":{"rendered":"https:\/\/minghanggroup.com\/?post_type=product&#038;p=5392"},"modified":"2026-03-02T13:57:59","modified_gmt":"2026-03-02T05:57:59","slug":"clear-glass-candle-vessels-with-lids-for-packaging-bulk","status":"publish","type":"product","link":"https:\/\/minghanggroup.com\/de\/produkt\/clear-glass-candle-vessels-with-lids-for-packaging-bulk\/","title":{"rendered":"140 ml \u2013 255 ml Klarglas-Kerzenbeh\u00e4lter mit Deckel f\u00fcr die Gro\u00dfpackung"},"content":{"rendered":"<p>Sie ben\u00f6tigen Glasgef\u00e4\u00dfe mit Deckel, die Ihr Produkt sch\u00fctzen und das Auspacken zu einem besonderen Erlebnis machen. Deshalb haben wir diese nahtlose Serie in vier Gr\u00f6\u00dfen entwickelt \u2013 jedes Gef\u00e4\u00df mit Deckeloption (Kunststoff, Metall oder Holz) besticht durch Stabilit\u00e4t, Stil und eine ansprechende Pr\u00e4sentation im Regal. Als Ihr direkter Hersteller von Glasverpackungen machen wir den Kerzengro\u00dfhandel f\u00fcr Sie unkompliziert.<\/p>\n<h2>Produktmerkmale<\/h2>\n<ul>\n<li><strong>Kristallklare Klarheit:<\/strong> Pr\u00e4sentieren Sie Ihre Duftkerze in transparentem Premiumglas. Die Kombination aus glattem Rand und dickem Boden erm\u00f6glicht sicheres Ausgie\u00dfen und sorgt gleichzeitig f\u00fcr eine elegante Pr\u00e4sentation.<\/li>\n<li><strong>Flexibilit\u00e4t des Deckels:<\/strong> Sie k\u00f6nnen Kunststoff w\u00e4hlen, wenn Sie die g\u00fcnstigste Option suchen, geb\u00fcrstetes Metall f\u00fcr luxuri\u00f6se Kerzengef\u00e4\u00dfe mit modernem Look oder Altholz, wenn Sie einen nat\u00fcrlichen Charakter vermitteln m\u00f6chten. Ihre Kerzengl\u00e4ser mit Deckel entwickeln sich zu Markenzeichen.<\/li>\n<li><strong>Masse, sofort verwendbare Stabilit\u00e4t:<\/strong> Ein verst\u00e4rkter Boden verhindert das Umkippen des Produkts. Ideal f\u00fcr den Versand von Kerzen in gro\u00dfen Mengen und auch f\u00fcr die bequeme Verwendung am Bett. Sicherheit war noch nie so attraktiv.<\/li>\n<\/ul>\n<h2>Wichtigste Spezifikationen<\/h2>\n<table style=\"border-collapse: collapse; width: 80%; margin-left: auto; margin-right: auto;\" border=\"0\" width=\"288\" cellspacing=\"0\" cellpadding=\"0\">\n<tbody>\n<tr style=\"height: 13.50pt;\">\n<td style=\"height: 13.5pt; width: 54pt; text-align: center;\" width=\"72\" height=\"18\">Fassungsverm\u00f6gen (ml)<\/td>\n<td style=\"width: 54pt; text-align: center;\" width=\"72\">Abmessungen (mm)<\/td>\n<td style=\"width: 54pt; text-align: center;\" width=\"72\">Deckeloptionen<\/td>\n<td style=\"width: 54pt; text-align: center;\" width=\"72\">Farbe<\/td>\n<\/tr>\n<tr style=\"height: 13.50pt;\">\n<td style=\"height: 13.5pt; text-align: center;\" align=\"right\" height=\"18\">140<\/td>\n<td style=\"text-align: center;\">61 \u00d7 57 \u00d7 74<\/td>\n<td class=\"et2\" style=\"text-align: center;\" rowspan=\"4\">Kunststoff \/ Metall \/ Holz<\/td>\n<td class=\"et2\" style=\"text-align: center;\" rowspan=\"4\">L\u00f6schen \/ Benutzerdefiniert<\/td>\n<\/tr>\n<tr style=\"height: 13.50pt;\">\n<td style=\"height: 13.5pt; text-align: center;\" align=\"right\" height=\"18\">210<\/td>\n<td style=\"text-align: center;\">70 \u00d7 65 \u00d7 80<\/td>\n<\/tr>\n<tr style=\"height: 13.50pt;\">\n<td style=\"height: 13.5pt; text-align: center;\" align=\"right\" height=\"18\">220<\/td>\n<td style=\"text-align: center;\">73 \u00d7 67 \u00d7 80<\/td>\n<\/tr>\n<tr style=\"height: 13.50pt;\">\n<td style=\"height: 13.5pt; text-align: center;\" align=\"right\" height=\"18\">255<\/td>\n<td style=\"text-align: center;\">79 \u00d7 73 \u00d7 93<\/td>\n<\/tr>\n<\/tbody>\n<\/table>\n<h2>Erfolgsbeispiel<\/h2>\n<p>Eine exklusive Marke f\u00fcr Raumd\u00fcfte ben\u00f6tigte ein Kerzenglas, das nicht nur ihr minimalistisches Image unterstrich, sondern auch die charakteristische Duftlinie im Regal deutlich hervorhob. F\u00fcr die Produkteinf\u00fchrung w\u00e4hlte sie die transparenten Glaskerzengl\u00e4ser und personalisierte sie durch eine elegante Pr\u00e4gung des Logos auf der Unterseite, eine sanfte Mattierung und Verzierungen mit feiner Seide und im Siebdruckverfahren aufgebrachten Linienmustern, die von Pflanzen inspiriert sind.<\/p>\n<p>Bereits zwei Monate nach der Markteinf\u00fchrung teilte das Unternehmen mit, dass die Bestellungen \u00fcber Einzelh\u00e4ndler um 35 % gestiegen seien und dass immer mehr Kunden die Verpackung erkannten, was die Marke schlie\u00dflich dazu veranlasste, diesen individuell gestalteten Glaskerzenbecher zum Standard ihrer Kernkollektion zu machen und weiterhin Nachbestellungen f\u00fcr verschiedene Jahreszeiten aufzugeben.<\/p>\n<h2>Ihre Anpassungstipps<\/h2>\n<ol>\n<li><strong>Gepr\u00e4gte oder vertiefte Kennzeichnung:<\/strong> Bringen Sie Ihr Logo direkt erhaben oder vertieft auf dem Glas an, um eine dauerhafte Markensignatur zu schaffen, die Ihre Kunden auch dann noch sehen k\u00f6nnen, nachdem die Kerze abgebrannt ist.<\/li>\n<li><strong>Individuelle Glasfarben und -t\u00f6nungen:<\/strong> Entscheiden Sie sich f\u00fcr Rauchgrau, Bernstein, Olivgr\u00fcn oder sogar f\u00fcr individuelle Farbmischungen, die f\u00fcr saisonale Kollektionen oder spezielle Duftgeschichten verwendet werden k\u00f6nnen.<\/li>\n<li><strong>Seide, Siebdruckmuster:<\/strong> Setzen Sie auf die klarste L\u00f6sung: Verzichten Sie auf Etiketten und gestalten Sie Ihr Design zukunftsorientiert, indem Sie minimalistische Texte, geometrische Linien oder botanische Motive hinzuf\u00fcgen.<\/li>\n<\/ol>","protected":false},"excerpt":{"rendered":"<p>Hochwertige Kerzengef\u00e4\u00dfe mit Deckel aus Klarglas f\u00fcr moderne Marken. Diese Glasbeh\u00e4lter f\u00fcr Kerzen mit Deckel sind in gro\u00dfen Mengen individuell anpassbar und als kostenlose Muster erh\u00e4ltlich.<\/p>","protected":false},"featured_media":5399,"template":"","meta":{"postBodyCss":"","postBodyMargin":[],"postBodyPadding":[],"postBodyBackground":{"backgroundType":"classic","gradient":""}},"product_brand":[],"product_cat":[15,82,17],"product_tag":[97,96],"class_list":{"0":"post-5392","1":"product","2":"type-product","3":"status-publish","4":"has-post-thumbnail","6":"product_cat-glass-containers","7":"product_cat-candle-jars","8":"product_cat-glass-jars","9":"product_tag-rocks-glass","10":"product_tag-whiskey-tumblers","12":"first","13":"instock","14":"shipping-taxable","15":"product-type-simple"},"jetpack_sharing_enabled":true,"_links":{"self":[{"href":"https:\/\/minghanggroup.com\/de\/wp-json\/wp\/v2\/product\/5392","targetHints":{"allow":["GET"]}}],"collection":[{"href":"https:\/\/minghanggroup.com\/de\/wp-json\/wp\/v2\/product"}],"about":[{"href":"https:\/\/minghanggroup.com\/de\/wp-json\/wp\/v2\/types\/product"}],"wp:featuredmedia":[{"embeddable":true,"href":"https:\/\/minghanggroup.com\/de\/wp-json\/wp\/v2\/media\/5399"}],"wp:attachment":[{"href":"https:\/\/minghanggroup.com\/de\/wp-json\/wp\/v2\/media?parent=5392"}],"wp:term":[{"taxonomy":"product_brand","embeddable":true,"href":"https:\/\/minghanggroup.com\/de\/wp-json\/wp\/v2\/product_brand?post=5392"},{"taxonomy":"product_cat","embeddable":true,"href":"https:\/\/minghanggroup.com\/de\/wp-json\/wp\/v2\/product_cat?post=5392"},{"taxonomy":"product_tag","embeddable":true,"href":"https:\/\/minghanggroup.com\/de\/wp-json\/wp\/v2\/product_tag?post=5392"}],"curies":[{"name":"wp","href":"https:\/\/api.w.org\/{rel}","templated":true}]}}