{"id":5370,"date":"2026-01-28T13:30:21","date_gmt":"2026-01-28T05:30:21","guid":{"rendered":"https:\/\/minghanggroup.com\/?post_type=product&#038;p=5370"},"modified":"2026-01-28T16:40:29","modified_gmt":"2026-01-28T08:40:29","slug":"lantern-style-unique-candle-vessels-wholesale","status":"publish","type":"product","link":"https:\/\/minghanggroup.com\/de\/produkt\/lantern-style-unique-candle-vessels-wholesale\/","title":{"rendered":"Gro\u00dfhandel mit einzigartigen Kerzengef\u00e4\u00dfen im Laternenstil"},"content":{"rendered":"<p>Diese einzigartigen Kerzengef\u00e4\u00dfe haben die Form von Lanthanen, deren Boden und Deckel gerippt sind und deren Mitte k\u00fcrbisf\u00f6rmig mit einer Rille versehen ist. Ihre Besonderheit liegt darin, dass sie sowohl oben als auch unten angebracht werden k\u00f6nnen und somit Funktionalit\u00e4t und \u00c4sthetik vereinen.<\/p>\n<h2>Produktmerkmale<\/h2>\n<ul>\n<li><strong>Flip-Design:<\/strong> Das innovative Zwei-Wege-Design bietet eine flexible und vielseitige Fl\u00e4che zum Platzieren und Pr\u00e4sentieren von Kerzen.<\/li>\n<li><strong>Pr\u00e4chtige, vielschichtige Textur: <\/strong>Die vertikalen Texturen, die k\u00fcrbisf\u00f6rmigen Strukturen und die feinen Rippen ergeben zusammen ein wunderbares Bild und eine besondere Atmosph\u00e4re.<\/li>\n<li><strong>Laternenform:<\/strong> Die Laternenform ist eine Mischung aus traditionellem chinesischem Retro- und modernem Kerzendesign und zugleich eine sehr wiedererkennbare Tischdekoration.<\/li>\n<\/ul>\n<h2 style=\"text-align: left;\">Wichtigste Spezifikationen<\/h2>\n<table class=\"aligncenter\" style=\"border-collapse: collapse; width: 402.02pt;\" border=\"0\" width=\"536\" cellspacing=\"0\" cellpadding=\"0\">\n<tbody>\n<tr style=\"height: 13.50pt;\">\n<td style=\"height: 13.50pt; width: 117.75pt;\" width=\"157\" height=\"18\">Specification<\/td>\n<td style=\"width: 284.25pt;\" width=\"379\">Details<\/td>\n<\/tr>\n<tr style=\"height: 13.50pt;\">\n<td style=\"height: 13.50pt;\" height=\"18\">Abmessungen<\/td>\n<td>79\u00d752\u00d740\u00d760 mm<\/td>\n<\/tr>\n<tr style=\"height: 13.50pt;\">\n<td style=\"height: 13.50pt;\" height=\"18\">Material<\/td>\n<td>Klares, strukturiertes Glas<\/td>\n<\/tr>\n<tr style=\"height: 13.50pt;\">\n<td style=\"height: 13.50pt;\" height=\"18\">Gef\u00e4\u00dfform<\/td>\n<td>Wendbare Laterne mit unterschiedlich strukturierten Abschnitten<\/td>\n<\/tr>\n<tr style=\"height: 13.50pt;\">\n<td style=\"height: 13.50pt;\" height=\"18\">Anpassungsumfang<\/td>\n<td>Farbe, Texturdetails, Gr\u00f6\u00dfe, Form<\/td>\n<\/tr>\n<tr style=\"height: 13.50pt;\">\n<td style=\"height: 13.50pt;\" height=\"18\">Handwerkskunst<\/td>\n<td>Fortschrittliches Pressglasformverfahren f\u00fcr komplexe<\/td>\n<\/tr>\n<tr style=\"height: 13.50pt;\">\n<td style=\"height: 13.50pt;\" height=\"18\">Produktzweck<\/td>\n<td>Kerzenhalter, Kerzengef\u00e4\u00dfe Gro\u00dfhandel<\/td>\n<\/tr>\n<tr style=\"height: 13.50pt;\">\n<td style=\"height: 13.50pt;\" height=\"18\">Geeignete Branchen<\/td>\n<td>Luxuskerzenmarken, Hochzeits-\/Eventplaner<\/td>\n<\/tr>\n<\/tbody>\n<\/table>\n<h2>Erfolgsgeschichte<\/h2>\n<p>Eines der luxuri\u00f6sen Boutique-Hotels in den USA entschied sich f\u00fcr unsere doppelseitigen Laternen-Kerzengl\u00e4ser, die die Farbe in Bernstein verwandeln. Dieses besondere Design trug ma\u00dfgeblich zum G\u00e4steerlebnis bei und wurde in 80 Prozent der positiven Online-Bewertungen hervorgehoben. Die Zahl der Wiederk\u00e4ufe stieg um 42 Prozent. Das Hotel war von den Kerzengl\u00e4sern begeistert und bestellte daher weitere 200.000 St\u00fcck, um neue Zimmer zu dekorieren und die bestehenden Suiten zu renovieren.<\/p>\n<h2>Kerzengef\u00e4\u00dfe im Gro\u00dfhandel, individuell gestaltbar<\/h2>\n<ul>\n<li>Exklusive Glasschirme: Bilden Sie exklusive Glasschirme, z. B. dunkle Schmuckt\u00f6ne oder zarte Rosat\u00f6ne.<\/li>\n<li>Metallbeschichtung: Die Kanten oder Rippen sind mit einer strukturierten Gold-, Silber- oder Ros\u00e9goldplattierung versehen.<\/li>\n<li>Benutzerdefinierte Gr\u00f6\u00dfenanpassung: \u00c4ndern Sie die Gr\u00f6\u00dfe des gesamten Designs proportional, um verschiedene visuelle Effekte zu erzielen.<\/li>\n<li>Innenbeschichtung: Mattes oder beschichtetes Innenglas erzeugt unter Lichteinfall einen einzigartigen Effekt.<\/li>\n<\/ul>","protected":false},"excerpt":{"rendered":"<p>Einzigartige, laternenf\u00f6rmige Kerzengef\u00e4\u00dfe aus Klarglas mit gerippten Details. Das doppelseitige Design eignet sich sowohl f\u00fcr Kerzen als auch als Dekoration. Direkt vom Hersteller. Kostenlose Muster.<\/p>","protected":false},"featured_media":5376,"template":"","meta":{"postBodyCss":"","postBodyMargin":[],"postBodyPadding":[],"postBodyBackground":{"backgroundType":"classic","gradient":""}},"product_brand":[],"product_cat":[15,82,17],"product_tag":[],"class_list":{"0":"post-5370","1":"product","2":"type-product","3":"status-publish","4":"has-post-thumbnail","6":"product_cat-glass-containers","7":"product_cat-candle-jars","8":"product_cat-glass-jars","10":"first","11":"instock","12":"shipping-taxable","13":"product-type-simple"},"jetpack_sharing_enabled":true,"_links":{"self":[{"href":"https:\/\/minghanggroup.com\/de\/wp-json\/wp\/v2\/product\/5370","targetHints":{"allow":["GET"]}}],"collection":[{"href":"https:\/\/minghanggroup.com\/de\/wp-json\/wp\/v2\/product"}],"about":[{"href":"https:\/\/minghanggroup.com\/de\/wp-json\/wp\/v2\/types\/product"}],"wp:featuredmedia":[{"embeddable":true,"href":"https:\/\/minghanggroup.com\/de\/wp-json\/wp\/v2\/media\/5376"}],"wp:attachment":[{"href":"https:\/\/minghanggroup.com\/de\/wp-json\/wp\/v2\/media?parent=5370"}],"wp:term":[{"taxonomy":"product_brand","embeddable":true,"href":"https:\/\/minghanggroup.com\/de\/wp-json\/wp\/v2\/product_brand?post=5370"},{"taxonomy":"product_cat","embeddable":true,"href":"https:\/\/minghanggroup.com\/de\/wp-json\/wp\/v2\/product_cat?post=5370"},{"taxonomy":"product_tag","embeddable":true,"href":"https:\/\/minghanggroup.com\/de\/wp-json\/wp\/v2\/product_tag?post=5370"}],"curies":[{"name":"wp","href":"https:\/\/api.w.org\/{rel}","templated":true}]}}