{"id":5356,"date":"2026-01-28T11:50:17","date_gmt":"2026-01-28T03:50:17","guid":{"rendered":"https:\/\/minghanggroup.com\/?post_type=product&#038;p=5356"},"modified":"2026-01-28T11:50:20","modified_gmt":"2026-01-28T03:50:20","slug":"clear-glass-tealight-holders-for-packaging-wholesale","status":"publish","type":"product","link":"https:\/\/minghanggroup.com\/de\/produkt\/clear-glass-tealight-holders-for-packaging-wholesale\/","title":{"rendered":"140 ml \u2013 930 ml Teelichthalter aus Klarglas f\u00fcr Verpackungszwecke im Gro\u00dfhandel"},"content":{"rendered":"<p>Sie ben\u00f6tigen hochwertige Teelichthalter aus Glas, die wertig wirken, ohne altmodisch zu sein? Deshalb haben wir diese Kollektion aus Kristallglasgef\u00e4\u00dfen entworfen \u2013 die perfekte Balance aus moderner Schlichtheit und zeitloser Eleganz. Ob Start-up oder etablierter Hersteller: Unsere Glasgef\u00e4\u00dfe f\u00fcr Kerzen im Gro\u00dfhandel verleihen Ihrer Marke sofort ein Upgrade. Wir sind nicht einfach nur ein Lieferant, sondern Ihr Partner f\u00fcr die Herstellung luxuri\u00f6ser Kerzengef\u00e4\u00dfe, die Ihre Kunden gerne pr\u00e4sentieren.<\/p>\n<h2>Produktmerkmale<\/h2>\n<ul>\n<li><strong>Gebaut in Stabilit\u00e4t:<\/strong> Dicke B\u00f6den und glatte W\u00e4nde verhindern ein Verrutschen des Beh\u00e4lters. Kein Umkippen, keine Probleme \u2013 einfach ein sauberes, robustes Erscheinungsbild, das sich hochwertig anf\u00fchlt.<\/li>\n<li><strong>Kristallklarer Appell:<\/strong> Erleben Sie den wunderbaren Glanz Ihres Wachses. Das hochtransparente Glas l\u00e4sst das Licht durchdringen, sodass jede einzelne Farbe des Wachses und der perfekt zentrierte Docht optimal zur Geltung kommen und Ihr Produkt in jedem Regal zum Blickfang wird.<\/li>\n<li><strong>Die \u201eGoldl\u00f6ckchen\u201c-Form:<\/strong> Die zylindrische Form ist zeitlos. Sie passt perfekt zu g\u00e4ngigen automatisierten Abf\u00fcllanlagen und wirkt in jedem Ladenambiente elegant, von Boutiquen bis hin zu gro\u00dfen Einzelhandelsketten.<\/li>\n<\/ul>\n<h2>Wichtigste Spezifikationen<\/h2>\n<table style=\"border-collapse: collapse; width: 80%; margin-left: auto; margin-right: auto;\" border=\"0\" width=\"431\" cellspacing=\"0\" cellpadding=\"0\">\n<tbody>\n<tr style=\"height: 13.50pt;\">\n<td style=\"height: 13.5pt; width: 107.25pt; text-align: center;\" width=\"143\" height=\"18\">Fassungsverm\u00f6gen (ml)<\/td>\n<td style=\"width: 54pt; text-align: center;\" align=\"right\" width=\"72\">140<\/td>\n<td style=\"width: 54pt; text-align: center;\" align=\"right\" width=\"72\">530<\/td>\n<td style=\"width: 54pt; text-align: center;\" align=\"right\" width=\"72\">730<\/td>\n<td style=\"width: 54pt; text-align: center;\" align=\"right\" width=\"72\">930<\/td>\n<\/tr>\n<tr style=\"height: 13.50pt;\">\n<td style=\"height: 13.5pt; text-align: center;\" height=\"18\">Abmessungen (mm)<\/td>\n<td style=\"text-align: center;\">75 \u00d7 70 \u00d7 50<\/td>\n<td style=\"text-align: center;\">110 \u00d7 103 \u00d7 80<\/td>\n<td style=\"text-align: center;\">130 \u00d7 123 \u00d7 80<\/td>\n<td style=\"text-align: center;\">150 \u00d7 143 \u00d7 80<\/td>\n<\/tr>\n<tr style=\"height: 13.50pt;\">\n<td style=\"height: 13.5pt; text-align: center;\" height=\"18\">Material<\/td>\n<td class=\"et2\" style=\"text-align: center;\" colspan=\"4\">Kristallglas<\/td>\n<\/tr>\n<tr style=\"height: 13.50pt;\">\n<td style=\"height: 13.5pt; text-align: center;\" height=\"18\">Deckeloptionen<\/td>\n<td class=\"et2\" style=\"text-align: center;\" colspan=\"4\">Holz oder Metall<\/td>\n<\/tr>\n<\/tbody>\n<\/table>\n<h2>Erfolgsbeispiel<\/h2>\n<p>Eine nordamerikanische Marke f\u00fcr Aromatherapie-Kerzen w\u00e4hlte unsere Glasbeh\u00e4lter als Hauptverpackung f\u00fcr ihre meistverkaufte Alltagsserie. Der Kunde nahm einige \u00c4nderungen an den Kerzenbeh\u00e4ltern vor: Das Glas wurde in Bernsteinfarbe gehalten, um die Auswirkungen von direktem Sonnenlicht zu reduzieren; das schlichte, geradlinige Design wurde mit gepr\u00e4gten Blumenmustern versehen, um die Haptik zu verbessern; und das Markenlogo wurde mittels eines hochtemperaturbest\u00e4ndigen Siebdruckverfahrens auf den Boden des Beh\u00e4lters gedruckt.<\/p>\n<p>Innerhalb von drei Monaten nach Markteinf\u00fchrung stieg der Absatz dieser Serie um rund 42 %, begleitet von einem deutlichen Anstieg der positiven Bewertungen der Verpackung. Dank gleichbleibender Qualit\u00e4t und dem Vorteil des Direktversands ab Werk erteilte der Kunde innerhalb von sechs Monaten drei Nachbestellungen und ernannte uns zu seinem langfristigen Hauptlieferanten f\u00fcr Glasbeh\u00e4lter f\u00fcr Kerzen im Gro\u00dfhandel.<\/p>\n<h2>Ihre Anpassungstipps<\/h2>\n<ol>\n<li><strong>Individuelle Glasoberfl\u00e4chenbehandlungen:<\/strong> Wir bieten Ihnen verschiedene Optionen an: hochtransparentes, klares Glas, eine dezente Mattierung oder eine feine Sandstrahlung der Innenseite. Dadurch bleibt die Au\u00dfenseite transparent, w\u00e4hrend der Effekt der Kerze im Inneren optisch abgemildert wird. So entsteht vor und nach dem Abbrennen ein sch\u00f6ner Schichteffekt.<\/li>\n<li><strong>Techniken zur Markenidentifizierung:<\/strong> Wir verf\u00fcgen \u00fcber die Kapazit\u00e4t f\u00fcr Hochtemperatur-Siebdruck, lokalisierte mattierte Logos oder sehr sch\u00f6ne gepr\u00e4gte Markenlogos, wodurch ein Abl\u00f6sen der Etiketten effektiv verhindert wird und sich das Produkt perfekt f\u00fcr Produkte eignet, die auf einen stabilen Wiederkauf ausgelegt sind.<\/li>\n<li><strong>Kundenspezifische Zubeh\u00f6rsysteme:<\/strong> Dar\u00fcber hinaus k\u00f6nnen wir passende Glas-, Holz- oder Metalldeckel sowie Innenschalen, sto\u00dffeste Verpackungen oder Geschenkboxen nach Ma\u00df anfertigen, die zusammen Ihre Verkaufsl\u00f6sung bilden.<\/li>\n<\/ol>","protected":false},"excerpt":{"rendered":"<p>Hochwertige Teelichthalter aus Glas mit dickem Boden und klarer Oberfl\u00e4che. Direkt vom Hersteller: Glasbeh\u00e4lter f\u00fcr Kerzen im Gro\u00dfhandel, auch f\u00fcr Gro\u00dfbestellungen und schnellen Versand.<\/p>","protected":false},"featured_media":5360,"template":"","meta":{"postBodyCss":"","postBodyMargin":[],"postBodyPadding":[],"postBodyBackground":{"backgroundType":"classic","gradient":""}},"product_brand":[],"product_cat":[15,82,17],"product_tag":[],"class_list":{"0":"post-5356","1":"product","2":"type-product","3":"status-publish","4":"has-post-thumbnail","6":"product_cat-glass-containers","7":"product_cat-candle-jars","8":"product_cat-glass-jars","10":"first","11":"instock","12":"shipping-taxable","13":"product-type-simple"},"jetpack_sharing_enabled":true,"_links":{"self":[{"href":"https:\/\/minghanggroup.com\/de\/wp-json\/wp\/v2\/product\/5356","targetHints":{"allow":["GET"]}}],"collection":[{"href":"https:\/\/minghanggroup.com\/de\/wp-json\/wp\/v2\/product"}],"about":[{"href":"https:\/\/minghanggroup.com\/de\/wp-json\/wp\/v2\/types\/product"}],"wp:featuredmedia":[{"embeddable":true,"href":"https:\/\/minghanggroup.com\/de\/wp-json\/wp\/v2\/media\/5360"}],"wp:attachment":[{"href":"https:\/\/minghanggroup.com\/de\/wp-json\/wp\/v2\/media?parent=5356"}],"wp:term":[{"taxonomy":"product_brand","embeddable":true,"href":"https:\/\/minghanggroup.com\/de\/wp-json\/wp\/v2\/product_brand?post=5356"},{"taxonomy":"product_cat","embeddable":true,"href":"https:\/\/minghanggroup.com\/de\/wp-json\/wp\/v2\/product_cat?post=5356"},{"taxonomy":"product_tag","embeddable":true,"href":"https:\/\/minghanggroup.com\/de\/wp-json\/wp\/v2\/product_tag?post=5356"}],"curies":[{"name":"wp","href":"https:\/\/api.w.org\/{rel}","templated":true}]}}