{"id":5349,"date":"2026-01-28T15:06:31","date_gmt":"2026-01-28T07:06:31","guid":{"rendered":"https:\/\/minghanggroup.com\/?post_type=product&#038;p=5349"},"modified":"2026-01-28T15:06:33","modified_gmt":"2026-01-28T07:06:33","slug":"clear-glass-candle-jars-with-lids-wholesale","status":"publish","type":"product","link":"https:\/\/minghanggroup.com\/de\/produkt\/clear-glass-candle-jars-with-lids-wholesale\/","title":{"rendered":"Gro\u00dfhandel f\u00fcr 135-ml-Kerzengl\u00e4ser aus Klarglas mit Deckel"},"content":{"rendered":"<p>Sie ben\u00f6tigen hochwertige Glasgef\u00e4\u00dfe mit Deckel f\u00fcr Kerzen, die Ihr Produkt sch\u00fctzen und Ihre Kunden begeistern? Wir haben diese vielseitigen Kerzenbeh\u00e4lter aus kristallklarem Glas gefertigt \u2013 f\u00fcr Sicherheit, Stil und eine ansprechende Pr\u00e4sentation im Regal. Als Ihr direkter Hersteller von Glasverpackungen verwandeln wir einfache Gef\u00e4\u00dfe in luxuri\u00f6se Kerzenbeh\u00e4lter, die Ihre Kunden auch nach dem Erl\u00f6schen der Flamme noch lange in Erinnerung behalten werden.<\/p>\n<h2>Produktmerkmale<\/h2>\n<ul>\n<li><strong>Extrem schlichtes zylindrisches Design:<\/strong> Das Design zeichnet sich durch sehr einfache Linien, Klarheit und Ordnung aus, die Proportionen sind sehr harmonisch und es passt gut zu modernen, nordischen, minimalistischen und hochwertigen Duftmarken.<\/li>\n<li><strong>Hochwertiges, transparentes Glasmaterial:<\/strong> Die Wachsfarbe und der Brennzustand sind durch das Glas gut sichtbar, was den Eindruck der \u201eReinheit\u201c des Produkts und die Attraktivit\u00e4t der Pr\u00e4sentation insgesamt verst\u00e4rkt.<\/li>\n<li><strong>Ideal f\u00fcr individuelle Anpassungen:<\/strong> Der transparente Beh\u00e4lter eignet sich hervorragend f\u00fcr jegliche Art von nachfolgenden Individualisierungen, wie z. B. Siebdruck, Etikettierung, Hei\u00dfpr\u00e4gung oder die Kombination mit einem Deckel aus einem anderen Material.<\/li>\n<\/ul>\n<h2>Wichtigste Spezifikationen<\/h2>\n<table style=\"border-collapse: collapse; width: 80%; margin-left: auto; margin-right: auto;\" border=\"0\" width=\"144\" cellspacing=\"0\" cellpadding=\"0\">\n<tbody>\n<tr style=\"height: 13.50pt;\">\n<td style=\"height: 13.5pt; width: 54pt; text-align: center;\" width=\"72\" height=\"18\">Besonderheit<\/td>\n<td style=\"width: 54pt; text-align: center;\" width=\"72\">Specification<\/td>\n<\/tr>\n<tr style=\"height: 13.50pt;\">\n<td style=\"height: 13.5pt; text-align: center;\" height=\"18\">Kapazit\u00e4t<\/td>\n<td style=\"text-align: center;\">135 ml<\/td>\n<\/tr>\n<tr style=\"height: 13.50pt;\">\n<td style=\"height: 13.5pt; text-align: center;\" height=\"18\">Abmessungen<\/td>\n<td style=\"text-align: center;\">60 \u00d7 46 \u00d7 85 mm<\/td>\n<\/tr>\n<tr style=\"height: 13.50pt;\">\n<td style=\"height: 13.5pt; text-align: center;\" height=\"18\">Deckelkompatibilit\u00e4t<\/td>\n<td style=\"text-align: center;\">Deckel aus Holz oder Metall<\/td>\n<\/tr>\n<tr style=\"height: 13.50pt;\">\n<td style=\"height: 13.5pt; text-align: center;\" height=\"18\">Material<\/td>\n<td style=\"text-align: center;\">Kristallglas<\/td>\n<\/tr>\n<tr style=\"height: 13.50pt;\">\n<td style=\"height: 13.5pt; text-align: center;\" height=\"18\">Farbe<\/td>\n<td style=\"text-align: center;\">Klar oder benutzerdefiniert<\/td>\n<\/tr>\n<\/tbody>\n<\/table>\n<h2>Erfolgsbeispiel<\/h2>\n<p>Eine kleine Marke f\u00fcr Raumd\u00fcfte aus Nordeuropa entschied sich f\u00fcr unsere durchsichtigen Glaskerzengl\u00e4ser, um ihre neue Kollektion auf den Markt zu bringen, und personalisierte sie: Anstelle von Klarglas w\u00e4hlten sie bernsteinfarbenes Glas mit mattierter Oberfl\u00e4che, pr\u00e4gten ein zartes Markenlogo in der N\u00e4he des Bodens ein und f\u00fcgten ein minimalistisches Siebdruckdesign hinzu, um ihre Marke visuell zu kommunizieren.<\/p>\n<p>Infolgedessen stieg ihre Wiederkaufsrate um 35 %, und die Marke verzeichnete innerhalb von zwei Quartalen einen Anstieg der Gro\u00dfhandelsbestellungen um 28 %. Diese individuell gestalteten Kerzengl\u00e4ser haben sich zu ihrer Standardverpackung entwickelt, und \u00fcber mehrere Produktionszyklen hinweg wurden Gro\u00dfbestellungen \u00fcber sie abgewickelt.<\/p>\n<h2>Ihre Anpassungstipps<\/h2>\n<ol>\n<li><strong>Materialoptionen f\u00fcr Flaschenverschl\u00fcsse:<\/strong> W\u00e4hlen Sie zwischen nat\u00fcrlichem Marmor, Kork oder Leder, umwickelten Flaschenverschl\u00fcssen, um den Kerzenhalter elegant und luxuri\u00f6s zu gestalten und so eine einzigartige, pers\u00f6nliche Note des Benutzers zu schaffen.<\/li>\n<li><strong>Teilweise mattierte Gravur:<\/strong> Mithilfe der Sandstrahltechnik lassen sich Name, Datum oder ein poetischer Spruch auf den Becher gravieren. Die Kombination aus mattierten und klaren Glasoberfl\u00e4chen steigert die Attraktivit\u00e4t des Geschenks erheblich.<\/li>\n<li><strong>Saisonale Farbverlaufsfarbe:<\/strong> Auf Wunsch wird ein Ombr\u00e9-Effekt erzielt (z. B. von immergr\u00fcn zu transparent f\u00fcr den Winter). Gleiches Gef\u00e4\u00df, jede Kollektion mit dem gleichen Effekt.<\/li>\n<\/ol>","protected":false},"excerpt":{"rendered":"<p>Kerzenbeh\u00e4lter aus Klarglas, ideal f\u00fcr Duftkerzen. Glaskerzengl\u00e4ser mit Deckel im Gro\u00dfhandel erh\u00e4ltlich, inklusive Gratisproben und individueller Anpassungsm\u00f6glichkeiten.<\/p>","protected":false},"featured_media":5353,"template":"","meta":{"postBodyCss":"","postBodyMargin":[],"postBodyPadding":[],"postBodyBackground":{"backgroundType":"classic","gradient":""}},"product_brand":[],"product_cat":[15,82,17],"product_tag":[],"class_list":{"0":"post-5349","1":"product","2":"type-product","3":"status-publish","4":"has-post-thumbnail","6":"product_cat-glass-containers","7":"product_cat-candle-jars","8":"product_cat-glass-jars","10":"first","11":"instock","12":"shipping-taxable","13":"product-type-simple"},"jetpack_sharing_enabled":true,"_links":{"self":[{"href":"https:\/\/minghanggroup.com\/de\/wp-json\/wp\/v2\/product\/5349","targetHints":{"allow":["GET"]}}],"collection":[{"href":"https:\/\/minghanggroup.com\/de\/wp-json\/wp\/v2\/product"}],"about":[{"href":"https:\/\/minghanggroup.com\/de\/wp-json\/wp\/v2\/types\/product"}],"wp:featuredmedia":[{"embeddable":true,"href":"https:\/\/minghanggroup.com\/de\/wp-json\/wp\/v2\/media\/5353"}],"wp:attachment":[{"href":"https:\/\/minghanggroup.com\/de\/wp-json\/wp\/v2\/media?parent=5349"}],"wp:term":[{"taxonomy":"product_brand","embeddable":true,"href":"https:\/\/minghanggroup.com\/de\/wp-json\/wp\/v2\/product_brand?post=5349"},{"taxonomy":"product_cat","embeddable":true,"href":"https:\/\/minghanggroup.com\/de\/wp-json\/wp\/v2\/product_cat?post=5349"},{"taxonomy":"product_tag","embeddable":true,"href":"https:\/\/minghanggroup.com\/de\/wp-json\/wp\/v2\/product_tag?post=5349"}],"curies":[{"name":"wp","href":"https:\/\/api.w.org\/{rel}","templated":true}]}}