{"id":5330,"date":"2026-01-27T13:54:38","date_gmt":"2026-01-27T05:54:38","guid":{"rendered":"https:\/\/minghanggroup.com\/?post_type=product&#038;p=5330"},"modified":"2026-01-27T14:31:44","modified_gmt":"2026-01-27T06:31:44","slug":"clear-empty-square-candle-jars-wholesale","status":"publish","type":"product","link":"https:\/\/minghanggroup.com\/de\/produkt\/clear-empty-square-candle-jars-wholesale\/","title":{"rendered":"80 ml \u2013 640 ml Klare, leere, quadratische Kerzengl\u00e4ser (Gro\u00dfhandel)"},"content":{"rendered":"<p>Diese quadratischen Kerzengl\u00e4ser sind schlicht und klassisch, mit klaren Kanten und einem dicken, stabilen Boden. Sie sind in verschiedenen Gr\u00f6\u00dfen erh\u00e4ltlich.<\/p>\n<h2>Produktmerkmale<\/h2>\n<ul>\n<li><strong>Einfache W\u00fcrfelform:<\/strong> Das W\u00fcrfelmuster ist universell und kann gestapelt werden, um einen klaren und modernen Look zu erzielen.<\/li>\n<li><strong>Strapazierf\u00e4higer Boden:<\/strong> Der Boden ist dick, damit jedes Glas stabil steht und nicht umkippt.<\/li>\n<li><strong>Verschiedene Gr\u00f6\u00dfen:<\/strong> Das Produkt ist in vier verschiedenen Gr\u00f6\u00dfen erh\u00e4ltlich und bildet eine eigenst\u00e4ndige Produktlinie, die von kleinen bis zu gro\u00dfen, auff\u00e4lligen Kerzen reicht.<\/li>\n<\/ul>\n<h2 style=\"text-align: left;\">Wichtigste Spezifikationen<\/h2>\n<table class=\"aligncenter\" style=\"border-collapse: collapse; width: 430.52pt;\" border=\"0\" width=\"574\" cellspacing=\"0\" cellpadding=\"0\">\n<tbody>\n<tr style=\"height: 13.50pt;\">\n<td style=\"height: 13.50pt; width: 117.75pt;\" width=\"157\" height=\"18\">Specification<\/td>\n<td style=\"width: 312.75pt;\" width=\"417\">Details<\/td>\n<\/tr>\n<tr style=\"height: 13.50pt;\">\n<td style=\"height: 13.50pt;\" height=\"18\">Abmessungen<\/td>\n<td>52\u00d748\u00d752mm \/ 60\u00d758\u00d760mm \/ 80\u00d775\u00d780mm \/ 100\u00d795\u00d7100mm<\/td>\n<\/tr>\n<tr style=\"height: 13.50pt;\">\n<td style=\"height: 13.50pt;\" height=\"18\">Kapazit\u00e4t<\/td>\n<td>80 ml \/ 120 ml \/ 300 ml \/ 640 ml<\/td>\n<\/tr>\n<tr style=\"height: 13.50pt;\">\n<td style=\"height: 13.50pt;\" height=\"18\">Material<\/td>\n<td>Klarglas<\/td>\n<\/tr>\n<tr style=\"height: 13.50pt;\">\n<td style=\"height: 13.50pt;\" height=\"18\">Glasform<\/td>\n<td>W\u00fcrfel<\/td>\n<\/tr>\n<tr style=\"height: 13.50pt;\">\n<td style=\"height: 13.50pt;\" height=\"18\">Anpassungsumfang<\/td>\n<td>Farbe, Form, Gr\u00f6\u00dfe, Deckel<\/td>\n<\/tr>\n<tr style=\"height: 13.50pt;\">\n<td style=\"height: 13.50pt;\" height=\"18\">Handwerkskunst<\/td>\n<td>Pr\u00e4zisions-Vierkantglasformung<\/td>\n<\/tr>\n<tr style=\"height: 13.50pt;\">\n<td style=\"height: 13.50pt;\" height=\"18\">Produktzweck<\/td>\n<td>Apothekerkerzengl\u00e4ser, dekorative Beh\u00e4lterkerzen<\/td>\n<\/tr>\n<tr style=\"height: 13.50pt;\">\n<td style=\"height: 13.50pt;\" height=\"18\">Geeignete Branchen<\/td>\n<td>Kerzenhersteller, Marken f\u00fcr Wohnaccessoires<\/td>\n<\/tr>\n<\/tbody>\n<\/table>\n<h2>Erfolgsgeschichte einer amerikanischen Kerzen- und Einrichtungsmarke aus dem Mittleren Westen<\/h2>\n<p>Ein Unternehmen aus dem Mittleren Westen der USA, das Raumd\u00fcfte herstellt, bestellte unsere Apothekerkerzengl\u00e4ser in den Gr\u00f6\u00dfen 300 ml und 640 ml und individualisierte sie mit einem rauchgrauen Farbton und kleinen, im Siebdruckverfahren bedruckten Etiketten. Die quadratische Form mit ihrer einheitlichen Gestalt sorgte f\u00fcr eine gute Pr\u00e4sentation im Regal und f\u00fchrte zu einem Umsatzplus von 40 Prozent im station\u00e4ren Handel. Der schwere Boden gew\u00e4hrleistete Stabilit\u00e4t und reduzierte so die Transportsch\u00e4den um 95 Prozent. Aufgrund des Erfolgs der Marke bestellte das Unternehmen weitere 400.000 Gl\u00e4ser in verschiedenen Gr\u00f6\u00dfen, um die Produktionsnachfrage der n\u00e4chsten zwei Jahre zu decken.<\/p>\n<h2>Quadratische Kerzengl\u00e4ser \u2013 individuelle Gestaltung<\/h2>\n<ul>\n<li>Aufgedrucktes Logo\/Fassungsverm\u00f6gen: Bringen Sie ein kleines, erhabenes Logo oder eine F\u00fcllstandsangabe an der Seite des Glasgef\u00e4\u00dfes an.<\/li>\n<li>Individuelle Deckel: Kreieren Sie einen individuellen Deckel, der perfekt zu quadratischen Deckeln aus Holz, Metall oder Kork passt.<\/li>\n<li>Zweifarbiges Glas: Zweifarb- oder Transparenzverfahren.<\/li>\n<li>Abgerundete Ausf\u00fchrungen: sind mit etwas st\u00e4rker abgerundeten Ecken erh\u00e4ltlich.<\/li>\n<\/ul>","protected":false},"excerpt":{"rendered":"<p>Minimalistische Apotheker-Kerzengl\u00e4ser in klarem, quadratischem Design mit dickem Boden, ideal f\u00fcr Duftkerzen und Dekoration. Hochwertige quadratische Kerzengl\u00e4ser mit Gratisproben.<\/p>","protected":false},"featured_media":5334,"template":"","meta":{"postBodyCss":"","postBodyMargin":[],"postBodyPadding":[],"postBodyBackground":{"backgroundType":"classic","gradient":""}},"product_brand":[],"product_cat":[15,82,17],"product_tag":[],"class_list":{"0":"post-5330","1":"product","2":"type-product","3":"status-publish","4":"has-post-thumbnail","6":"product_cat-glass-containers","7":"product_cat-candle-jars","8":"product_cat-glass-jars","10":"first","11":"instock","12":"shipping-taxable","13":"product-type-simple"},"jetpack_sharing_enabled":true,"_links":{"self":[{"href":"https:\/\/minghanggroup.com\/de\/wp-json\/wp\/v2\/product\/5330","targetHints":{"allow":["GET"]}}],"collection":[{"href":"https:\/\/minghanggroup.com\/de\/wp-json\/wp\/v2\/product"}],"about":[{"href":"https:\/\/minghanggroup.com\/de\/wp-json\/wp\/v2\/types\/product"}],"wp:featuredmedia":[{"embeddable":true,"href":"https:\/\/minghanggroup.com\/de\/wp-json\/wp\/v2\/media\/5334"}],"wp:attachment":[{"href":"https:\/\/minghanggroup.com\/de\/wp-json\/wp\/v2\/media?parent=5330"}],"wp:term":[{"taxonomy":"product_brand","embeddable":true,"href":"https:\/\/minghanggroup.com\/de\/wp-json\/wp\/v2\/product_brand?post=5330"},{"taxonomy":"product_cat","embeddable":true,"href":"https:\/\/minghanggroup.com\/de\/wp-json\/wp\/v2\/product_cat?post=5330"},{"taxonomy":"product_tag","embeddable":true,"href":"https:\/\/minghanggroup.com\/de\/wp-json\/wp\/v2\/product_tag?post=5330"}],"curies":[{"name":"wp","href":"https:\/\/api.w.org\/{rel}","templated":true}]}}