{"id":5329,"date":"2026-01-27T14:38:24","date_gmt":"2026-01-27T06:38:24","guid":{"rendered":"https:\/\/minghanggroup.com\/?post_type=product&#038;p=5329"},"modified":"2026-03-02T15:01:40","modified_gmt":"2026-03-02T07:01:40","slug":"320ml-950ml-classic-clear-glass-candle-jars-with-lids-wholesale","status":"publish","type":"product","link":"https:\/\/minghanggroup.com\/de\/produkt\/320ml-950ml-classic-clear-glass-candle-jars-with-lids-wholesale\/","title":{"rendered":"Klassische, klare Glaskerzengl\u00e4ser mit Deckel (320 ml \u2013 950 ml) \u2013 Gro\u00dfhandel"},"content":{"rendered":"<p>Sie ben\u00f6tigen Kerzengl\u00e4ser mit Deckeloptionen, die Ihr Produkt sch\u00fctzen und Ihre Kunden begeistern. Deshalb fertigen wir Kerzengl\u00e4ser mit Deckel im Gro\u00dfhandel aus kristallklarem Glas \u2013 entwickelt f\u00fcr Sicherheit, Stil und eine ansprechende Pr\u00e4sentation im Regal. Als Ihr direkter Hersteller von Glasverpackungen verwandeln wir einfache Gef\u00e4\u00dfe in luxuri\u00f6se Kerzengl\u00e4ser, die Ihre Kunden noch lange nach dem Erl\u00f6schen der Flamme behalten werden.<\/p>\n<h2>Produktmerkmale<\/h2>\n<ul>\n<li><strong>Deckel, Ready Precision:<\/strong> Sie k\u00f6nnen jede Gr\u00f6\u00dfe problemlos mit Holz- oder Metalldeckeln kombinieren \u2013 so bleiben die Produkte frisch, staubfrei und die Geschenke sehen besser aus.<\/li>\n<li><strong>Kristallklare Klarheit:<\/strong> Beobachten Sie, wie sich das duftende \u00e4therische \u00d6l spiralf\u00f6rmig durch das erstklassige Glas windet. Kein Beschlagen. Einfach nur purer Augenschmaus.<\/li>\n<li><strong>Gr\u00f6\u00dfenspektrum:<\/strong> Von gem\u00fctlichen 320 ml bis hin zu auff\u00e4lligen 690 ml \u2013 wir haben f\u00fcr jeden Duft das Richtige. Unsere Kerzengl\u00e4ser im Gro\u00dfhandel bieten alles.<\/li>\n<\/ul>\n<h2>Wichtigste Spezifikationen<\/h2>\n<table style=\"border-collapse: collapse; width: 80%; margin-left: auto; margin-right: auto;\" border=\"0\" width=\"288\" cellspacing=\"0\" cellpadding=\"0\">\n<tbody>\n<tr style=\"height: 13.50pt;\">\n<td style=\"height: 13.5pt; width: 54pt; text-align: center;\" width=\"72\" height=\"18\">Fassungsverm\u00f6gen (ml)<\/td>\n<td style=\"width: 54pt; text-align: center;\" width=\"72\">Abmessungen (mm)<\/td>\n<td style=\"width: 54pt; text-align: center;\" width=\"72\">Material<\/td>\n<td style=\"width: 54pt; text-align: center;\" width=\"72\">Farboptionen<\/td>\n<\/tr>\n<tr style=\"height: 13.50pt;\">\n<td style=\"height: 13.5pt; text-align: center;\" align=\"right\" height=\"18\">320<\/td>\n<td style=\"text-align: center;\">80 \u00d7 75 \u00d7 100<\/td>\n<td class=\"et2\" style=\"text-align: center;\" rowspan=\"5\">Kristallglas<\/td>\n<td class=\"et2\" style=\"text-align: center;\" rowspan=\"5\">Klar\/benutzerdefiniert<\/td>\n<\/tr>\n<tr style=\"height: 13.50pt;\">\n<td style=\"height: 13.5pt; text-align: center;\" align=\"right\" height=\"18\">410<\/td>\n<td style=\"text-align: center;\">88 \u00d7 83 \u00d7 100<\/td>\n<\/tr>\n<tr style=\"height: 13.50pt;\">\n<td style=\"height: 13.5pt; text-align: center;\" align=\"right\" height=\"18\">430<\/td>\n<td style=\"text-align: center;\">90 \u00d7 85 \u00d7 102<\/td>\n<\/tr>\n<tr style=\"height: 13.50pt;\">\n<td style=\"height: 13.5pt; text-align: center;\" align=\"right\" height=\"18\">550<\/td>\n<td style=\"text-align: center;\">100 \u00d7 94 \u00d7 101<\/td>\n<\/tr>\n<tr style=\"height: 13.50pt;\">\n<td style=\"height: 13.5pt; text-align: center;\" align=\"right\" height=\"18\">690<\/td>\n<td style=\"text-align: center;\">100 \u00d7 92 \u00d7 125<\/td>\n<\/tr>\n<\/tbody>\n<\/table>\n<h2>Erfolgsbeispiel<\/h2>\n<p>Eine Boutique-Marke f\u00fcr handgegossene Duftkerzen entschied sich f\u00fcr unsere transparenten Glasbeh\u00e4lter f\u00fcr die Markteinf\u00fchrung ihrer neuen Kollektion. Die Beh\u00e4lter erhielten eine sanft mattierte Oberfl\u00e4che, bedruckte geometrische Muster und ein elegant gepr\u00e4gtes Markenlogo am Boden. Durch diese Kombination konnte mehr Licht der Kerzenflamme austreten, was das Produkt f\u00fcr die Kunden luxuri\u00f6ser wirken lie\u00df.<\/p>\n<p>Infolgedessen stieg die Zahl der Kunden, die im Gesch\u00e4ft mit dem Produkt interagierten, sprunghaft an, und die Nachbestellungen der H\u00e4ndler erh\u00f6hten sich um 35 %. Das Unternehmen war von dem eleganten Kerzenglas f\u00fcr verschiedene Duftlinien begeistert und bestellte es weiterhin f\u00fcr die kommenden Saisonkollektionen.<\/p>\n<h2>Ihre Anpassungstipps<\/h2>\n<ol>\n<li><strong>Mehrschichtiges, gepr\u00e4gtes Branding:<\/strong> Auf der unteren H\u00e4lfte der Flasche befindet sich ein gepr\u00e4gtes Logo oder Markenzeichen, wodurch ein Kontrast zur oberen H\u00e4lfte aus transparentem Glas entsteht. Dies erh\u00f6ht nicht nur die haptische Anziehungskraft, sondern auch die Wiedererkennung des Premiumprodukts.<\/li>\n<li><strong>Atmosph\u00e4rischer, mattierter Akzent:<\/strong> Eine begrenzte Glasur oder ein Farbverlauf wird nur auf den mittleren oder unteren Teil der Kerze aufgetragen, was dazu beitr\u00e4gt, dass die Kerze beim Anz\u00fcnden weichere und stimmungsvollere Lichteffekte erzeugt.<\/li>\n<li><strong>Erz\u00e4hlender Seidendruck, Siebdruck:<\/strong> Einige wenige Zeilen Duftsymbole oder kurze Markenstory-S\u00e4tze werden im Siebdruckverfahren aufgebracht, um sowohl die Flasche zu verzieren als auch die Markenbotschaft zu verst\u00e4rken.<\/li>\n<\/ol>","protected":false},"excerpt":{"rendered":"<p>Hochwertige Kerzengl\u00e4ser mit Deckel, speziell f\u00fcr Marken und Gro\u00dfabnehmer. Direkt vom Hersteller, Kerzengl\u00e4ser mit Deckel im Gro\u00dfhandel, individuelle Anpassungen in gro\u00dfen Mengen m\u00f6glich.<\/p>","protected":false},"featured_media":5338,"template":"","meta":{"postBodyCss":"","postBodyMargin":[],"postBodyPadding":[],"postBodyBackground":{"backgroundType":"classic","gradient":""}},"product_brand":[],"product_cat":[15,82,17],"product_tag":[96],"class_list":{"0":"post-5329","1":"product","2":"type-product","3":"status-publish","4":"has-post-thumbnail","6":"product_cat-glass-containers","7":"product_cat-candle-jars","8":"product_cat-glass-jars","9":"product_tag-whiskey-tumblers","11":"first","12":"instock","13":"shipping-taxable","14":"product-type-simple"},"jetpack_sharing_enabled":true,"_links":{"self":[{"href":"https:\/\/minghanggroup.com\/de\/wp-json\/wp\/v2\/product\/5329","targetHints":{"allow":["GET"]}}],"collection":[{"href":"https:\/\/minghanggroup.com\/de\/wp-json\/wp\/v2\/product"}],"about":[{"href":"https:\/\/minghanggroup.com\/de\/wp-json\/wp\/v2\/types\/product"}],"wp:featuredmedia":[{"embeddable":true,"href":"https:\/\/minghanggroup.com\/de\/wp-json\/wp\/v2\/media\/5338"}],"wp:attachment":[{"href":"https:\/\/minghanggroup.com\/de\/wp-json\/wp\/v2\/media?parent=5329"}],"wp:term":[{"taxonomy":"product_brand","embeddable":true,"href":"https:\/\/minghanggroup.com\/de\/wp-json\/wp\/v2\/product_brand?post=5329"},{"taxonomy":"product_cat","embeddable":true,"href":"https:\/\/minghanggroup.com\/de\/wp-json\/wp\/v2\/product_cat?post=5329"},{"taxonomy":"product_tag","embeddable":true,"href":"https:\/\/minghanggroup.com\/de\/wp-json\/wp\/v2\/product_tag?post=5329"}],"curies":[{"name":"wp","href":"https:\/\/api.w.org\/{rel}","templated":true}]}}