{"id":5324,"date":"2026-01-27T11:06:52","date_gmt":"2026-01-27T03:06:52","guid":{"rendered":"https:\/\/minghanggroup.com\/?post_type=product&#038;p=5324"},"modified":"2026-01-27T13:12:05","modified_gmt":"2026-01-27T05:12:05","slug":"round-thick-glass-empty-candle-holder-jars-wholesale","status":"publish","type":"product","link":"https:\/\/minghanggroup.com\/de\/produkt\/round-thick-glass-empty-candle-holder-jars-wholesale\/","title":{"rendered":"Leere, runde, dicke Glas-Kerzenhaltergl\u00e4ser im Gro\u00dfhandel"},"content":{"rendered":"<p>Diese Kerzenhaltergl\u00e4ser bestechen durch ihr klares und geradliniges Design. Sie sind rund und haben eine weite, flache \u00d6ffnung. Der Unterschied zwischen den \u00e4u\u00dferen und inneren Schichten besteht in der doppelten Schichtkonstruktion, die ein schlichtes und zugleich dreidimensionales Bild erzeugt.<\/p>\n<h2>Produktmerkmale<\/h2>\n<ul>\n<li><strong>Reine halbkugelf\u00f6rmige Gestalt:<\/strong> Die abgerundete und glatte Form ist klassisch und traditionsreich, und die gesamte Aufmerksamkeit gilt der Kerze selbst.<\/li>\n<li><strong>Breite, flache \u00d6ffnung:<\/strong> Die weite \u00d6ffnung erm\u00f6glicht es, dass beim Eingie\u00dfen des Wachses ein gr\u00f6\u00dferes Wachsbecken entsteht und sorgt daf\u00fcr, dass die Kerze sauber und gleichm\u00e4\u00dfig abbrennt.<\/li>\n<li><strong>Stabile Basis mit niedrigem Schwerpunkt:<\/strong> Der breite und flache Sockel sorgt f\u00fcr hohe Stabilit\u00e4t und senkt den Schwerpunkt der Kerze.<\/li>\n<\/ul>\n<h2 style=\"text-align: left;\">Wichtigste Spezifikationen<\/h2>\n<table class=\"aligncenter\" style=\"border-collapse: collapse; width: 435.77pt;\" border=\"0\" width=\"581\" cellspacing=\"0\" cellpadding=\"0\">\n<tbody>\n<tr style=\"height: 13.50pt;\">\n<td style=\"height: 13.50pt; width: 138.00pt;\" width=\"184\" height=\"18\">Specification<\/td>\n<td style=\"width: 297.75pt;\" width=\"397\">Details<\/td>\n<\/tr>\n<tr style=\"height: 13.50pt;\">\n<td style=\"height: 13.50pt;\" height=\"18\">Abmessungen<\/td>\n<td>68 \u00d7 25 mm<\/td>\n<\/tr>\n<tr style=\"height: 13.50pt;\">\n<td style=\"height: 13.50pt;\" height=\"18\">Material<\/td>\n<td>Klarglas<\/td>\n<\/tr>\n<tr style=\"height: 13.50pt;\">\n<td style=\"height: 13.50pt;\" height=\"18\">Sch\u00fcsselform<\/td>\n<td>Flache Halbkugel\/Schale mit flachem Rand<\/td>\n<\/tr>\n<tr style=\"height: 13.50pt;\">\n<td style=\"height: 13.50pt;\" height=\"18\">Anpassungsumfang<\/td>\n<td>Form, Farbe, Gr\u00f6\u00dfe, Oberfl\u00e4che<\/td>\n<\/tr>\n<tr style=\"height: 13.50pt;\">\n<td style=\"height: 13.50pt;\" height=\"18\">Merkmale der Handwerkskunst<\/td>\n<td>Pr\u00e4zisionsglasblasen\/Glasformen<\/td>\n<\/tr>\n<tr style=\"height: 13.50pt;\">\n<td style=\"height: 13.50pt;\" height=\"18\">Produktzweck<\/td>\n<td>Beh\u00e4lter f\u00fcr Kerzen, minimalistische Kerzengef\u00e4\u00dfe<\/td>\n<\/tr>\n<tr style=\"height: 13.50pt;\">\n<td style=\"height: 13.50pt;\" height=\"18\">Geeignete Branchen<\/td>\n<td>Moderne Kerzenmarken, Einzelh\u00e4ndler f\u00fcr Wohnaccessoires<\/td>\n<\/tr>\n<\/tbody>\n<\/table>\n<h2>Erfolgsgeschichte: Ein Verkaufsschlager einer japanischen Lifestyle-Marke<\/h2>\n<p>Unsere Kerzenhaltergl\u00e4ser wurden von einer japanischen Lifestyle-Marke f\u00fcr Minimalismus bestellt. F\u00fcr maximale Transparenz wurde ein spezielles, hochtransparentes und eisenarmes Glas entwickelt. Das minimalistische Design der Gl\u00e4ser wurde zum Markenzeichen und trug zu einem Anstieg der Online-Verk\u00e4ufe um 200 Prozent bei. Dank des perfekten Glasmaterials war eine fehlerfreie Lieferung gew\u00e4hrleistet. Die Marke feierte einen enormen Erfolg, und sp\u00e4ter wurde eine weitere Bestellung \u00fcber 500.000 Gl\u00e4ser f\u00fcr die weltweite Expansion aufgegeben.<\/p>\n<h2>Beh\u00e4lter f\u00fcr Kerzen \u2013 individuelle Gestaltung<\/h2>\n<ul>\n<li>Pr\u00e4gung: Gestaltung F\u00fcgen Sie dem Boden des Gef\u00e4\u00dfes ein kleines, erhabenes Emblem oder ein einfaches Bild hinzu.<\/li>\n<li>Siebdruck: Lassen Sie ein einfaches Logo oder einen Text dezent auf die Seite des Beh\u00e4lters drucken.<\/li>\n<li>Individuelles Felgenprofil: W\u00e4hlen Sie entweder eine schr\u00e4ge oder eine abgerundete Felge.<\/li>\n<li>Akzente aus Buntglas: Nutzen Sie die Kunst der Glasbl\u00e4serei, um einen feinen Ring aus Buntglas um den Rand oder den Boden des Beh\u00e4lters zu legen.<\/li>\n<\/ul>","protected":false},"excerpt":{"rendered":"<p>Elegante Kerzenhaltergl\u00e4ser mit glattem, rundem Design, ideal f\u00fcr moderne Einrichtungen und DIY-Projekte. Hochwertige Beh\u00e4lter f\u00fcr Kerzen, auch als OEM-Produkt erh\u00e4ltlich.<\/p>","protected":false},"featured_media":5325,"template":"","meta":{"postBodyCss":"","postBodyMargin":[],"postBodyPadding":[],"postBodyBackground":{"backgroundType":"classic","gradient":""}},"product_brand":[],"product_cat":[15,82,17],"product_tag":[],"class_list":{"0":"post-5324","1":"product","2":"type-product","3":"status-publish","4":"has-post-thumbnail","6":"product_cat-glass-containers","7":"product_cat-candle-jars","8":"product_cat-glass-jars","10":"first","11":"instock","12":"shipping-taxable","13":"product-type-simple"},"jetpack_sharing_enabled":true,"_links":{"self":[{"href":"https:\/\/minghanggroup.com\/de\/wp-json\/wp\/v2\/product\/5324","targetHints":{"allow":["GET"]}}],"collection":[{"href":"https:\/\/minghanggroup.com\/de\/wp-json\/wp\/v2\/product"}],"about":[{"href":"https:\/\/minghanggroup.com\/de\/wp-json\/wp\/v2\/types\/product"}],"wp:featuredmedia":[{"embeddable":true,"href":"https:\/\/minghanggroup.com\/de\/wp-json\/wp\/v2\/media\/5325"}],"wp:attachment":[{"href":"https:\/\/minghanggroup.com\/de\/wp-json\/wp\/v2\/media?parent=5324"}],"wp:term":[{"taxonomy":"product_brand","embeddable":true,"href":"https:\/\/minghanggroup.com\/de\/wp-json\/wp\/v2\/product_brand?post=5324"},{"taxonomy":"product_cat","embeddable":true,"href":"https:\/\/minghanggroup.com\/de\/wp-json\/wp\/v2\/product_cat?post=5324"},{"taxonomy":"product_tag","embeddable":true,"href":"https:\/\/minghanggroup.com\/de\/wp-json\/wp\/v2\/product_tag?post=5324"}],"curies":[{"name":"wp","href":"https:\/\/api.w.org\/{rel}","templated":true}]}}