{"id":5309,"date":"2026-01-27T10:14:13","date_gmt":"2026-01-27T02:14:13","guid":{"rendered":"https:\/\/minghanggroup.com\/?post_type=product&#038;p=5309"},"modified":"2026-01-27T10:14:15","modified_gmt":"2026-01-27T02:14:15","slug":"scented-candle-jars-wholesale-candle-jar-manufacturers","status":"publish","type":"product","link":"https:\/\/minghanggroup.com\/de\/produkt\/scented-candle-jars-wholesale-candle-jar-manufacturers\/","title":{"rendered":"Gro\u00dfhandel f\u00fcr Duftkerzengl\u00e4ser aus Glas mit vertikalen Streifen"},"content":{"rendered":"<p>Ihre Duftkerzengl\u00e4ser sollten mehr sein als nur Wachsbeh\u00e4lter \u2013 sie sollten das Dufterlebnis revolutionieren. Als f\u00fchrender Hersteller von Kerzengl\u00e4sern fertigen wir Kristallgef\u00e4\u00dfe mit doppelter Funktion, die Ihre Kerzenkollektion im Gro\u00dfhandel zu einem t\u00e4glichen Ritual Ihrer Kunden machen.<\/p>\n<h2>Produktmerkmale<\/h2>\n<ul>\n<li><strong>Wendbares Design:<\/strong> Im Prinzip kann ein Kerzenhalter auf zwei verschiedene Arten verwendet werden; er kann auf der einen Seite eine gro\u00dfe Kerze und auf der anderen Seite eine d\u00fcnne Kerze aufnehmen.<\/li>\n<li><strong>Vertikaler gerippter Lichteffekt:<\/strong> Die Rippen dienen als Prisma, um das Licht einzufangen, sodass Ihr h\u00fcbscher Kerzenhalter in einem sanften, flackernden Schein erstrahlt.<\/li>\n<li><strong>Glasklar:<\/strong> Es ist das Premiumglas, das es erm\u00f6glicht, die Tropfen des \u00e4therischen \u00d6ls sehr scharf zu sehen, es gibt nicht die geringste Verzerrung.<\/li>\n<\/ul>\n<h2>Wichtigste Spezifikationen<\/h2>\n<table style=\"border-collapse: collapse; width: 80%; margin-left: auto; margin-right: auto;\" border=\"0\" width=\"144\" cellspacing=\"0\" cellpadding=\"0\">\n<tbody>\n<tr style=\"height: 13.50pt;\">\n<td style=\"height: 13.5pt; width: 54pt; text-align: center;\" width=\"72\" height=\"18\">Besonderheit<\/td>\n<td style=\"width: 54pt; text-align: center;\" width=\"72\">Specification<\/td>\n<\/tr>\n<tr style=\"height: 13.50pt;\">\n<td style=\"height: 13.5pt; text-align: center;\" height=\"18\">Gr\u00f6\u00dfe<\/td>\n<td style=\"text-align: center;\">45 \u00d7 34 \u00d7 70 mm<\/td>\n<\/tr>\n<tr style=\"height: 13.50pt;\">\n<td style=\"height: 13.5pt; text-align: center;\" height=\"18\">Muster<\/td>\n<td style=\"text-align: center;\">Vertikale Rippen<\/td>\n<\/tr>\n<tr style=\"height: 13.50pt;\">\n<td style=\"height: 13.5pt; text-align: center;\" height=\"18\">Form<\/td>\n<td style=\"text-align: center;\">Doppelfunktion \/ Schlank<\/td>\n<\/tr>\n<tr style=\"height: 13.50pt;\">\n<td style=\"height: 13.5pt; text-align: center;\" height=\"18\">Material<\/td>\n<td style=\"text-align: center;\">Kristallglas<\/td>\n<\/tr>\n<tr style=\"height: 13.50pt;\">\n<td style=\"height: 13.5pt; text-align: center;\" height=\"18\">Farbe<\/td>\n<td style=\"text-align: center;\">Klar oder benutzerdefiniert<\/td>\n<\/tr>\n<\/tbody>\n<\/table>\n<h2>Erfolgsbeispiel<\/h2>\n<p>Eine Duftmarke f\u00fcr Zuhause, die minimalistische Luxusd\u00fcfte kreiert, hat sich entschieden, unsere Glaskerzengl\u00e4ser f\u00fcr ihre neue Produkteinf\u00fchrung zu verwenden und sie individuell gestaltet: Sie w\u00e4hlten eine mattierte Oberfl\u00e4che, pr\u00e4gten ihr zartes Markenlogo auf den Boden des Glases und druckten im Siebdruckverfahren ein Muster auf, das zur Geschichte des Duftes passt.<\/p>\n<p>Nach der Umstellung auf diese ma\u00dfgefertigte Glasverpackung erfuhr die Markenwahrnehmung einen deutlichen Aufschwung, was zu h\u00f6heren Wiederkaufsraten bei den Handelspartnern und einem Umsatzplus von 35 % in den folgenden zwei Quartalen f\u00fchrte. Seitdem bestellen sie regelm\u00e4\u00dfig gro\u00dfe Mengen f\u00fcr verschiedene Nachfolgeprodukte bei uns.<\/p>\n<h2>Ihre Anpassungstipps<\/h2>\n<ol>\n<li><strong>Gepr\u00e4gtes oder vertieftes Logo:<\/strong> Platzieren Sie entweder ein erhabenes oder ein vertieftes Logo auf der Glasoberfl\u00e4che, um die Sichtbarkeit der Marke zu erh\u00f6hen und ein luxuri\u00f6ses haptisches Erlebnis ohne die Verwendung von Etiketten zu schaffen.<\/li>\n<li><strong>Individuelle Glasfarbt\u00f6nungen:<\/strong> Bieten Sie sehr helle Farbt\u00f6ne wie Rauchgrau, Bernstein oder Zartgr\u00fcn an, die verschiedenen Parf\u00fcmlinien oder saisonalen Kollektionen entsprechen k\u00f6nnen.<\/li>\n<li><strong>Seide, Siebdruckmuster:<\/strong> Platzieren Sie einfache Grafiken, Muster oder Markengeschichten direkt auf dem Glas, um einen ansprechenden und langlebigen Dekorationseffekt zu erzielen.<\/li>\n<\/ol>","protected":false},"excerpt":{"rendered":"<p>Duftkerzengl\u00e4ser mit mehrschichtigem Glasdesign und stabilem Boden. Direkt vom Hersteller, kostenlose Muster, individuelle Anpassung in gro\u00dfen Mengen m\u00f6glich.<\/p>","protected":false},"featured_media":5313,"template":"","meta":{"postBodyCss":"","postBodyMargin":[],"postBodyPadding":[],"postBodyBackground":{"backgroundType":"classic","gradient":""}},"product_brand":[],"product_cat":[15,82,17],"product_tag":[],"class_list":{"0":"post-5309","1":"product","2":"type-product","3":"status-publish","4":"has-post-thumbnail","6":"product_cat-glass-containers","7":"product_cat-candle-jars","8":"product_cat-glass-jars","10":"first","11":"instock","12":"shipping-taxable","13":"product-type-simple"},"jetpack_sharing_enabled":true,"_links":{"self":[{"href":"https:\/\/minghanggroup.com\/de\/wp-json\/wp\/v2\/product\/5309","targetHints":{"allow":["GET"]}}],"collection":[{"href":"https:\/\/minghanggroup.com\/de\/wp-json\/wp\/v2\/product"}],"about":[{"href":"https:\/\/minghanggroup.com\/de\/wp-json\/wp\/v2\/types\/product"}],"wp:featuredmedia":[{"embeddable":true,"href":"https:\/\/minghanggroup.com\/de\/wp-json\/wp\/v2\/media\/5313"}],"wp:attachment":[{"href":"https:\/\/minghanggroup.com\/de\/wp-json\/wp\/v2\/media?parent=5309"}],"wp:term":[{"taxonomy":"product_brand","embeddable":true,"href":"https:\/\/minghanggroup.com\/de\/wp-json\/wp\/v2\/product_brand?post=5309"},{"taxonomy":"product_cat","embeddable":true,"href":"https:\/\/minghanggroup.com\/de\/wp-json\/wp\/v2\/product_cat?post=5309"},{"taxonomy":"product_tag","embeddable":true,"href":"https:\/\/minghanggroup.com\/de\/wp-json\/wp\/v2\/product_tag?post=5309"}],"curies":[{"name":"wp","href":"https:\/\/api.w.org\/{rel}","templated":true}]}}