{"id":5308,"date":"2026-01-27T08:46:51","date_gmt":"2026-01-27T00:46:51","guid":{"rendered":"https:\/\/minghanggroup.com\/?post_type=product&#038;p=5308"},"modified":"2026-01-27T11:06:36","modified_gmt":"2026-01-27T03:06:36","slug":"bowl-shaped-empty-reusable-candle-jars-wholesale","status":"publish","type":"product","link":"https:\/\/minghanggroup.com\/de\/produkt\/bowl-shaped-empty-reusable-candle-jars-wholesale\/","title":{"rendered":"Schalenf\u00f6rmige, leere, wiederverwendbare Kerzengl\u00e4ser im Gro\u00dfhandel"},"content":{"rendered":"<p>Es handelt sich um wiederverwendbare Kerzengl\u00e4ser in Schalenform mit ausgestellten R\u00e4ndern und einer weiten \u00d6ffnung, die sich f\u00fcr Teelichter oder kleine Kerzen eignen.<\/p>\n<h2>Produktmerkmale<\/h2>\n<ul>\n<li><strong>Hohe Transparenz, seidiges Material:<\/strong> Durch das transparente Glas kommen die Kerzenflamme und andere Dekorationselemente perfekt zur Geltung.<\/li>\n<li><strong>Weitm\u00fcndung, flaches Geh\u00e4use:<\/strong> Dieses Design ist benutzerfreundlich, da die weite \u00d6ffnung und die flache Form des K\u00f6rpers f\u00fcr Teelichter oder kleine Duftkerzen geeignet sind und die Reinigung sowie der Kerzenwechsel sehr einfach sind.<\/li>\n<li><strong>Untertassendesign:<\/strong> Die schlichte Form der Untertasse erm\u00f6glicht eine einfache Reinigung und das Glas kann wiederverwendet werden, wenn die Kerze abgebrannt ist.<\/li>\n<\/ul>\n<h2 style=\"text-align: left;\">Wichtigste Spezifikationen<\/h2>\n<table class=\"aligncenter\" style=\"border-collapse: collapse; width: 370.52pt;\" border=\"0\" width=\"494\" cellspacing=\"0\" cellpadding=\"0\">\n<tbody>\n<tr style=\"height: 13.50pt;\">\n<td style=\"height: 13.50pt; width: 128.25pt;\" width=\"171\" height=\"18\">Specification<\/td>\n<td style=\"width: 242.25pt;\" width=\"323\">Details<\/td>\n<\/tr>\n<tr style=\"height: 13.50pt;\">\n<td style=\"height: 13.50pt;\" height=\"18\">Abmessungen<\/td>\n<td>78 \u00d7 28 mm<\/td>\n<\/tr>\n<tr style=\"height: 13.50pt;\">\n<td style=\"height: 13.50pt;\" height=\"18\">Material<\/td>\n<td>Klarglas<\/td>\n<\/tr>\n<tr style=\"height: 13.50pt;\">\n<td style=\"height: 13.50pt;\" height=\"18\">Glas-\/Schalenform<\/td>\n<td>Flache Schale\/Rundsch\u00fcssel<\/td>\n<\/tr>\n<tr style=\"height: 13.50pt;\">\n<td style=\"height: 13.50pt;\" height=\"18\">Anpassungsumfang<\/td>\n<td>Farbe, Form, Fischart, Grundtextur<\/td>\n<\/tr>\n<tr style=\"height: 13.50pt;\">\n<td style=\"height: 13.50pt;\" height=\"18\">Merkmale der Handwerkskunst<\/td>\n<td>Pr\u00e4zisions-Pressglasformung<\/td>\n<\/tr>\n<tr style=\"height: 13.50pt;\">\n<td style=\"height: 13.50pt;\" height=\"18\">Produktzweck<\/td>\n<td>Kerzengl\u00e4ser, leere Kerzengl\u00e4ser im Gro\u00dfhandel<\/td>\n<\/tr>\n<tr style=\"height: 13.50pt;\">\n<td style=\"height: 13.50pt;\" height=\"18\">Geeignete Branchen<\/td>\n<td>Kerzenhersteller, Marken f\u00fcr Wohnaccessoires<\/td>\n<\/tr>\n<\/tbody>\n<\/table>\n<h2>Erfolgsgeschichte: Ein nordischer Einzelh\u00e4ndler f\u00fcr Haushaltswaren<\/h2>\n<p>Ein nordischer Einzelh\u00e4ndler f\u00fcr Haushaltswaren bestellte unsere wiederverwendbaren Kerzengl\u00e4ser in einem hellen Grauton. Das nat\u00fcrliche Randdesign passte perfekt zum nat\u00fcrlichen Erscheinungsbild der Marke, was in 60 % der Kundenbewertungen hervorgehoben wurde. Die Kerzengl\u00e4ser waren innerhalb von 48 Stunden nach Verkaufsstart ausverkauft und entwickelten sich zu einem Bestseller. Der Einzelh\u00e4ndler war so zufrieden mit dem Produkt, dass er weitere 300.000 St\u00fcck f\u00fcr seine Kollektion der n\u00e4chsten Saison bestellte.<\/p>\n<h2>Leere Kerzengl\u00e4ser \u2013 Gro\u00dfhandel und individuelle Gestaltung<\/h2>\n<ul>\n<li>Gepr\u00e4gter Boden: Hierbei handelt es sich um ein kleines, erhabenes Bild oder Logo, das in der Mitte der Innenseite des Tellers angebracht ist.<\/li>\n<li>Siebdruck: Drucken Sie ein einfaches Design, ein Logo oder einen Text auf die flache untere Schicht.<\/li>\n<li>Strukturierte Oberfl\u00e4che: Die Innenfl\u00e4che weist kleine punktierte oder lineare Strukturen auf.<\/li>\n<li>Individueller Sockel: F\u00fcgen Sie unten einen kleinen, leicht erh\u00f6hten Sockel aus Klarglas hinzu.<\/li>\n<\/ul>","protected":false},"excerpt":{"rendered":"<p>Leere, transparente Kerzengl\u00e4ser in flacher Schalenform mit gewelltem Rand \u2013 ideal f\u00fcr Teelichter und Dekoration. Hochwertige, wiederverwendbare Kerzengl\u00e4ser mit schnellem Versand.<\/p>","protected":false},"featured_media":5320,"template":"","meta":{"postBodyCss":"","postBodyMargin":[],"postBodyPadding":[],"postBodyBackground":{"backgroundType":"classic","gradient":""}},"product_brand":[],"product_cat":[15,82,17],"product_tag":[],"class_list":{"0":"post-5308","1":"product","2":"type-product","3":"status-publish","4":"has-post-thumbnail","6":"product_cat-glass-containers","7":"product_cat-candle-jars","8":"product_cat-glass-jars","10":"first","11":"instock","12":"shipping-taxable","13":"product-type-simple"},"jetpack_sharing_enabled":true,"_links":{"self":[{"href":"https:\/\/minghanggroup.com\/de\/wp-json\/wp\/v2\/product\/5308","targetHints":{"allow":["GET"]}}],"collection":[{"href":"https:\/\/minghanggroup.com\/de\/wp-json\/wp\/v2\/product"}],"about":[{"href":"https:\/\/minghanggroup.com\/de\/wp-json\/wp\/v2\/types\/product"}],"wp:featuredmedia":[{"embeddable":true,"href":"https:\/\/minghanggroup.com\/de\/wp-json\/wp\/v2\/media\/5320"}],"wp:attachment":[{"href":"https:\/\/minghanggroup.com\/de\/wp-json\/wp\/v2\/media?parent=5308"}],"wp:term":[{"taxonomy":"product_brand","embeddable":true,"href":"https:\/\/minghanggroup.com\/de\/wp-json\/wp\/v2\/product_brand?post=5308"},{"taxonomy":"product_cat","embeddable":true,"href":"https:\/\/minghanggroup.com\/de\/wp-json\/wp\/v2\/product_cat?post=5308"},{"taxonomy":"product_tag","embeddable":true,"href":"https:\/\/minghanggroup.com\/de\/wp-json\/wp\/v2\/product_tag?post=5308"}],"curies":[{"name":"wp","href":"https:\/\/api.w.org\/{rel}","templated":true}]}}