{"id":5294,"date":"2026-01-26T16:47:34","date_gmt":"2026-01-26T08:47:34","guid":{"rendered":"https:\/\/minghanggroup.com\/?post_type=product&#038;p=5294"},"modified":"2026-03-02T15:03:19","modified_gmt":"2026-03-02T07:03:19","slug":"glass-candle-empty-jars-with-textured-patterns-wholesale","status":"publish","type":"product","link":"https:\/\/minghanggroup.com\/de\/produkt\/glass-candle-empty-jars-with-textured-patterns-wholesale\/","title":{"rendered":"250-ml-Leergl\u00e4ser f\u00fcr Kerzen mit strukturierten Mustern (Gro\u00dfhandel)"},"content":{"rendered":"<p>Ihre leeren Kerzengl\u00e4ser sollten nicht einfach ungenutzt herumstehen \u2013 sie k\u00f6nnen nach dem Abbrennen zu dekorativen Blickf\u00e4ngen auf Ihrem Schreibtisch werden. Als Spezialisten f\u00fcr Kerzenbeh\u00e4lter fertigen wir luxuri\u00f6se Gef\u00e4\u00dfe, die Ihre Kerzenkollektion im Gro\u00dfhandel zum Liebling Ihrer Kunden machen.<\/p>\n<h2>Produktmerkmale<\/h2>\n<ul>\n<li><strong>Licht, Streumuster:<\/strong> Die vertikalen Streifen reflektieren das Licht der Kerze auf eine sehr feine Weise, wie fl\u00fcssige Spitze \u2013 eine perfekte, sofortige Eleganz f\u00fcr Ihren Raumduft.<\/li>\n<li><strong>Stabiler Glasfu\u00df:<\/strong> Dank des dicken Bodens wackelt das Kerzengef\u00e4\u00df auf einem Regal \u00fcberhaupt nicht. Es wirkt dadurch hochwertig und langlebig.<\/li>\n<li><strong>Kristallklare Klarheit:<\/strong> Man kann die verschiedenen Farben der duftenden \u00e4therischen \u00d6le bewundern, da das Glas kristallklar ist, ohne tr\u00fcbe Filter.<\/li>\n<\/ul>\n<h2>Wichtigste Spezifikationen<\/h2>\n<table style=\"border-collapse: collapse; width: 80%; margin-left: auto; margin-right: auto;\" border=\"0\" width=\"288\" cellspacing=\"0\" cellpadding=\"0\">\n<tbody>\n<tr style=\"height: 13.50pt;\">\n<td style=\"height: 13.5pt; width: 54pt; text-align: center;\" width=\"72\" height=\"18\">Gr\u00f6\u00dfe<\/td>\n<td style=\"width: 54pt; text-align: center;\" width=\"72\">Abmessungen (mm)<\/td>\n<td style=\"width: 54pt; text-align: center;\" width=\"72\">Muster<\/td>\n<td style=\"width: 54pt; text-align: center;\" width=\"72\">Material<\/td>\n<\/tr>\n<tr style=\"height: 13.50pt;\">\n<td style=\"height: 13.5pt; text-align: center;\" height=\"18\">250 ml<\/td>\n<td style=\"text-align: center;\">80\u00d780\u00d788<\/td>\n<td style=\"text-align: center;\">Vertikale Streifen, Punktgitter<\/td>\n<td style=\"text-align: center;\">Kristallglas<\/td>\n<\/tr>\n<\/tbody>\n<\/table>\n<h2>Erfolgsbeispiel<\/h2>\n<p>Eine Marke f\u00fcr Raumd\u00fcfte suchte nach Kerzenverpackungen, die sofort ein luxuri\u00f6ses, designorientiertes und markenbewusstes Image vermitteln und gleichzeitig alltagstauglich sein sollten. F\u00fcr die Einf\u00fchrung ihrer neuen Produktlinie entschied sie sich f\u00fcr unsere strukturierten Glaskerzengl\u00e4ser und verpasste ihnen ein neues Markendesign mit unseren gepr\u00e4gten Logos, einer sanft mattierten Oberfl\u00e4che und zarten, von der Markengeschichte inspirierten Siebdruckmustern.<\/p>\n<p>Die Verkaufszahlen des Sets stiegen innerhalb von zwei Monaten nach der Markteinf\u00fchrung des neuen Produkts um 45 % im Vergleich zu der Zeit, als die alte Verpackung verwendet wurde. Dies veranlasste die Marke, auf diese individuell gestalteten Kerzengl\u00e4ser als prim\u00e4re Verpackungsl\u00f6sung umzusteigen und sie weiterhin f\u00fcr verschiedene saisonale Produkteinf\u00fchrungen zu bestellen.<\/p>\n<h2>Ihre Anpassungsoptionen<\/h2>\n<ol>\n<li><strong>Logo-Individualisierung mit Pr\u00e4gung\/Vertiefung:<\/strong> Sie k\u00f6nnen ein Logo auf den bereits leeren quadratischen Bereich auf der Vorderseite der Flasche pr\u00e4gen oder vertiefen.<\/li>\n<li><strong>Individuelle Flaschenfarbe (Spr\u00fchlackierung\/Materialf\u00e4rbung):<\/strong> Es ist m\u00f6glich, mit dezenten, ges\u00e4ttigten Farben wie Rauchgrau, Bernstein, Milchwei\u00df und Dunkelgr\u00fcn zu arbeiten oder sogar eine ganz neue Farbe in Kombination mit dem Duft zu kreieren, um die Serie hervorzuheben und die Aufmerksamkeit des Kunden im Regal zu erregen.<\/li>\n<li><strong>Mustererstellung oder Design:<\/strong> Das Muster oder Design kann einfarbig oder mehrfarbig im Siebdruckverfahren aufgebracht werden. Die Flasche kann mit Markennamen, geometrischen Figuren oder sogar Duftmotiven verziert werden. Dadurch ist sie nicht nur langlebig, sondern auch robust, sodass der Aufdruck nicht so leicht verblasst.<\/li>\n<\/ol>","protected":false},"excerpt":{"rendered":"<p>Leere Kerzengl\u00e4ser mit edler Glasstruktur, ideal zur Aufbewahrung von Kerzen. Direkt vom Hersteller, flexible Mengenanpassung m\u00f6glich.<\/p>","protected":false},"featured_media":5298,"template":"","meta":{"postBodyCss":"","postBodyMargin":[],"postBodyPadding":[],"postBodyBackground":{"backgroundType":"classic","gradient":""}},"product_brand":[],"product_cat":[15,82,17],"product_tag":[97,96],"class_list":{"0":"post-5294","1":"product","2":"type-product","3":"status-publish","4":"has-post-thumbnail","6":"product_cat-glass-containers","7":"product_cat-candle-jars","8":"product_cat-glass-jars","9":"product_tag-rocks-glass","10":"product_tag-whiskey-tumblers","12":"first","13":"instock","14":"shipping-taxable","15":"product-type-simple"},"jetpack_sharing_enabled":true,"_links":{"self":[{"href":"https:\/\/minghanggroup.com\/de\/wp-json\/wp\/v2\/product\/5294","targetHints":{"allow":["GET"]}}],"collection":[{"href":"https:\/\/minghanggroup.com\/de\/wp-json\/wp\/v2\/product"}],"about":[{"href":"https:\/\/minghanggroup.com\/de\/wp-json\/wp\/v2\/types\/product"}],"wp:featuredmedia":[{"embeddable":true,"href":"https:\/\/minghanggroup.com\/de\/wp-json\/wp\/v2\/media\/5298"}],"wp:attachment":[{"href":"https:\/\/minghanggroup.com\/de\/wp-json\/wp\/v2\/media?parent=5294"}],"wp:term":[{"taxonomy":"product_brand","embeddable":true,"href":"https:\/\/minghanggroup.com\/de\/wp-json\/wp\/v2\/product_brand?post=5294"},{"taxonomy":"product_cat","embeddable":true,"href":"https:\/\/minghanggroup.com\/de\/wp-json\/wp\/v2\/product_cat?post=5294"},{"taxonomy":"product_tag","embeddable":true,"href":"https:\/\/minghanggroup.com\/de\/wp-json\/wp\/v2\/product_tag?post=5294"}],"curies":[{"name":"wp","href":"https:\/\/api.w.org\/{rel}","templated":true}]}}