{"id":5268,"date":"2026-01-26T10:17:03","date_gmt":"2026-01-26T02:17:03","guid":{"rendered":"https:\/\/minghanggroup.com\/?post_type=product&#038;p=5268"},"modified":"2026-01-26T10:17:05","modified_gmt":"2026-01-26T02:17:05","slug":"classic-candle-glass-containers-for-branding-in-bulk","status":"publish","type":"product","link":"https:\/\/minghanggroup.com\/de\/produkt\/classic-candle-glass-containers-for-branding-in-bulk\/","title":{"rendered":"Klassische 2-Liter-Kerzenglasbeh\u00e4lter f\u00fcr Branding in gro\u00dfen Mengen"},"content":{"rendered":"<p>Ihre Kerzengl\u00e4ser sollten nicht nur Wachs enthalten \u2013 sie sollten Ihrem Gesch\u00e4ft ein bezauberndes Ambiente verleihen. Als Spezialisten f\u00fcr Kerzengl\u00e4ser in gro\u00dfen Mengen fertigen wir luxuri\u00f6se Kerzenbeh\u00e4lter, die Ihre Kerzenkollektion im Gro\u00dfhandel zu einem absoluten Must-have f\u00fcr Ihre Kunden machen.<\/p>\n<h2>Produktmerkmale<\/h2>\n<ul>\n<li><strong>Hochwertiges, transparentes Glas:<\/strong> Der hochtransparente Glask\u00f6rper gibt die Wachsfarbe und die Brennschichten originalgetreu wieder und tr\u00e4gt so wesentlich zur optischen Wirkung bei.<\/li>\n<li>S<strong>Standard-Geradefelge:<\/strong> Dank der geraden, seitlichen Form des Bechers l\u00e4sst sich Wachs sowohl automatisch als auch manuell einf\u00fcllen. Er ist kompatibel mit Einzel-, Mehrdocht-, Mehrfachdocht- und verschiedenen Wachsmischungen.<\/li>\n<li><strong>Minimalistisches Erscheinungsbild:<\/strong> Das schlichte, klassische Design ohne Verzierungen eignet sich hervorragend f\u00fcr Etikettierung, Siebdruck und die Gestaltung von Au\u00dfenverpackungen und ist somit perfekt zum Verschenken geeignet.<\/li>\n<\/ul>\n<h2>Wichtigste Spezifikationen<\/h2>\n<table style=\"border-collapse: collapse; width: 80%; margin-right: auto; margin-left: auto;\" border=\"0\" width=\"288\" cellspacing=\"0\" cellpadding=\"0\">\n<tbody>\n<tr style=\"height: 13.50pt;\">\n<td class=\"et2\" style=\"height: 13.5pt; width: 54pt; text-align: center;\" width=\"72\" height=\"18\">Gr\u00f6\u00dfe<\/td>\n<td style=\"width: 54pt; text-align: center;\" width=\"72\">Abmessungen (mm)<\/td>\n<td style=\"width: 54pt; text-align: center;\" width=\"72\">Material<\/td>\n<td style=\"width: 54pt; text-align: center;\" width=\"72\">Farboptionen<\/td>\n<\/tr>\n<tr style=\"height: 13.50pt;\">\n<td style=\"height: 13.5pt; text-align: center;\" height=\"18\">2L<\/td>\n<td style=\"text-align: center;\">150\u00d7143\u00d7150<\/td>\n<td style=\"text-align: center;\">Kristallglas<\/td>\n<td style=\"text-align: center;\">Klar\/benutzerdefiniert<\/td>\n<\/tr>\n<\/tbody>\n<\/table>\n<h2>Erfolgsbeispiel<\/h2>\n<p>Eine nordamerikanische Marke f\u00fcr Duftkerzen im mittleren bis gehobenen Preissegment w\u00e4hlte unsere Glasbeh\u00e4lter als Hauptverpackung f\u00fcr ihre neue Produktlinie. Um die Aufmerksamkeit der Kunden im Handel zu erh\u00f6hen, entschied sie sich, ihr Markenlogo auf die Flaschen zu drucken und so ihre Markenidentit\u00e4t zu st\u00e4rken. Dazu kombinierte sie die Flaschen mit markanten Deckeln aus Walnussholz, um die Nat\u00fcrlichkeit und den klassischen Charakter des Duftes hervorzuheben.<\/p>\n<p>In weniger als drei Monaten seit Verkaufsstart der Produkte ist der Online-Umsatz im Vergleich zum Vorjahr um fast 32 % gestiegen. Nach der ersten Bestellung erteilte der Kunde zwei weitere Gro\u00dfbestellungen.<\/p>\n<h2>Ihre Anpassungsoptionen<\/h2>\n<ol>\n<li><strong>Anpassbare Glastransparenzstufen:<\/strong> Wir verwenden drei Arten von Glastransparenzstufen als Standard \u2013 hohe Transparenz, halbtransparent, transparent und mattiert \u2013, die es erm\u00f6glichen, unterschiedliche Aromen oder Produktlinien mit ihrer jeweiligen Atmosph\u00e4re und damit zur Markendifferenzierung zu kommunizieren.<\/li>\n<li><strong>Anpassbarer Boden mit Anti-Rutsch-Struktur oder unsichtbarer Markierung:<\/strong> Die Basis k\u00f6nnte durch einen fein strukturierten Antirutschring verbessert oder mit einem Logo\/Chargencode exklusiv f\u00fcr die Marke versehen werden, wodurch in erster Linie die Praktikabilit\u00e4t und die Markenwiedererkennung gew\u00e4hrleistet w\u00fcrden.<\/li>\n<li><strong>Systematische Anpassung von passenden Deckeln und Verpackungen:<\/strong> Die Verwendung eines individuell gestalteten Sets von passenden Deckeln aus Holz, Glas oder Metall wird den Gesamtstil des Produktdesigns erheblich aufwerten.<\/li>\n<\/ol>","protected":false},"excerpt":{"rendered":"<p>Hochwertige Kerzenglasbeh\u00e4lter f\u00fcr Marken. Direkt vom Hersteller, mit schnellem Versand, ideal f\u00fcr Kerzengl\u00e4ser in gro\u00dfen Mengen. Kostenlose Probe.<\/p>","protected":false},"featured_media":5276,"template":"","meta":{"postBodyCss":"","postBodyMargin":[],"postBodyPadding":[],"postBodyBackground":{"backgroundType":"classic","gradient":""}},"product_brand":[],"product_cat":[15,82,17],"product_tag":[],"class_list":{"0":"post-5268","1":"product","2":"type-product","3":"status-publish","4":"has-post-thumbnail","6":"product_cat-glass-containers","7":"product_cat-candle-jars","8":"product_cat-glass-jars","10":"first","11":"instock","12":"shipping-taxable","13":"product-type-simple"},"jetpack_sharing_enabled":true,"_links":{"self":[{"href":"https:\/\/minghanggroup.com\/de\/wp-json\/wp\/v2\/product\/5268","targetHints":{"allow":["GET"]}}],"collection":[{"href":"https:\/\/minghanggroup.com\/de\/wp-json\/wp\/v2\/product"}],"about":[{"href":"https:\/\/minghanggroup.com\/de\/wp-json\/wp\/v2\/types\/product"}],"wp:featuredmedia":[{"embeddable":true,"href":"https:\/\/minghanggroup.com\/de\/wp-json\/wp\/v2\/media\/5276"}],"wp:attachment":[{"href":"https:\/\/minghanggroup.com\/de\/wp-json\/wp\/v2\/media?parent=5268"}],"wp:term":[{"taxonomy":"product_brand","embeddable":true,"href":"https:\/\/minghanggroup.com\/de\/wp-json\/wp\/v2\/product_brand?post=5268"},{"taxonomy":"product_cat","embeddable":true,"href":"https:\/\/minghanggroup.com\/de\/wp-json\/wp\/v2\/product_cat?post=5268"},{"taxonomy":"product_tag","embeddable":true,"href":"https:\/\/minghanggroup.com\/de\/wp-json\/wp\/v2\/product_tag?post=5268"}],"curies":[{"name":"wp","href":"https:\/\/api.w.org\/{rel}","templated":true}]}}