{"id":5259,"date":"2026-01-23T16:46:47","date_gmt":"2026-01-23T08:46:47","guid":{"rendered":"https:\/\/minghanggroup.com\/?post_type=product&#038;p=5259"},"modified":"2026-01-23T16:46:49","modified_gmt":"2026-01-23T08:46:49","slug":"dual-purpose-vertically-ribbed-unique-candle-jars-wholesale","status":"publish","type":"product","link":"https:\/\/minghanggroup.com\/de\/produkt\/dual-purpose-vertically-ribbed-unique-candle-jars-wholesale\/","title":{"rendered":"Einzigartige, vertikal gerippte Kerzengl\u00e4ser mit Doppelfunktion (Gro\u00dfhandel)"},"content":{"rendered":"<p>Ihre Kerzengl\u00e4ser sollten nicht nur Wachs enthalten \u2013 sie sollten Ihrem Gesch\u00e4ft ein geheimnisvolles Ambiente verleihen. Als Spezialisten f\u00fcr den Gro\u00dfhandel mit einzigartigen Kerzengl\u00e4sern fertigen wir luxuri\u00f6se Gef\u00e4\u00dfe, die Ihr Kerzensortiment zu einem absoluten Must-have f\u00fcr Ihre Kunden machen.<\/p>\n<h2>Produktmerkmale<\/h2>\n<ul>\n<li><strong>Duales Nutzungsdesign:<\/strong> Die weite \u00d6ffnung eignet sich perfekt zum Halten von Stumpenkerzen, w\u00e4hrend das schmale Ende zum Greifen von Kegelkerzen gedacht ist.<\/li>\n<li><strong>Vertikales Streifenlichtspiel:<\/strong> Die Rippen reflektieren das Kerzenlicht in Mustern, die an fl\u00fcssige Spitze erinnern \u2013 Ihr Raumduft ist im Handumdrehen viel eleganter geworden.<\/li>\n<li><strong>Stabiler Sockel:<\/strong> Dank des dicken Bodens wackelt Ihre Kerze selbst auf einem Marmortisch nicht. Das Kerzengef\u00e4\u00df wirkt robust und hochwertig.<\/li>\n<\/ul>\n<h2>Wichtigste Spezifikationen<\/h2>\n<table style=\"border-collapse: collapse; width: 80%; margin-left: auto; margin-right: auto;\" border=\"0\" width=\"216\" cellspacing=\"0\" cellpadding=\"0\">\n<tbody>\n<tr style=\"height: 13.50pt;\">\n<td style=\"height: 13.5pt; width: 54pt; text-align: center;\" width=\"72\" height=\"18\">Abmessungen (mm)<\/td>\n<td style=\"width: 54pt; text-align: center;\" width=\"72\">Form<\/td>\n<td style=\"width: 54pt; text-align: center;\" width=\"72\">Besonderheit<\/td>\n<\/tr>\n<tr style=\"height: 13.50pt;\">\n<td style=\"height: 13.5pt; text-align: center;\" height=\"18\">63 \u00d7 34 \u00d7 52<\/td>\n<td style=\"text-align: center;\">Doppelfunktion<\/td>\n<td style=\"text-align: center;\">Vertikale Streifen<\/td>\n<\/tr>\n<\/tbody>\n<\/table>\n<h2>Erfolgsbeispiel<\/h2>\n<p>Eine europ\u00e4ische Marke f\u00fcr Wohnaccessoires entschied sich f\u00fcr eine Zusammenarbeit mit uns, um einen multifunktionalen, weit ge\u00f6ffneten Kerzenhalter f\u00fcr ihre Weihnachtskerzenkollektion anfertigen zu lassen. Bei der Gestaltung w\u00e4hlte der Kunde ein elegantes rosafarbenes Glas, passend zum Duft der Kerzen, und lie\u00df sein Logo per Galvanisierung auf der Unterseite eingravieren, um so sein Markenimage zu unterstreichen.<\/p>\n<p>Innerhalb von drei Monaten nach der Produkteinf\u00fchrung stieg der Absatz der Serie im Vergleich zum Vorjahr um fast 38 %. Sp\u00e4ter erteilte der Kunde zwei weitere Gro\u00dfauftr\u00e4ge, sowohl f\u00fcr seine regul\u00e4re Heimdekorationskollektion als auch f\u00fcr exklusive Weihnachtsprodukte.<\/p>\n<h2>Ihre Anpassungsoptionen<\/h2>\n<ol>\n<li><strong>Lichteffekte auf Glastexturen:<\/strong> Wir bieten speziell angefertigte Glastexturen an, wobei der Fokus auf der Tiefe der vertikalen Strukturstreifen, Eisrisse und konkaven Wellen liegt, um ein Spiel von Licht und Schatten zu erzeugen, das das beleuchtete Produkt optisch hervorhebt und so zu festlichen und h\u00fcbschen Wohnaccessoires beitr\u00e4gt.<\/li>\n<li><strong>Farbschichtung oder Farbverlaufsprozess:<\/strong> Wir k\u00f6nnen mehrschichtige Farbeffekte erzielen, wie zum Beispiel transparente Farbverl\u00e4ufe und \u00dcberg\u00e4nge von rauchigem Grau zu bernsteinfarbenen T\u00f6nen. Diese eignen sich perfekt f\u00fcr exklusive Aromatherapie- oder Limited-Edition-Serien und vermitteln so ein gesteigertes Luxus- und Wiedererkennungsniveau.<\/li>\n<li><strong>Dezente Logo-Pr\u00e4sentation:<\/strong> Um die Optik nicht zu \u00fcberladen und gleichzeitig die Markenbekanntheit zu steigern, empfehlen wir eine Logo-Pr\u00e4gung an der Innenwand, ein Relief am unteren Rand oder einen Silikon-Siebdruck des Logos in der gleichen Farbe. Diese Art der Markenpr\u00e4sentation eignet sich daher besonders f\u00fcr den mittleren bis gehobenen Einzelhandel.<\/li>\n<\/ol>","protected":false},"excerpt":{"rendered":"<p>Kerzengl\u00e4ser direkt vom Hersteller \u2013 mit ansprechender Glasform. Einzigartige Kerzengl\u00e4ser im Gro\u00dfhandel f\u00fcr Marken \u2013 schneller Versand, individuelle Anpassung in gro\u00dfen Mengen, kostenlose Muster erh\u00e4ltlich.<\/p>","protected":false},"featured_media":5263,"template":"","meta":{"postBodyCss":"","postBodyMargin":[],"postBodyPadding":[],"postBodyBackground":{"backgroundType":"classic","gradient":""}},"product_brand":[],"product_cat":[15,82,17],"product_tag":[],"class_list":{"0":"post-5259","1":"product","2":"type-product","3":"status-publish","4":"has-post-thumbnail","6":"product_cat-glass-containers","7":"product_cat-candle-jars","8":"product_cat-glass-jars","10":"first","11":"instock","12":"shipping-taxable","13":"product-type-simple"},"jetpack_sharing_enabled":true,"_links":{"self":[{"href":"https:\/\/minghanggroup.com\/de\/wp-json\/wp\/v2\/product\/5259","targetHints":{"allow":["GET"]}}],"collection":[{"href":"https:\/\/minghanggroup.com\/de\/wp-json\/wp\/v2\/product"}],"about":[{"href":"https:\/\/minghanggroup.com\/de\/wp-json\/wp\/v2\/types\/product"}],"wp:featuredmedia":[{"embeddable":true,"href":"https:\/\/minghanggroup.com\/de\/wp-json\/wp\/v2\/media\/5263"}],"wp:attachment":[{"href":"https:\/\/minghanggroup.com\/de\/wp-json\/wp\/v2\/media?parent=5259"}],"wp:term":[{"taxonomy":"product_brand","embeddable":true,"href":"https:\/\/minghanggroup.com\/de\/wp-json\/wp\/v2\/product_brand?post=5259"},{"taxonomy":"product_cat","embeddable":true,"href":"https:\/\/minghanggroup.com\/de\/wp-json\/wp\/v2\/product_cat?post=5259"},{"taxonomy":"product_tag","embeddable":true,"href":"https:\/\/minghanggroup.com\/de\/wp-json\/wp\/v2\/product_tag?post=5259"}],"curies":[{"name":"wp","href":"https:\/\/api.w.org\/{rel}","templated":true}]}}