{"id":5251,"date":"2026-01-23T16:15:48","date_gmt":"2026-01-23T08:15:48","guid":{"rendered":"https:\/\/minghanggroup.com\/?post_type=product&#038;p=5251"},"modified":"2026-01-23T16:15:49","modified_gmt":"2026-01-23T08:15:49","slug":"clear-glass-candle-jars-with-lids-for-packaging-bulk","status":"publish","type":"product","link":"https:\/\/minghanggroup.com\/de\/produkt\/clear-glass-candle-jars-with-lids-for-packaging-bulk\/","title":{"rendered":"25 ml und 48 ml durchsichtige Glaskerzengl\u00e4ser mit Deckel f\u00fcr die Gro\u00dfpackung"},"content":{"rendered":"<p>Ihre Glaskerzengl\u00e4ser mit Deckel sollten nicht nur Wachs enthalten \u2013 sie sollten Ihr Gesch\u00e4ft wie einen verborgenen Schatz erstrahlen lassen. Als Spezialisten f\u00fcr Kerzengl\u00e4ser in gro\u00dfen Mengen fertigen wir luxuri\u00f6se Kerzenbeh\u00e4lter, die Ihre Gro\u00dfhandelskerzen zu einem Kundenliebling machen.<\/p>\n<h2>Produktmerkmale<\/h2>\n<ul>\n<li><strong>Mini-Luxusgr\u00f6\u00dfe:<\/strong> Klein, aber oho! Ideal f\u00fcr Proben oder als stilvolles Schreibtischaccessoire. Ihr Kerzenhalter wird so zu einem ganz pers\u00f6nlichen und hochwertigen Unikat.<\/li>\n<li><strong>Flexibilit\u00e4t des Deckels:<\/strong> Deckel aus Holz oder Metall lassen sich fest verschlie\u00dfen, sodass kein Wachs auslaufen und kein Staub eindringen kann.<\/li>\n<li><strong>Kristallklare Klarheit:<\/strong> Beobachten Sie die Farben der duftenden \u00e4therischen \u00d6le durch transparentes Glas \u2013 keine tr\u00fcben Bilder.<\/li>\n<\/ul>\n<h2>Wichtigste Spezifikationen<\/h2>\n<table style=\"border-collapse: collapse; width: 80%; margin-left: auto; margin-right: auto;\" border=\"0\" width=\"288\" cellspacing=\"0\" cellpadding=\"0\">\n<tbody>\n<tr style=\"height: 13.50pt;\">\n<td style=\"height: 13.5pt; width: 54pt; text-align: center;\" width=\"72\" height=\"18\">Gr\u00f6\u00dfe (ml)<\/td>\n<td style=\"width: 54pt; text-align: center;\" width=\"72\">Abmessungen (mm)<\/td>\n<td style=\"width: 54pt; text-align: center;\" width=\"72\">Deckeloptionen<\/td>\n<td style=\"width: 54pt; text-align: center;\" width=\"72\">Farbe<\/td>\n<\/tr>\n<tr style=\"height: 13.50pt;\">\n<td style=\"height: 13.5pt; text-align: center;\" align=\"right\" height=\"18\">25<\/td>\n<td style=\"text-align: center;\">37 \u00d7 45 \u00d7 28<\/td>\n<td class=\"et2\" style=\"text-align: center;\" rowspan=\"2\">Holz oder Metall<\/td>\n<td class=\"et2\" style=\"text-align: center;\" rowspan=\"2\">Transparent oder Sie ben\u00f6tigen<\/td>\n<\/tr>\n<tr style=\"height: 13.50pt;\">\n<td style=\"height: 13.5pt; text-align: center;\" align=\"right\" height=\"18\">48<\/td>\n<td style=\"text-align: center;\">45 \u00d7 39 \u00d7 53<\/td>\n<\/tr>\n<\/tbody>\n<\/table>\n<h2>Erfolgsbeispiel<\/h2>\n<p>Eine nordamerikanische Premiummarke f\u00fcr Duftkerzen erwarb unsere Glasbeh\u00e4lter mit Deckel als Hauptverpackung f\u00fcr ihre neue Produktlinie, insbesondere f\u00fcr ihre Premium-Duftkollektion. Die glatten Glasbeh\u00e4lter wurden mit einem speziellen, gepr\u00e4gten Logo versehen und durch bernsteinfarbenes Glas ersetzt, um die Auswirkungen von direktem Sonnenlicht zu reduzieren. Zus\u00e4tzlich wurden die Beh\u00e4lter mit farbigen Deckeln aus Naturholz kombiniert, um den Wiedererkennungswert der Marke zu steigern.<\/p>\n<p>Die erste Gro\u00dfbestellung von Kerzengl\u00e4sern wurde zwischen dem Online- und dem Boutique-Verkauf aufgeteilt. Innerhalb von drei Monaten nach dem Verkaufsstart stieg der Absatz der Serie im Vergleich zum Vorjahr um rund 38 %. Im zweiten Quartal wurden zwei Nachbestellungen aufgegeben, wodurch sich die Nachbestellmenge auf das 2,5-Fache der urspr\u00fcnglichen Bestellung erh\u00f6hte. So entwickelte sich das Produkt zu einer stabilen, langfristigen Kooperation.<\/p>\n<h2>Ihre Anpassungsoptionen<\/h2>\n<ol>\n<li><strong>Individuelle Gestaltung der Glasoberfl\u00e4chenveredelung:<\/strong> Erm\u00f6glicht die Kombination von Teilglasur, Vollglasur, Innenfarbspr\u00fchung oder abgestuften Spr\u00fchtechniken, um eine einzigartige visuelle Bandbreite zu erzeugen, die die Brennleistung der Kerze nicht beeintr\u00e4chtigt.<\/li>\n<li><strong>Material- und Detailverbesserungen am Deckel:<\/strong> Neben den \u00fcblichen Holzdeckeln gibt es auch Bambusdeckel, Metalldeckel oder Silikondichtungsringe zur Auswahl, um die Luftdichtigkeit und die Sicherheit auf Reisen zu verbessern.<\/li>\n<li><strong>Personalisierung der Markenkennzeichnung am Becherboden:<\/strong> Hilft dabei, eine Marke authentischer zu machen und die Serienfertigung durch ein gepr\u00e4gtes Logo, ein Reliefdesign oder eine auf den Becherboden gedruckte Chargennummer zu vereinfachen.<\/li>\n<\/ol>","protected":false},"excerpt":{"rendered":"<p>Kerzengl\u00e4ser aus Glas mit Deckel f\u00fcr Duftkerzen und Etiketten. Zuverl\u00e4ssige Lieferung von Kerzengl\u00e4sern in gro\u00dfen Mengen direkt ab Werk, auch individuelle Anpassungen sind m\u00f6glich.<\/p>","protected":false},"featured_media":5258,"template":"","meta":{"postBodyCss":"","postBodyMargin":[],"postBodyPadding":[],"postBodyBackground":{"backgroundType":"classic","gradient":""}},"product_brand":[],"product_cat":[15,82,17],"product_tag":[],"class_list":{"0":"post-5251","1":"product","2":"type-product","3":"status-publish","4":"has-post-thumbnail","6":"product_cat-glass-containers","7":"product_cat-candle-jars","8":"product_cat-glass-jars","10":"first","11":"instock","12":"shipping-taxable","13":"product-type-simple"},"jetpack_sharing_enabled":true,"_links":{"self":[{"href":"https:\/\/minghanggroup.com\/de\/wp-json\/wp\/v2\/product\/5251","targetHints":{"allow":["GET"]}}],"collection":[{"href":"https:\/\/minghanggroup.com\/de\/wp-json\/wp\/v2\/product"}],"about":[{"href":"https:\/\/minghanggroup.com\/de\/wp-json\/wp\/v2\/types\/product"}],"wp:featuredmedia":[{"embeddable":true,"href":"https:\/\/minghanggroup.com\/de\/wp-json\/wp\/v2\/media\/5258"}],"wp:attachment":[{"href":"https:\/\/minghanggroup.com\/de\/wp-json\/wp\/v2\/media?parent=5251"}],"wp:term":[{"taxonomy":"product_brand","embeddable":true,"href":"https:\/\/minghanggroup.com\/de\/wp-json\/wp\/v2\/product_brand?post=5251"},{"taxonomy":"product_cat","embeddable":true,"href":"https:\/\/minghanggroup.com\/de\/wp-json\/wp\/v2\/product_cat?post=5251"},{"taxonomy":"product_tag","embeddable":true,"href":"https:\/\/minghanggroup.com\/de\/wp-json\/wp\/v2\/product_tag?post=5251"}],"curies":[{"name":"wp","href":"https:\/\/api.w.org\/{rel}","templated":true}]}}