{"id":5160,"date":"2026-01-23T15:05:35","date_gmt":"2026-01-23T07:05:35","guid":{"rendered":"https:\/\/minghanggroup.com\/?post_type=product&#038;p=5160"},"modified":"2026-01-23T15:05:37","modified_gmt":"2026-01-23T07:05:37","slug":"ribbed-pedestal-glass-candle-jars-with-thick-base-bulk","status":"publish","type":"product","link":"https:\/\/minghanggroup.com\/de\/produkt\/ribbed-pedestal-glass-candle-jars-with-thick-base-bulk\/","title":{"rendered":"185 ml gerippte Kerzengl\u00e4ser aus Glas mit dickem Boden (Gro\u00dfpackung)"},"content":{"rendered":"<p>Ihr Glasgef\u00e4\u00df f\u00fcr Kerzen sollte mehr sein als nur ein Beh\u00e4lter \u2013 es sollte Ihrem Gesch\u00e4ft ein geheimnisvolles Ambiente verleihen. Als Spezialisten f\u00fcr individuell gestaltete Kerzengef\u00e4\u00dfe fertigen wir luxuri\u00f6se Gef\u00e4\u00dfe, die Ihre Kerzenkollektion im Gro\u00dfhandel zu einem absoluten Must-have f\u00fcr Ihre Kunden machen.<\/p>\n<h2>Produktmerkmale<\/h2>\n<ul>\n<li><strong>Leichte, knackige Rippchen:<\/strong> Kerzenlicht wird durch vertikale Linien wie fl\u00fcssige Spitze gestreut \u2013 ein Hauch von Eleganz f\u00fcr den Raum.<\/li>\n<li><strong>Stabiler, hoher Sockel:<\/strong> H\u00f6herer Standfu\u00df, kein Wackeln auf Regalen. Ihr Kerzenbeh\u00e4lter wirkt robust, hochwertig und vermittelt ein edles Gef\u00fchl.<\/li>\n<li><strong>Kristallklare Klarheit:<\/strong> Ob ge\u00f6ffnet oder geschlossen, durch das klare Glas kommen die leuchtenden Farben der duftenden \u00e4therischen \u00d6le zur Geltung.<\/li>\n<\/ul>\n<h2>Wichtigste Spezifikationen<\/h2>\n<table style=\"border-collapse: collapse; width: 80%; margin-left: auto; margin-right: auto;\" border=\"0\" width=\"288\" cellspacing=\"0\" cellpadding=\"0\">\n<tbody>\n<tr style=\"height: 13.50pt;\">\n<td style=\"height: 13.5pt; width: 54pt; text-align: center;\" width=\"72\" height=\"18\">Gr\u00f6\u00dfe<\/td>\n<td style=\"width: 54pt; text-align: center;\" width=\"72\">Abmessungen (mm)<\/td>\n<td style=\"width: 54pt; text-align: center;\" width=\"72\">Muster<\/td>\n<td style=\"width: 54pt; text-align: center;\" width=\"72\">Farboptionen<\/td>\n<\/tr>\n<tr style=\"height: 13.50pt;\">\n<td style=\"height: 13.5pt; text-align: center;\" height=\"18\">185 ml<\/td>\n<td style=\"text-align: center;\">70 \u00d7 60 \u00d7 80<\/td>\n<td style=\"text-align: center;\">Vertikale Rippen<\/td>\n<td style=\"text-align: center;\">Klar\/benutzerdefiniert<\/td>\n<\/tr>\n<\/tbody>\n<\/table>\n<h2>Erfolgsbeispiel<\/h2>\n<p>Eine Boutique-Parf\u00fcmmarke f\u00fcr kleine Wohnungen mit Fokus auf modernes Interieur hat unsere gerippten Glaskerzengl\u00e4ser f\u00fcr die Markteinf\u00fchrung ihrer neuen Duftkollektion ausgew\u00e4hlt. Die Gl\u00e4ser sind mit einer mattierten Oberfl\u00e4che, einem dezenten, gepr\u00e4gten Logo am Boden und minimalistischen, im Siebdruckverfahren gedruckten Mustern verziert, die perfekt zur Duftgeschichte passen.<\/p>\n<p>Nach der Einf\u00fchrung dieser Verpackungsbox konnte die Marke nach eigenen Angaben eine Steigerung der Attraktivit\u00e4t ihrer Produkte in den Regalen um 35 % verzeichnen. Auch der wahrgenommene Wert der Produkte stieg deutlich an, was zu einem Anstieg der Folgebestellungen von den H\u00e4ndlern um 30 % f\u00fchrte.<\/p>\n<h2>Ihre Anpassungsoptionen<\/h2>\n<ol>\n<li><strong>Oberfl\u00e4chenbeschaffenheit:<\/strong> W\u00e4hlen Sie die Oberfl\u00e4chenveredelung aus transparent, mattiert, s\u00e4urege\u00e4tzt, ge\u00e4tzt oder halbmatt, um sie an verschiedene Duftkonzepte und Einrichtungsstile anzupassen.<\/li>\n<li><strong>Siebdruck:<\/strong> Platzieren Sie einfache Muster, Duftnamen oder Anwendungssymbole direkt auf dem Glas, um ein ordentliches, etikettenfreies Erscheinungsbild zu erzielen.<\/li>\n<li><strong>Deckel-Kombinationsoptionen:<\/strong> Man kann das Einmachglas mit Deckeln aus Holz, Metall oder Glas in verschiedenen Ausf\u00fchrungen kombinieren, um aus derselben Einmachglasform unterschiedliche Produktlinien zu kreieren.<\/li>\n<\/ol>","protected":false},"excerpt":{"rendered":"<p>Kerzengl\u00e4ser aus Glas mit geriffelten W\u00e4nden und erh\u00f6htem Boden. Direkt vom Hersteller, ideal f\u00fcr Marken, die individuelle Kerzengl\u00e4ser und Gro\u00dfbestellungen ben\u00f6tigen.<\/p>","protected":false},"featured_media":5213,"template":"","meta":{"postBodyCss":"","postBodyMargin":[],"postBodyPadding":[],"postBodyBackground":{"backgroundType":"classic","gradient":""}},"product_brand":[],"product_cat":[15,82,17],"product_tag":[],"class_list":{"0":"post-5160","1":"product","2":"type-product","3":"status-publish","4":"has-post-thumbnail","6":"product_cat-glass-containers","7":"product_cat-candle-jars","8":"product_cat-glass-jars","10":"first","11":"instock","12":"shipping-taxable","13":"product-type-simple"},"jetpack_sharing_enabled":true,"_links":{"self":[{"href":"https:\/\/minghanggroup.com\/de\/wp-json\/wp\/v2\/product\/5160","targetHints":{"allow":["GET"]}}],"collection":[{"href":"https:\/\/minghanggroup.com\/de\/wp-json\/wp\/v2\/product"}],"about":[{"href":"https:\/\/minghanggroup.com\/de\/wp-json\/wp\/v2\/types\/product"}],"wp:featuredmedia":[{"embeddable":true,"href":"https:\/\/minghanggroup.com\/de\/wp-json\/wp\/v2\/media\/5213"}],"wp:attachment":[{"href":"https:\/\/minghanggroup.com\/de\/wp-json\/wp\/v2\/media?parent=5160"}],"wp:term":[{"taxonomy":"product_brand","embeddable":true,"href":"https:\/\/minghanggroup.com\/de\/wp-json\/wp\/v2\/product_brand?post=5160"},{"taxonomy":"product_cat","embeddable":true,"href":"https:\/\/minghanggroup.com\/de\/wp-json\/wp\/v2\/product_cat?post=5160"},{"taxonomy":"product_tag","embeddable":true,"href":"https:\/\/minghanggroup.com\/de\/wp-json\/wp\/v2\/product_tag?post=5160"}],"curies":[{"name":"wp","href":"https:\/\/api.w.org\/{rel}","templated":true}]}}