{"id":5155,"date":"2026-01-23T13:12:52","date_gmt":"2026-01-23T05:12:52","guid":{"rendered":"https:\/\/minghanggroup.com\/?post_type=product&#038;p=5155"},"modified":"2026-01-23T16:51:05","modified_gmt":"2026-01-23T08:51:05","slug":"small-clear-candle-jars-with-thick-base-wholesale","status":"publish","type":"product","link":"https:\/\/minghanggroup.com\/de\/produkt\/small-clear-candle-jars-with-thick-base-wholesale\/","title":{"rendered":"35 ml kleine, durchsichtige Kerzengl\u00e4ser mit dickem Boden (Gro\u00dfhandel)"},"content":{"rendered":"<p>Diese kleinen Glaskerzenbeh\u00e4lter zeichnen sich durch eine einfache und flache zylindrische Form mit einem starken und verdickten Boden aus, der f\u00fcr zus\u00e4tzliche Stabilit\u00e4t sorgt.<\/p>\n<h2>Produktmerkmale<\/h2>\n<ul>\n<li><strong>Kleine und stabile zylindrische Bauform:<\/strong> Die Konstruktion ist robust und verf\u00fcgt \u00fcber einen stabilen Sockel, sodass die Figuren trotz ihrer geringen Gr\u00f6\u00dfe nicht umkippen k\u00f6nnen.<\/li>\n<li><strong>Kleines Fassungsverm\u00f6gen von 35 ml:<\/strong> Die Gr\u00f6\u00dfe von 35 ml ist ideal zur Aufbewahrung von Teelichtern, Duftkerzen, Probekerzen oder kleinen Dekokerzen.<\/li>\n<li><strong>Starke, verdickte Basisform:<\/strong> Der verst\u00e4rkte Boden verleiht dem Kerzenst\u00e4ndergef\u00e4\u00df ein hochwertiges und wertiges Aussehen und Gewicht.<\/li>\n<\/ul>\n<h2 style=\"text-align: left;\">Wichtigste Spezifikationen<\/h2>\n<table class=\"aligncenter\" style=\"border-collapse: collapse; width: 401.27pt;\" border=\"0\" width=\"535\" cellspacing=\"0\" cellpadding=\"0\">\n<tbody>\n<tr style=\"height: 13.50pt;\">\n<td style=\"height: 13.50pt; width: 120.75pt;\" width=\"161\" height=\"18\">Specification<\/td>\n<td style=\"width: 280.50pt;\" width=\"374\">Details<\/td>\n<\/tr>\n<tr style=\"height: 13.50pt;\">\n<td style=\"height: 13.50pt;\" height=\"18\">Kapazit\u00e4t<\/td>\n<td>35 ml<\/td>\n<\/tr>\n<tr style=\"height: 13.50pt;\">\n<td style=\"height: 13.50pt;\" height=\"18\">Abmessungen<\/td>\n<td>52 \u00d7 48 \u00d7 34 mm<\/td>\n<\/tr>\n<tr style=\"height: 13.50pt;\">\n<td style=\"height: 13.50pt;\" height=\"18\">Material<\/td>\n<td>Klarglas<\/td>\n<\/tr>\n<tr style=\"height: 13.50pt;\">\n<td style=\"height: 13.50pt;\" height=\"18\">Glasform<\/td>\n<td>Kurzer, geradwandiger Zylinder mit dickem Boden<\/td>\n<\/tr>\n<tr style=\"height: 13.50pt;\">\n<td style=\"height: 13.50pt;\" height=\"18\">Anpassungsumfang<\/td>\n<td>Farbe, Gr\u00f6\u00dfe, Deckel, Oberfl\u00e4che<\/td>\n<\/tr>\n<tr style=\"height: 13.50pt;\">\n<td style=\"height: 13.50pt;\" height=\"18\">Produktzweck<\/td>\n<td>Kleine Glasgef\u00e4\u00dfe f\u00fcr Kerzen und Duftwachs<\/td>\n<\/tr>\n<tr style=\"height: 13.50pt;\">\n<td style=\"height: 13.50pt;\" height=\"18\">Geeignete Branchen<\/td>\n<td>Kerzenhersteller, Geschenkartikelanbieter<\/td>\n<\/tr>\n<\/tbody>\n<\/table>\n<h2>Erfolgsgeschichte: G\u00e4stezimmerausstattung einer kanadischen Hotelkette<\/h2>\n<p>Eine Hotelkette in Kanada bat darum, ihre Teelichter in den G\u00e4stezimmern auszutauschen. Sie nutzten unsere kleinen, klaren Glasbeh\u00e4lter mit 35 ml Fassungsverm\u00f6gen, mattierter Oberfl\u00e4che und dezent eingraviertem Markenlogo am Boden. Das mattierte Glas sorgte f\u00fcr eine optimale Lichtstreuung und steigerte den Wert des Produkts um 40 Prozent. Durch den dickeren Boden wurde die Stabilit\u00e4t erh\u00f6ht und die Bruchrate um 95 Prozent gesenkt. Aufgrund dieses gro\u00dfen Erfolgs bestellte die Hotelkette nun 500.000 Beh\u00e4lter, um alle ihre Hotels innerhalb der n\u00e4chsten zwei Jahre auszustatten.<\/p>\n<h2>Personalisierung kleiner, durchsichtiger Kerzengl\u00e4ser<\/h2>\n<ul>\n<li>Farben der Gl\u00e4ser: Es gibt klare, hellgraue, bernsteinfarbene oder andere sanfte Farben.<\/li>\n<li>Informationen zur Pr\u00e4gung: F\u00fcgen Sie strukturierte Designs oder Logos in den Boden des Glases ein.<\/li>\n<li>Siebdruck: Einfache Logos, Designs oder Etiketten werden auf das Glas gedruckt.<\/li>\n<li>Lasergravur: Markenname, Symbole oder Chargennummer werden auf dem unteren Teil des Glases eingraviert.<\/li>\n<\/ul>","protected":false},"excerpt":{"rendered":"<p>Schlichte, transparente Kerzengl\u00e4ser mit dickem Boden, ideal f\u00fcr Duftkerzen und Tischdekoration. Hochwertige kleine Glaskerzengl\u00e4ser mit schnellem weltweiten Versand.<\/p>","protected":false},"featured_media":5223,"template":"","meta":{"postBodyCss":"","postBodyMargin":[],"postBodyPadding":[],"postBodyBackground":{"backgroundType":"classic","gradient":""}},"product_brand":[],"product_cat":[15,82,17],"product_tag":[],"class_list":{"0":"post-5155","1":"product","2":"type-product","3":"status-publish","4":"has-post-thumbnail","6":"product_cat-glass-containers","7":"product_cat-candle-jars","8":"product_cat-glass-jars","10":"first","11":"instock","12":"shipping-taxable","13":"product-type-simple"},"jetpack_sharing_enabled":true,"_links":{"self":[{"href":"https:\/\/minghanggroup.com\/de\/wp-json\/wp\/v2\/product\/5155","targetHints":{"allow":["GET"]}}],"collection":[{"href":"https:\/\/minghanggroup.com\/de\/wp-json\/wp\/v2\/product"}],"about":[{"href":"https:\/\/minghanggroup.com\/de\/wp-json\/wp\/v2\/types\/product"}],"wp:featuredmedia":[{"embeddable":true,"href":"https:\/\/minghanggroup.com\/de\/wp-json\/wp\/v2\/media\/5223"}],"wp:attachment":[{"href":"https:\/\/minghanggroup.com\/de\/wp-json\/wp\/v2\/media?parent=5155"}],"wp:term":[{"taxonomy":"product_brand","embeddable":true,"href":"https:\/\/minghanggroup.com\/de\/wp-json\/wp\/v2\/product_brand?post=5155"},{"taxonomy":"product_cat","embeddable":true,"href":"https:\/\/minghanggroup.com\/de\/wp-json\/wp\/v2\/product_cat?post=5155"},{"taxonomy":"product_tag","embeddable":true,"href":"https:\/\/minghanggroup.com\/de\/wp-json\/wp\/v2\/product_tag?post=5155"}],"curies":[{"name":"wp","href":"https:\/\/api.w.org\/{rel}","templated":true}]}}