{"id":5150,"date":"2026-01-23T13:45:56","date_gmt":"2026-01-23T05:45:56","guid":{"rendered":"https:\/\/minghanggroup.com\/?post_type=product&#038;p=5150"},"modified":"2026-03-02T13:47:52","modified_gmt":"2026-03-02T05:47:52","slug":"empty-candle-jars-with-lids-bulk-candle-jar-suppliers","status":"publish","type":"product","link":"https:\/\/minghanggroup.com\/de\/produkt\/empty-candle-jars-with-lids-bulk-candle-jar-suppliers\/","title":{"rendered":"210ml 390ml Empty Candle Jars with Lids for Packaging Bulk"},"content":{"rendered":"<p>Ihre leeren Kerzengl\u00e4ser mit Deckel sollten nicht einfach ungenutzt herumstehen \u2013 sie k\u00f6nnen nach dem Abbrennen der Kerzen zu dekorativen Blickf\u00e4ngen auf Ihrem Schreibtisch werden. Als Hersteller von hochwertigen Kerzengl\u00e4sern fertigen wir Glaskerzengl\u00e4ser, die Ihre Kerzenkollektion im Gro\u00dfhandel zum Liebling Ihrer Kunden machen.<\/p>\n<h2>Produktmerkmale<\/h2>\n<ul>\n<li><strong>Goldener Glockenanh\u00e4nger:<\/strong> Das kuppelf\u00f6rmige Design f\u00e4ngt das Licht der Kerze geschickt ein und erzeugt so den Eindruck eines geheimen Gartens, wodurch die edle Optik Ihrer Duftkerze sofort aufgewertet wird.<\/li>\n<li><strong>Sicherer Glasdeckel:<\/strong> Der Glasdeckel wird am oberen Ring hochgezogen und ist zudem staub- und auslaufsicher, wodurch Ihr Kerzenbeh\u00e4lter robust und langlebig ist und gleichzeitig hochwertiges Material zum Vorschein kommt.<\/li>\n<li><strong>Beitrag, Kerzenkunst:<\/strong> Den leeren Kerzenbeh\u00e4lter kann man als kleinen Gegenstandsbeh\u00e4lter wiederverwenden, was nicht nur Abfallvermeidung f\u00f6rdert, sondern auch einen kleinen stilvollen Akzent setzt.<\/li>\n<\/ul>\n<h2>Wichtigste Spezifikationen<\/h2>\n<p>&nbsp;<\/p>\n<table style=\"border-collapse: collapse; width: 80%; margin-left: auto; margin-right: auto;\" border=\"0\" width=\"216\" cellspacing=\"0\" cellpadding=\"0\">\n<tbody>\n<tr style=\"height: 13.50pt;\">\n<td class=\"et2\" style=\"height: 13.5pt; width: 54pt; text-align: center;\" width=\"72\" height=\"18\">Kapazit\u00e4t<\/td>\n<td style=\"width: 54pt; text-align: center;\" width=\"72\">Abmessungen (mm)<\/td>\n<td style=\"width: 54pt; text-align: center;\" width=\"72\">Farbe<\/td>\n<\/tr>\n<tr style=\"height: 13.50pt;\">\n<td class=\"et3\" style=\"height: 27pt; text-align: center;\" rowspan=\"2\" height=\"36\">210 ml<\/td>\n<td style=\"text-align: center;\">Tall:\u00a0 84 * 89 * 112<\/td>\n<td class=\"et3\" style=\"text-align: center;\" rowspan=\"4\">Klar\/benutzerdefiniert<\/td>\n<\/tr>\n<tr style=\"height: 13.50pt;\">\n<td style=\"text-align: center;\">Short:\u00a0 72 * 89 * 79<\/td>\n<\/tr>\n<tr style=\"height: 13.50pt;\">\n<td class=\"et3\" style=\"height: 27pt; text-align: center;\" rowspan=\"2\" height=\"36\">390ml<\/td>\n<td style=\"text-align: center;\">Tall: 101 * 107 * 130<\/td>\n<\/tr>\n<tr style=\"height: 13.50pt;\">\n<td style=\"text-align: center;\">Short: 86 * 108 * 88<\/td>\n<\/tr>\n<\/tbody>\n<\/table>\n<h2>Erfolgsbeispiel<\/h2>\n<p>Ein Hersteller von luxuri\u00f6sen Raumd\u00fcften w\u00e4hlte unsere Glas-Kerzenhalter im Glockenstil und personalisierte den Sockel mit einem eleganten, gepr\u00e4gten Markenlogo. Die Glasseite wies eine zarte, mattierte Oberfl\u00e4che auf, und am Boden befand sich lediglich ein im Siebdruckverfahren aufgebrachtes Logo.<\/p>\n<p>Nach der Produkteinf\u00fchrung stieg der durchschnittliche Bestellwert um 35 %, und auch die Wiederkaufsrate verbesserte sich deutlich. Die ungew\u00f6hnliche Form der Glasglocke ist nicht nur ein Blickfang, sondern sch\u00fctzt die Kerzen auch vor Verschmutzungen bei der Pr\u00e4sentation und Lagerung. Dadurch gingen die Reklamationen bez\u00fcglich Oberfl\u00e4chenflecken um mehr als 30 % zur\u00fcck.<\/p>\n<h2>Ihre Anpassungsoptionen<\/h2>\n<ol>\n<li><strong>Logo-Individualisierung durch Pr\u00e4gung oder Tiefpr\u00e4gung:<\/strong> Bringen Sie ein gepr\u00e4gtes Logo, einen Markenslogan oder sogar ein Design auf dem Becherk\u00f6rper oder in der N\u00e4he des Bodens an, um die Markenbekanntheit zu steigern und gleichzeitig die Qualit\u00e4t des glockenf\u00f6rmigen Kerzenbechers beizubehalten.<\/li>\n<li><strong>Verbesserungen der Oberfl\u00e4chenbeschaffenheit: <\/strong>Wir k\u00f6nnen in bestimmten Bereichen Mattierungs-, Halbmattierungs- oder Sandstrahlbehandlungen anbieten, und in Kombination mit einer klaren Glasabdeckung entsteht ein kontrastierender Effekt, der das Gesamtbild attraktiver macht.<\/li>\n<li><strong>Siebdruck- und Hei\u00dfpr\u00e4geverzierung: <\/strong>Muster k\u00f6nnen im Siebdruckverfahren aufgebracht, Linien hei\u00dfgepr\u00e4gt oder silbergepr\u00e4gt werden, oder minimalistischer Text kann auf dem Becherk\u00f6rper oder dem Deckel verwendet werden. Das ist eine sehr sch\u00f6ne Erg\u00e4nzung f\u00fcr hochwertige Aromatherapie- oder Geschenkbox-Serien.<\/li>\n<\/ol>","protected":false},"excerpt":{"rendered":"<p>Elegantes Glasdesign von Kerzenglas-Herstellern, inklusive leerer Kerzengl\u00e4ser mit Deckel. Direkt vom Hersteller, kostenlose Muster und flexible Mengenanpassung f\u00fcr Marken.<\/p>","protected":false},"featured_media":5159,"template":"","meta":{"postBodyCss":"","postBodyMargin":[],"postBodyPadding":[],"postBodyBackground":{"backgroundType":"classic","gradient":""}},"product_brand":[],"product_cat":[15,82,17],"product_tag":[94],"class_list":{"0":"post-5150","1":"product","2":"type-product","3":"status-publish","4":"has-post-thumbnail","6":"product_cat-glass-containers","7":"product_cat-candle-jars","8":"product_cat-glass-jars","9":"product_tag-glass-decoration-bottles","11":"first","12":"instock","13":"shipping-taxable","14":"product-type-simple"},"jetpack_sharing_enabled":true,"_links":{"self":[{"href":"https:\/\/minghanggroup.com\/de\/wp-json\/wp\/v2\/product\/5150","targetHints":{"allow":["GET"]}}],"collection":[{"href":"https:\/\/minghanggroup.com\/de\/wp-json\/wp\/v2\/product"}],"about":[{"href":"https:\/\/minghanggroup.com\/de\/wp-json\/wp\/v2\/types\/product"}],"wp:featuredmedia":[{"embeddable":true,"href":"https:\/\/minghanggroup.com\/de\/wp-json\/wp\/v2\/media\/5159"}],"wp:attachment":[{"href":"https:\/\/minghanggroup.com\/de\/wp-json\/wp\/v2\/media?parent=5150"}],"wp:term":[{"taxonomy":"product_brand","embeddable":true,"href":"https:\/\/minghanggroup.com\/de\/wp-json\/wp\/v2\/product_brand?post=5150"},{"taxonomy":"product_cat","embeddable":true,"href":"https:\/\/minghanggroup.com\/de\/wp-json\/wp\/v2\/product_cat?post=5150"},{"taxonomy":"product_tag","embeddable":true,"href":"https:\/\/minghanggroup.com\/de\/wp-json\/wp\/v2\/product_tag?post=5150"}],"curies":[{"name":"wp","href":"https:\/\/api.w.org\/{rel}","templated":true}]}}