{"id":5144,"date":"2026-01-23T10:19:06","date_gmt":"2026-01-23T02:19:06","guid":{"rendered":"https:\/\/minghanggroup.com\/?post_type=product&#038;p=5144"},"modified":"2026-04-27T16:14:49","modified_gmt":"2026-04-27T08:14:49","slug":"empty-glass-embossed-jars-for-candles-wholesale","status":"publish","type":"product","link":"https:\/\/minghanggroup.com\/de\/produkt\/empty-glass-embossed-jars-for-candles-wholesale\/","title":{"rendered":"190 ml leere, gepr\u00e4gte Glasbeh\u00e4lter f\u00fcr Kerzen (Gro\u00dfhandel)"},"content":{"rendered":"<p>Diese Kerzengl\u00e4ser zeichnen sich durch ein transparentes, zylindrisches Design mit einem diamantgeschliffenen Muster aus, das das Licht effektiv reflektiert und bricht. Dadurch eignen sich die Gl\u00e4ser f\u00fcr die Herstellung von Kerzengl\u00e4sern im Gro\u00dfhandel.<\/p>\n<h2>Produktmerkmale<\/h2>\n<ul>\n<li><strong>Vollfl\u00e4chige, diamantgeschliffene Facetten:<\/strong> Die erhabene Diamantstruktur, die die gesamte Oberfl\u00e4che des Materials bedeckt, erzeugt einen Lichtreflexionseffekt, der gleichzeitig kleine, im Wachs vorhandene Defekte kaschiert.<\/li>\n<li><strong>Geradwandige zylindrische Ausf\u00fchrung:<\/strong> Die geraden Seitenw\u00e4nde der Konstruktion sorgen daf\u00fcr, dass das Wachs \u00fcber seine gesamte H\u00f6he abbrennt, verhindern Tunnelbildung und verl\u00e4ngern die Brenndauer.<\/li>\n<li><strong>Glatte, weite \u00d6ffnung:<\/strong> Die breite, glatte Oberseite des Beh\u00e4lters erm\u00f6glicht es dem Benutzer, Wachs leicht in den Beh\u00e4lter zu gie\u00dfen und Dochte hineinzulegen, bevor er den Beh\u00e4lter nach dem Abbrennen der Kerze verschlie\u00dft.<\/li>\n<\/ul>\n<h2 style=\"text-align: left;\">Wichtigste Spezifikationen<\/h2>\n<table class=\"aligncenter\" style=\"border-collapse: collapse; width: 423.02pt;\" border=\"0\" width=\"564\" cellspacing=\"0\" cellpadding=\"0\">\n<tbody>\n<tr style=\"height: 13.50pt;\">\n<td style=\"height: 13.50pt; width: 120.75pt;\" width=\"161\" height=\"18\">Specification<\/td>\n<td style=\"width: 302.25pt;\" width=\"403\">Details<\/td>\n<\/tr>\n<tr style=\"height: 13.50pt;\">\n<td style=\"height: 13.50pt;\" height=\"18\">Kapazit\u00e4t<\/td>\n<td>190 ml<\/td>\n<\/tr>\n<tr style=\"height: 13.50pt;\">\n<td style=\"height: 13.50pt;\" height=\"18\">Abmessungen<\/td>\n<td>70\u00d770\u00d775 mm<\/td>\n<\/tr>\n<tr style=\"height: 13.50pt;\">\n<td style=\"height: 13.50pt;\" height=\"18\">Material<\/td>\n<td>Premiumglas<\/td>\n<\/tr>\n<tr style=\"height: 13.50pt;\">\n<td style=\"height: 13.50pt;\" height=\"18\">Glasform<\/td>\n<td>Geradwandiger Zylinder mit vollst\u00e4ndigem Diamantschliff<\/td>\n<\/tr>\n<tr style=\"height: 13.50pt;\">\n<td style=\"height: 13.50pt;\" height=\"18\">Anpassungsumfang<\/td>\n<td>Farbe, Schnittmuster, Form, Deckel<\/td>\n<\/tr>\n<tr style=\"height: 13.50pt;\">\n<td style=\"height: 13.50pt;\" height=\"18\">Handwerkskunst<\/td>\n<td>Gepresstes Glas mit pr\u00e4zisionsgeschliffener Diamantform<\/td>\n<\/tr>\n<tr style=\"height: 13.50pt;\">\n<td style=\"height: 13.50pt;\" height=\"18\">Produktzweck<\/td>\n<td>Kerzengl\u00e4ser im Gro\u00dfhandel, Dekorative Wohnaccessoires<\/td>\n<\/tr>\n<tr style=\"height: 13.50pt;\">\n<td style=\"height: 13.50pt;\" height=\"18\">Geeignete Branchen<\/td>\n<td>Moderne Kerzenmarken, Einzelh\u00e4ndler f\u00fcr hochwertige Haushaltswaren<\/td>\n<\/tr>\n<\/tbody>\n<\/table>\n<h2>Erfolgsgeschichte: Eine Sonderanfertigung einer Premium-Kerzenmarke aus dem Mittleren Westen<\/h2>\n<p>Eine Premium-Sojakerzenmarke aus dem Mittleren Westen der USA w\u00e4hlte unsere Kerzengl\u00e4ser, die sie mit mattierten Facetten und passenden, geschnitzten Holzdeckeln individuell gestalteten. Die speziell angefertigten Kerzengl\u00e4ser f\u00fchrten zu einer deutlichen Produktverbesserung und einem Anstieg des Instagram-Engagements um 300 %. Das geradwandige Design gew\u00e4hrleistete ein gleichm\u00e4\u00dfiges Abbrennen und reduzierte die Kundenreklamationen um 60 %. Aufgrund des positiven Ergebnisses bestellte das Unternehmen weitere 500.000 Kerzengl\u00e4ser f\u00fcr seine Weihnachtsduftkollektion.<\/p>\n<h2>Gro\u00dfhandel mit Kerzengl\u00e4sern \u2013 Anpassungsvorschl\u00e4ge<\/h2>\n<ul>\n<li>Bietet vielf\u00e4ltige Pr\u00e4gemuster, darunter Wabenmuster, vertikale Streifen und geometrische Gitter, um unterschiedliche visuelle Effekte zu erzielen.<\/li>\n<li>Entwerfen Sie eine klassischere, geschwungene Pillenflaschenform oder eine robustere, grifflose Glasform.<\/li>\n<li>Entwerfen Sie passende Glas- und Metalldeckel mit Silikondichtungsringen, um die Frische der Kerze zu erhalten und sie zwischen den Anwendungen vor Staub zu sch\u00fctzen.<\/li>\n<\/ul>","protected":false},"excerpt":{"rendered":"<p>Moderne Kerzengl\u00e4ser aus Klarglas mit Diamantschliff-Textur, ideal f\u00fcr Duftkerzen und Dekoration. Hochwertige Kerzengl\u00e4ser direkt vom Hersteller.<\/p>","protected":false},"featured_media":5148,"template":"","meta":{"postBodyCss":"","postBodyMargin":[],"postBodyPadding":[],"postBodyBackground":{"backgroundType":"classic","gradient":""}},"product_brand":[],"product_cat":[82,15,17],"product_tag":[97,96],"class_list":{"0":"post-5144","1":"product","2":"type-product","3":"status-publish","4":"has-post-thumbnail","6":"product_cat-candle-jars","7":"product_cat-glass-containers","8":"product_cat-glass-jars","9":"product_tag-rocks-glass","10":"product_tag-whiskey-tumblers","12":"first","13":"instock","14":"shipping-taxable","15":"product-type-simple"},"jetpack_sharing_enabled":true,"_links":{"self":[{"href":"https:\/\/minghanggroup.com\/de\/wp-json\/wp\/v2\/product\/5144","targetHints":{"allow":["GET"]}}],"collection":[{"href":"https:\/\/minghanggroup.com\/de\/wp-json\/wp\/v2\/product"}],"about":[{"href":"https:\/\/minghanggroup.com\/de\/wp-json\/wp\/v2\/types\/product"}],"wp:featuredmedia":[{"embeddable":true,"href":"https:\/\/minghanggroup.com\/de\/wp-json\/wp\/v2\/media\/5148"}],"wp:attachment":[{"href":"https:\/\/minghanggroup.com\/de\/wp-json\/wp\/v2\/media?parent=5144"}],"wp:term":[{"taxonomy":"product_brand","embeddable":true,"href":"https:\/\/minghanggroup.com\/de\/wp-json\/wp\/v2\/product_brand?post=5144"},{"taxonomy":"product_cat","embeddable":true,"href":"https:\/\/minghanggroup.com\/de\/wp-json\/wp\/v2\/product_cat?post=5144"},{"taxonomy":"product_tag","embeddable":true,"href":"https:\/\/minghanggroup.com\/de\/wp-json\/wp\/v2\/product_tag?post=5144"}],"curies":[{"name":"wp","href":"https:\/\/api.w.org\/{rel}","templated":true}]}}