{"id":5135,"date":"2026-01-23T09:12:36","date_gmt":"2026-01-23T01:12:36","guid":{"rendered":"https:\/\/minghanggroup.com\/?post_type=product&#038;p=5135"},"modified":"2026-01-23T15:53:41","modified_gmt":"2026-01-23T07:53:41","slug":"clear-spherical-luxury-candle-jars-with-textured-bulk","status":"publish","type":"product","link":"https:\/\/minghanggroup.com\/de\/produkt\/clear-spherical-luxury-candle-jars-with-textured-bulk\/","title":{"rendered":"125 ml durchsichtige, kugelf\u00f6rmige Luxus-Kerzengl\u00e4ser mit strukturierter Oberfl\u00e4che"},"content":{"rendered":"<p>Es handelt sich um luxuri\u00f6se Kerzengl\u00e4ser in runder Form mit einem glatten, abgerundeten Korpus und einem auff\u00e4lligen, fischschuppenf\u00f6rmigen Schnittmuster, das das Kerzenlicht einf\u00e4ngt und streut und ihnen so ein spektakul\u00e4res, prismenartiges Aussehen verleiht.<\/p>\n<h2>Produktmerkmale<\/h2>\n<ul>\n<li><strong>Klarglas:<\/strong> Das Glas ist sehr klar und transparent und dient als Linse, die die Kerzenflamme und das geschmolzene Wachsbecken perfekt vergr\u00f6\u00dfert.<\/li>\n<li><strong>K\u00f6rper mit Fischschuppenmuster:<\/strong> Die lebendige Dynamik der dreidimensionalen, fischschuppenartigen Licht- und Schattenstruktur erzeugt vielschichtige visuelle Eindr\u00fccke vom Kerzenlicht, das durch die Plattform dringt.<\/li>\n<li><strong>Skulpturale Kugelform:<\/strong> Dies ist die vollst\u00e4ndige, abgerundete und sph\u00e4rische Form und eine k\u00fchne, zeitgen\u00f6ssische Variante der herk\u00f6mmlichen zylindrischen und kubischen Formen.<\/li>\n<\/ul>\n<h2 style=\"text-align: left;\">Wichtigste Spezifikationen<\/h2>\n<table class=\"aligncenter\" style=\"border-collapse: collapse; width: 423.02pt;\" border=\"0\" width=\"564\" cellspacing=\"0\" cellpadding=\"0\">\n<tbody>\n<tr style=\"height: 13.50pt;\">\n<td style=\"height: 13.50pt; width: 120.75pt;\" width=\"161\" height=\"18\">Specification<\/td>\n<td style=\"width: 302.25pt;\" width=\"403\">Details<\/td>\n<\/tr>\n<tr style=\"height: 13.50pt;\">\n<td style=\"height: 13.50pt;\" height=\"18\">Kapazit\u00e4t<\/td>\n<td>125 ml<\/td>\n<\/tr>\n<tr style=\"height: 13.50pt;\">\n<td style=\"height: 13.50pt;\" height=\"18\">Abmessungen<\/td>\n<td>70 \u00d7 78 \u00d7 62 mm<\/td>\n<\/tr>\n<tr style=\"height: 13.50pt;\">\n<td style=\"height: 13.50pt;\" height=\"18\">Material<\/td>\n<td>Hochreines Glas<\/td>\n<\/tr>\n<tr style=\"height: 13.50pt;\">\n<td style=\"height: 13.50pt;\" height=\"18\">Glasform<\/td>\n<td>Kugel mit durchgehendem Fischaugen-Schnitt<\/td>\n<\/tr>\n<tr style=\"height: 13.50pt;\">\n<td style=\"height: 13.50pt;\" height=\"18\">Anpassungsumfang<\/td>\n<td>Glasfarbe, Schnittmustertiefe, Mattierung<\/td>\n<\/tr>\n<tr style=\"height: 13.50pt;\">\n<td style=\"height: 13.50pt;\" height=\"18\">Handwerkskunst<\/td>\n<td>Fortgeschrittener Glasschnitt f\u00fcr komplexe Fischaugenmuster<\/td>\n<\/tr>\n<tr style=\"height: 13.50pt;\">\n<td style=\"height: 13.50pt;\" height=\"18\">Produktzweck<\/td>\n<td>Kerzengl\u00e4ser in gro\u00dfen Mengen, hochwertige Wohndekoration<\/td>\n<\/tr>\n<tr style=\"height: 13.50pt;\">\n<td style=\"height: 13.50pt;\" height=\"18\">Geeignete Branchen<\/td>\n<td>Designer-Kerzenmarken, Luxuskaufh\u00e4user<\/td>\n<\/tr>\n<\/tbody>\n<\/table>\n<h2>Erfolgsgeschichte: Exklusive Duftmischungen f\u00fcr eine europ\u00e4ische Luxushotelkette<\/h2>\n<p>Eine europ\u00e4ische Luxushotelkette hat sich f\u00fcr unsere exklusiv designten Luxuskerzen im Glas entschieden, die bei ihrer Markteinf\u00fchrung gro\u00dfen Anklang fanden. Mit einem Fassungsverm\u00f6gen von 125 ml bieten sie eine Brenndauer von 60 Stunden \u2013 ideal f\u00fcr Wochenenden. Das au\u00dfergew\u00f6hnliche Design erzielte \u00fcber eine Million Aufrufe in den sozialen Medien. Die Hotelkette war mit dem Feedback der G\u00e4ste und der Produktleistung \u00e4u\u00dferst zufrieden und bestellte daher weitere 200.000 Gl\u00e4ser. Innerhalb von zwei Jahren sollen die Kerzen in allen Hotels der Kette eingef\u00fchrt werden.<\/p>\n<h2>Individuell gestaltete Kerzengl\u00e4ser in gro\u00dfen Mengen<\/h2>\n<ul>\n<li>Variation des Schliffmusters: Die Gr\u00f6\u00dfe, Tiefe oder der Winkel des Fiske-Augenschliffs k\u00f6nnen variiert werden, um verschiedene Schimmereffekte zu erzielen.<\/li>\n<li>Lasergravur: Feine Markennamen oder Sternbildmotive werden auf kleine, saubere Oberfl\u00e4chen der Kugel graviert.<\/li>\n<li>Individueller Verschluss\/Deckel: Entwerfen Sie einen identischen Deckel aus Glas oder Metall, der verwendet wird, wenn die Kerze nicht in Gebrauch ist.<\/li>\n<li>Individueller Sockel: Entwerfen Sie einen gleichf\u00f6rmigen Sockel aus Glas oder Metall, der die Kugel aufrecht h\u00e4lt und stabilisiert.<\/li>\n<\/ul>","protected":false},"excerpt":{"rendered":"<p>Kerzengl\u00e4ser in gro\u00dfen Mengen aus kugelf\u00f6rmigem Klarglas mit Fischschuppenstruktur, ideal f\u00fcr Duftkerzen und Dekoration. Hochwertige Luxus-Kerzengl\u00e4ser direkt vom Hersteller.<\/p>","protected":false},"featured_media":5136,"template":"","meta":{"postBodyCss":"","postBodyMargin":[],"postBodyPadding":[],"postBodyBackground":{"backgroundType":"classic","gradient":""}},"product_brand":[],"product_cat":[15,82,17],"product_tag":[],"class_list":{"0":"post-5135","1":"product","2":"type-product","3":"status-publish","4":"has-post-thumbnail","6":"product_cat-glass-containers","7":"product_cat-candle-jars","8":"product_cat-glass-jars","10":"first","11":"instock","12":"shipping-taxable","13":"product-type-simple"},"jetpack_sharing_enabled":true,"_links":{"self":[{"href":"https:\/\/minghanggroup.com\/de\/wp-json\/wp\/v2\/product\/5135","targetHints":{"allow":["GET"]}}],"collection":[{"href":"https:\/\/minghanggroup.com\/de\/wp-json\/wp\/v2\/product"}],"about":[{"href":"https:\/\/minghanggroup.com\/de\/wp-json\/wp\/v2\/types\/product"}],"wp:featuredmedia":[{"embeddable":true,"href":"https:\/\/minghanggroup.com\/de\/wp-json\/wp\/v2\/media\/5136"}],"wp:attachment":[{"href":"https:\/\/minghanggroup.com\/de\/wp-json\/wp\/v2\/media?parent=5135"}],"wp:term":[{"taxonomy":"product_brand","embeddable":true,"href":"https:\/\/minghanggroup.com\/de\/wp-json\/wp\/v2\/product_brand?post=5135"},{"taxonomy":"product_cat","embeddable":true,"href":"https:\/\/minghanggroup.com\/de\/wp-json\/wp\/v2\/product_cat?post=5135"},{"taxonomy":"product_tag","embeddable":true,"href":"https:\/\/minghanggroup.com\/de\/wp-json\/wp\/v2\/product_tag?post=5135"}],"curies":[{"name":"wp","href":"https:\/\/api.w.org\/{rel}","templated":true}]}}